{"id":43518,"date":"2025-12-30T01:54:41","date_gmt":"2025-12-30T09:54:41","guid":{"rendered":"https:\/\/tangooled.com\/?post_type=product&#038;p=43518"},"modified":"2026-01-23T01:00:59","modified_gmt":"2026-01-23T09:00:59","slug":"low-profile-recessed-led-channel-with-brackets-54x13mm","status":"publish","type":"product","link":"https:\/\/tangooled.com\/es\/product\/low-profile-recessed-led-channel-with-brackets-54x13mm\/","title":{"rendered":"Canal de LED empotrado de perfil bajo de 54x13mm con soportes"},"content":{"rendered":"<div class=\"wp-block-group is-vertical is-layout-flex wp-container-core-group-is-layout-d255d7c4 wp-block-group-is-layout-flex\" style=\"padding-top:var(--wp--preset--spacing--80);padding-bottom:var(--wp--preset--spacing--80)\">\n<p>Mejora tu proyecto con nuestro canal LED empotrado de perfil bajo de 54x13mm con soportes para uso en techos. Este perfil de aluminio est\u00e1 hecho para ofrecer una apariencia suave, sin bordes, que encaja perfectamente con los techos de yeso o panel de yeso. Tiene un ancho interior amplio de 43mm, lo que lo hace perfecto para sostener cintas LED extra anchas o de alto rendimiento.<\/p>\n\n\n\n<p>Este perfil empotrado para techos est\u00e1 dise\u00f1ado para lograr un acabado arquitect\u00f3nico perfecto, de modo que tu luz aparece como una l\u00ednea suave sin bordes. El mecanismo de montaje de hebilla empotrada facilita la instalaci\u00f3n al fijar firmemente el canal a la estructura del techo.<\/p>\n\n\n\n<p>El canal de tira LED de 54x13mm para configuraciones empotradas en techo est\u00e1 dise\u00f1ado para durar y es f\u00e1cil de usar. Te permite crear l\u00edneas de iluminaci\u00f3n hermosas y con aspecto profesional en cualquier habitaci\u00f3n, convirti\u00e9ndose en una soluci\u00f3n simple pero elegante para el dise\u00f1o interior moderno.<\/p>\n<\/div>\n\n\n\n<div class=\"wp-block-group has-background\" style=\"background-color:#f1f1f1;padding-top:var(--wp--preset--spacing--80);padding-bottom:var(--wp--preset--spacing--80)\"><div class=\"wp-block-group__inner-container is-layout-constrained wp-block-group-is-layout-constrained\">\n<div class=\"wp-block-group is-vertical is-layout-flex wp-container-core-group-is-layout-8cf370e7 wp-block-group-is-layout-flex\">\n<h2 class=\"wp-block-heading\" style=\"padding-top:var(--wp--preset--spacing--40);padding-bottom:var(--wp--preset--spacing--40);font-size:25px;font-style:normal;font-weight:600;text-transform:capitalize\">\u00bfPor qu\u00e9 elegir nuestro canal LED empotrado de perfil bajo de 54x13mm?<\/h2>\n\n\n\n<ul class=\"wp-block-list\">\n<li>Un dise\u00f1o de montaje al ras y sin bordes le dar\u00e1 a tu techo una apariencia limpia y moderna.<\/li>\n\n\n\n<li>Ready to be plastered in, fits normal drywall (5\/8&#8243; or 1\/2&#8243;).<\/li>\n\n\n\n<li>Hecho de aluminio anodizado duradero 6063-T5 y act\u00faa como un disipador de calor para las tiras LED.<\/li>\n\n\n\n<li>Incluye soportes de montaje fuertes para una fijaci\u00f3n segura.<\/li>\n\n\n\n<li>Viene con una cubierta difusora de policarbonato para una luz suave y sin puntos.<\/li>\n\n\n\n<li>Funciona con una variedad de anchos de tiras LED, como tiras de doble fila, RGBW, blanco regulable y otras tiras LED COB.<\/li>\n<\/ul>\n<\/div>\n<\/div><\/div>\n\n\n\n<div class=\"wp-block-group\" style=\"padding-top:var(--wp--preset--spacing--60);padding-bottom:var(--wp--preset--spacing--60)\"><div class=\"wp-block-group__inner-container is-layout-constrained wp-block-group-is-layout-constrained\">\n<div class=\"wp-block-media-text has-media-on-the-right is-stacked-on-mobile\" style=\"grid-template-columns:auto 40%\"><div class=\"wp-block-media-text__content\">\n<h2 class=\"wp-block-heading\" style=\"padding-top:var(--wp--preset--spacing--40);padding-bottom:var(--wp--preset--spacing--40);font-size:25px;font-style:normal;font-weight:600;text-transform:capitalize\">C\u00f3mo instalar el canal de tira LED de 54x13mm<\/h2>\n\n\n\n<ul class=\"wp-block-list\">\n<li>Utiliza los soportes que vienen con el canal para cortarlo y montarlo en el marco de tu pared o techo.<\/li>\n\n\n\n<li>Usa yeso o masilla para cubrir las bridas y hacer la superficie lisa, para que coincida con el techo.<\/li>\n\n\n\n<li>Coloca tu tira LED dentro del canal despu\u00e9s de que se haya secado y lijado.<\/li>\n\n\n\n<li>Clip the frosted diffuser cover in place to have a radiance that is even and doesn&#8217;t have any glare.<\/li>\n<\/ul>\n<\/div><figure class=\"wp-block-media-text__media\"><img loading=\"lazy\" decoding=\"async\" width=\"500\" height=\"500\" src=\"https:\/\/tangooled.com\/wp-content\/uploads\/2025\/12\/s5413-ins.webp\" alt=\"54x13mm led strip channel with bracket for ceiling recessed\" class=\"wp-image-43557 size-full\" srcset=\"https:\/\/tangooled.com\/wp-content\/uploads\/2025\/12\/s5413-ins.webp 500w, https:\/\/tangooled.com\/wp-content\/uploads\/2025\/12\/s5413-ins-300x300.webp 300w, https:\/\/tangooled.com\/wp-content\/uploads\/2025\/12\/s5413-ins-150x150.webp 150w\" sizes=\"auto, (max-width: 500px) 100vw, 500px\" \/><\/figure><\/div>\n<\/div><\/div>\n\n\n\n<div class=\"wp-block-group has-background\" style=\"background-color:#f1f1f1f2;padding-top:var(--wp--preset--spacing--80);padding-bottom:var(--wp--preset--spacing--80)\"><div class=\"wp-block-group__inner-container is-layout-constrained wp-block-group-is-layout-constrained\">\n<h2 class=\"wp-block-heading\" style=\"padding-top:var(--wp--preset--spacing--40);padding-bottom:var(--wp--preset--spacing--40);font-size:25px;font-style:normal;font-weight:600\">What\u2019s Included in the Package?<\/h2>\n\n\n\n<ul class=\"wp-block-list\">\n<li>Un canal de tira LED de metal que mide 54x13mm (la longitud var\u00eda)<\/li>\n\n\n\n<li>Difusor de policarbonato opalino<\/li>\n\n\n\n<li>Dos tapas de metal<\/li>\n\n\n\n<li>Soportes de montaje para asegurarte de que encaje perfectamente en el techo o las paredes<\/li>\n<\/ul>\n<\/div><\/div>\n\n\n\n<div class=\"wp-block-group is-vertical is-layout-flex wp-container-core-group-is-layout-d255d7c4 wp-block-group-is-layout-flex\" style=\"padding-top:var(--wp--preset--spacing--80);padding-bottom:var(--wp--preset--spacing--80)\">\n<h2 class=\"wp-block-heading\" style=\"padding-top:var(--wp--preset--spacing--40);padding-bottom:var(--wp--preset--spacing--40);font-size:25px;font-style:normal;font-weight:600;text-transform:capitalize\">Aplicaciones y Escenarios de Uso<\/h2>\n\n\n\n<ul class=\"wp-block-list\">\n<li>Oficinas y vest\u00edbulos: Utiliza perfiles LED arquitect\u00f3nicos para acentuar techos.<\/li>\n\n\n\n<li>Cocinas: Col\u00f3calos sobre islas o encimeras para iluminar tareas y a\u00f1adir estilo.<\/li>\n\n\n\n<li>Tiendas: Util\u00edzalo para una iluminaci\u00f3n que permanezca encendida todo el tiempo y ahorre energ\u00eda mientras muestra productos.<\/li>\n\n\n\n<li>Espacios de hospitalidad: Usa canales LED sin marco para crear espacios sencillos y privados.<\/li>\n<\/ul>\n<\/div>\n\n\n\n<div class=\"wp-block-group has-background\" style=\"background-color:#f1f1f1;padding-top:var(--wp--preset--spacing--80);padding-bottom:var(--wp--preset--spacing--80)\"><div class=\"wp-block-group__inner-container is-layout-constrained wp-block-group-is-layout-constrained\">\n<h2 class=\"wp-block-heading\" style=\"padding-top:var(--wp--preset--spacing--40);padding-bottom:var(--wp--preset--spacing--40);font-size:25px;font-style:normal;font-weight:600;text-transform:capitalize\">Accesorios y Productos Compatibles<\/h2>\n\n\n\n<ul class=\"wp-block-list\">\n<li><a href=\"https:\/\/tangooled.com\/es\/product\/black-led-profile-with-black-diffuser-for-10mm-led-strip-light\/\"><mark style=\"background-color:rgba(0, 0, 0, 0)\" class=\"has-inline-color has-vivid-red-color\">Perfil LED negro con difusor negro para tira de LED de 10mm<\/mark><\/a><\/li>\n\n\n\n<li><a href=\"https:\/\/tangooled.com\/es\/product\/black-led-diffuser-aluminum-channel-for-12mm-tape-lights\/\"><mark style=\"background-color:rgba(0, 0, 0, 0)\" class=\"has-inline-color has-vivid-red-color\">Canal de aluminio difusor LED negro para luces de cinta de 12mm<\/mark><\/a><\/li>\n\n\n\n<li><a href=\"https:\/\/tangooled.com\/es\/product\/surface-mount-led-profile-with-frosted-diffuser-for-10mm-rope-lights\/\"><mark style=\"background-color:rgba(0, 0, 0, 0)\" class=\"has-inline-color has-vivid-red-color\">Perfil LED de montaje en superficie con difusor mate para luces de cuerda de 10mm<\/mark><\/a><\/li>\n\n\n\n<li><a href=\"https:\/\/tangooled.com\/es\/product\/led-strip-light-channel-aluminum-profile-with-diffused-cover-6mm-height\/\"><mark style=\"background-color:rgba(0, 0, 0, 0)\" class=\"has-inline-color has-vivid-red-color\">Perfil de aluminio para tira LED con cubierta difusora de 6mm de altura<\/mark><\/a><\/li>\n\n\n\n<li><a href=\"https:\/\/tangooled.com\/es\/product\/aluminum-led-strip-extrusion-diffuser-channel-for-5050-double-row-led-strip\/\"><mark style=\"background-color:rgba(0, 0, 0, 0)\" class=\"has-inline-color has-vivid-red-color\">Canal de difusor de extrusi\u00f3n de tira LED de aluminio para tira LED de doble fila 5050<\/mark><\/a><\/li>\n<\/ul>\n<\/div><\/div>\n\n\n\n<p><\/p>","protected":false},"featured_media":33372,"template":"","meta":{"_acf_changed":true,"_seopress_robots_primary_cat":"none","_seopress_titles_title":"Low Profile Recessed LED Channel 54x13mm Wide | TANGOOLED","_seopress_titles_desc":"This 54x13mm wide LED strip channel offers a low-profile recessed solution for shallow ceilings. Includes brackets for stable mounting and supports multi-row LED strips.","_seopress_robots_index":""},"pcb-width":[232],"product-cat":[193],"class_list":{"0":"post-43518","1":"product","2":"type-product","3":"status-publish","4":"has-post-thumbnail","6":"pcb-width-35-45mm","7":"product-cat-recessed-profile"},"acf":[],"_links":{"self":[{"href":"https:\/\/tangooled.com\/es\/wp-json\/wp\/v2\/product\/43518","targetHints":{"allow":["GET"]}}],"collection":[{"href":"https:\/\/tangooled.com\/es\/wp-json\/wp\/v2\/product"}],"about":[{"href":"https:\/\/tangooled.com\/es\/wp-json\/wp\/v2\/types\/product"}],"wp:featuredmedia":[{"embeddable":true,"href":"https:\/\/tangooled.com\/es\/wp-json\/wp\/v2\/media\/33372"}],"wp:attachment":[{"href":"https:\/\/tangooled.com\/es\/wp-json\/wp\/v2\/media?parent=43518"}],"wp:term":[{"taxonomy":"pcb-width","embeddable":true,"href":"https:\/\/tangooled.com\/es\/wp-json\/wp\/v2\/pcb-width?post=43518"},{"taxonomy":"product-cat","embeddable":true,"href":"https:\/\/tangooled.com\/es\/wp-json\/wp\/v2\/product-cat?post=43518"}],"curies":[{"name":"wp","href":"https:\/\/api.w.org\/{rel}","templated":true}]}}