{"id":43517,"date":"2025-12-30T01:51:19","date_gmt":"2025-12-30T09:51:19","guid":{"rendered":"https:\/\/tangooled.com\/?post_type=product&#038;p=43517"},"modified":"2026-01-29T22:28:41","modified_gmt":"2026-01-30T06:28:41","slug":"45mm-inner-width-recessed-led-channel-54x18mm","status":"publish","type":"product","link":"https:\/\/tangooled.com\/es\/product\/45mm-inner-width-recessed-led-channel-54x18mm\/","title":{"rendered":"Canal de aluminio LED empotrado de 54x18 mm con un ancho interior de 45 mm"},"content":{"rendered":"<div class=\"wp-block-group is-vertical is-layout-flex wp-container-core-group-is-layout-d255d7c4 wp-block-group-is-layout-flex\" style=\"padding-top:var(--wp--preset--spacing--80);padding-bottom:var(--wp--preset--spacing--80)\">\n<p>Este canal LED S5418mm con un ancho interior de 45 mm es una excelente elecci\u00f3n para proyectos de yeso y paneles de yeso empotrados, d\u00e1ndole un aspecto pulido y sin marco. Mientras que el exterior mide 54 mm de ancho y 18 mm de alto, el S5418 ofrece sorprendentemente un generoso ancho interno de 45.2 mm. Esto lo convierte en un gran espacio para tiras de LED sustanciales como la Philips Hue Lightstrip y tambi\u00e9n funciona bien con cintas LED de alta densidad. Adem\u00e1s, su dise\u00f1o delgado hace que la instalaci\u00f3n sea muy f\u00e1cil, incluso en cavidades de techos ajustadas.<\/p>\n\n\n\n<p>Installation is both secure and simple thanks to our unique recessed buckle system, which locks the profile firmly into the wall or ceiling. It&#8217;s the best choice for architectural projects that need a clean, steady light source and a seamless, built-in look.<\/p>\n<\/div>\n\n\n\n<div class=\"wp-block-group has-background\" style=\"background-color:#f1f1f1;padding-top:var(--wp--preset--spacing--80);padding-bottom:var(--wp--preset--spacing--80)\"><div class=\"wp-block-group__inner-container is-layout-constrained wp-block-group-is-layout-constrained\">\n<div class=\"wp-block-group is-vertical is-layout-flex wp-container-core-group-is-layout-8cf370e7 wp-block-group-is-layout-flex\">\n<h2 class=\"wp-block-heading\" style=\"padding-top:var(--wp--preset--spacing--40);padding-bottom:var(--wp--preset--spacing--40);font-size:25px;font-style:normal;font-weight:600;text-transform:capitalize\">\u00bfPor qu\u00e9 elegir este canal LED empotrado de 45 mm de ancho?<\/h2>\n\n\n\n<ul class=\"wp-block-list\">\n<li>El amplio ancho interior de 45 mm est\u00e1 dise\u00f1ado para sostener tiras LED anchas de doble o triple fila, lo que lo hace compatible con tiras COB y SMD.<\/li>\n\n\n\n<li>Este producto est\u00e1 hecho de aluminio anodizado de alta calidad, lo que lo convierte en un excelente disipador de calor para tiras LED y ayuda a que duren m\u00e1s.<\/li>\n\n\n\n<li>Este producto es perfecto para aplicaciones de canal LED para paneles de yeso y iluminaci\u00f3n empotrada en techos porque fue dise\u00f1ado espec\u00edficamente para su uso en yeso.<\/li>\n\n\n\n<li>The milky diffuser cover that comes with it makes sure that the light is uniformly spread out and doesn&#8217;t have any dots.<\/li>\n\n\n\n<li>Los tapones finales y las hebillas empotradas que vienen con el producto facilitan la instalaci\u00f3n y le dan un aspecto limpio y terminado.<\/li>\n\n\n\n<li>Ideal para muchos usos interiores, como iluminaci\u00f3n de covo, instalaciones bajo gabinetes, exhibiciones en tiendas y entornos de oficina modernos.<\/li>\n<\/ul>\n<\/div>\n<\/div><\/div>\n\n\n\n<div class=\"wp-block-group\" style=\"padding-top:var(--wp--preset--spacing--60);padding-bottom:var(--wp--preset--spacing--60)\"><div class=\"wp-block-group__inner-container is-layout-constrained wp-block-group-is-layout-constrained\">\n<div class=\"wp-block-media-text has-media-on-the-right is-stacked-on-mobile\" style=\"grid-template-columns:auto 40%\"><div class=\"wp-block-media-text__content\">\n<h2 class=\"wp-block-heading\" style=\"padding-top:var(--wp--preset--spacing--40);padding-bottom:var(--wp--preset--spacing--40);font-size:25px;font-style:normal;font-weight:600;text-transform:capitalize\">C\u00f3mo instalar<\/h2>\n\n\n\n<ul class=\"wp-block-list\">\n<li>Corta un canal en el panel de yeso o panel de yeso, siguiendo las medidas especificadas.<\/li>\n\n\n\n<li>Utiliza hebillas empotradas para sujetar el canal de aluminio en su lugar y fijarlo a los montantes o viguetas.<\/li>\n\n\n\n<li>Extiende yeso o masa para paneles de yeso sobre la brida para que se vea suave.<\/li>\n\n\n\n<li>Lija y pinta el \u00e1rea para que se vea como la pared o el techo que la rodea.<\/li>\n\n\n\n<li>Coloca la tira de luz LED en el canal. Luego, coloca la cubierta difusora esmerilada en su lugar y clic que quede en su lugar.<\/li>\n\n\n\n<li>Utiliza tapones finales para que tenga un aspecto m\u00e1s pulido.<\/li>\n<\/ul>\n<\/div><figure class=\"wp-block-media-text__media\"><img loading=\"lazy\" decoding=\"async\" width=\"500\" height=\"500\" src=\"https:\/\/tangooled.com\/wp-content\/uploads\/2025\/12\/s5418-ins.webp\" alt=\"54x18mm led aluminum channel inner width 45mm for recessing\" class=\"wp-image-43556 size-full\" srcset=\"https:\/\/tangooled.com\/wp-content\/uploads\/2025\/12\/s5418-ins.webp 500w, https:\/\/tangooled.com\/wp-content\/uploads\/2025\/12\/s5418-ins-300x300.webp 300w, https:\/\/tangooled.com\/wp-content\/uploads\/2025\/12\/s5418-ins-150x150.webp 150w\" sizes=\"auto, (max-width: 500px) 100vw, 500px\" \/><\/figure><\/div>\n<\/div><\/div>\n\n\n\n<div class=\"wp-block-group has-background\" style=\"background-color:#f1f1f1f2;padding-top:var(--wp--preset--spacing--80);padding-bottom:var(--wp--preset--spacing--80)\"><div class=\"wp-block-group__inner-container is-layout-constrained wp-block-group-is-layout-constrained\">\n<h2 class=\"wp-block-heading\" style=\"padding-top:var(--wp--preset--spacing--40);padding-bottom:var(--wp--preset--spacing--40);font-size:25px;font-style:normal;font-weight:600\">\u00bfD\u00f3nde puedes usar este producto?<\/h2>\n\n\n\n<ul class=\"wp-block-list\">\n<li>La principal fuente de luz en hogares y negocios.<\/li>\n\n\n\n<li>Instalar paneles de yeso y paneles de yeso y asegurarse de que todo est\u00e9 absolutamente correcto.<\/li>\n\n\n\n<li>Las luces empotradas son una opci\u00f3n popular para oficinas modernas, cocinas y salas de estar, ya que tienen un aspecto elegante.<\/li>\n\n\n\n<li>Luces debajo de los gabinetes y muebles que funcionan conjuntamente.<\/li>\n\n\n\n<li>Iluminaci\u00f3n para tiendas y salas de exhibici\u00f3n que est\u00e1 dise\u00f1ada para lucir elegante.<\/li>\n<\/ul>\n<\/div><\/div>\n\n\n\n<div class=\"wp-block-group is-vertical is-layout-flex wp-container-core-group-is-layout-d255d7c4 wp-block-group-is-layout-flex\" style=\"padding-top:var(--wp--preset--spacing--80);padding-bottom:var(--wp--preset--spacing--80)\">\n<h2 class=\"wp-block-heading\" style=\"padding-top:var(--wp--preset--spacing--40);padding-bottom:var(--wp--preset--spacing--40);font-size:25px;font-style:normal;font-weight:600;text-transform:capitalize\">Productos relacionados que te pueden gustar:<\/h2>\n\n\n\n<ul class=\"wp-block-list\">\n<li><a href=\"https:\/\/tangooled.com\/es\/product\/black-led-profile-with-black-diffuser-for-10mm-led-strip-light\/\"><mark style=\"background-color:rgba(0, 0, 0, 0)\" class=\"has-inline-color has-vivid-red-color\">Perfil LED negro con difusor negro para luz de tira LED de 10mm<\/mark><\/a> \u2014 for narrower led tapes and sleek black finish.<\/li>\n\n\n\n<li><a href=\"https:\/\/tangooled.com\/es\/product\/led-strip-light-channel-aluminum-profile-with-diffused-cover-6mm-height\/\"><mark style=\"background-color:rgba(0, 0, 0, 0)\" class=\"has-inline-color has-vivid-red-color\">Perfil de aluminio para canal de luz LED con cubierta difusa de 6 mm de altura<\/mark><\/a> \u2014 low profile solution for surface mounting.<\/li>\n\n\n\n<li><a href=\"https:\/\/tangooled.com\/es\/product\/25mm-u-shape-led-mounting-channel-for-15mm-double-row-led-strip-lights\/\"><mark style=\"background-color:rgba(0, 0, 0, 0)\" class=\"has-inline-color has-vivid-red-color\">Canal de montaje LED en forma de U de 25 mm para tiras LED de doble fila de 15 mm<\/mark><\/a> \u2014 wider option for double row led strips.<\/li>\n\n\n\n<li><a href=\"https:\/\/tangooled.com\/es\/product\/surface-mount-led-profile-with-frosted-diffuser-for-10mm-rope-lights\/\"><mark style=\"background-color:rgba(0, 0, 0, 0)\" class=\"has-inline-color has-vivid-red-color\">Perfil LED de montaje en superficie con difusor esmerilado para luces de cuerda de 10 mm<\/mark><\/a> \u2014 good companion profile for surface applications.<\/li>\n\n\n\n<li><mark style=\"background-color:rgba(0, 0, 0, 0)\" class=\"has-inline-color has-vivid-red-color\"><a href=\"https:\/\/tangooled.com\/es\/product\/recessed-large-size-led-aluminum-channel-with-removable-inner-layer\/\">Canal de aluminio LED empotrado de gran tama\u00f1o con capa interior removible<\/a> <\/mark>\u2014 large profile option for heavy-duty projects.<\/li>\n<\/ul>\n<\/div>\n\n\n\n<p><\/p>","protected":false},"featured_media":33369,"template":"","meta":{"_acf_changed":true,"_seopress_robots_primary_cat":"none","_seopress_titles_title":"45mm Inner Width Recessed LED Channel 54x18mm | TANGOOLED","_seopress_titles_desc":"Achieve high-lumen output with our 54x18mm recessed LED channel. The 45mm inner width fits multiple LED strips for powerful, uniform linear lighting projects.","_seopress_robots_index":""},"pcb-width":[232],"product-cat":[193],"class_list":{"0":"post-43517","1":"product","2":"type-product","3":"status-publish","4":"has-post-thumbnail","6":"pcb-width-35-45mm","7":"product-cat-recessed-profile"},"acf":[],"_links":{"self":[{"href":"https:\/\/tangooled.com\/es\/wp-json\/wp\/v2\/product\/43517","targetHints":{"allow":["GET"]}}],"collection":[{"href":"https:\/\/tangooled.com\/es\/wp-json\/wp\/v2\/product"}],"about":[{"href":"https:\/\/tangooled.com\/es\/wp-json\/wp\/v2\/types\/product"}],"wp:featuredmedia":[{"embeddable":true,"href":"https:\/\/tangooled.com\/es\/wp-json\/wp\/v2\/media\/33369"}],"wp:attachment":[{"href":"https:\/\/tangooled.com\/es\/wp-json\/wp\/v2\/media?parent=43517"}],"wp:term":[{"taxonomy":"pcb-width","embeddable":true,"href":"https:\/\/tangooled.com\/es\/wp-json\/wp\/v2\/pcb-width?post=43517"},{"taxonomy":"product-cat","embeddable":true,"href":"https:\/\/tangooled.com\/es\/wp-json\/wp\/v2\/product-cat?post=43517"}],"curies":[{"name":"wp","href":"https:\/\/api.w.org\/{rel}","templated":true}]}}