{"id":43515,"date":"2025-12-30T01:46:58","date_gmt":"2025-12-30T09:46:58","guid":{"rendered":"https:\/\/tangooled.com\/?post_type=product&#038;p=43515"},"modified":"2026-01-29T22:30:12","modified_gmt":"2026-01-30T06:30:12","slug":"wide-plaster-in-led-channel-trimless-50x20mm","status":"publish","type":"product","link":"https:\/\/tangooled.com\/es\/product\/wide-plaster-in-led-channel-trimless-50x20mm\/","title":{"rendered":"Canal LED empotrado de 50x20mm, sin flancos, para enyesar"},"content":{"rendered":"<div class=\"wp-block-group is-vertical is-layout-flex wp-container-core-group-is-layout-d255d7c4 wp-block-group-is-layout-flex\" style=\"padding-top:var(--wp--preset--spacing--80);padding-bottom:var(--wp--preset--spacing--80)\">\n<p>Este canal LED sin flancos de 50x20mm est\u00e1 dise\u00f1ado para integrarse sin esfuerzo en paneles de yeso y yeso. Con un ancho interno de 43mm, acomoda f\u00e1cilmente tiras LED amplias para crear un brillo uniforme y brillante.<\/p>\n\n\n\n<p>Its trimless design means there are no apparent frames; instead, there is a smooth, elegant light that makes any architectural space look better. The installation is easy and safe because of the special recessed buckle mounting system. The S5421 LED channel delivers a smooth, dot-free finish, making it the perfect choice for kitchens, offices, or high-end hotel interiors. It&#8217;s a simple way to add high-quality lighting straight to your walls and ceilings for a clean, modern effect.<\/p>\n<\/div>\n\n\n\n<div class=\"wp-block-group has-background\" style=\"background-color:#f1f1f1;padding-top:var(--wp--preset--spacing--80);padding-bottom:var(--wp--preset--spacing--80)\"><div class=\"wp-block-group__inner-container is-layout-constrained wp-block-group-is-layout-constrained\">\n<div class=\"wp-block-group is-vertical is-layout-flex wp-container-core-group-is-layout-8cf370e7 wp-block-group-is-layout-flex\">\n<h2 class=\"wp-block-heading\" style=\"padding-top:var(--wp--preset--spacing--40);padding-bottom:var(--wp--preset--spacing--40);font-size:25px;font-style:normal;font-weight:600;text-transform:capitalize\">\u00bfPor qu\u00e9 elegir este canal LED de 50x20mm sin flancos?<\/h2>\n\n\n\n<ul class=\"wp-block-list\">\n<li>El dise\u00f1o sin trimmings permite un enyesado impecable, resultando en un acabado sin costuras.<\/li>\n\n\n\n<li>Fabricado en aluminio anodizado durable 6063-T5, este dise\u00f1o garantiza tanto una gesti\u00f3n efectiva del calor como un rendimiento duradero.<\/li>\n\n\n\n<li>Este canal de 50mm de ancho puede sostener tanto tiras LED amplias como de doble fila.<\/li>\n\n\n\n<li>The 20mm profile&#8217;s depth makes sure that the light is always even and free of flaws.<\/li>\n\n\n\n<li>It works perfectly with drywall, which is why it&#8217;s&nbsp;ideal for modern lighting designs.<\/li>\n\n\n\n<li>Compatible con varios tipos de luces LED, como COB, RGBW y blanco ajustable.<\/li>\n<\/ul>\n<\/div>\n<\/div><\/div>\n\n\n\n<div class=\"wp-block-group\" style=\"padding-top:var(--wp--preset--spacing--60);padding-bottom:var(--wp--preset--spacing--60)\"><div class=\"wp-block-group__inner-container is-layout-constrained wp-block-group-is-layout-constrained\">\n<div class=\"wp-block-media-text has-media-on-the-right is-stacked-on-mobile\" style=\"grid-template-columns:auto 40%\"><div class=\"wp-block-media-text__content\">\n<h2 class=\"wp-block-heading\" style=\"padding-top:var(--wp--preset--spacing--40);padding-bottom:var(--wp--preset--spacing--40);font-size:25px;font-style:normal;font-weight:600;text-transform:capitalize\">C\u00f3mo usar este canal LED empotrado de 50x20mm sin trimmings<\/h2>\n\n\n\n<ul class=\"wp-block-list\">\n<li>Corta el panel de yeso al tama\u00f1o adecuado para ajustar el canal.<\/li>\n\n\n\n<li>Utiliza hebillas empotradas para sujetar el canal de aluminio en su lugar y fijarlo a los montantes o viguetas.&nbsp;<\/li>\n\n\n\n<li>Aplica compuesto para juntas (muda) en las bridas de las hebillas empotradas.<\/li>\n\n\n\n<li>Para conseguir un acabado suave y pr\u00e1cticamente indetectable, lija y pinta.<\/li>\n\n\n\n<li>Coloca tu tira LED en el canal.<\/li>\n\n\n\n<li>Coloca el difusor para obtener una luz que sea uniforme y libre de manchas.<\/li>\n\n\n\n<li>Enciende tu tira LED.<\/li>\n<\/ul>\n<\/div><figure class=\"wp-block-media-text__media\"><img loading=\"lazy\" decoding=\"async\" width=\"500\" height=\"500\" src=\"https:\/\/tangooled.com\/wp-content\/uploads\/2025\/12\/s5421-ins.webp\" alt=\"flangeless 50x20mm led strip channel for recessing\" class=\"wp-image-43554 size-full\" srcset=\"https:\/\/tangooled.com\/wp-content\/uploads\/2025\/12\/s5421-ins.webp 500w, https:\/\/tangooled.com\/wp-content\/uploads\/2025\/12\/s5421-ins-300x300.webp 300w, https:\/\/tangooled.com\/wp-content\/uploads\/2025\/12\/s5421-ins-150x150.webp 150w\" sizes=\"auto, (max-width: 500px) 100vw, 500px\" \/><\/figure><\/div>\n<\/div><\/div>\n\n\n\n<div class=\"wp-block-group has-background\" style=\"background-color:#f1f1f1f2;padding-top:var(--wp--preset--spacing--80);padding-bottom:var(--wp--preset--spacing--80)\"><div class=\"wp-block-group__inner-container is-layout-constrained wp-block-group-is-layout-constrained\">\n<h2 class=\"wp-block-heading\" style=\"padding-top:var(--wp--preset--spacing--40);padding-bottom:var(--wp--preset--spacing--40);font-size:25px;font-style:normal;font-weight:600\">D\u00f3nde usar tu canal LED empotrado de 50x20mm sin flancos<\/h2>\n\n\n\n<ul class=\"wp-block-list\">\n<li>Techos: Pasillos, cocinas, salas de estar, salas de conferencias.<\/li>\n\n\n\n<li>Paredes: Iluminaci\u00f3n de acento vertical y horizontal, luces gu\u00eda, paredes destacadas.<\/li>\n\n\n\n<li>Tiendas minoristas: Iluminaci\u00f3n para exhibici\u00f3n de productos, \u00e1reas de recepci\u00f3n.<\/li>\n\n\n\n<li>Hoteles y oficinas: Iluminaci\u00f3n ambiental y arquitect\u00f3nica.<\/li>\n\n\n\n<li>Donde sea que desees iluminaci\u00f3n lineal integrada y sin trimmings.<\/li>\n<\/ul>\n<\/div><\/div>\n\n\n\n<div class=\"wp-block-group\" style=\"padding-top:var(--wp--preset--spacing--80);padding-bottom:var(--wp--preset--spacing--80)\"><div class=\"wp-block-group__inner-container is-layout-constrained wp-block-group-is-layout-constrained\">\n<h2 class=\"wp-block-heading\" style=\"padding-top:var(--wp--preset--spacing--40);padding-bottom:var(--wp--preset--spacing--40);font-size:25px;font-style:normal;font-weight:600;text-transform:capitalize\">Explora perfiles relacionados<\/h2>\n\n\n\n<ul class=\"wp-block-list\">\n<li>Para un montaje en superficie elegante, visita <a href=\"https:\/\/tangooled.com\/es\/product\/led-strip-light-channel-aluminum-profile-with-diffused-cover-6mm-height\/\"><mark style=\"background-color:rgba(0, 0, 0, 0)\" class=\"has-inline-color has-vivid-red-color\">Perfil de aluminio para canal de tira LED con cubierta difusa de 6mm de altura.<\/mark><\/a><\/li>\n\n\n\n<li>\u00bfNecesitas un acabado negro? Prueba <a href=\"https:\/\/tangooled.com\/es\/product\/black-led-diffuser-aluminum-channel-for-12mm-tape-lights\/\"><mark style=\"background-color:rgba(0, 0, 0, 0)\" class=\"has-inline-color has-vivid-red-color\">canal de aluminio difusor LED negro para luces de cinta de 12 mm<\/mark><\/a>.<\/li>\n\n\n\n<li>Para un tama\u00f1o de tira m\u00e1s peque\u00f1a, consulta nuestro <a href=\"https:\/\/tangooled.com\/es\/product\/25x6mm-low-profile-led-strip-channel-for-10mm-led-strip-light\/\"><mark style=\"background-color:rgba(0, 0, 0, 0)\" class=\"has-inline-color has-vivid-red-color\">canal para tira LED de perfil bajo de 25x6mm para tira LED de 10mm<\/mark>.<\/a><\/li>\n<\/ul>\n<\/div><\/div>\n\n\n\n<div class=\"wp-block-group\" style=\"padding-top:0;padding-bottom:0\"><div class=\"wp-block-group__inner-container is-layout-constrained wp-block-group-is-layout-constrained\">\n<p>Elevate your lighting design with the flangeless 50x20mm recessed LED channel. It&#8217;s the ideal solution for achieving sleek, contemporary, and impactful linear lighting. This channel virtually vanishes into walls and ceilings, creating a genuinely architectural aesthetic.<\/p>\n<\/div><\/div>\n\n\n\n<p><\/p>","protected":false},"featured_media":33366,"template":"","meta":{"_acf_changed":true,"_seopress_robots_primary_cat":"none","_seopress_titles_title":"Wide Plaster-in LED Channel 50x20mm Trimless | TANGOOLED","_seopress_titles_desc":"Source this wide plaster-in LED channel with a 50x20mm profile. Designed for seamless integration into drywall, this extra-wide flangeless solution supports higher lumen output for modern spaces.","_seopress_robots_index":""},"pcb-width":[232],"product-cat":[193],"class_list":{"0":"post-43515","1":"product","2":"type-product","3":"status-publish","4":"has-post-thumbnail","6":"pcb-width-35-45mm","7":"product-cat-recessed-profile"},"acf":[],"_links":{"self":[{"href":"https:\/\/tangooled.com\/es\/wp-json\/wp\/v2\/product\/43515","targetHints":{"allow":["GET"]}}],"collection":[{"href":"https:\/\/tangooled.com\/es\/wp-json\/wp\/v2\/product"}],"about":[{"href":"https:\/\/tangooled.com\/es\/wp-json\/wp\/v2\/types\/product"}],"wp:featuredmedia":[{"embeddable":true,"href":"https:\/\/tangooled.com\/es\/wp-json\/wp\/v2\/media\/33366"}],"wp:attachment":[{"href":"https:\/\/tangooled.com\/es\/wp-json\/wp\/v2\/media?parent=43515"}],"wp:term":[{"taxonomy":"pcb-width","embeddable":true,"href":"https:\/\/tangooled.com\/es\/wp-json\/wp\/v2\/pcb-width?post=43515"},{"taxonomy":"product-cat","embeddable":true,"href":"https:\/\/tangooled.com\/es\/wp-json\/wp\/v2\/product-cat?post=43515"}],"curies":[{"name":"wp","href":"https:\/\/api.w.org\/{rel}","templated":true}]}}