{"id":43513,"date":"2025-12-30T01:43:58","date_gmt":"2025-12-30T09:43:58","guid":{"rendered":"https:\/\/tangooled.com\/?post_type=product&#038;p=43513"},"modified":"2026-01-29T22:31:11","modified_gmt":"2026-01-30T06:31:11","slug":"extra-wide-low-profile-led-aluminum-channel-s7513","status":"publish","type":"product","link":"https:\/\/tangooled.com\/es\/product\/extra-wide-low-profile-led-aluminum-channel-s7513\/","title":{"rendered":"Canal de aluminio LED de perfil bajo extra ancho de 75x13 mm"},"content":{"rendered":"<div class=\"wp-block-group is-vertical is-layout-flex wp-container-core-group-is-layout-d255d7c4 wp-block-group-is-layout-flex\" style=\"padding-top:var(--wp--preset--spacing--80);padding-bottom:var(--wp--preset--spacing--80)\">\n<p>Nuestro canal de aluminio LED de perfil bajo extra ancho de 75x13 mm es una extrusi\u00f3n de aluminio delgada y sin borde que se ve genial en paredes o yeso. Este perfil ancho proporciona l\u00edneas de luz suaves y continuas sin marcos visibles. Presenta un estilo moderno que complementa cualquier edificio.<\/p>\n\n\n\n<p>This 13mm low-profile\u00a0is made of high-quality aluminum, which provides excellent heat dissipation, helping your LEDs last longer. The 63.7mm inner width allows you use several strips side by side, ensuring it works well for both functional and ambient lighting. The recessed buckle mounting system provides a tight, flush finish every time, making installation effortless.\u00a0It&#8217;s a great\u00a0solution for high-end residential or commercial applications that require elegant, simple lighting.<\/p>\n<\/div>\n\n\n\n<div class=\"wp-block-group has-background\" style=\"background-color:#f1f1f1;padding-top:var(--wp--preset--spacing--80);padding-bottom:var(--wp--preset--spacing--80)\"><div class=\"wp-block-group__inner-container is-layout-constrained wp-block-group-is-layout-constrained\">\n<div class=\"wp-block-group is-vertical is-layout-flex wp-container-core-group-is-layout-8cf370e7 wp-block-group-is-layout-flex\">\n<h2 class=\"wp-block-heading\" style=\"padding-top:var(--wp--preset--spacing--40);padding-bottom:var(--wp--preset--spacing--40);font-size:25px;font-style:normal;font-weight:600;text-transform:capitalize\">\u00bfPor qu\u00e9 elegir el canal LED de perfil bajo extra ancho de 75x13 mm?<\/h2>\n\n\n\n<ul class=\"wp-block-list\">\n<li>Las hebillas empotradas y el dise\u00f1o sin bridas aseguran que el canal desaparezca completamente en la superficie despu\u00e9s de enyesar.<\/li>\n\n\n\n<li>La carcasa extra ancha de 75 mm puede contener m\u00e1s de una tira LED o una cinta LED de alto rendimiento, que emite luz de manera uniforme y amplia.<\/li>\n\n\n\n<li>Est\u00e1 hecho de aluminio anodizado, que permite que el calor escape f\u00e1cilmente y hace que los LEDs duren m\u00e1s.<\/li>\n\n\n\n<li>El difusor opalino de encaje evita la entrada de polvo y asegura que la luz se distribuya de manera uniforme sin puntos calientes.<\/li>\n\n\n\n<li>Ideal para instalaciones en paneles de yeso, iluminaci\u00f3n arquitect\u00f3nica y hogares o negocios modernos.<\/li>\n<\/ul>\n<\/div>\n<\/div><\/div>\n\n\n\n<div class=\"wp-block-group\" style=\"padding-top:var(--wp--preset--spacing--60);padding-bottom:var(--wp--preset--spacing--60)\"><div class=\"wp-block-group__inner-container is-layout-constrained wp-block-group-is-layout-constrained\">\n<div class=\"wp-block-media-text has-media-on-the-right is-stacked-on-mobile\" style=\"grid-template-columns:auto 40%\"><div class=\"wp-block-media-text__content\">\n<h2 class=\"wp-block-heading\" style=\"padding-top:var(--wp--preset--spacing--40);padding-bottom:var(--wp--preset--spacing--40);font-size:25px;font-style:normal;font-weight:600;text-transform:capitalize\">C\u00f3mo instalar el perfil LED de aluminio bajo extra ancho de 75x13 mm<\/h2>\n\n\n\n<ul class=\"wp-block-list\">\n<li>Corta el agujero en el panel de yeso al tama\u00f1o adecuado para el canal de 75x13 mm.<\/li>\n\n\n\n<li>Usa hebillas empotradas para sujetar la extrusi\u00f3n de aluminio a la estructura o a los montantes.<\/li>\n\n\n\n<li>Aplica pasta para paneles de yeso a las bridas que tienen agujeros y alisa.<\/li>\n\n\n\n<li>Lija y pinta la pared para que quede suave.<\/li>\n\n\n\n<li>Coloca tiras LED que tengan 63 mm de ancho o menos en el canal.<\/li>\n\n\n\n<li>Finalmente, coloca el difusor opalino en su lugar.<\/li>\n<\/ul>\n<\/div><figure class=\"wp-block-media-text__media\"><img loading=\"lazy\" decoding=\"async\" width=\"500\" height=\"500\" src=\"https:\/\/tangooled.com\/wp-content\/uploads\/2025\/12\/s7513-ins.webp\" alt=\"75x13mm flangeless aluminum led strip light channel\" class=\"wp-image-43551 size-full\" srcset=\"https:\/\/tangooled.com\/wp-content\/uploads\/2025\/12\/s7513-ins.webp 500w, https:\/\/tangooled.com\/wp-content\/uploads\/2025\/12\/s7513-ins-300x300.webp 300w, https:\/\/tangooled.com\/wp-content\/uploads\/2025\/12\/s7513-ins-150x150.webp 150w\" sizes=\"auto, (max-width: 500px) 100vw, 500px\" \/><\/figure><\/div>\n<\/div><\/div>\n\n\n\n<div class=\"wp-block-group has-background\" style=\"background-color:#f1f1f1f2;padding-top:var(--wp--preset--spacing--80);padding-bottom:var(--wp--preset--spacing--80)\"><div class=\"wp-block-group__inner-container is-layout-constrained wp-block-group-is-layout-constrained\">\n<h2 class=\"wp-block-heading\" style=\"padding-top:var(--wp--preset--spacing--40);padding-bottom:var(--wp--preset--spacing--40);font-size:25px;font-style:normal;font-weight:600\">Aplicaciones ideales<\/h2>\n\n\n\n<ul class=\"wp-block-list\">\n<li>Instalar paneles de yeso implica instalarlos en las paredes o techos para que est\u00e9n nivelados y enlucidos.<\/li>\n\n\n\n<li>La iluminaci\u00f3n ambiental o de tareas limpia se puede usar debajo de los gabinetes o en la iluminaci\u00f3n de coves en cocinas modernas y \u00e1reas de estar.<\/li>\n\n\n\n<li>Tiendas y negocios: luz brillante y amplia para exhibir productos o aspectos arquitect\u00f3nicos.<\/li>\n\n\n\n<li>Para oficinas y hoteles, un carcasa de cinta LED amplia y robusta que emite luz constante y sin deslumbramiento.<\/li>\n<\/ul>\n\n\n\n<p>Para opciones de montaje en superficie, considera el <a href=\"https:\/\/tangooled.com\/es\/product\/wide-slim-surface-mount-led-channel-35x13mm-s3513\/\"><mark style=\"background-color:rgba(0, 0, 0, 0)\" class=\"has-inline-color has-vivid-red-color\">Canal de extrusi\u00f3n LED de montaje en superficie de 35x13 mm<\/mark><\/a> o <a href=\"https:\/\/tangooled.com\/es\/product\/18x9mm-led-tape-light-profile-for-surface-installation\/\"><mark style=\"background-color:rgba(0, 0, 0, 0)\" class=\"has-inline-color has-vivid-red-color\">Perfil de cinta LED de 18x9mm para instalaci\u00f3n en superficie<\/mark><\/a>.<\/p>\n<\/div><\/div>\n\n\n\n<div class=\"wp-block-group\" style=\"padding-top:var(--wp--preset--spacing--80);padding-bottom:var(--wp--preset--spacing--80)\"><div class=\"wp-block-group__inner-container is-layout-constrained wp-block-group-is-layout-constrained\">\n<h2 class=\"wp-block-heading\" style=\"padding-top:var(--wp--preset--spacing--40);padding-bottom:var(--wp--preset--spacing--40);font-size:25px;font-style:normal;font-weight:600;text-transform:capitalize\">Explora m\u00e1s perfiles relevantes<\/h2>\n\n\n\n<ul class=\"wp-block-list\">\n<li>Perfil de superficie RSlim: <a href=\"https:\/\/tangooled.com\/es\/product\/17mm-led-strip-light-aluminum-channel-for-surface-mounting\/\"><mark style=\"background-color:rgba(0, 0, 0, 0)\" class=\"has-inline-color has-vivid-red-color\">Canal de aluminio para tira LED de 17mm para montaje en superficie<\/mark><\/a><\/li>\n\n\n\n<li>Opci\u00f3n extra estrecha: <a href=\"https:\/\/tangooled.com\/es\/product\/25x6mm-low-profile-led-strip-channel-for-10mm-led-strip-light\/\"><mark style=\"background-color:rgba(0, 0, 0, 0)\" class=\"has-inline-color has-vivid-red-color\">Canal de tira LED de perfil bajo de 25x6 mm para luz LED de 10 mm<\/mark><\/a><\/li>\n\n\n\n<li>Alternativa de acabado negro: <a href=\"https:\/\/tangooled.com\/es\/product\/black-aluminum-u-channel-profile-for-10mm-led-strips\/\"><mark style=\"background-color:rgba(0, 0, 0, 0)\" class=\"has-inline-color has-vivid-red-color\">Perfil de canal en U de aluminio negro para tiras LED de 10 mm<\/mark><\/a><\/li>\n<\/ul>\n<\/div><\/div>\n\n\n\n<div class=\"wp-block-group has-background\" style=\"background-color:#f1f1f1;padding-top:var(--wp--preset--spacing--80);padding-bottom:var(--wp--preset--spacing--80)\"><div class=\"wp-block-group__inner-container is-layout-constrained wp-block-group-is-layout-constrained\">\n<h2 class=\"wp-block-heading\" style=\"padding-top:var(--wp--preset--spacing--40);padding-bottom:var(--wp--preset--spacing--40);font-size:25px;font-style:normal;font-weight:600;text-transform:capitalize\">Resumen<\/h2>\n\n\n\n<p style=\"padding-right:var(--wp--preset--spacing--50);padding-left:var(--wp--preset--spacing--50)\">El canal de luz de tira LED de aluminio de 75x13 mm sin bridas es una elecci\u00f3n perfecta para todas sus necesidades de iluminaci\u00f3n arquitect\u00f3nica, ya que proporciona luz LED amplia, sin corte y potente. El cuerpo de aluminio anodizado y el difusor opalino son duraderos y tienen un excelente aspecto. Tambi\u00e9n funcionan bien y mantienen el calor. Este canal es perfecto para instalar tiras LED en paneles de yeso o yeso. Puedes usarlo con muchos tipos diferentes de tiras LED, por lo que puedes hacer dise\u00f1os que funcionen para hogares, empresas, tiendas y hoteles.<\/p>\n<\/div><\/div>\n\n\n\n<p><\/p>","protected":false},"featured_media":33360,"template":"","meta":{"_acf_changed":false,"_seopress_robots_primary_cat":"none","_seopress_titles_title":"Extra Wide Low Profile LED Aluminum Channel 75x13mm | TANGOOLED","_seopress_titles_desc":"Explore our 75x13mm extra wide low profile LED aluminum channel. Designed for high-lumen output and seamless large-scale lighting, this ultra-wide profile fits multiple LED rows while maintaining a slim depth.","_seopress_robots_index":""},"pcb-width":[233],"product-cat":[193],"class_list":{"0":"post-43513","1":"product","2":"type-product","3":"status-publish","4":"has-post-thumbnail","6":"pcb-width-50-90mm","7":"product-cat-recessed-profile"},"acf":[],"_links":{"self":[{"href":"https:\/\/tangooled.com\/es\/wp-json\/wp\/v2\/product\/43513","targetHints":{"allow":["GET"]}}],"collection":[{"href":"https:\/\/tangooled.com\/es\/wp-json\/wp\/v2\/product"}],"about":[{"href":"https:\/\/tangooled.com\/es\/wp-json\/wp\/v2\/types\/product"}],"wp:featuredmedia":[{"embeddable":true,"href":"https:\/\/tangooled.com\/es\/wp-json\/wp\/v2\/media\/33360"}],"wp:attachment":[{"href":"https:\/\/tangooled.com\/es\/wp-json\/wp\/v2\/media?parent=43513"}],"wp:term":[{"taxonomy":"pcb-width","embeddable":true,"href":"https:\/\/tangooled.com\/es\/wp-json\/wp\/v2\/pcb-width?post=43513"},{"taxonomy":"product-cat","embeddable":true,"href":"https:\/\/tangooled.com\/es\/wp-json\/wp\/v2\/product-cat?post=43513"}],"curies":[{"name":"wp","href":"https:\/\/api.w.org\/{rel}","templated":true}]}}