{"id":43089,"date":"2025-12-26T01:14:37","date_gmt":"2025-12-26T09:14:37","guid":{"rendered":"https:\/\/tangooled.com\/?post_type=product&#038;p=43089"},"modified":"2026-01-29T23:19:04","modified_gmt":"2026-01-30T07:19:04","slug":"35x35mm-surface-black-led-profile-square-channel","status":"publish","type":"product","link":"https:\/\/tangooled.com\/es\/product\/35x35mm-surface-black-led-profile-square-channel\/","title":{"rendered":"Perfil LED negro de 35x35mm montado en superficie"},"content":{"rendered":"<div class=\"wp-block-group is-vertical is-layout-flex wp-container-core-group-is-layout-d255d7c4 wp-block-group-is-layout-flex\" style=\"padding-top:var(--wp--preset--spacing--80);padding-bottom:var(--wp--preset--spacing--80)\">\n<p>Nuestro perfil LED negro de montaje en superficie de 35x35mm (S3535A) es una opci\u00f3n elegante y excelente para la iluminaci\u00f3n profesional. Con una dimensi\u00f3n cuadrada de 35x35mm y un ancho interno de 25.6mm, se adapta perfectamente tanto a cintas LED regulares como de alta densidad. Esta extrusi\u00f3n flexible se puede usar para aplicaciones montadas en superficie, suspendidas, empotradas sin flanges y montadas en pared, asegurando que la iluminaci\u00f3n lineal fluya suavemente a trav\u00e9s de cualquier plano arquitect\u00f3nico. El perfil LED negro de 35x35mm est\u00e1 dise\u00f1ado para durar y se adapta perfectamente a entornos de alta gama, incluyendo oficinas corporativas, tiendas de lujo y casas modernas. Le da a cualquier habitaci\u00f3n moderna un aspecto limpio y profesional, con una luz brillante y uniforme.<\/p>\n<\/div>\n\n\n\n<div class=\"wp-block-group has-background\" style=\"background-color:#f1f1f1;padding-top:var(--wp--preset--spacing--80);padding-bottom:var(--wp--preset--spacing--80)\"><div class=\"wp-block-group__inner-container is-layout-constrained wp-block-group-is-layout-constrained\">\n<div class=\"wp-block-group is-vertical is-layout-flex wp-container-core-group-is-layout-8cf370e7 wp-block-group-is-layout-flex\">\n<h2 class=\"wp-block-heading\" style=\"padding-top:var(--wp--preset--spacing--40);padding-bottom:var(--wp--preset--spacing--40);font-size:25px;font-style:normal;font-weight:600;text-transform:capitalize\">\u00bfPor qu\u00e9 elegir nuestro perfil LED negro de 35x35mm?<\/h2>\n\n\n\n<ul class=\"wp-block-list\">\n<li>Se puede instalar de muchas maneras diferentes: en techos o paredes. Tambi\u00e9n puedes colgarlo como una l\u00e1mpara colgante elegante.<\/li>\n\n\n\n<li>Sin puntos: Funciona perfectamente con difusores esmerilados u opales para ocultar los puntos LED.<\/li>\n\n\n\n<li>Construcci\u00f3n robusta: El aluminio anodizado con acabado mate negro durar\u00e1.<\/li>\n\n\n\n<li>Efecto disipador de calor: Esto mantiene tus tiras LED frescas para que duren mucho m\u00e1s.<\/li>\n\n\n\n<li>Funciona con muchas tiras LED: puede sostener tiras LED de hasta 25mm de ancho.<\/li>\n<\/ul>\n<\/div>\n<\/div><\/div>\n\n\n\n<div class=\"wp-block-group is-vertical is-layout-flex wp-container-core-group-is-layout-d255d7c4 wp-block-group-is-layout-flex\" style=\"padding-top:var(--wp--preset--spacing--80);padding-bottom:var(--wp--preset--spacing--80)\">\n<hr class=\"wp-block-separator has-alpha-channel-opacity\"\/>\n\n\n\n<div class=\"wp-block-media-text has-media-on-the-right is-stacked-on-mobile\"><div class=\"wp-block-media-text__content\">\n<h2 class=\"wp-block-heading\" style=\"padding-top:var(--wp--preset--spacing--40);padding-bottom:var(--wp--preset--spacing--40);font-size:25px;font-style:normal;font-weight:600;text-transform:capitalize\">\u00bfPara qu\u00e9 puedes usarlo?<\/h2>\n\n\n\n<ul class=\"wp-block-list\">\n<li>Iluminaci\u00f3n de oficina: Estas luces son ideales para colgar luces lineales en salas de conferencias o escaparates.<\/li>\n\n\n\n<li>Iluminaci\u00f3n para el hogar: \u00dasalo como un perfil LED colgante en la cocina o el comedor.<\/li>\n\n\n\n<li>Iluminaci\u00f3n arquitect\u00f3nica: Ideal para iluminaci\u00f3n en coves, lavado de paredes y luz debajo de los gabinetes.<\/li>\n\n\n\n<li>Taller y garaje: Montaje en superficie para una iluminaci\u00f3n de tareas brillante y constante.<\/li>\n<\/ul>\n<\/div><figure class=\"wp-block-media-text__media\"><img loading=\"lazy\" decoding=\"async\" width=\"500\" height=\"500\" src=\"https:\/\/tangooled.com\/wp-content\/uploads\/2025\/12\/s3535a-ins.webp\" alt=\"black led aluminum profile 35x35mm for surface mounting or suspension\" class=\"wp-image-43401 size-full\" srcset=\"https:\/\/tangooled.com\/wp-content\/uploads\/2025\/12\/s3535a-ins.webp 500w, https:\/\/tangooled.com\/wp-content\/uploads\/2025\/12\/s3535a-ins-300x300.webp 300w, https:\/\/tangooled.com\/wp-content\/uploads\/2025\/12\/s3535a-ins-150x150.webp 150w\" sizes=\"auto, (max-width: 500px) 100vw, 500px\" \/><\/figure><\/div>\n<\/div>\n\n\n\n<div class=\"wp-block-group has-background\" style=\"background-color:#f1f1f1f2;padding-top:var(--wp--preset--spacing--80);padding-bottom:var(--wp--preset--spacing--80)\"><div class=\"wp-block-group__inner-container is-layout-constrained wp-block-group-is-layout-constrained\">\n<h2 class=\"wp-block-heading\" style=\"padding-top:var(--wp--preset--spacing--40);padding-bottom:var(--wp--preset--spacing--40);font-size:25px;font-style:normal;font-weight:600;text-transform:capitalize\">Completa tu sistema de iluminaci\u00f3n con los accesorios<\/h2>\n\n\n\n<ul class=\"wp-block-list\">\n<li>Abrazaderas de montaje en superficie: soportes f\u00e1ciles de instalar para un ajuste seguro.<\/li>\n\n\n\n<li>Kits de suspensi\u00f3n: Cables ajustables y c\u00fapulas de techo para instalaci\u00f3n colgante.<\/li>\n\n\n\n<li>Tapas finales: Sellan los extremos de forma ordenada y protegen contra el polvo y la humedad.<\/li>\n\n\n\n<li>Conectores y uniones: Para esquinas y l\u00edneas continuas largas.<\/li>\n<\/ul>\n<\/div><\/div>\n\n\n\n<div class=\"wp-block-group\" style=\"padding-top:var(--wp--preset--spacing--80);padding-bottom:var(--wp--preset--spacing--80)\"><div class=\"wp-block-group__inner-container is-layout-constrained wp-block-group-is-layout-constrained\">\n<h2 class=\"wp-block-heading\" style=\"padding-top:var(--wp--preset--spacing--40);padding-bottom:var(--wp--preset--spacing--40);font-size:25px;font-style:normal;font-weight:600;text-transform:capitalize\">Productos relacionados para tu proyecto<\/h2>\n\n\n\n<ul class=\"wp-block-list\">\n<li><a href=\"https:\/\/tangooled.com\/es\/product\/black-led-diffuser-aluminum-channel-for-12mm-tape-lights\/\"><mark style=\"background-color:rgba(0, 0, 0, 0)\" class=\"has-inline-color has-vivid-red-color\">Canal de aluminio difusor LED negro para luces de cinta de 12 mm<\/mark><\/a><\/li>\n\n\n\n<li><a href=\"https:\/\/tangooled.com\/es\/product\/led-strip-light-channel-aluminum-profile-with-diffused-cover-6mm-height\/\"><mark style=\"background-color:rgba(0, 0, 0, 0)\" class=\"has-inline-color has-vivid-red-color\">Perfil de aluminio para canal de luz LED con cubierta difusa de 6 mm de altura<\/mark><\/a><\/li>\n\n\n\n<li><a href=\"https:\/\/tangooled.com\/es\/product\/aluminum-profile-with-60-degree-lens-led-diffuser\/\"><mark style=\"background-color:rgba(0, 0, 0, 0)\" class=\"has-inline-color has-vivid-red-color\">Perfil de aluminio con difusor de lente de 60 grados<\/mark><\/a><\/li>\n\n\n\n<li><a href=\"https:\/\/tangooled.com\/es\/product\/25x14m-surface-mounted-led-light-aluminum-profile\/\"><mark style=\"background-color:rgba(0, 0, 0, 0)\" class=\"has-inline-color has-vivid-red-color\">Perfil de luz LED de aluminio montado en superficie de 25x14m<\/mark><\/a><\/li>\n<\/ul>\n<\/div><\/div>\n\n\n\n<div class=\"wp-block-group has-background\" style=\"background-color:#f1f1f1f2;padding-top:var(--wp--preset--spacing--80);padding-bottom:var(--wp--preset--spacing--80)\"><div class=\"wp-block-group__inner-container is-layout-constrained wp-block-group-is-layout-constrained\">\n<h2 class=\"wp-block-heading\" style=\"padding-top:var(--wp--preset--spacing--40);padding-bottom:var(--wp--preset--spacing--40);font-size:25px;font-style:normal;font-weight:600\">Resumen<\/h2>\n\n\n\n<p style=\"padding-right:var(--wp--preset--spacing--50);padding-left:var(--wp--preset--spacing--50)\">Nuestro perfil LED negro de 35x35mm tiene un estilo moderno, es durable y es f\u00e1cil de instalar tanto para montaje en superficie como para luces colgantes. Funciona muy bien con muchas tiras LED diferentes y te permite crear un sistema de iluminaci\u00f3n que se vea profesional, sea eficiente en energ\u00eda y elegante. Para m\u00e1s perfiles de aluminio LED, consulta: <mark style=\"background-color:rgba(0, 0, 0, 0)\" class=\"has-inline-color has-vivid-red-color\"><a href=\"https:\/\/tangooled.com\/es\/product\/black-led-profile-with-black-diffuser-for-10mm-led-strip-light\/\">Perfil LED negro con difusor negro para luz LED de tira de 10mm<\/a>, <a href=\"https:\/\/tangooled.com\/es\/product\/surface-mount-led-profile-with-frosted-diffuser-for-10mm-rope-lights\/\">Perfil LED de montaje en superficie con difusor esmerilado para luces de cuerda de 10 mm<\/a>, <a href=\"https:\/\/tangooled.com\/es\/product\/black-aluminum-u-channel-profile-for-10mm-led-strips\/\">Perfil de canal en U de aluminio negro para tiras LED de 10mm<\/a><\/mark><\/p>\n<\/div><\/div>","protected":false},"featured_media":14722,"template":"","meta":{"_acf_changed":true,"_seopress_robots_primary_cat":"none","_seopress_titles_title":"35x35mm Surface Black LED Profile | Square Matte Black Aluminum Channel | TANGOOLED","_seopress_titles_desc":"Elevate your design with the S3535A, a 35x35mm surface black led profile. This square aluminum channel features a sleek matte finish, ideal for modern surface-mounted or pendant lighting in offices and retail spaces.","_seopress_robots_index":""},"pcb-width":[230],"product-cat":[192,194],"class_list":{"0":"post-43089","1":"product","2":"type-product","3":"status-publish","4":"has-post-thumbnail","6":"pcb-width-20-25mm","7":"product-cat-surface-led-profile","8":"product-cat-suspended-profile"},"acf":[],"_links":{"self":[{"href":"https:\/\/tangooled.com\/es\/wp-json\/wp\/v2\/product\/43089","targetHints":{"allow":["GET"]}}],"collection":[{"href":"https:\/\/tangooled.com\/es\/wp-json\/wp\/v2\/product"}],"about":[{"href":"https:\/\/tangooled.com\/es\/wp-json\/wp\/v2\/types\/product"}],"wp:featuredmedia":[{"embeddable":true,"href":"https:\/\/tangooled.com\/es\/wp-json\/wp\/v2\/media\/14722"}],"wp:attachment":[{"href":"https:\/\/tangooled.com\/es\/wp-json\/wp\/v2\/media?parent=43089"}],"wp:term":[{"taxonomy":"pcb-width","embeddable":true,"href":"https:\/\/tangooled.com\/es\/wp-json\/wp\/v2\/pcb-width?post=43089"},{"taxonomy":"product-cat","embeddable":true,"href":"https:\/\/tangooled.com\/es\/wp-json\/wp\/v2\/product-cat?post=43089"}],"curies":[{"name":"wp","href":"https:\/\/api.w.org\/{rel}","templated":true}]}}