{"id":43087,"date":"2025-12-26T00:39:48","date_gmt":"2025-12-26T08:39:48","guid":{"rendered":"https:\/\/tangooled.com\/?post_type=product&#038;p=43087"},"modified":"2026-01-25T23:24:52","modified_gmt":"2026-01-26T07:24:52","slug":"pendant-led-strip-channel-35x35mm-inner-layer","status":"publish","type":"product","link":"https:\/\/tangooled.com\/es\/product\/pendant-led-strip-channel-35x35mm-inner-layer\/","title":{"rendered":"Perfil LED colgante de 35x35mm (dise\u00f1o interior de doble capa)"},"content":{"rendered":"<div class=\"wp-block-group is-vertical is-layout-flex wp-container-core-group-is-layout-d255d7c4 wp-block-group-is-layout-flex\" style=\"padding-top:var(--wp--preset--spacing--80);padding-bottom:var(--wp--preset--spacing--80)\">\n<p>Nuestro canal de tira LED colgante de 35x35 mm es un dise\u00f1o cuadrado ideal para la iluminaci\u00f3n interior moderna. Tiene un tama\u00f1o total de 35 mm de ancho y 35 mm de alto. Puedes colgarlo, montarlo en una superficie o incluso empotrarlo en el techo o la pared. La capa interior especial facilita el mantenimiento y la dispersi\u00f3n del calor. Adem\u00e1s, el difusor opal superior suaviza los puntos LED y permite que la luz se difunda de manera uniforme y atractiva. Piensa en \u00e9l como una carcasa para tus tiras LED. Este canal de aluminio de alta calidad las mantiene seguras y frescas, haciendo que tus luces duren m\u00e1s y brillen m\u00e1s. Es una soluci\u00f3n inteligente y limpia para cualquier proyecto de iluminaci\u00f3n lineal profesional.<\/p>\n<\/div>\n\n\n\n<div class=\"wp-block-group has-background\" style=\"background-color:#f1f1f1;padding-top:var(--wp--preset--spacing--80);padding-bottom:var(--wp--preset--spacing--80)\"><div class=\"wp-block-group__inner-container is-layout-constrained wp-block-group-is-layout-constrained\">\n<div class=\"wp-block-group is-vertical is-layout-flex wp-container-core-group-is-layout-8cf370e7 wp-block-group-is-layout-flex\">\n<h2 class=\"wp-block-heading\" style=\"padding-top:var(--wp--preset--spacing--40);padding-bottom:var(--wp--preset--spacing--40);font-size:25px;font-style:normal;font-weight:600;text-transform:capitalize\">\u00bfPor qu\u00e9 elegir nuestro canal de tira LED colgante de 35x35 mm?<\/h2>\n\n\n\n<ul class=\"wp-block-list\">\n<li>Light Without Dots: The opal diffuser softens the LED light source, eliminating &#8220;hot spots&#8221; to create a seamless, even glow.<\/li>\n\n\n\n<li>Construcci\u00f3n s\u00f3lida: El aluminio 6063-T5 enfr\u00eda r\u00e1pidamente los LED.<\/li>\n\n\n\n<li>Compatible con muchas tiras LED: Puede sostener tiras de hasta 20 mm de ancho, como las variedades 2835, 5050 o COB.<\/li>\n\n\n\n<li>F\u00e1cil de colgar: Incluye un kit de accesorios completo (clips de montaje, cables y tapas finales) para un montaje f\u00e1cil en suspensi\u00f3n o en superficie.<\/li>\n\n\n\n<li>Dise\u00f1o simple: El dise\u00f1o cuadrado de 35 mm se adapta bien a muchos estilos modernos.<\/li>\n<\/ul>\n<\/div>\n<\/div><\/div>\n\n\n\n<div class=\"wp-block-group is-vertical is-layout-flex wp-container-core-group-is-layout-d255d7c4 wp-block-group-is-layout-flex\" style=\"padding-top:var(--wp--preset--spacing--80);padding-bottom:var(--wp--preset--spacing--80)\">\n<hr class=\"wp-block-separator has-alpha-channel-opacity\"\/>\n\n\n\n<div class=\"wp-block-media-text has-media-on-the-right is-stacked-on-mobile\" style=\"grid-template-columns:auto 40%\"><div class=\"wp-block-media-text__content\">\n<h2 class=\"wp-block-heading\" style=\"padding-top:var(--wp--preset--spacing--40);padding-bottom:var(--wp--preset--spacing--40);font-size:25px;font-style:normal;font-weight:600;text-transform:capitalize\">How To Install 35&#215;35 pendant LED channel?<\/h2>\n\n\n\n<ul class=\"wp-block-list\">\n<li>Corta el canal y el difusor a la longitud deseada.<\/li>\n\n\n\n<li>Coloca tu tira LED en el canal de la capa interior<\/li>\n\n\n\n<li>Coloca el difusor encima y haz clic en su lugar.<\/li>\n\n\n\n<li>Coloca cuidadosamente las tapas finales para mantener la suciedad afuera.<\/li>\n\n\n\n<li>Utiliza el kit de cable suspendido, clips o abrazaderas empotradas que se incluyen con el producto para completar la instalaci\u00f3n.<\/li>\n<\/ul>\n<\/div><figure class=\"wp-block-media-text__media\"><img loading=\"lazy\" decoding=\"async\" width=\"500\" height=\"500\" src=\"https:\/\/tangooled.com\/wp-content\/uploads\/2025\/12\/s3535b-ins.webp\" alt=\"pendant led strip channel 35mm with inner layer\" class=\"wp-image-43390 size-full\" srcset=\"https:\/\/tangooled.com\/wp-content\/uploads\/2025\/12\/s3535b-ins.webp 500w, https:\/\/tangooled.com\/wp-content\/uploads\/2025\/12\/s3535b-ins-300x300.webp 300w, https:\/\/tangooled.com\/wp-content\/uploads\/2025\/12\/s3535b-ins-150x150.webp 150w\" sizes=\"auto, (max-width: 500px) 100vw, 500px\" \/><\/figure><\/div>\n<\/div>\n\n\n\n<div class=\"wp-block-group has-background\" style=\"background-color:#f1f1f1f2;padding-top:var(--wp--preset--spacing--80);padding-bottom:var(--wp--preset--spacing--80)\"><div class=\"wp-block-group__inner-container is-layout-constrained wp-block-group-is-layout-constrained\">\n<h2 class=\"wp-block-heading\" style=\"padding-top:var(--wp--preset--spacing--40);padding-bottom:var(--wp--preset--spacing--40);font-size:25px;font-style:normal;font-weight:600;text-transform:capitalize\">\u00bfD\u00f3nde puedes usarlo?<\/h2>\n\n\n\n<ul class=\"wp-block-list\">\n<li>Offices\u2014over desks or tables for clear light.<\/li>\n\n\n\n<li>Luces colgantes brillantes que parecen suaves en la cocina y el comedor en casa.<\/li>\n\n\n\n<li>Tiendas y centros comerciales tienen luces que hacen que tus productos se vean excelentes.<\/li>\n\n\n\n<li>Las escuelas y gimnasios necesitan luz brillante y uniforme para ser seguros.<\/li>\n\n\n\n<li>Hoteles y salones: un estilo moderno y sofisticado para lugares p\u00fablicos.<\/li>\n\n\n\n<li>Los aeropuertos y estaciones de tren deben tener luces de techo brillantes y limpias.<\/li>\n<\/ul>\n<\/div><\/div>\n\n\n\n<div class=\"wp-block-group\" style=\"padding-top:var(--wp--preset--spacing--80);padding-bottom:var(--wp--preset--spacing--80)\"><div class=\"wp-block-group__inner-container is-layout-constrained wp-block-group-is-layout-constrained\">\n<h2 class=\"wp-block-heading\" style=\"padding-top:var(--wp--preset--spacing--40);padding-bottom:var(--wp--preset--spacing--40);font-size:25px;font-style:normal;font-weight:600;text-transform:capitalize\">Productos Relacionados Que Te Puede Gustar<\/h2>\n\n\n\n<ul class=\"wp-block-list\">\n<li><a href=\"https:\/\/tangooled.com\/es\/product\/black-led-diffuser-aluminum-channel-for-12mm-tape-lights\/\"><mark style=\"background-color:rgba(0, 0, 0, 0)\" class=\"has-inline-color has-vivid-red-color\">Canal de aluminio difusor LED negro para luces de cinta de 12 mm<\/mark><\/a> \u2014 a smaller diffuser channel for narrow LED strips.<\/li>\n\n\n\n<li><a href=\"https:\/\/tangooled.com\/es\/product\/surface-mount-led-profile-with-frosted-diffuser-for-10mm-rope-lights\/\"><mark style=\"background-color:rgba(0, 0, 0, 0)\" class=\"has-inline-color has-vivid-red-color\">Perfil LED de montaje en superficie con difusor esmerilado para luces de cuerda de 10 mm<\/mark><\/a> \u2014 perfect for surface mounting.<\/li>\n\n\n\n<li><a href=\"https:\/\/tangooled.com\/es\/product\/black-aluminum-u-channel-profile-for-10mm-led-strips\/\"><mark style=\"background-color:rgba(0, 0, 0, 0)\" class=\"has-inline-color has-vivid-red-color\">Perfil de canal en U de aluminio negro para tiras LED de 10mm<\/mark><\/a> \u2014 a stylish black option for 10mm strips.<\/li>\n\n\n\n<li><a href=\"https:\/\/tangooled.com\/es\/product\/aluminum-profile-with-60-degree-lens-led-diffuser\/\"><mark style=\"background-color:rgba(0, 0, 0, 0)\" class=\"has-inline-color has-vivid-red-color\">Perfil de aluminio con difusor LED de lente de 60 grados<\/mark><\/a> \u2014 for sharp, focused light beams.<\/li>\n\n\n\n<li><mark style=\"background-color:rgba(0, 0, 0, 0)\" class=\"has-inline-color has-vivid-red-color\"><a href=\"https:\/\/tangooled.com\/es\/product\/25x14m-surface-mounted-led-light-aluminum-profile\/\">Perfil de aluminio LED de montaje en superficie de 25x14mm<\/a> <\/mark>\u2014 slim profile for surface lights.<\/li>\n<\/ul>\n<\/div><\/div>","protected":false},"featured_media":14716,"template":"","meta":{"_acf_changed":true,"_seopress_robots_primary_cat":"none","_seopress_titles_title":"35x35mm Pendant LED Strip Channel | Professional Inner-Layer Profile | TANGOOLED","_seopress_titles_desc":"The S3535B is a premium 35x35mm pendant led strip channel featuring a removable inner layer for easy wiring. This heavy-duty square aluminum profile is perfect for high-end office and commercial suspended lighting.","_seopress_robots_index":""},"pcb-width":[229],"product-cat":[192,194],"class_list":{"0":"post-43087","1":"product","2":"type-product","3":"status-publish","4":"has-post-thumbnail","6":"pcb-width-15-20mm","7":"product-cat-surface-led-profile","8":"product-cat-suspended-profile"},"acf":[],"_links":{"self":[{"href":"https:\/\/tangooled.com\/es\/wp-json\/wp\/v2\/product\/43087","targetHints":{"allow":["GET"]}}],"collection":[{"href":"https:\/\/tangooled.com\/es\/wp-json\/wp\/v2\/product"}],"about":[{"href":"https:\/\/tangooled.com\/es\/wp-json\/wp\/v2\/types\/product"}],"wp:featuredmedia":[{"embeddable":true,"href":"https:\/\/tangooled.com\/es\/wp-json\/wp\/v2\/media\/14716"}],"wp:attachment":[{"href":"https:\/\/tangooled.com\/es\/wp-json\/wp\/v2\/media?parent=43087"}],"wp:term":[{"taxonomy":"pcb-width","embeddable":true,"href":"https:\/\/tangooled.com\/es\/wp-json\/wp\/v2\/pcb-width?post=43087"},{"taxonomy":"product-cat","embeddable":true,"href":"https:\/\/tangooled.com\/es\/wp-json\/wp\/v2\/product-cat?post=43087"}],"curies":[{"name":"wp","href":"https:\/\/api.w.org\/{rel}","templated":true}]}}