{"id":43085,"date":"2025-12-26T00:34:49","date_gmt":"2025-12-26T08:34:49","guid":{"rendered":"https:\/\/tangooled.com\/?post_type=product&#038;p=43085"},"modified":"2026-01-25T23:32:35","modified_gmt":"2026-01-26T07:32:35","slug":"s3540a-3-sided-diffuser-led-pendant-profile","status":"publish","type":"product","link":"https:\/\/tangooled.com\/es\/product\/s3540a-3-sided-diffuser-led-pendant-profile\/","title":{"rendered":"S3540A: Perfil lineal LED de 40mm de altura con difusor en 3 lados"},"content":{"rendered":"<div class=\"wp-block-group is-vertical is-layout-flex wp-container-core-group-is-layout-d255d7c4 wp-block-group-is-layout-flex\" style=\"padding-top:var(--wp--preset--spacing--80);padding-bottom:var(--wp--preset--spacing--80)\">\n<p>Nuestro canal de aluminio de 35x40mm, que cuenta con un difusor cuadrado de tres lados, est\u00e1 dise\u00f1ado para maximizar el brillo interior. Con un ancho de 35mm y una altura de 40mm, la cubierta en forma de caja permite que la luz emita tanto del frente como de los lados, creando un resplandor m\u00e1s amplio y envolvente. Este perfil lineal altamente adaptable admite instalaci\u00f3n en superficie, empotrada o suspendida, lo que lo hace ideal para iluminaci\u00f3n arquitect\u00f3nica de alta gama. Proporciona una carcasa robusta que protege tus tiras LED mientras asegura una est\u00e9tica limpia y profesional. Al eliminar eficazmente los puntos calientes y distribuir la luz de manera uniforme, es una opci\u00f3n superior para espacios residenciales o comerciales modernos.<\/p>\n<\/div>\n\n\n\n<div class=\"wp-block-group has-background\" style=\"background-color:#f1f1f1;padding-top:var(--wp--preset--spacing--80);padding-bottom:var(--wp--preset--spacing--80)\"><div class=\"wp-block-group__inner-container is-layout-constrained wp-block-group-is-layout-constrained\">\n<div class=\"wp-block-group is-vertical is-layout-flex wp-container-core-group-is-layout-8cf370e7 wp-block-group-is-layout-flex\">\n<h2 class=\"wp-block-heading\" style=\"padding-top:var(--wp--preset--spacing--40);padding-bottom:var(--wp--preset--spacing--40);font-size:25px;font-style:normal;font-weight:600;text-transform:capitalize\">\u00bfPor qu\u00e9 deber\u00edas elegir nuestro perfil lineal LED?<\/h2>\n\n\n\n<ul class=\"wp-block-list\">\n<li>La iluminaci\u00f3n de tres lados dispersa la luz alrededor en lugar de simplemente hacia abajo.<\/li>\n\n\n\n<li>La delgada altura del perfil de 40mm hace que tu dise\u00f1o sea elegante y moderno.<\/li>\n\n\n\n<li>Hecho de un robusto perfil de aluminio extruido que maneja bien el calor.<\/li>\n\n\n\n<li>El difusor de policarbonato opalino previene el deslumbramiento y oculta los puntos LED.<\/li>\n\n\n\n<li>Funciona con controladores regulables como DALI y regulaci\u00f3n 0-10V.\u00a0<\/li>\n\n\n\n<li>Admite LEDs de alto CRI 90+ para una visualizaci\u00f3n precisa de colores.<\/li>\n<\/ul>\n<\/div>\n<\/div><\/div>\n\n\n\n<div class=\"wp-block-group is-vertical is-layout-flex wp-container-core-group-is-layout-d255d7c4 wp-block-group-is-layout-flex\" style=\"padding-top:var(--wp--preset--spacing--80);padding-bottom:var(--wp--preset--spacing--80)\">\n<hr class=\"wp-block-separator has-alpha-channel-opacity\"\/>\n\n\n\n<div class=\"wp-block-media-text has-media-on-the-right is-stacked-on-mobile\" style=\"grid-template-columns:auto 40%\"><div class=\"wp-block-media-text__content\">\n<h2 class=\"wp-block-heading\" style=\"padding-top:var(--wp--preset--spacing--40);padding-bottom:var(--wp--preset--spacing--40);font-size:25px;font-style:normal;font-weight:600;text-transform:capitalize\">Componentes e instalaci\u00f3n<\/h2>\n\n\n\n<p>El canal LED de aluminio viene con un difusor de tres lados, tapas met\u00e1licas, clips de montaje y cables para colgar. Puedes lograr la iluminaci\u00f3n lineal deseada siguiendo estos pasos:<\/p>\n\n\n\n<ul class=\"wp-block-list\">\n<li>Corta los canales y difusores para que se adapten a tu espacio.<\/li>\n\n\n\n<li>Elige las tiras LED adecuadas con alta densidad, como COB o 120LEDs\/M.<\/li>\n\n\n\n<li>Use an internal driver or an external driver that can dim the lights, like 0\u201310V or DALI.<\/li>\n\n\n\n<li>Se pueden usar peque\u00f1as conexiones para crear longitudes extensas o formas \u00fanicas.<\/li>\n\n\n\n<li>Use clips\u00a0to attach the channel to the surface, or use a suspension wire to hang it.<\/li>\n<\/ul>\n<\/div><figure class=\"wp-block-media-text__media\"><img loading=\"lazy\" decoding=\"async\" width=\"500\" height=\"500\" src=\"https:\/\/tangooled.com\/wp-content\/uploads\/2025\/12\/s3540a-ins.webp\" alt=\"led linear profile with three sided diffuser for pendant 40mm height\" class=\"wp-image-43385 size-full\" srcset=\"https:\/\/tangooled.com\/wp-content\/uploads\/2025\/12\/s3540a-ins.webp 500w, https:\/\/tangooled.com\/wp-content\/uploads\/2025\/12\/s3540a-ins-300x300.webp 300w, https:\/\/tangooled.com\/wp-content\/uploads\/2025\/12\/s3540a-ins-150x150.webp 150w\" sizes=\"auto, (max-width: 500px) 100vw, 500px\" \/><\/figure><\/div>\n<\/div>\n\n\n\n<div class=\"wp-block-group has-background\" style=\"background-color:#f1f1f1f2;padding-top:var(--wp--preset--spacing--80);padding-bottom:var(--wp--preset--spacing--80)\"><div class=\"wp-block-group__inner-container is-layout-constrained wp-block-group-is-layout-constrained\">\n<h2 class=\"wp-block-heading\" style=\"padding-top:var(--wp--preset--spacing--40);padding-bottom:var(--wp--preset--spacing--40);font-size:25px;font-style:normal;font-weight:600\">C\u00f3mo puedes usarlo<\/h2>\n\n\n\n<p>Nuestra l\u00e1mpara lineal colgante se puede usar de muchas maneras diferentes:<\/p>\n\n\n\n<ul class=\"wp-block-list\">\n<li>Iluminaci\u00f3n de oficina: luz fuerte y suave para estaciones de trabajo y salas de conferencias.<\/li>\n\n\n\n<li>Iluminaci\u00f3n de exhibici\u00f3n para tiendas: ideal para salas de exhibici\u00f3n y tiendas.<\/li>\n\n\n\n<li>L\u00e1mpara colgante para islas de cocina: una luz elegante para tu cocina.<\/li>\n\n\n\n<li>\u00c1reas de hospitalidad son ideales para lobbies de hoteles y restaurantes.<\/li>\n\n\n\n<li>Para uso dom\u00e9stico: ideal para iluminar el comedor y la oficina en casa.<\/li>\n<\/ul>\n<\/div><\/div>\n\n\n\n<div class=\"wp-block-group\" style=\"padding-top:var(--wp--preset--spacing--80);padding-bottom:var(--wp--preset--spacing--80)\"><div class=\"wp-block-group__inner-container is-layout-constrained wp-block-group-is-layout-constrained\">\n<h2 class=\"wp-block-heading\" style=\"padding-top:var(--wp--preset--spacing--40);padding-bottom:var(--wp--preset--spacing--40);font-size:25px;font-style:normal;font-weight:600;text-transform:capitalize\">Productos y recursos relacionados<\/h2>\n\n\n\n<p>Explora m\u00e1s perfiles y difusores LED que se adapten a tus proyectos<\/p>\n\n\n\n<ul class=\"wp-block-list\">\n<li><a href=\"https:\/\/tangooled.com\/es\/product\/black-led-diffuser-aluminum-channel-for-12mm-tape-lights\/\"><mark style=\"background-color:rgba(0, 0, 0, 0)\" class=\"has-inline-color has-vivid-red-color\">Canal de aluminio difusor LED negro para luces de cinta de 12 mm<\/mark><\/a><\/li>\n\n\n\n<li><a href=\"https:\/\/tangooled.com\/es\/product\/18x9mm-led-tape-light-profile-for-surface-installation\/\"><mark style=\"background-color:rgba(0, 0, 0, 0)\" class=\"has-inline-color has-vivid-red-color\">perfil de tira LED de 18x9mm para instalaci\u00f3n superficial<\/mark><\/a><\/li>\n\n\n\n<li><a href=\"https:\/\/tangooled.com\/es\/product\/aluminum-profile-with-60-degree-lens-led-diffuser\/\"><mark style=\"background-color:rgba(0, 0, 0, 0)\" class=\"has-inline-color has-vivid-red-color\">Perfil de aluminio con difusor LED de lente de 60 grados<\/mark><\/a><\/li>\n<\/ul>\n<\/div><\/div>\n\n\n\n<div class=\"wp-block-group has-background\" style=\"background-color:#f1f1f1f2;padding-top:var(--wp--preset--spacing--80);padding-bottom:var(--wp--preset--spacing--80)\"><div class=\"wp-block-group__inner-container is-layout-constrained wp-block-group-is-layout-constrained\">\n<h2 class=\"wp-block-heading\" style=\"padding-top:var(--wp--preset--spacing--40);padding-bottom:var(--wp--preset--spacing--40);font-size:25px;font-style:normal;font-weight:600;text-transform:capitalize\">resumen<\/h2>\n\n\n\n<p style=\"padding-right:var(--wp--preset--spacing--50);padding-left:var(--wp--preset--spacing--50)\">Nuestro perfil LED lineal colgante de 40mm de altura con un difusor de tres lados tiene un aspecto moderno, funciona perfectamente y es f\u00e1cil de instalar. Ideal para iluminar oficinas, exhibiciones en tiendas, espacios de trabajo elegantes y mucho m\u00e1s. La forma de aluminio extruido con un difusor tridireccional hace que tus luces sean brillantes y suaves, sin deslumbramiento ni puntos duros. Para tus necesidades de iluminaci\u00f3n lineal colgante, utiliza este perfil. Obt\u00e9n estilo, control y durabilidad en un peque\u00f1o dise\u00f1o de 40mm. \u00a1Ponte en contacto con nosotros hoy para precios o para realizar un pedido especial!<\/p>\n<\/div><\/div>","protected":false},"featured_media":16234,"template":"","meta":{"_acf_changed":true,"_seopress_robots_primary_cat":"none","_seopress_titles_title":"S3540A 3-Sided Diffuser LED Profile | 40mm High Pendant Channel | TANGOOLED","_seopress_titles_desc":"The S3540A is a 40mm high LED linear profile featuring a three-sided diffuser for a 180\u00b0 lighting effect. Perfect for decorative pendant installations where wide light distribution is required.","_seopress_robots_index":""},"pcb-width":[230],"product-cat":[192,194],"class_list":{"0":"post-43085","1":"product","2":"type-product","3":"status-publish","4":"has-post-thumbnail","6":"pcb-width-20-25mm","7":"product-cat-surface-led-profile","8":"product-cat-suspended-profile"},"acf":[],"_links":{"self":[{"href":"https:\/\/tangooled.com\/es\/wp-json\/wp\/v2\/product\/43085","targetHints":{"allow":["GET"]}}],"collection":[{"href":"https:\/\/tangooled.com\/es\/wp-json\/wp\/v2\/product"}],"about":[{"href":"https:\/\/tangooled.com\/es\/wp-json\/wp\/v2\/types\/product"}],"wp:featuredmedia":[{"embeddable":true,"href":"https:\/\/tangooled.com\/es\/wp-json\/wp\/v2\/media\/16234"}],"wp:attachment":[{"href":"https:\/\/tangooled.com\/es\/wp-json\/wp\/v2\/media?parent=43085"}],"wp:term":[{"taxonomy":"pcb-width","embeddable":true,"href":"https:\/\/tangooled.com\/es\/wp-json\/wp\/v2\/pcb-width?post=43085"},{"taxonomy":"product-cat","embeddable":true,"href":"https:\/\/tangooled.com\/es\/wp-json\/wp\/v2\/product-cat?post=43085"}],"curies":[{"name":"wp","href":"https:\/\/api.w.org\/{rel}","templated":true}]}}