{"id":43083,"date":"2025-12-26T00:28:04","date_gmt":"2025-12-26T08:28:04","guid":{"rendered":"https:\/\/tangooled.com\/?post_type=product&#038;p=43083"},"modified":"2026-01-25T23:46:47","modified_gmt":"2026-01-26T07:46:47","slug":"s3540b-curved-diffuser-35x40mm-led-channel","status":"publish","type":"product","link":"https:\/\/tangooled.com\/es\/product\/s3540b-curved-diffuser-35x40mm-led-channel\/","title":{"rendered":"S3540B: Canal LED de aluminio de 35x40mm con difusor curvado"},"content":{"rendered":"<div class=\"wp-block-group is-vertical is-layout-flex wp-container-core-group-is-layout-d255d7c4 wp-block-group-is-layout-flex\" style=\"padding-top:var(--wp--preset--spacing--80);padding-bottom:var(--wp--preset--spacing--80)\">\n<p>El canal de aluminio de 35x40mm con difusor curvado est\u00e1 dise\u00f1ado para tiras LED de 20mm, mejorando cualquier espacio con un brillo amplio y suave. La cubierta en forma de arco proporciona una distribuci\u00f3n de luz uniforme, mientras que el ancho de 35mm y la altura de 40mm ofrecen un alojamiento robusto para tu iluminaci\u00f3n. Ideal para iluminaci\u00f3n lineal interior, puede ser montado en superficie, empotrado o suspendido. Esta extrusi\u00f3n de aluminio asegura un acabado elegante y limpio al eliminar los puntos visibles de LED y proteger tus tiras dentro de un canal de aluminio duradero.<\/p>\n<\/div>\n\n\n\n<div class=\"wp-block-group has-background\" style=\"background-color:#f1f1f1;padding-top:var(--wp--preset--spacing--80);padding-bottom:var(--wp--preset--spacing--80)\"><div class=\"wp-block-group__inner-container is-layout-constrained wp-block-group-is-layout-constrained\">\n<div class=\"wp-block-group is-vertical is-layout-flex wp-container-core-group-is-layout-8cf370e7 wp-block-group-is-layout-flex\">\n<h2 class=\"wp-block-heading\" style=\"padding-top:var(--wp--preset--spacing--40);padding-bottom:var(--wp--preset--spacing--40);font-size:25px;font-style:normal;font-weight:600;text-transform:capitalize\">\u00bfPor qu\u00e9 elegir nuestro canal de aluminio de 35x40mm?<\/h2>\n\n\n\n<ul class=\"wp-block-list\">\n<li>Hecho de aleaci\u00f3n de aluminio 6063-T5 para gran resistencia y disipaci\u00f3n de calor.<\/li>\n\n\n\n<li>Viene con un difusor opal curvado para suavizar la luz y reducir el deslumbramiento.<\/li>\n\n\n\n<li>Dise\u00f1ado para adaptarse a tiras LED flexibles de 20mm de ancho, incluyendo cinta LED de alta potencia y COB.<\/li>\n\n\n\n<li>Listo para montaje en superficie o suspensi\u00f3n con clips de montaje y cables de suspensi\u00f3n.<\/li>\n\n\n\n<li>Opciones de acabado en colores anodizados plata, negro y blanco para estilo y durabilidad.<\/li>\n\n\n\n<li>Hecho para durar con materiales resistentes a la corrosi\u00f3n y al amarillamiento.<\/li>\n<\/ul>\n<\/div>\n<\/div><\/div>\n\n\n\n<div class=\"wp-block-group is-vertical is-layout-flex wp-container-core-group-is-layout-d255d7c4 wp-block-group-is-layout-flex\" style=\"padding-top:var(--wp--preset--spacing--80);padding-bottom:var(--wp--preset--spacing--80)\">\n<hr class=\"wp-block-separator has-alpha-channel-opacity\"\/>\n\n\n\n<div class=\"wp-block-media-text has-media-on-the-right is-stacked-on-mobile\" style=\"grid-template-columns:auto 40%\"><div class=\"wp-block-media-text__content\">\n<h2 class=\"wp-block-heading\" style=\"padding-top:var(--wp--preset--spacing--40);padding-bottom:var(--wp--preset--spacing--40);font-size:25px;font-style:normal;font-weight:600;text-transform:capitalize\">Opciones de Instalaci\u00f3n<\/h2>\n\n\n\n<ul class=\"wp-block-list\">\n<li>Mounting on the surface:\u00a0Use the mounting clips that come with the aluminum channel to keep it in place. Great for walls, ceilings, and flat surfaces.<\/li>\n\n\n\n<li>Instalaci\u00f3n de un colgante suspendido: Para colgar el perfil de aluminio para iluminaci\u00f3n moderna de colgante, usa los cables de suspensi\u00f3n incluidos. Funciona bien en oficinas, cocinas y tiendas.<\/li>\n<\/ul>\n<\/div><figure class=\"wp-block-media-text__media\"><img loading=\"lazy\" decoding=\"async\" width=\"500\" height=\"500\" src=\"https:\/\/tangooled.com\/wp-content\/uploads\/2025\/12\/s3540b-ins.webp\" alt=\"35x40mm aluminum channel with curved diffuser for 20mm led strip\" class=\"wp-image-43376 size-full\" srcset=\"https:\/\/tangooled.com\/wp-content\/uploads\/2025\/12\/s3540b-ins.webp 500w, https:\/\/tangooled.com\/wp-content\/uploads\/2025\/12\/s3540b-ins-300x300.webp 300w, https:\/\/tangooled.com\/wp-content\/uploads\/2025\/12\/s3540b-ins-150x150.webp 150w\" sizes=\"auto, (max-width: 500px) 100vw, 500px\" \/><\/figure><\/div>\n<\/div>\n\n\n\n<div class=\"wp-block-group has-background\" style=\"background-color:#f1f1f1f2;padding-top:var(--wp--preset--spacing--80);padding-bottom:var(--wp--preset--spacing--80)\"><div class=\"wp-block-group__inner-container is-layout-constrained wp-block-group-is-layout-constrained\">\n<h2 class=\"wp-block-heading\" style=\"padding-top:var(--wp--preset--spacing--40);padding-bottom:var(--wp--preset--spacing--40);font-size:25px;font-style:normal;font-weight:600\">Aplicaciones Populares<\/h2>\n\n\n\n<ul class=\"wp-block-list\">\n<li>Iluminaci\u00f3n para negocios y oficinas: Luz brillante, limpia y moderna para escritorios y salas de reuniones.<\/li>\n\n\n\n<li>Iluminaci\u00f3n de Acento Arquitect\u00f3nico: Ilumina paredes, coves, o estanter\u00edas de exhibici\u00f3n suavemente sin crear puntos calientes.<\/li>\n\n\n\n<li>Exhibiciones Minoristas: Usa haces de luz amplios y suaves para atraer la atenci\u00f3n a los productos.<\/li>\n\n\n\n<li>\u00c1reas Residenciales: Islas de cocina, pasillos y armarios que necesitan iluminaci\u00f3n de tareas elegante.<\/li>\n\n\n\n<li>Iluminaci\u00f3n para hoteles y lobbies: Haz que el espacio se sienta c\u00e1lido y acogedor sin deslumbramiento.<\/li>\n<\/ul>\n<\/div><\/div>\n\n\n\n<div class=\"wp-block-group\" style=\"padding-top:var(--wp--preset--spacing--80);padding-bottom:var(--wp--preset--spacing--80)\"><div class=\"wp-block-group__inner-container is-layout-constrained wp-block-group-is-layout-constrained\">\n<p>Descubre c\u00f3mo encaja esto en tu proyecto revisando estos productos relacionados<\/p>\n\n\n\n<ul class=\"wp-block-list\">\n<li><a href=\"https:\/\/tangooled.com\/es\/product\/black-led-diffuser-aluminum-channel-for-12mm-tape-lights\/\"><mark style=\"background-color:rgba(0, 0, 0, 0)\" class=\"has-inline-color has-vivid-red-color\">Canal de aluminio difusor LED negro para luces de cinta de 12 mm<\/mark><\/a><\/li>\n\n\n\n<li><a href=\"https:\/\/tangooled.com\/es\/product\/surface-mount-30mm-led-diffuser-channel-for-two-led-strips\/\"><mark style=\"background-color:rgba(0, 0, 0, 0)\" class=\"has-inline-color has-vivid-red-color\">Canal difusor LED de 30mm montado en superficie para dos tiras LED<\/mark><\/a><\/li>\n\n\n\n<li><a href=\"https:\/\/tangooled.com\/es\/product\/17mm-led-strip-light-aluminum-channel-for-surface-mounting\/\"><mark style=\"background-color:rgba(0, 0, 0, 0)\" class=\"has-inline-color has-vivid-red-color\">Canal de aluminio para tira LED de 17 mm para montaje en superficie<\/mark><\/a><\/li>\n<\/ul>\n<\/div><\/div>\n\n\n\n<div class=\"wp-block-group has-background\" style=\"background-color:#f1f1f1f2;padding-top:var(--wp--preset--spacing--80);padding-bottom:var(--wp--preset--spacing--80)\"><div class=\"wp-block-group__inner-container is-layout-constrained wp-block-group-is-layout-constrained\">\n<h2 class=\"wp-block-heading\" style=\"padding-top:var(--wp--preset--spacing--40);padding-bottom:var(--wp--preset--spacing--40);font-size:25px;font-style:normal;font-weight:600\">Resumen<\/h2>\n\n\n\n<p>El canal de aluminio de 35x40mm con difusor curvado es un gran perfil LED de aluminio para tiras LED de 20mm de ancho. Proporciona excelente disipaci\u00f3n de calor, iluminaci\u00f3n sin puntos y viene con todos los accesorios para instalaci\u00f3n en superficie o suspensi\u00f3n. Para encontrar m\u00e1s perfiles LED de aluminio para otros tama\u00f1os de tiras, visita estos enlaces: <\/p>\n\n\n\n<ul class=\"wp-block-list\">\n<li><a href=\"https:\/\/tangooled.com\/es\/product\/black-led-profile-with-black-diffuser-for-10mm-led-strip-light\/\"><mark style=\"background-color:rgba(0, 0, 0, 0)\" class=\"has-inline-color has-vivid-red-color\">Perfil LED negro con difusor negro para luz de tira LED de 10mm<\/mark><\/a><\/li>\n\n\n\n<li><a href=\"https:\/\/tangooled.com\/es\/product\/25x14m-surface-mounted-led-light-aluminum-profile\/\"><mark style=\"background-color:rgba(0, 0, 0, 0)\" class=\"has-inline-color has-vivid-red-color\">Perfil de aluminio LED de montaje en superficie de 25x14mm<\/mark><\/a><\/li>\n\n\n\n<li><a href=\"https:\/\/tangooled.com\/es\/product\/led-strip-light-channel-aluminum-profile-with-diffused-cover-6mm-height\/\"><mark style=\"background-color:rgba(0, 0, 0, 0)\" class=\"has-inline-color has-vivid-red-color\">Perfil de aluminio para canal de luz LED con cubierta difusa de 6 mm de altura<\/mark><\/a><\/li>\n<\/ul>\n<\/div><\/div>","protected":false},"featured_media":16240,"template":"","meta":{"_acf_changed":true,"_seopress_robots_primary_cat":"none","_seopress_titles_title":"S3540B Curved Diffuser LED Channel | 35x40mm Aluminum Profile | TANGOOLED","_seopress_titles_desc":"The S3540B is a 35x40mm aluminum channel featuring a curved diffuser for soft, wide-angle lighting. Designed to fit up to 20mm wide LED strips, it's ideal for surface or pendant mounting.","_seopress_robots_index":""},"pcb-width":[230],"product-cat":[192,194],"class_list":{"0":"post-43083","1":"product","2":"type-product","3":"status-publish","4":"has-post-thumbnail","6":"pcb-width-20-25mm","7":"product-cat-surface-led-profile","8":"product-cat-suspended-profile"},"acf":[],"_links":{"self":[{"href":"https:\/\/tangooled.com\/es\/wp-json\/wp\/v2\/product\/43083","targetHints":{"allow":["GET"]}}],"collection":[{"href":"https:\/\/tangooled.com\/es\/wp-json\/wp\/v2\/product"}],"about":[{"href":"https:\/\/tangooled.com\/es\/wp-json\/wp\/v2\/types\/product"}],"wp:featuredmedia":[{"embeddable":true,"href":"https:\/\/tangooled.com\/es\/wp-json\/wp\/v2\/media\/16240"}],"wp:attachment":[{"href":"https:\/\/tangooled.com\/es\/wp-json\/wp\/v2\/media?parent=43083"}],"wp:term":[{"taxonomy":"pcb-width","embeddable":true,"href":"https:\/\/tangooled.com\/es\/wp-json\/wp\/v2\/pcb-width?post=43083"},{"taxonomy":"product-cat","embeddable":true,"href":"https:\/\/tangooled.com\/es\/wp-json\/wp\/v2\/product-cat?post=43083"}],"curies":[{"name":"wp","href":"https:\/\/api.w.org\/{rel}","templated":true}]}}