{"id":43080,"date":"2025-12-26T00:23:15","date_gmt":"2025-12-26T08:23:15","guid":{"rendered":"https:\/\/tangooled.com\/?post_type=product&#038;p=43080"},"modified":"2026-01-25T23:53:03","modified_gmt":"2026-01-26T07:53:03","slug":"tall-diffuser-led-extrusion-profile-35x67mm","status":"publish","type":"product","link":"https:\/\/tangooled.com\/es\/product\/tall-diffuser-led-extrusion-profile-35x67mm\/","title":{"rendered":"S3567: Extrusi\u00f3n LED cuadrada de 35x67mm con difusor alto"},"content":{"rendered":"<div class=\"wp-block-group is-vertical is-layout-flex wp-container-core-group-is-layout-d255d7c4 wp-block-group-is-layout-flex\" style=\"padding-top:var(--wp--preset--spacing--80);padding-bottom:var(--wp--preset--spacing--80)\">\n<p>El perfil de extrusi\u00f3n LED con difusor alto S3567 presenta dimensiones generales de 35 mm de ancho por 67 mm de alto y un difusor cuadrado. Tiene un espacio incorporado para instalar tiras LED que mide 23.8 mm de ancho. El gran tama\u00f1o y el difusor alto reducen el deslumbramiento y hacen que la luz sea muy uniforme, lo que lo hace ideal para \u00e1reas que necesitan iluminaci\u00f3n de \u00e1ngulo amplio sin puntos. Esta forma est\u00e1 dise\u00f1ada principalmente para instalaci\u00f3n suspendida con un kit de cable de suspensi\u00f3n \u00fanico. Esta tecnolog\u00eda le da al S3567 una apariencia moderna y flotante, lo que lo convierte en una excelente opci\u00f3n para espacios comerciales, oficinas y tiendas con techos altos que necesitan iluminaci\u00f3n lineal arquitect\u00f3nicamente limpia y potente.<\/p>\n<\/div>\n\n\n\n<div class=\"wp-block-group has-background\" style=\"background-color:#f1f1f1;padding-top:var(--wp--preset--spacing--80);padding-bottom:var(--wp--preset--spacing--80)\"><div class=\"wp-block-group__inner-container is-layout-constrained wp-block-group-is-layout-constrained\">\n<div class=\"wp-block-group is-vertical is-layout-flex wp-container-core-group-is-layout-8cf370e7 wp-block-group-is-layout-flex\">\n<h2 class=\"wp-block-heading\" style=\"padding-top:var(--wp--preset--spacing--40);padding-bottom:var(--wp--preset--spacing--40);font-size:25px;font-style:normal;font-weight:600;text-transform:capitalize\">\u00bfPor qu\u00e9 elegir este perfil de extrusi\u00f3n LED con difusor alto?<\/h2>\n\n\n\n<p>Este perfil de extrusi\u00f3n LED con difusor alto est\u00e1 hecho de aluminio 6063-T5, que es el mejor material para mantener sus tiras LED frescas y brillantes durante a\u00f1os. El difusor opal cuadrado alto difunde la luz de manera uniforme, d\u00e1ndole a su dispositivo un aspecto limpio y profesional.<\/p>\n\n\n\n<ul class=\"wp-block-list\">\n<li>Funciona con tiras LED anchas de hasta 23 mm para un alto flujo luminoso.<\/li>\n\n\n\n<li>Se puede montar en superficie o colgar.<\/li>\n\n\n\n<li>Disponible en acabados de aluminio en bruto, pintado de negro o anodizado en plata.<\/li>\n\n\n\n<li>Funciona con tiras LED COB, tiras LED de doble fila y fabricantes reconocidos como Cree, Nichia y Samsung LED.<\/li>\n\n\n\n<li>Viene con opciones de tapas finales, clips de montaje y conectores lineales (que se ofrecen por separado).<\/li>\n<\/ul>\n<\/div>\n<\/div><\/div>\n\n\n\n<div class=\"wp-block-group is-vertical is-layout-flex wp-container-core-group-is-layout-d255d7c4 wp-block-group-is-layout-flex\" style=\"padding-top:var(--wp--preset--spacing--80);padding-bottom:var(--wp--preset--spacing--80)\">\n<hr class=\"wp-block-separator has-alpha-channel-opacity\"\/>\n\n\n\n<div class=\"wp-block-media-text has-media-on-the-right is-stacked-on-mobile\" style=\"grid-template-columns:auto 40%\"><div class=\"wp-block-media-text__content\">\n<h2 class=\"wp-block-heading\" style=\"padding-top:var(--wp--preset--spacing--40);padding-bottom:var(--wp--preset--spacing--40);font-size:25px;font-style:normal;font-weight:600;text-transform:capitalize\">C\u00f3mo construir su dispositivo LED<\/h2>\n\n\n\n<ul class=\"wp-block-list\">\n<li>Elija la longitud y el acabado del perfil de extrusi\u00f3n.<\/li>\n\n\n\n<li>Elija su tira LED, que puede ser de hasta 23 mm de ancho, como COB, SMD 2835\/5050, dependiendo de cu\u00e1n brillante quiera que sea la luz.<\/li>\n\n\n\n<li>Instale el difusor opal cuadrado alto para que la luz sea suave.<\/li>\n\n\n\n<li>Agregue accesorios relacionados para montaje en superficie o suspensi\u00f3n.<\/li>\n<\/ul>\n<\/div><figure class=\"wp-block-media-text__media\"><img loading=\"lazy\" decoding=\"async\" width=\"500\" height=\"500\" src=\"https:\/\/tangooled.com\/wp-content\/uploads\/2025\/12\/s3567-ins.webp\" alt=\"35x67mm led light extrusion profile with square tall diffuser\" class=\"wp-image-43340 size-full\" srcset=\"https:\/\/tangooled.com\/wp-content\/uploads\/2025\/12\/s3567-ins.webp 500w, https:\/\/tangooled.com\/wp-content\/uploads\/2025\/12\/s3567-ins-300x300.webp 300w, https:\/\/tangooled.com\/wp-content\/uploads\/2025\/12\/s3567-ins-150x150.webp 150w\" sizes=\"auto, (max-width: 500px) 100vw, 500px\" \/><\/figure><\/div>\n<\/div>\n\n\n\n<div class=\"wp-block-group has-background\" style=\"background-color:#f1f1f1f2;padding-top:var(--wp--preset--spacing--80);padding-bottom:var(--wp--preset--spacing--80)\"><div class=\"wp-block-group__inner-container is-layout-constrained wp-block-group-is-layout-constrained\">\n<h2 class=\"wp-block-heading\" style=\"padding-top:var(--wp--preset--spacing--40);padding-bottom:var(--wp--preset--spacing--40);font-size:25px;font-style:normal;font-weight:600;text-transform:capitalize\">Aplicaciones comunes<\/h2>\n\n\n\n<p>Este perfil de extrusi\u00f3n LED de 35x67 mm con difusor alto se puede usar en muchos lugares, como:<\/p>\n\n\n\n<ul class=\"wp-block-list\">\n<li>Iluminaci\u00f3n comercial: Se necesita luz brillante y uniforme en oficinas, salas de conferencias, tiendas minoristas y vest\u00edbulos.<\/li>\n\n\n\n<li>Iluminaci\u00f3n para hogares: islas de cocina, salas de estar y oficinas en casa con una extrusi\u00f3n de grado arquitect\u00f3nico de excelente calidad.<\/li>\n\n\n\n<li>Architectural Uses: Custom feature walls, hallways, galleries, and museums that want lighting that isn&#8217;t too bright and spreads out.<\/li>\n<\/ul>\n<\/div><\/div>\n\n\n\n<div class=\"wp-block-group\" style=\"padding-top:var(--wp--preset--spacing--80);padding-bottom:var(--wp--preset--spacing--80)\"><div class=\"wp-block-group__inner-container is-layout-constrained wp-block-group-is-layout-constrained\">\n<h2 class=\"wp-block-heading\" style=\"padding-top:var(--wp--preset--spacing--40);padding-bottom:var(--wp--preset--spacing--40);font-size:25px;font-style:normal;font-weight:600;text-transform:capitalize\">M\u00e1s productos que te pueden gustar<\/h2>\n\n\n\n<ul class=\"wp-block-list\">\n<li>Explora nuestro<mark style=\"background-color:rgba(0, 0, 0, 0)\" class=\"has-inline-color has-vivid-red-color\"> <a href=\"https:\/\/tangooled.com\/es\/product\/black-led-profile-with-black-diffuser-for-10mm-led-strip-light\/\">Perfil LED negro con difusor negro para luz de tira LED de 10mm<\/a><\/mark> para iluminaci\u00f3n delgada y elegante.<\/li>\n\n\n\n<li>Ver el <a href=\"https:\/\/tangooled.com\/es\/product\/surface-mount-led-profile-with-frosted-diffuser-for-10mm-rope-lights\/\"><mark style=\"background-color:rgba(0, 0, 0, 0)\" class=\"has-inline-color has-vivid-red-color\">Perfil LED de montaje en superficie con difusor esmerilado para luces de cuerda de 10 mm<\/mark><\/a> para instalaciones discretas.<\/li>\n\n\n\n<li>Para tiras m\u00e1s peque\u00f1as, consulte el <a href=\"https:\/\/tangooled.com\/es\/product\/18x9mm-led-tape-light-profile-for-surface-installation\/\"><mark style=\"background-color:rgba(0, 0, 0, 0)\" class=\"has-inline-color has-vivid-red-color\">perfil de tira LED de 18x9mm para instalaci\u00f3n superficial<\/mark><\/a>.<\/li>\n<\/ul>\n<\/div><\/div>\n\n\n\n<div class=\"wp-block-group\" style=\"padding-top:0;padding-bottom:0\"><div class=\"wp-block-group__inner-container is-layout-constrained wp-block-group-is-layout-constrained\">\n<p>El perfil de extrusi\u00f3n LED cuadrado con difusor alto de 35x67 mm es un enfoque ideal para obtener extrusi\u00f3n de grado arquitect\u00f3nico sin puntos en la luz. Puede manejar tiras LED grandes y es adecuado para usos comerciales, residenciales y arquitect\u00f3nicos.<\/p>\n<\/div><\/div>","protected":false},"featured_media":35063,"template":"","meta":{"_acf_changed":true,"_seopress_robots_primary_cat":"none","_seopress_titles_title":"Tall Diffuser LED Extrusion Profile | 35x67mm 3D Glow Aluminum Channel","_seopress_titles_desc":"The S3567 is a premium tall diffuser led extrusion profile measuring 35x67mm. Designed for a 3-sided 3D lighting effect, this square aluminum channel eliminates hotspots and creates bold, soft-glow linear accents.","_seopress_robots_index":""},"pcb-width":[230],"product-cat":[192,194],"class_list":{"0":"post-43080","1":"product","2":"type-product","3":"status-publish","4":"has-post-thumbnail","6":"pcb-width-20-25mm","7":"product-cat-surface-led-profile","8":"product-cat-suspended-profile"},"acf":[],"_links":{"self":[{"href":"https:\/\/tangooled.com\/es\/wp-json\/wp\/v2\/product\/43080","targetHints":{"allow":["GET"]}}],"collection":[{"href":"https:\/\/tangooled.com\/es\/wp-json\/wp\/v2\/product"}],"about":[{"href":"https:\/\/tangooled.com\/es\/wp-json\/wp\/v2\/types\/product"}],"wp:featuredmedia":[{"embeddable":true,"href":"https:\/\/tangooled.com\/es\/wp-json\/wp\/v2\/media\/35063"}],"wp:attachment":[{"href":"https:\/\/tangooled.com\/es\/wp-json\/wp\/v2\/media?parent=43080"}],"wp:term":[{"taxonomy":"pcb-width","embeddable":true,"href":"https:\/\/tangooled.com\/es\/wp-json\/wp\/v2\/pcb-width?post=43080"},{"taxonomy":"product-cat","embeddable":true,"href":"https:\/\/tangooled.com\/es\/wp-json\/wp\/v2\/product-cat?post=43080"}],"curies":[{"name":"wp","href":"https:\/\/api.w.org\/{rel}","templated":true}]}}