{"id":43077,"date":"2025-12-26T00:19:25","date_gmt":"2025-12-26T08:19:25","guid":{"rendered":"https:\/\/tangooled.com\/?post_type=product&#038;p=43077"},"modified":"2026-01-29T23:31:36","modified_gmt":"2026-01-30T07:31:36","slug":"54x35mm-black-suspended-led-channel-quad-row-s5435","status":"publish","type":"product","link":"https:\/\/tangooled.com\/es\/product\/54x35mm-black-suspended-led-channel-quad-row-s5435\/","title":{"rendered":"S5435: Canal LED suspendido negro de 54x35mm (compatible con filas cu\u00e1druples)"},"content":{"rendered":"<div class=\"wp-block-group is-vertical is-layout-flex wp-container-core-group-is-layout-d255d7c4 wp-block-group-is-layout-flex\" style=\"padding-top:var(--wp--preset--spacing--80);padding-bottom:var(--wp--preset--spacing--80)\">\n<p>\u00bfBuscas una forma segura y elegante de instalar tus tiras de LED? Nuestro canal de LED negro de 54x35mm est\u00e1 dise\u00f1ado para proporcionar una luz lineal robusta y duradera. Hecho de aleaci\u00f3n de aluminio resistente y con una anchura interior de 44mm, este perfil puede albergar hasta cuatro filas de tiras de LED de 10mm colocadas en paralelo.<\/p>\n\n\n\n<p>El diagrama de aplicaci\u00f3n muestra que el perfil S5435 est\u00e1 dise\u00f1ado para una instalaci\u00f3n flexible. Con clips de montaje ocultos y cables de suspensi\u00f3n, este canal de LED se puede montar directamente en una superficie o suspenderse como un moderno colgante lineal. Su adaptabilidad lo hace adecuado para una variedad de proyectos arquitect\u00f3nicos.<\/p>\n<\/div>\n\n\n\n<div class=\"wp-block-group has-background\" style=\"background-color:#f1f1f1;padding-top:var(--wp--preset--spacing--80);padding-bottom:var(--wp--preset--spacing--80)\"><div class=\"wp-block-group__inner-container is-layout-constrained wp-block-group-is-layout-constrained\">\n<div class=\"wp-block-group is-vertical is-layout-flex wp-container-core-group-is-layout-8cf370e7 wp-block-group-is-layout-flex\">\n<h2 class=\"wp-block-heading\" style=\"padding-top:var(--wp--preset--spacing--40);padding-bottom:var(--wp--preset--spacing--40);font-size:25px;font-style:normal;font-weight:600;text-transform:capitalize\">\u00bfPor qu\u00e9 elegir nuestro canal de LED negro suspendido de 54X35mm?<\/h2>\n\n\n\n<ul class=\"wp-block-list\">\n<li>El amplio canal de aluminio est\u00e1 dise\u00f1ado para albergar tiras de LED de cuatro filas, permitiendo la instalaci\u00f3n de hasta cuatro tiras est\u00e1ndar de 10mm en paralelo.<\/li>\n\n\n\n<li>Canal de aluminio resistente. Construido con aleaci\u00f3n de aluminio 6063-T5 de alta calidad, este dise\u00f1o funciona como un disipador de calor, disipando efectivamente el calor para extender la vida \u00fatil de tus LED.<\/li>\n\n\n\n<li>The matte black anodized finish presents a modern, sleek look, aligning with today&#8217;s design trends.<\/li>\n\n\n\n<li>Listo para suspensi\u00f3n o montaje: Este dise\u00f1o est\u00e1 destinado a ser suspendido o montado en el techo, utilizando cables a\u00e9reos est\u00e1ndar o clips de montaje.<\/li>\n\n\n\n<li>Opciones de difusor: Los difusores est\u00e1ndar son esmerilados y opalescentes, los difusores negros ahumados tambi\u00e9n se pueden personalizar para un proyecto espec\u00edfico.<\/li>\n<\/ul>\n<\/div>\n<\/div><\/div>\n\n\n\n<div class=\"wp-block-group is-vertical is-layout-flex wp-container-core-group-is-layout-d255d7c4 wp-block-group-is-layout-flex\" style=\"padding-top:var(--wp--preset--spacing--80);padding-bottom:var(--wp--preset--spacing--80)\">\n<hr class=\"wp-block-separator has-alpha-channel-opacity\"\/>\n\n\n\n<div class=\"wp-block-media-text has-media-on-the-right is-stacked-on-mobile\" style=\"grid-template-columns:auto 40%\"><div class=\"wp-block-media-text__content\">\n<h2 class=\"wp-block-heading\" style=\"padding-top:var(--wp--preset--spacing--40);padding-bottom:var(--wp--preset--spacing--40);font-size:25px;font-style:normal;font-weight:600;text-transform:capitalize\">F\u00e1cil instalaci\u00f3n y compatibilidad<\/h2>\n\n\n\n<ul class=\"wp-block-list\">\n<li>Corta el canal de LED negro suspendido de 54X35mm a la longitud deseada.<\/li>\n\n\n\n<li>Coloca tus tiras de LED de cuatro filas dentro del canal.<\/li>\n\n\n\n<li>Secure the diffuser cover, regardless of its finish \u2013 frosted or smoked.<\/li>\n\n\n\n<li>Fija los extremos para mantener el cableado ordenado y organizado.<\/li>\n\n\n\n<li>To suspend it from your ceiling, you&#8217;ll need to use the suspension system to achieve it.<\/li>\n\n\n\n<li>Aseg\u00farate de que tu fuente de energ\u00eda y dimmers est\u00e9n correctamente conectados para un funcionamiento suave.<\/li>\n<\/ul>\n<\/div><figure class=\"wp-block-media-text__media\"><img loading=\"lazy\" decoding=\"async\" width=\"500\" height=\"500\" src=\"https:\/\/tangooled.com\/wp-content\/uploads\/2025\/12\/s5435-installation.webp\" alt=\"suspended 54x35mm black led channel aluminum for quad row led strips\" class=\"wp-image-43337 size-full\" srcset=\"https:\/\/tangooled.com\/wp-content\/uploads\/2025\/12\/s5435-installation.webp 500w, https:\/\/tangooled.com\/wp-content\/uploads\/2025\/12\/s5435-installation-300x300.webp 300w, https:\/\/tangooled.com\/wp-content\/uploads\/2025\/12\/s5435-installation-150x150.webp 150w\" sizes=\"auto, (max-width: 500px) 100vw, 500px\" \/><\/figure><\/div>\n<\/div>\n\n\n\n<div class=\"wp-block-group has-background\" style=\"background-color:#f1f1f1f2;padding-top:var(--wp--preset--spacing--80);padding-bottom:var(--wp--preset--spacing--80)\"><div class=\"wp-block-group__inner-container is-layout-constrained wp-block-group-is-layout-constrained\">\n<h2 class=\"wp-block-heading\" style=\"padding-top:var(--wp--preset--spacing--40);padding-bottom:var(--wp--preset--spacing--40);font-size:25px;font-style:normal;font-weight:600\">\u00bfD\u00f3nde usarlo?<\/h2>\n\n\n\n<ul class=\"wp-block-list\">\n<li>Oficinas comerciales: Ilumina grandes salas de conferencias y \u00e1reas de oficinas abiertas con una iluminaci\u00f3n amplia y uniforme.<\/li>\n\n\n\n<li>Los espacios comerciales y las salas de exhibici\u00f3n se benefician de mostrar mercanc\u00edas con una iluminaci\u00f3n vibrante y llamativa.<\/li>\n\n\n\n<li>Residential spaces benefit greatly from these fixtures. These fixtures are ideal for kitchens, dining areas, garages, and studios \u2013 anywhere that needs robust pendant lighting.<\/li>\n\n\n\n<li>En edificios modernos con techos altos, la iluminaci\u00f3n arquitect\u00f3nica y ambiental puede actuar como la fuente principal de luz o como iluminaci\u00f3n de acento.&nbsp;<\/li>\n\n\n\n<li>Iluminaci\u00f3n general: Las soluciones de iluminaci\u00f3n de canal LED pueden reemplazar tubos fluorescentes o utilizarse en \u00e1reas que necesitan una iluminaci\u00f3n amplia y uniforme.<\/li>\n<\/ul>\n<\/div><\/div>\n\n\n\n<div class=\"wp-block-group\" style=\"padding-top:var(--wp--preset--spacing--80);padding-bottom:var(--wp--preset--spacing--80)\"><div class=\"wp-block-group__inner-container is-layout-constrained wp-block-group-is-layout-constrained\">\n<h2 class=\"wp-block-heading\" style=\"padding-top:var(--wp--preset--spacing--40);padding-bottom:var(--wp--preset--spacing--40);font-size:25px;font-style:normal;font-weight:600;text-transform:capitalize\">Enlaces internos para m\u00e1s soluciones LED<\/h2>\n\n\n\n<ul class=\"wp-block-list\">\n<li>Para configuraciones m\u00e1s peque\u00f1as, verifica el <a href=\"https:\/\/tangooled.com\/es\/product\/black-led-profile-with-black-diffuser-for-10mm-led-strip-light\/\"><mark style=\"background-color:rgba(0, 0, 0, 0)\" class=\"has-inline-color has-vivid-red-color\">perfil LED negro con difusor negro para tira LED de 10 mm<\/mark><\/a>.<\/li>\n\n\n\n<li>\u00bfNecesitas un montaje en superficie elegante? Prueba el <mark style=\"background-color:rgba(0, 0, 0, 0)\" class=\"has-inline-color has-vivid-red-color\"><a href=\"https:\/\/tangooled.com\/es\/product\/led-strip-light-channel-aluminum-profile-with-diffused-cover-6mm-height\/\">Perfil de aluminio para canal de luz LED con cubierta difusa de 6 mm de altura<\/a><\/mark>.<\/li>\n\n\n\n<li>Para una amplia gama de opciones de montaje, mira <a href=\"https:\/\/tangooled.com\/es\/product\/black-aluminum-u-channel-profile-for-10mm-led-strips\/\"><mark style=\"background-color:rgba(0, 0, 0, 0)\" class=\"has-inline-color has-vivid-red-color\">perfil de canal U de aluminio negro para tiras LED de 10 mm<\/mark><\/a>.<\/li>\n<\/ul>\n<\/div><\/div>\n\n\n\n<div class=\"wp-block-group has-background\" style=\"background-color:#f1f1f1f2;padding-top:var(--wp--preset--spacing--80);padding-bottom:var(--wp--preset--spacing--80)\"><div class=\"wp-block-group__inner-container is-layout-constrained wp-block-group-is-layout-constrained\">\n<h2 class=\"wp-block-heading\" style=\"padding-top:var(--wp--preset--spacing--40);padding-bottom:var(--wp--preset--spacing--40);font-size:25px;font-style:normal;font-weight:600\">Pensamientos finales<\/h2>\n\n\n\n<p style=\"padding-right:var(--wp--preset--spacing--50);padding-left:var(--wp--preset--spacing--50)\">Nuestro canal de LED negro suspendido de 54x35mm es una soluci\u00f3n ideal para exhibir tiras de LED de cuatro filas. Proporciona una experiencia de iluminaci\u00f3n lineal limpia y est\u00e9ticamente agradable. Adem\u00e1s, el acabado negro mate le da un toque moderno. \u00dasalo suspendido para agregar una iluminaci\u00f3n brillante y expansiva a cualquier lugar que requiera una excelente iluminaci\u00f3n.<\/p>\n<\/div><\/div>","protected":false},"featured_media":33400,"template":"","meta":{"_acf_changed":true,"_seopress_robots_primary_cat":"none","_seopress_titles_title":"54x35mm Black LED Channel | Wide Suspended Quad-Row Profile","_seopress_titles_desc":"This 54x35mm black led channel is designed for quad-row LED strips. Perfect for high-output suspended lighting in large offices and retail spaces, this wide aluminum profile ensures superior heat dissipation.","_seopress_robots_index":""},"pcb-width":[232],"product-cat":[192,194],"class_list":{"0":"post-43077","1":"product","2":"type-product","3":"status-publish","4":"has-post-thumbnail","6":"pcb-width-35-45mm","7":"product-cat-surface-led-profile","8":"product-cat-suspended-profile"},"acf":[],"_links":{"self":[{"href":"https:\/\/tangooled.com\/es\/wp-json\/wp\/v2\/product\/43077","targetHints":{"allow":["GET"]}}],"collection":[{"href":"https:\/\/tangooled.com\/es\/wp-json\/wp\/v2\/product"}],"about":[{"href":"https:\/\/tangooled.com\/es\/wp-json\/wp\/v2\/types\/product"}],"wp:featuredmedia":[{"embeddable":true,"href":"https:\/\/tangooled.com\/es\/wp-json\/wp\/v2\/media\/33400"}],"wp:attachment":[{"href":"https:\/\/tangooled.com\/es\/wp-json\/wp\/v2\/media?parent=43077"}],"wp:term":[{"taxonomy":"pcb-width","embeddable":true,"href":"https:\/\/tangooled.com\/es\/wp-json\/wp\/v2\/pcb-width?post=43077"},{"taxonomy":"product-cat","embeddable":true,"href":"https:\/\/tangooled.com\/es\/wp-json\/wp\/v2\/product-cat?post=43077"}],"curies":[{"name":"wp","href":"https:\/\/api.w.org\/{rel}","templated":true}]}}