{"id":43075,"date":"2025-12-26T00:14:20","date_gmt":"2025-12-26T08:14:20","guid":{"rendered":"https:\/\/tangooled.com\/?post_type=product&#038;p=43075"},"modified":"2026-01-26T00:27:33","modified_gmt":"2026-01-26T08:27:33","slug":"50x70mm-white-led-linear-suspension-profile-s5470","status":"publish","type":"product","link":"https:\/\/tangooled.com\/es\/product\/50x70mm-white-led-linear-suspension-profile-s5470\/","title":{"rendered":"Perfil LED blanco de 50x70mm para iluminaci\u00f3n de suspensi\u00f3n lineal"},"content":{"rendered":"<div class=\"wp-block-group is-vertical is-layout-flex wp-container-core-group-is-layout-d255d7c4 wp-block-group-is-layout-flex\" style=\"padding-top:var(--wp--preset--spacing--80);padding-bottom:var(--wp--preset--spacing--80)\">\n<p>Nuestro perfil LED blanco de 54x70 mm est\u00e1 dise\u00f1ado para aplicaciones de iluminaci\u00f3n lineal profesional, ofreciendo opciones de instalaci\u00f3n tanto suspendidas como montadas en superficie (como se muestra). Sus dimensiones generales son 54 mm de ancho por 76 mm de alto.<\/p>\n\n\n\n<p>El dise\u00f1o estructural presenta un canal principal que sostiene las tiras LED y una cavidad inferior integrada. Esta c\u00e1mara especial est\u00e1 dise\u00f1ada para ocultar de forma segura y discreta los controladores LED o fuentes de alimentaci\u00f3n, asegurando que no haya cables visibles. Un difusor opal de alta transmitancia se ajusta sobre la fuente LED para hacer que la luz sea suave, sin puntos, y adem\u00e1s homog\u00e9nea.<\/p>\n\n\n\n<p>El perfil est\u00e1 hecho de aluminio de alta calidad, lo que lo hace m\u00e1s eficaz en la gesti\u00f3n del calor. El S5476 es una excelente opci\u00f3n para grandes oficinas y espacios comerciales que necesitan iluminaci\u00f3n fuerte, elegante y bien integrada.<\/p>\n<\/div>\n\n\n\n<div class=\"wp-block-group has-background\" style=\"background-color:#f1f1f1;padding-top:var(--wp--preset--spacing--80);padding-bottom:var(--wp--preset--spacing--80)\"><div class=\"wp-block-group__inner-container is-layout-constrained wp-block-group-is-layout-constrained\">\n<div class=\"wp-block-group is-vertical is-layout-flex wp-container-core-group-is-layout-8cf370e7 wp-block-group-is-layout-flex\">\n<h2 class=\"wp-block-heading\" style=\"padding-top:var(--wp--preset--spacing--40);padding-bottom:var(--wp--preset--spacing--40);font-size:25px;font-style:normal;font-weight:600;text-transform:capitalize\">\u00bfPor qu\u00e9 elegir este perfil LED?<\/h2>\n\n\n\n<ul class=\"wp-block-list\">\n<li>Fuerte disipador de calor: El dise\u00f1o y el cuerpo de aluminio mantienen las tiras LED fr\u00edas durante m\u00e1s tiempo.<\/li>\n\n\n\n<li>Luz sin puntos: El difusor opal elimina los puntos calientes, por lo que la luz es suave y c\u00f3moda.<\/li>\n\n\n\n<li>\u2022Simple to put together: It comes with mounting clips and suspension kits for easy setup.<\/li>\n\n\n\n<li>Dise\u00f1o flexible: \u00daselo en oficinas, hogares, tiendas minoristas o lugares de hospitalidad.<\/li>\n\n\n\n<li>Longitudes personalizadas: Puede cortar o pedir la longitud adecuada para cualquier proyecto.<\/li>\n<\/ul>\n<\/div>\n<\/div><\/div>\n\n\n\n<div class=\"wp-block-group is-vertical is-layout-flex wp-container-core-group-is-layout-d255d7c4 wp-block-group-is-layout-flex\" style=\"padding-top:var(--wp--preset--spacing--80);padding-bottom:var(--wp--preset--spacing--80)\">\n<hr class=\"wp-block-separator has-alpha-channel-opacity\"\/>\n\n\n\n<div class=\"wp-block-media-text has-media-on-the-right is-stacked-on-mobile\" style=\"grid-template-columns:auto 40%\"><div class=\"wp-block-media-text__content\">\n<h2 class=\"wp-block-heading\" style=\"padding-top:var(--wp--preset--spacing--40);padding-bottom:var(--wp--preset--spacing--40);font-size:25px;font-style:normal;font-weight:600;text-transform:capitalize\">\u00bfD\u00f3nde usar el perfil LED blanco de 50x70 mm?<\/h2>\n\n\n\n<ul class=\"wp-block-list\">\n<li>Oficinas: Iluminaci\u00f3n lineal que cuelga sobre escritorios y salas de conferencias.<\/li>\n\n\n\n<li>Minorista: Iluminaci\u00f3n brillante y uniforme para exhibiciones y mercanc\u00edas.<\/li>\n\n\n\n<li>Cocinas: Una luz colgante sobre las islas y mostradores.<\/li>\n\n\n\n<li>Lugares p\u00fablicos: Hoteles, galer\u00edas y vest\u00edbulos con iluminaci\u00f3n moderna y elegante.<\/li>\n\n\n\n<li>Hogares: salas de estar, comedores y oficinas en casa.<\/li>\n<\/ul>\n<\/div><figure class=\"wp-block-media-text__media\"><img loading=\"lazy\" decoding=\"async\" width=\"500\" height=\"500\" src=\"https:\/\/tangooled.com\/wp-content\/uploads\/2025\/12\/s5476-ins.webp\" alt=\"50x70mm white led profile for led linear suspension\" class=\"wp-image-43327 size-full\" srcset=\"https:\/\/tangooled.com\/wp-content\/uploads\/2025\/12\/s5476-ins.webp 500w, https:\/\/tangooled.com\/wp-content\/uploads\/2025\/12\/s5476-ins-300x300.webp 300w, https:\/\/tangooled.com\/wp-content\/uploads\/2025\/12\/s5476-ins-150x150.webp 150w\" sizes=\"auto, (max-width: 500px) 100vw, 500px\" \/><\/figure><\/div>\n<\/div>\n\n\n\n<div class=\"wp-block-group has-background\" style=\"background-color:#f1f1f1f2;padding-top:var(--wp--preset--spacing--80);padding-bottom:var(--wp--preset--spacing--80)\"><div class=\"wp-block-group__inner-container is-layout-constrained wp-block-group-is-layout-constrained\">\n<h2 class=\"wp-block-heading\" style=\"padding-top:var(--wp--preset--spacing--40);padding-bottom:var(--wp--preset--spacing--40);font-size:25px;font-style:normal;font-weight:600\">\u00bfQu\u00e9 incluye el perfil?<\/h2>\n\n\n\n<ul class=\"wp-block-list\">\n<li>1x Perfil LED en aluminio (2.5m o longitud personalizada)<\/li>\n\n\n\n<li>1 Cubierta de difusor opal<\/li>\n\n\n\n<li>Dos tapas de metal<\/li>\n\n\n\n<li>Kits de cable de suspensi\u00f3n<\/li>\n<\/ul>\n<\/div><\/div>\n\n\n\n<div class=\"wp-block-group\" style=\"padding-top:var(--wp--preset--spacing--80);padding-bottom:var(--wp--preset--spacing--80)\"><div class=\"wp-block-group__inner-container is-layout-constrained wp-block-group-is-layout-constrained\">\n<h2 class=\"wp-block-heading\" style=\"padding-top:var(--wp--preset--spacing--40);padding-bottom:var(--wp--preset--spacing--40);font-size:25px;font-style:normal;font-weight:600;text-transform:capitalize\">Productos Relacionados Que Te Puede Gustar<\/h2>\n\n\n\n<ul class=\"wp-block-list\">\n<li><a href=\"https:\/\/tangooled.com\/es\/product\/black-led-profile-with-black-diffuser-for-10mm-led-strip-light\/\"><mark style=\"background-color:rgba(0, 0, 0, 0)\" class=\"has-inline-color has-vivid-red-color\">Perfil LED negro con difusor negro para luz de tira LED de 10mm<\/mark><\/a>- Un canal negro delgado para tiras LED m\u00e1s peque\u00f1as.<\/li>\n\n\n\n<li><a href=\"https:\/\/tangooled.com\/es\/product\/surface-mount-led-profile-with-frosted-diffuser-for-10mm-rope-lights\/\"><mark style=\"background-color:rgba(0, 0, 0, 0)\" class=\"has-inline-color has-vivid-red-color\">Perfil LED de montaje en superficie con difusor esmerilado para luces de cuerda de 10 mm<\/mark><\/a> \u2013 Great for surface-mounted LED lights.<\/li>\n\n\n\n<li><a href=\"https:\/\/tangooled.com\/es\/product\/led-strip-light-channel-aluminum-profile-with-diffused-cover-6mm-height\/\"><mark style=\"background-color:rgba(0, 0, 0, 0)\" class=\"has-inline-color has-vivid-red-color\">Perfil de aluminio para canal de luz LED con cubierta difusa de 6 mm de altura<\/mark><\/a> \u2013 Low height extrusion for narrow LED strips.<\/li>\n\n\n\n<li><a href=\"https:\/\/tangooled.com\/es\/product\/22mm-surface-led-aluminum-strip-channel-with-opal-diffuser\/\"><mark style=\"background-color:rgba(0, 0, 0, 0)\" class=\"has-inline-color has-vivid-red-color\">Canal de strip de aluminio LED de 22 mm de superficie con difusor opal<\/mark><\/a> \u2013 For slim line lighting with smooth light output.<\/li>\n<\/ul>\n<\/div><\/div>\n\n\n\n<div class=\"wp-block-group has-background\" style=\"background-color:#f1f1f1f2;padding-top:var(--wp--preset--spacing--80);padding-bottom:var(--wp--preset--spacing--80)\"><div class=\"wp-block-group__inner-container is-layout-constrained wp-block-group-is-layout-constrained\">\n<h2 class=\"wp-block-heading\" style=\"padding-top:var(--wp--preset--spacing--40);padding-bottom:var(--wp--preset--spacing--40);font-size:25px;font-style:normal;font-weight:600\">Resumen<\/h2>\n\n\n\n<p style=\"padding-right:var(--wp--preset--spacing--50);padding-left:var(--wp--preset--spacing--50)\">The 50x70mm white LED profile for LED linear suspension is a great choice for today&#8217;s lighting needs. It works well with wide LED strips, producing professional, dotless light, and features a clean, white look that complements a variety of different styles. This profile helps you create smooth, bright, and attractive LED lights, whether you want to illuminate an office, kitchen, or store.<\/p>\n<\/div><\/div>","protected":false},"featured_media":16254,"template":"","meta":{"_acf_changed":true,"_seopress_robots_primary_cat":"none","_seopress_titles_title":"50x70mm White LED Profile | Linear Suspension Channel | TANGOOLED","_seopress_titles_desc":"The S5467 is a robust 50x70mm white led profile designed for professional suspension lighting. With its 70mm deep housing, it provides flawless diffusion and ample space for internal drivers. Perfect for office and retail interiors.","_seopress_robots_index":""},"pcb-width":[232],"product-cat":[192,194],"class_list":{"0":"post-43075","1":"product","2":"type-product","3":"status-publish","4":"has-post-thumbnail","6":"pcb-width-35-45mm","7":"product-cat-surface-led-profile","8":"product-cat-suspended-profile"},"acf":[],"_links":{"self":[{"href":"https:\/\/tangooled.com\/es\/wp-json\/wp\/v2\/product\/43075","targetHints":{"allow":["GET"]}}],"collection":[{"href":"https:\/\/tangooled.com\/es\/wp-json\/wp\/v2\/product"}],"about":[{"href":"https:\/\/tangooled.com\/es\/wp-json\/wp\/v2\/types\/product"}],"wp:featuredmedia":[{"embeddable":true,"href":"https:\/\/tangooled.com\/es\/wp-json\/wp\/v2\/media\/16254"}],"wp:attachment":[{"href":"https:\/\/tangooled.com\/es\/wp-json\/wp\/v2\/media?parent=43075"}],"wp:term":[{"taxonomy":"pcb-width","embeddable":true,"href":"https:\/\/tangooled.com\/es\/wp-json\/wp\/v2\/pcb-width?post=43075"},{"taxonomy":"product-cat","embeddable":true,"href":"https:\/\/tangooled.com\/es\/wp-json\/wp\/v2\/product-cat?post=43075"}],"curies":[{"name":"wp","href":"https:\/\/api.w.org\/{rel}","templated":true}]}}