{"id":42674,"date":"2025-12-23T06:44:02","date_gmt":"2025-12-23T14:44:02","guid":{"rendered":"https:\/\/tangooled.com\/?post_type=product&#038;p=42674"},"modified":"2026-01-27T23:00:39","modified_gmt":"2026-01-28T07:00:39","slug":"recessed-linear-drywall-led-profile-10mm-dwp26","status":"publish","type":"product","link":"https:\/\/tangooled.com\/es\/product\/recessed-linear-drywall-led-profile-10mm-dwp26\/","title":{"rendered":"Perfil de tira LED de iluminaci\u00f3n lineal empotrada DWP26"},"content":{"rendered":"<div class=\"wp-block-group is-vertical is-layout-flex wp-container-core-group-is-layout-d255d7c4 wp-block-group-is-layout-flex\" style=\"padding-top:var(--wp--preset--spacing--80);padding-bottom:var(--wp--preset--spacing--80)\">\n<p>Our recessed DWP26 linear down drywall LED profile is made to hold 10mm LED strips safely. This recessed down lighting linear profile\u00a0is perfect for making sleek, modern lines of light in homes and businesses. Featuring a 38.5mm width and 52mm height with a 12.8mm internal channel, it is engineered for installation into vertical drywall. With its 20.8mm flange, it fits well against ceilings or shelves, letting the light shine down for a clean, trimless vertical wall-wash appearance.<\/p>\n<\/div>\n\n\n\n<div class=\"wp-block-group has-background is-vertical is-layout-flex wp-container-core-group-is-layout-d255d7c4 wp-block-group-is-layout-flex\" style=\"background-color:#f1f1f1;padding-top:var(--wp--preset--spacing--80);padding-bottom:var(--wp--preset--spacing--80)\">\n<div class=\"wp-block-group is-vertical is-layout-flex wp-container-core-group-is-layout-8cf370e7 wp-block-group-is-layout-flex\">\n<h2 class=\"wp-block-heading\" style=\"padding-top:var(--wp--preset--spacing--40);padding-bottom:var(--wp--preset--spacing--40);font-size:25px;font-style:normal;font-weight:600;text-transform:capitalize\">\u00bfPor qu\u00e9 elegir nuestro perfil de LED lineal empotrado en yeso?<\/h2>\n\n\n\n<ul class=\"wp-block-list\">\n<li>Funciona bien con tiras LED de 10 mm como SMD 5050, 3528, COB y tiras RGB.<\/li>\n\n\n\n<li>Hecho de resistente aluminio anodizado 6063-T5, que es un excelente disipador de calor que mantiene fr\u00edas las LED para que duren m\u00e1s.&nbsp;<\/li>\n\n\n\n<li>Presenta una cubierta difusora esmerilada que hace que la luz sea brillante y suave sin puntos ni puntos calientes.&nbsp;<\/li>\n\n\n\n<li>F\u00e1cil de instalar y puede cortarse para adaptarse a su \u00e1rea.<\/li>\n\n\n\n<li>El dise\u00f1o empotrado o sin marco hace que sus luces se vean bien y como si estuvieran integradas.&nbsp;<\/li>\n\n\n\n<li>Viene con tapas finales para que el acabado sea prolijo.<\/li>\n<\/ul>\n<\/div>\n<\/div>\n\n\n\n<div class=\"wp-block-group is-vertical is-layout-flex wp-container-core-group-is-layout-d255d7c4 wp-block-group-is-layout-flex\" style=\"padding-top:var(--wp--preset--spacing--80);padding-bottom:var(--wp--preset--spacing--80)\">\n<hr class=\"wp-block-separator has-alpha-channel-opacity\"\/>\n\n\n\n<div class=\"wp-block-media-text has-media-on-the-right is-stacked-on-mobile\" style=\"grid-template-columns:auto 40%\"><div class=\"wp-block-media-text__content\">\n<h2 class=\"wp-block-heading\" style=\"padding-top:var(--wp--preset--spacing--40);padding-bottom:var(--wp--preset--spacing--40);font-size:25px;font-style:normal;font-weight:600;text-transform:capitalize\">Consejos de instalaci\u00f3n<\/h2>\n\n\n\n<ul class=\"wp-block-list\">\n<li>Haga una ranura o surco en el yeso o la madera para el perfil.<\/li>\n\n\n\n<li>Use tornillos&nbsp;para fijar&nbsp;la extrusi\u00f3n de aluminio en su lugar en el surco.<\/li>\n\n\n\n<li>Coloque su tira LED de 10 mm dentro del perfil.<\/li>\n\n\n\n<li>Para preservar la tira y suavizar la luz, coloque la cubierta difusora opal en su lugar.<\/li>\n\n\n\n<li>Cierre el canal con las tapas finales para un aspecto ordenado.<\/li>\n\n\n\n<li>Para acabados sin marco que est\u00e9n enyesados, aplique compuesto para juntas sobre la brida, luego lije y pinte para suavizar los bordes.<\/li>\n<\/ul>\n<\/div><figure class=\"wp-block-media-text__media\"><img loading=\"lazy\" decoding=\"async\" width=\"500\" height=\"500\" src=\"https:\/\/tangooled.com\/wp-content\/uploads\/2025\/12\/dwp26-ins.webp\" alt=\"recessed linear down lighting led strip profile for 10mm led strip\" class=\"wp-image-43071 size-full\" srcset=\"https:\/\/tangooled.com\/wp-content\/uploads\/2025\/12\/dwp26-ins.webp 500w, https:\/\/tangooled.com\/wp-content\/uploads\/2025\/12\/dwp26-ins-300x300.webp 300w, https:\/\/tangooled.com\/wp-content\/uploads\/2025\/12\/dwp26-ins-150x150.webp 150w\" sizes=\"auto, (max-width: 500px) 100vw, 500px\" \/><\/figure><\/div>\n<\/div>\n\n\n\n<div class=\"wp-block-group has-background\" style=\"background-color:#f1f1f1f2;padding-top:var(--wp--preset--spacing--80);padding-bottom:var(--wp--preset--spacing--80)\"><div class=\"wp-block-group__inner-container is-layout-constrained wp-block-group-is-layout-constrained\">\n<h2 class=\"wp-block-heading\" style=\"padding-top:var(--wp--preset--spacing--40);padding-bottom:var(--wp--preset--spacing--40);font-size:25px;font-style:normal;font-weight:600\">Usos perfectos para el perfil de iluminaci\u00f3n lineal empotrada<\/h2>\n\n\n\n<ul class=\"wp-block-list\">\n<li>La iluminaci\u00f3n empotrada en paredes da a salas de estar u oficinas un aspecto moderno.<\/li>\n\n\n\n<li>La iluminaci\u00f3n en coves crea luz alrededor de techos o paredes que es suave y agradable.<\/li>\n\n\n\n<li>Retail and display lighting\u2014give things a smooth, linear glow to make them stand out.<\/li>\n\n\n\n<li>La iluminaci\u00f3n en vest\u00edbulos de hoteles y oficinas les da un aspecto m\u00e1s pulido y profesional.<\/li>\n<\/ul>\n<\/div><\/div>\n\n\n\n<div class=\"wp-block-group is-vertical is-layout-flex wp-container-core-group-is-layout-d255d7c4 wp-block-group-is-layout-flex\" style=\"padding-top:var(--wp--preset--spacing--80);padding-bottom:var(--wp--preset--spacing--80)\">\n<h2 class=\"wp-block-heading\" style=\"padding-top:var(--wp--preset--spacing--40);padding-bottom:var(--wp--preset--spacing--40);font-size:25px;font-style:normal;font-weight:600;text-transform:capitalize\">Productos Relacionados Que Te Puede Gustar<\/h2>\n\n\n\n<ul class=\"wp-block-list\">\n<li><a href=\"https:\/\/tangooled.com\/es\/product\/black-led-profile-with-black-diffuser-for-10mm-led-strip-light\/\"><mark style=\"background-color:rgba(0, 0, 0, 0)\" class=\"has-inline-color has-vivid-red-color\">Perfil LED negro con difusor negro para luz de tira LED de 10mm<\/mark><\/a> \u2014 great for dark, modern interiors.<\/li>\n\n\n\n<li><a href=\"https:\/\/tangooled.com\/es\/product\/led-strip-light-channel-aluminum-profile-with-diffused-cover-6mm-height\/\"><mark style=\"background-color:rgba(0, 0, 0, 0)\" class=\"has-inline-color has-vivid-red-color\">Canal de perfil de aluminio para tira LED con cubierta difusora de 6 mm de altura<\/mark><\/a> \u2014 slim and low-profile option.<\/li>\n\n\n\n<li><a href=\"https:\/\/tangooled.com\/es\/product\/25x6mm-low-profile-led-strip-channel-for-10mm-led-strip-light\/\"><mark style=\"background-color:rgba(0, 0, 0, 0)\" class=\"has-inline-color has-vivid-red-color\">Canal de tira LED de perfil bajo de 25x6 mm para luz LED de 10 mm <\/mark><\/a>\u2014 very slim for tight spaces.<\/li>\n\n\n\n<li><a href=\"https:\/\/tangooled.com\/es\/product\/recessed-led-aluminum-profile-up-and-down-lighting-channel-for-cabinet\/\"><mark style=\"background-color:rgba(0, 0, 0, 0)\" class=\"has-inline-color has-vivid-red-color\">Canal de perfil de aluminio LED empotrado para iluminaci\u00f3n ascendente y descendente para gabinete<\/mark> <\/a>\u2014 dual-direction lighting option.<\/li>\n<\/ul>\n<\/div>\n\n\n\n<div class=\"wp-block-group\" style=\"padding-top:0;padding-bottom:0\"><div class=\"wp-block-group__inner-container is-layout-constrained wp-block-group-is-layout-constrained\">\n<p>Este perfil de iluminaci\u00f3n lineal LED empotrado para tira LED de 10 mm le dar\u00e1 una iluminaci\u00f3n LED limpia, eficiente y de larga duraci\u00f3n. Combina las mejores partes de la extrusi\u00f3n de aluminio, la disipaci\u00f3n de calor y la difusi\u00f3n de luz para crear iluminaci\u00f3n de calidad profesional que se ve limpia y simple.<\/p>\n<\/div><\/div>\n\n\n\n<p style=\"font-size:20px\"><\/p>\n\n\n\n<p><\/p>","protected":false},"featured_media":13980,"template":"","meta":{"_acf_changed":true,"_seopress_robots_primary_cat":"none","_seopress_titles_title":"Recessed Linear Drywall LED Profile | 10mm Strip Channel DWP26","_seopress_titles_desc":"The DWP26 is a standard recessed linear drywall led profile optimized for 10mm led strips. Achieve a clean, trimless linear light finish in ceilings and walls with this aluminum channel.","_seopress_robots_index":""},"pcb-width":[228],"product-cat":[197],"class_list":{"0":"post-42674","1":"product","2":"type-product","3":"status-publish","4":"has-post-thumbnail","6":"pcb-width-6-12mm","7":"product-cat-plaster-in-profile"},"acf":[],"_links":{"self":[{"href":"https:\/\/tangooled.com\/es\/wp-json\/wp\/v2\/product\/42674","targetHints":{"allow":["GET"]}}],"collection":[{"href":"https:\/\/tangooled.com\/es\/wp-json\/wp\/v2\/product"}],"about":[{"href":"https:\/\/tangooled.com\/es\/wp-json\/wp\/v2\/types\/product"}],"wp:featuredmedia":[{"embeddable":true,"href":"https:\/\/tangooled.com\/es\/wp-json\/wp\/v2\/media\/13980"}],"wp:attachment":[{"href":"https:\/\/tangooled.com\/es\/wp-json\/wp\/v2\/media?parent=42674"}],"wp:term":[{"taxonomy":"pcb-width","embeddable":true,"href":"https:\/\/tangooled.com\/es\/wp-json\/wp\/v2\/pcb-width?post=42674"},{"taxonomy":"product-cat","embeddable":true,"href":"https:\/\/tangooled.com\/es\/wp-json\/wp\/v2\/product-cat?post=42674"}],"curies":[{"name":"wp","href":"https:\/\/api.w.org\/{rel}","templated":true}]}}