{"id":42672,"date":"2025-12-23T06:36:42","date_gmt":"2025-12-23T14:36:42","guid":{"rendered":"https:\/\/tangooled.com\/?post_type=product&#038;p=42672"},"modified":"2026-02-01T23:03:01","modified_gmt":"2026-02-02T07:03:01","slug":"side-and-down-cornice-valance-lighting-led-channel","status":"publish","type":"product","link":"https:\/\/tangooled.com\/es\/product\/side-and-down-cornice-valance-lighting-led-channel\/","title":{"rendered":"Canal de iluminaci\u00f3n de luces de cornisa lateral y de abajo"},"content":{"rendered":"<div class=\"wp-block-group is-vertical is-layout-flex wp-container-core-group-is-layout-d255d7c4 wp-block-group-is-layout-flex\" style=\"padding-top:var(--wp--preset--spacing--80);padding-bottom:var(--wp--preset--spacing--80)\">\n<p>Ilumina tu espacio con nuestro canal LED para cortinas y bordes DWP25. Este elegante canal LED de aluminio est\u00e1 dise\u00f1ado espec\u00edficamente para iluminar las esquinas donde el techo se encuentra con la pared. Con medidas de 50 mm de ancho por 50 mm de alto, se adapta perfectamente a dos tiras LED de hasta 10 mm de ancho (cada una en su canal interno de 10.3 mm). Una tira ilumina hacia el techo, mientras que la otra ilumina la pared, creando una luz suave, acogedora y resplandeciente que hace que las habitaciones se sientan m\u00e1s grandes y felices. La luz es uniforme ya que cuenta con una cubierta difusora esmerilada. Est\u00e1 hecha de aluminio anodizado 6063-T5 de alta durabilidad. Este canal es f\u00e1cil de cortar a la medida que desees y oculta bien los cables, otorgando a tu proyecto un aspecto profesional.<\/p>\n<\/div>\n\n\n\n<div class=\"wp-block-group has-background\" style=\"background-color:#f1f1f1;padding-top:var(--wp--preset--spacing--80);padding-bottom:var(--wp--preset--spacing--80)\"><div class=\"wp-block-group__inner-container is-layout-constrained wp-block-group-is-layout-constrained\">\n<div class=\"wp-block-group is-vertical is-layout-flex wp-container-core-group-is-layout-8cf370e7 wp-block-group-is-layout-flex\">\n<h2 class=\"wp-block-heading\" style=\"padding-top:var(--wp--preset--spacing--40);padding-bottom:var(--wp--preset--spacing--40);font-size:25px;font-style:normal;font-weight:600;text-transform:capitalize\">\u00bfPor qu\u00e9 elegir este perfil LED para cortinas y bordes?<\/h2>\n\n\n\n<ul class=\"wp-block-list\">\n<li>Iluminaci\u00f3n en dos direcciones: Emite una luz suave tanto hacia arriba como hacia abajo.<\/li>\n\n\n\n<li>Dise\u00f1o arquitect\u00f3nico: Cuando se utiliza en esquinas, se ve limpio y moderno.<\/li>\n\n\n\n<li>F\u00e1cil de instalar: Simplemente atorn\u00edllalo en la esquina, a\u00f1ade tus tiras LED y coloca el difusor.<\/li>\n\n\n\n<li>Duradero y robusto: El aluminio es un excelente disipador de calor que mantiene seguros tus LEDs.<\/li>\n\n\n\n<li>Este art\u00edculo es ideal para casas modernas, hoteles, oficinas y otros entornos de dise\u00f1o interior.<\/li>\n<\/ul>\n<\/div>\n<\/div><\/div>\n\n\n\n<div class=\"wp-block-group is-vertical is-layout-flex wp-container-core-group-is-layout-d255d7c4 wp-block-group-is-layout-flex\" style=\"padding-top:var(--wp--preset--spacing--80);padding-bottom:var(--wp--preset--spacing--80)\">\n<hr class=\"wp-block-separator has-alpha-channel-opacity\"\/>\n\n\n\n<div class=\"wp-block-media-text has-media-on-the-right is-stacked-on-mobile\" style=\"grid-template-columns:auto 40%\"><div class=\"wp-block-media-text__content\">\n<h2 class=\"wp-block-heading\" style=\"padding-top:var(--wp--preset--spacing--40);padding-bottom:var(--wp--preset--spacing--40);font-size:25px;font-style:normal;font-weight:600;text-transform:capitalize\">C\u00f3mo configurarlo<\/h2>\n\n\n\n<ul class=\"wp-block-list\">\n<li>Descubre cu\u00e1n larga es la esquina que deseas iluminar.<\/li>\n\n\n\n<li>Recorta el canal de aluminio y el difusor para que se ajusten.<\/li>\n\n\n\n<li>Usa tornillos&nbsp;para mantener el canal en la esquina del techo y la pared.<\/li>\n\n\n\n<li>Coloca tus tiras LED en las dos ranuras.<\/li>\n\n\n\n<li>Coloca los difusores esmerilados&nbsp;para suavizar la luz.<\/li>\n\n\n\n<li>Conecta el cable a una fuente de alimentaci\u00f3n DC 24V y a un regulador si es necesario.<\/li>\n<\/ul>\n<\/div><figure class=\"wp-block-media-text__media\"><img loading=\"lazy\" decoding=\"async\" width=\"500\" height=\"500\" src=\"https:\/\/tangooled.com\/wp-content\/uploads\/2025\/12\/dwp25-ins.webp\" alt=\"side and down cornice valance lighting led channel\" class=\"wp-image-43068 size-full\" srcset=\"https:\/\/tangooled.com\/wp-content\/uploads\/2025\/12\/dwp25-ins.webp 500w, https:\/\/tangooled.com\/wp-content\/uploads\/2025\/12\/dwp25-ins-300x300.webp 300w, https:\/\/tangooled.com\/wp-content\/uploads\/2025\/12\/dwp25-ins-150x150.webp 150w\" sizes=\"auto, (max-width: 500px) 100vw, 500px\" \/><\/figure><\/div>\n<\/div>\n\n\n\n<div class=\"wp-block-group has-background\" style=\"background-color:#f1f1f1f2;padding-top:var(--wp--preset--spacing--80);padding-bottom:var(--wp--preset--spacing--80)\"><div class=\"wp-block-group__inner-container is-layout-constrained wp-block-group-is-layout-constrained\">\n<h2 class=\"wp-block-heading\" style=\"padding-top:var(--wp--preset--spacing--40);padding-bottom:var(--wp--preset--spacing--40);font-size:25px;font-style:normal;font-weight:600\">Escenarios de uso<\/h2>\n\n\n\n<ul class=\"wp-block-list\">\n<li>Sala de estar:&nbsp;Crea un ambiente acogedor para noches de pel\u00edculas y relajaci\u00f3n.<\/li>\n\n\n\n<li>Dormitorio: La iluminaci\u00f3n suave de acento hace que la habitaci\u00f3n se sienta tranquila y acogedora.<\/li>\n\n\n\n<li>Cocina: Ilumina paredes y techos, haciendo que los espacios de trabajo sean m\u00e1s brillantes sin sombras.<\/li>\n\n\n\n<li>Pasillo: Una hermosa luz continua que te gu\u00eda.<\/li>\n\n\n\n<li>Alojamiento y comedor: Agrega un toque de elegancia y una hermosa iluminaci\u00f3n a las paredes y techos.<\/li>\n<\/ul>\n<\/div><\/div>\n\n\n\n<div class=\"wp-block-group is-vertical is-layout-flex wp-container-core-group-is-layout-d255d7c4 wp-block-group-is-layout-flex\" style=\"padding-top:var(--wp--preset--spacing--80);padding-bottom:var(--wp--preset--spacing--80)\">\n<h2 class=\"wp-block-heading\" style=\"padding-top:var(--wp--preset--spacing--40);padding-bottom:var(--wp--preset--spacing--40);font-size:25px;font-style:normal;font-weight:600;text-transform:capitalize\">Productos relacionados<\/h2>\n\n\n\n<ul class=\"wp-block-list\">\n<li><a href=\"https:\/\/tangooled.com\/es\/product\/black-led-diffuser-aluminum-channel-for-12mm-tape-lights\/\"><mark style=\"background-color:rgba(0, 0, 0, 0)\" class=\"has-inline-color has-vivid-red-color\">Canal de aluminio difusor LED negro para luces de cinta de 12 mm<\/mark><\/a> \u2013 for wider LED strips.<\/li>\n\n\n\n<li><a href=\"https:\/\/tangooled.com\/es\/product\/25x6mm-low-profile-led-strip-channel-for-10mm-led-strip-light\/\"><mark style=\"background-color:rgba(0, 0, 0, 0)\" class=\"has-inline-color has-vivid-red-color\">Canal de perfil LED de 25x6mm para luz de tira LED de 10mm<\/mark><\/a> \u2013 great for tight spaces.<\/li>\n\n\n\n<li><a href=\"https:\/\/tangooled.com\/es\/product\/recessed-led-aluminum-profile-up-and-down-lighting-channel-for-cabinet\/\"><mark style=\"background-color:rgba(0, 0, 0, 0)\" class=\"has-inline-color has-vivid-red-color\">Canal de perfil de aluminio LED empotrado para iluminaci\u00f3n ascendente y descendente para gabinete<\/mark><\/a> \u2013 perfect for cabinets and shelves.<\/li>\n<\/ul>\n<\/div>\n\n\n\n<div class=\"wp-block-group has-background\" style=\"background-color:#f1f1f1f2;padding-top:var(--wp--preset--spacing--80);padding-bottom:var(--wp--preset--spacing--80)\"><div class=\"wp-block-group__inner-container is-layout-constrained wp-block-group-is-layout-constrained\">\n<h2 class=\"wp-block-heading\" style=\"padding-top:var(--wp--preset--spacing--40);padding-bottom:var(--wp--preset--spacing--40);font-size:25px;font-style:normal;font-weight:600\">Resumen<\/h2>\n\n\n\n<p>Our side and down cornice valance lighting LED channel has two lighting channels and a robust, sleek shape&nbsp;that will make your room more stylish and comfortable. It&#8217;s smart, easy to use, and beautiful\u2014perfect for your next project. Use an architectural lighting profile that really shines to light up your home, business, or hotel.<\/p>\n<\/div><\/div>\n\n\n\n<p><\/p>","protected":false},"featured_media":13976,"template":"","meta":{"_acf_changed":true,"_seopress_robots_primary_cat":"none","_seopress_titles_title":"Side and Down Cornice LED Profile Dual Direction Valance Channel DWP25 | TANGOOLED","_seopress_titles_desc":"The DWP25 is a versatile side and down cornice led profile designed for valance lighting. This dual-direction aluminum channel provides simultaneous lateral and downward illumination for seamless drywall integration.","_seopress_robots_index":""},"pcb-width":[228],"product-cat":[197],"class_list":{"0":"post-42672","1":"product","2":"type-product","3":"status-publish","4":"has-post-thumbnail","6":"pcb-width-6-12mm","7":"product-cat-plaster-in-profile"},"acf":[],"_links":{"self":[{"href":"https:\/\/tangooled.com\/es\/wp-json\/wp\/v2\/product\/42672","targetHints":{"allow":["GET"]}}],"collection":[{"href":"https:\/\/tangooled.com\/es\/wp-json\/wp\/v2\/product"}],"about":[{"href":"https:\/\/tangooled.com\/es\/wp-json\/wp\/v2\/types\/product"}],"wp:featuredmedia":[{"embeddable":true,"href":"https:\/\/tangooled.com\/es\/wp-json\/wp\/v2\/media\/13976"}],"wp:attachment":[{"href":"https:\/\/tangooled.com\/es\/wp-json\/wp\/v2\/media?parent=42672"}],"wp:term":[{"taxonomy":"pcb-width","embeddable":true,"href":"https:\/\/tangooled.com\/es\/wp-json\/wp\/v2\/pcb-width?post=42672"},{"taxonomy":"product-cat","embeddable":true,"href":"https:\/\/tangooled.com\/es\/wp-json\/wp\/v2\/product-cat?post=42672"}],"curies":[{"name":"wp","href":"https:\/\/api.w.org\/{rel}","templated":true}]}}