{"id":42667,"date":"2025-12-23T06:28:11","date_gmt":"2025-12-23T14:28:11","guid":{"rendered":"https:\/\/tangooled.com\/?post_type=product&#038;p=42667"},"modified":"2026-02-01T22:45:51","modified_gmt":"2026-02-02T06:45:51","slug":"plaster-in-led-ceiling-moulding-profile-for-15mm-led-strips","status":"publish","type":"product","link":"https:\/\/tangooled.com\/es\/product\/plaster-in-led-ceiling-moulding-profile-for-15mm-led-strips\/","title":{"rendered":"Perfil de moldura de techo LED empotrado para tiras de 15 mm"},"content":{"rendered":"<div class=\"wp-block-group is-vertical is-layout-flex wp-container-core-group-is-layout-d255d7c4 wp-block-group-is-layout-flex\" style=\"padding-top:var(--wp--preset--spacing--80);padding-bottom:var(--wp--preset--spacing--80)\">\n<p>Nuestro perfil de moldura de LED empotrada DWP22 te permite agregar iluminaci\u00f3n elegante y sin bisel a tus paredes o techos. Este perfil de aluminio est\u00e1 dise\u00f1ado para encajar perfectamente, con una altura total de 97 mm y alas de yeso de 20 mm de largo. Se atornilla a la pared de yeso y luego se enyesa, lo que hace que se integre perfectamente y oculte todos los bordes. El perfil puede sostener tiras de LED de hasta 20 mm de ancho, lo que es perfecto para tus tiras de 15 mm. Esta forma permite una excelente salida de calor, y cuando se pinta, crea una hermosa apariencia de luz flotante en la pared o el techo. El perfil proporciona una apariencia suave, sin puntos y arquitect\u00f3nicamente limpia que es perfecta para entornos modernos y hermosos. Esto lo logra utilizando su luz orientada hacia arriba y su difusor opal.<\/p>\n<\/div>\n\n\n\n<div class=\"wp-block-group has-background is-vertical is-layout-flex wp-container-core-group-is-layout-d255d7c4 wp-block-group-is-layout-flex\" style=\"background-color:#f1f1f1;padding-top:var(--wp--preset--spacing--80);padding-bottom:var(--wp--preset--spacing--80)\">\n<div class=\"wp-block-group is-vertical is-layout-flex wp-container-core-group-is-layout-8cf370e7 wp-block-group-is-layout-flex\">\n<h2 class=\"wp-block-heading\" style=\"padding-top:var(--wp--preset--spacing--40);padding-bottom:var(--wp--preset--spacing--40);font-size:25px;font-style:normal;font-weight:600;text-transform:capitalize\">Caracter\u00edsticas y Beneficios del Perfil de Moldura de LED Empotrado<\/h2>\n\n\n\n<ul class=\"wp-block-list\">\n<li>Un perfil de LED sin marco con montaje al ras te proporciona un canal de LED integrado directamente en tu panel de yeso.<\/li>\n\n\n\n<li>Compatible con instalaciones de canales de iluminaci\u00f3n de placa de yeso de alto rendimiento.<\/li>\n\n\n\n<li>La instalaci\u00f3n en panel de yeso hace que tu iluminaci\u00f3n se vea como una parte natural de tu techo o pared.<\/li>\n\n\n\n<li>El acabado de perfil de aluminio de alta calidad asegura una excelente disipaci\u00f3n del calor.<\/li>\n\n\n\n<li>Viene con una cubierta de luz difusa para una iluminaci\u00f3n sin puntos.<\/li>\n\n\n\n<li>Puedes pintarlo para que coincida con el color de cualquier pared o techo para un aspecto simple.<\/li>\n<\/ul>\n<\/div>\n<\/div>\n\n\n\n<div class=\"wp-block-group is-vertical is-layout-flex wp-container-core-group-is-layout-d255d7c4 wp-block-group-is-layout-flex\" style=\"padding-top:var(--wp--preset--spacing--80);padding-bottom:var(--wp--preset--spacing--80)\">\n<hr class=\"wp-block-separator has-alpha-channel-opacity\"\/>\n\n\n\n<div class=\"wp-block-media-text has-media-on-the-right is-stacked-on-mobile\" style=\"grid-template-columns:auto 40%\"><div class=\"wp-block-media-text__content\">\n<h2 class=\"wp-block-heading\" style=\"padding-top:var(--wp--preset--spacing--40);padding-bottom:var(--wp--preset--spacing--40);font-size:25px;font-style:normal;font-weight:600;text-transform:capitalize\">C\u00f3mo utilizar el perfil de moldura de LED empotrado<\/h2>\n\n\n\n<ul class=\"wp-block-list\">\n<li>Corta el perfil a la longitud adecuada.<\/li>\n\n\n\n<li>Adjunta las alas perforadas al panel de yeso con tornillos.<\/li>\n\n\n\n<li>Coloca compuesto para juntas y yeso en las alas, y difumina los bordes para suavizar la superficie.<\/li>\n\n\n\n<li>Pinta para que haga juego con la pared o el techo.<\/li>\n\n\n\n<li>Coloca tu cinta de LED de 15 mm dentro del canal.<\/li>\n\n\n\n<li>Coloca el difusor esmerilado, aseg\u00farate de que la luz sea uniforme y sin puntos.<\/li>\n\n\n\n<li>Conecta la fuente de alimentaci\u00f3n y los dispositivos de control (atenuadores y controladores).<\/li>\n<\/ul>\n<\/div><figure class=\"wp-block-media-text__media\"><img loading=\"lazy\" decoding=\"async\" width=\"500\" height=\"500\" src=\"https:\/\/tangooled.com\/wp-content\/uploads\/2025\/12\/dwp22-ins.webp\" alt=\"plaster in led ceiling moulding profile for 15mm led strips\" class=\"wp-image-43056 size-full\" srcset=\"https:\/\/tangooled.com\/wp-content\/uploads\/2025\/12\/dwp22-ins.webp 500w, https:\/\/tangooled.com\/wp-content\/uploads\/2025\/12\/dwp22-ins-300x300.webp 300w, https:\/\/tangooled.com\/wp-content\/uploads\/2025\/12\/dwp22-ins-150x150.webp 150w\" sizes=\"auto, (max-width: 500px) 100vw, 500px\" \/><\/figure><\/div>\n<\/div>\n\n\n\n<div class=\"wp-block-group has-background\" style=\"background-color:#f1f1f1f2;padding-top:var(--wp--preset--spacing--80);padding-bottom:var(--wp--preset--spacing--80)\"><div class=\"wp-block-group__inner-container is-layout-constrained wp-block-group-is-layout-constrained\">\n<h2 class=\"wp-block-heading\" style=\"padding-top:var(--wp--preset--spacing--40);padding-bottom:var(--wp--preset--spacing--40);font-size:25px;font-style:normal;font-weight:600\">\u00bfD\u00f3nde usarlo?<\/h2>\n\n\n\n<ul class=\"wp-block-list\">\n<li>Iluminaci\u00f3n de cove en el techo: Esto crea una luz dram\u00e1tica que ba\u00f1a las paredes y techos.<\/li>\n\n\n\n<li>Iluminaci\u00f3n de paredes: Esta t\u00e9cnica resalta la rugosidad de las paredes y las hace ver m\u00e1s profundas.<\/li>\n\n\n\n<li>Iluminaci\u00f3n de acento: Una excelente manera de agregar un toque arquitect\u00f3nico limpio a hoteles, espacios de vida o negocios.<\/li>\n\n\n\n<li>Iluminaci\u00f3n comercial: Ilumina bien las cosas sin que se vean mal.<\/li>\n<\/ul>\n<\/div><\/div>\n\n\n\n<div class=\"wp-block-group is-vertical is-layout-flex wp-container-core-group-is-layout-d255d7c4 wp-block-group-is-layout-flex\" style=\"padding-top:var(--wp--preset--spacing--80);padding-bottom:var(--wp--preset--spacing--80)\">\n<h2 class=\"wp-block-heading\" style=\"padding-top:var(--wp--preset--spacing--40);padding-bottom:var(--wp--preset--spacing--40);font-size:25px;font-style:normal;font-weight:600;text-transform:capitalize\">Productos relacionados de TANGOLED<\/h2>\n\n\n\n<ul class=\"wp-block-list\">\n<li><a href=\"https:\/\/tangooled.com\/es\/product\/black-led-diffuser-aluminum-channel-for-12mm-tape-lights\/\"><mark style=\"background-color:rgba(0, 0, 0, 0)\" class=\"has-inline-color has-vivid-red-color\">Canal de aluminio difusor LED negro para luces de cinta de 12 mm<\/mark><\/a> \u2013 Great for slimmer LED tapes.<\/li>\n\n\n\n<li><a href=\"https:\/\/tangooled.com\/es\/product\/22x15mm-led-light-channel-aluminum-extrusion-for-flexible-strips\/\"><mark style=\"background-color:rgba(0, 0, 0, 0)\" class=\"has-inline-color has-vivid-red-color\">Canal de luz LED de aluminio de 22x15mm para tiras flexibles<\/mark><\/a> \u2013 Larger channel for wider LED strips.<\/li>\n\n\n\n<li><a href=\"https:\/\/tangooled.com\/es\/product\/plaster-in-led-profile-2m-3m-for-gypsum-ceiling-recessed\/\"><mark style=\"background-color:rgba(0, 0, 0, 0)\" class=\"has-inline-color has-vivid-red-color\">Perfil de LED empotrado de 2m &amp; 3m para techos de yeso empotrados<\/mark><\/a> \u2013 Alternative length options.<\/li>\n\n\n\n<li><a href=\"https:\/\/tangooled.com\/es\/product\/trimless-drywall-led-channel-for-15mm-led-strip-lights\/\"><mark style=\"background-color:rgba(0, 0, 0, 0)\" class=\"has-inline-color has-vivid-red-color\">Canal LED de yeso sin borde para tiras de LED de 15 mm<\/mark><\/a> \u2013 Another option for flush LED ceiling channels.<\/li>\n\n\n\n<li><a href=\"https:\/\/tangooled.com\/es\/product\/aluminum-base-with-opal-square-light-cover-for-suspension\/\"><mark style=\"background-color:rgba(0, 0, 0, 0)\" class=\"has-inline-color has-vivid-red-color\">Base de aluminio con cubierta de luz cuadrada opal para suspensi\u00f3n<\/mark><\/a> \u2013 Suspended lighting solutions.<\/li>\n<\/ul>\n<\/div>\n\n\n\n<p><\/p>","protected":false},"featured_media":13960,"template":"","meta":{"_acf_changed":false,"_seopress_robots_primary_cat":"none","_seopress_titles_title":"Plaster-in LED Ceiling Moulding Profile DWP22 | TANGOOLED","_seopress_titles_desc":"The DWP22 is a professional plaster-in led ceiling moulding profile for 15mm strips. This trimless architectural moulding combines decorative cornices with hidden linear lighting.","_seopress_robots_index":""},"pcb-width":[229],"product-cat":[197],"class_list":{"0":"post-42667","1":"product","2":"type-product","3":"status-publish","4":"has-post-thumbnail","6":"pcb-width-15-20mm","7":"product-cat-plaster-in-profile"},"acf":[],"_links":{"self":[{"href":"https:\/\/tangooled.com\/es\/wp-json\/wp\/v2\/product\/42667","targetHints":{"allow":["GET"]}}],"collection":[{"href":"https:\/\/tangooled.com\/es\/wp-json\/wp\/v2\/product"}],"about":[{"href":"https:\/\/tangooled.com\/es\/wp-json\/wp\/v2\/types\/product"}],"wp:featuredmedia":[{"embeddable":true,"href":"https:\/\/tangooled.com\/es\/wp-json\/wp\/v2\/media\/13960"}],"wp:attachment":[{"href":"https:\/\/tangooled.com\/es\/wp-json\/wp\/v2\/media?parent=42667"}],"wp:term":[{"taxonomy":"pcb-width","embeddable":true,"href":"https:\/\/tangooled.com\/es\/wp-json\/wp\/v2\/pcb-width?post=42667"},{"taxonomy":"product-cat","embeddable":true,"href":"https:\/\/tangooled.com\/es\/wp-json\/wp\/v2\/product-cat?post=42667"}],"curies":[{"name":"wp","href":"https:\/\/api.w.org\/{rel}","templated":true}]}}