{"id":42665,"date":"2025-12-23T06:25:08","date_gmt":"2025-12-23T14:25:08","guid":{"rendered":"https:\/\/tangooled.com\/?post_type=product&#038;p=42665"},"modified":"2026-01-27T22:12:10","modified_gmt":"2026-01-28T06:12:10","slug":"ceiling-mounted-led-cove-light-drywall-profile-recessed-for-15mm-strip","status":"publish","type":"product","link":"https:\/\/tangooled.com\/es\/product\/ceiling-mounted-led-cove-light-drywall-profile-recessed-for-15mm-strip\/","title":{"rendered":"Perfil de luz LED de coving montado en el techo, empotrado para tira de 15 mm"},"content":{"rendered":"<div class=\"wp-block-group is-vertical is-layout-flex wp-container-core-group-is-layout-d255d7c4 wp-block-group-is-layout-flex\" style=\"padding-top:var(--wp--preset--spacing--80);padding-bottom:var(--wp--preset--spacing--80)\">\n<p>Nuestro perfil de luz LED empotrado en el techo, modelo DWP21, te ofrece una iluminaci\u00f3n ideal y suave. Este perfil de luz LED empotrado y sin marco mide 94 mm de ancho, 34 mm de profundidad y cuenta con un canal interno de 21.36 mm de ancho. Se adapta perfectamente a techos de panel de yeso o cart\u00f3n yeso y puede sostener tiras LED de hasta 15 mm de ancho. El perfil est\u00e1 fabricado en duradero aluminio anodizado y funciona como un disipador de calor para ayudar a que tus tiras LED duren m\u00e1s manteni\u00e9ndolas frescas. Su forma inclinada emite luz brillante y constante en el mejor \u00e1ngulo, asegurando que haya poco deslumbramiento y una salida hermosa y sin puntos. El accesorio desaparece una vez cubierto de yeso, dej\u00e1ndote con un acabado de iluminaci\u00f3n arquitect\u00f3nica limpio y suave.<\/p>\n<\/div>\n\n\n\n<div class=\"wp-block-group has-background is-vertical is-layout-flex wp-container-core-group-is-layout-d255d7c4 wp-block-group-is-layout-flex\" style=\"background-color:#f1f1f1;padding-top:var(--wp--preset--spacing--80);padding-bottom:var(--wp--preset--spacing--80)\">\n<div class=\"wp-block-group is-vertical is-layout-flex wp-container-core-group-is-layout-8cf370e7 wp-block-group-is-layout-flex\">\n<h2 class=\"wp-block-heading\" style=\"padding-top:var(--wp--preset--spacing--40);padding-bottom:var(--wp--preset--spacing--40);font-size:25px;font-style:normal;font-weight:600;text-transform:capitalize\">\u00bfPor qu\u00e9 elegir nuestro perfil de luz LED empotrado en el techo?<\/h2>\n\n\n\n<ul class=\"wp-block-list\">\n<li>Trimless drywall integration: The recessed LED cover light drywall profile fits flush into plasterboard\uff0c giving it a clean, modern look.<\/li>\n\n\n\n<li>Compatible con tiras LED de 15 mm: Soporta tiras LED anchas, incluyendo tipos de alta salida y RGBW.<\/li>\n\n\n\n<li>Viene con un difusor opalino: Mezcla la luz uniformemente para evitar la formaci\u00f3n de puntos.<\/li>\n\n\n\n<li>Construcci\u00f3n de aluminio resistente: Esto lo hace m\u00e1s duradero y ayuda a enfriarlo.<\/li>\n\n\n\n<li>Complete kit: Comes with end caps and connectors\u00a0for easy fitting.<\/li>\n<\/ul>\n<\/div>\n<\/div>\n\n\n\n<div class=\"wp-block-group is-vertical is-layout-flex wp-container-core-group-is-layout-d255d7c4 wp-block-group-is-layout-flex\" style=\"padding-top:var(--wp--preset--spacing--80);padding-bottom:var(--wp--preset--spacing--80)\">\n<hr class=\"wp-block-separator has-alpha-channel-opacity\"\/>\n\n\n\n<div class=\"wp-block-media-text has-media-on-the-right is-stacked-on-mobile\" style=\"grid-template-columns:auto 40%\"><div class=\"wp-block-media-text__content\">\n<h2 class=\"wp-block-heading\" style=\"padding-top:var(--wp--preset--spacing--40);padding-bottom:var(--wp--preset--spacing--40);font-size:25px;font-style:normal;font-weight:600;text-transform:capitalize\">Pasos de Instalaci\u00f3n<\/h2>\n\n\n\n<ul class=\"wp-block-list\">\n<li>Fija el perfil: Usa tornillos para sostener el canal de aluminio entre las vigas del techo o los montantes de panel de yeso.<\/li>\n\n\n\n<li>Mud-in plaster: Use drywall mud or plaster to cover the profile&#8217;s flanges that have holes in them for a smooth finish.<\/li>\n\n\n\n<li>Lija y pinta: Para un efecto sin marco perfecto, alisa el yeso sobre el perfil y p\u00edntalo.<\/li>\n\n\n\n<li>Coloca la tira LED: Introduce tu tira LED de 15 mm dentro del canal.<\/li>\n\n\n\n<li>Agrega un difusor: Coloca la cubierta opalina sobre la tira para protegerla y suavizar la luz.<\/li>\n<\/ul>\n<\/div><figure class=\"wp-block-media-text__media\"><img loading=\"lazy\" decoding=\"async\" width=\"500\" height=\"500\" src=\"https:\/\/tangooled.com\/wp-content\/uploads\/2025\/12\/dwp21-ins.webp\" alt=\"ceiling mounted led cove light drywall profile recessed for 15mm strip\" class=\"wp-image-43050 size-full\" srcset=\"https:\/\/tangooled.com\/wp-content\/uploads\/2025\/12\/dwp21-ins.webp 500w, https:\/\/tangooled.com\/wp-content\/uploads\/2025\/12\/dwp21-ins-300x300.webp 300w, https:\/\/tangooled.com\/wp-content\/uploads\/2025\/12\/dwp21-ins-150x150.webp 150w\" sizes=\"auto, (max-width: 500px) 100vw, 500px\" \/><\/figure><\/div>\n<\/div>\n\n\n\n<div class=\"wp-block-group has-background\" style=\"background-color:#f1f1f1f2;padding-top:var(--wp--preset--spacing--80);padding-bottom:var(--wp--preset--spacing--80)\"><div class=\"wp-block-group__inner-container is-layout-constrained wp-block-group-is-layout-constrained\">\n<h2 class=\"wp-block-heading\" style=\"padding-top:var(--wp--preset--spacing--40);padding-bottom:var(--wp--preset--spacing--40);font-size:25px;font-style:normal;font-weight:600\">C\u00f3mo usar este perfil de luz LED empotrado<\/h2>\n\n\n\n<ul class=\"wp-block-list\">\n<li>Iluminaci\u00f3n de coving en el techo: Ilumina los bordes de los espacios para un brillo suave y ambiental.<\/li>\n\n\n\n<li>Iluminaci\u00f3n de pared y acento: Utiliza estas para llamar la atenci\u00f3n sobre superficies texturizadas y detalles arquitect\u00f3nicos.<\/li>\n\n\n\n<li>Efectos de techo flotante: Usa l\u00edneas de luz suaves para hacer que los techos parezcan flotantes.<\/li>\n\n\n\n<li>Hogares y negocios: salas de estar, oficinas, hoteles y tiendas.<\/li>\n<\/ul>\n<\/div><\/div>\n\n\n\n<div class=\"wp-block-group is-vertical is-layout-flex wp-container-core-group-is-layout-d255d7c4 wp-block-group-is-layout-flex\" style=\"padding-top:var(--wp--preset--spacing--80);padding-bottom:var(--wp--preset--spacing--80)\">\n<h2 class=\"wp-block-heading\" style=\"padding-top:var(--wp--preset--spacing--40);padding-bottom:var(--wp--preset--spacing--40);font-size:25px;font-style:normal;font-weight:600;text-transform:capitalize\">Productos y recursos relacionados<\/h2>\n\n\n\n<ul class=\"wp-block-list\">\n<li><a href=\"https:\/\/tangooled.com\/es\/product\/trimless-drywall-led-channel-for-15mm-led-strip-lights\/\"><mark style=\"background-color:rgba(0, 0, 0, 0)\" class=\"has-inline-color has-vivid-red-color\">Canal LED de yeso sin borde para tiras de LED de 15 mm<\/mark><\/a>&#8211; Another trimless drywall LED profile option.<\/li>\n\n\n\n<li><a href=\"https:\/\/tangooled.com\/es\/product\/22x15mm-led-light-channel-aluminum-extrusion-for-flexible-strips\/\"><mark style=\"background-color:rgba(0, 0, 0, 0)\" class=\"has-inline-color has-vivid-red-color\">Canal de luz LED de aluminio de 22x15mm para tiras flexibles<\/mark><\/a> \u2013 For similar wide LED strip use.<\/li>\n\n\n\n<li><a href=\"https:\/\/tangooled.com\/es\/product\/recessed-aluminum-profile-17x8mm-for-led-strip-lighting\/\"><mark style=\"background-color:rgba(0, 0, 0, 0)\" class=\"has-inline-color has-vivid-red-color\">Perfil de aluminio LED empotrado 17x8 mm para iluminaci\u00f3n con tira LED<\/mark><\/a> \u2013 Recessed LED profile alternative with a smaller size.<\/li>\n\n\n\n<li><a href=\"https:\/\/tangooled.com\/es\/product\/black-led-diffuser-aluminum-channel-for-12mm-tape-lights\/\"><mark style=\"background-color:rgba(0, 0, 0, 0)\" class=\"has-inline-color has-vivid-red-color\">Canal de aluminio difusor LED negro para luces de cinta de 12 mm<\/mark><\/a> \u2013 A diffuser option with a black finish.<\/li>\n\n\n\n<li><a href=\"https:\/\/tangooled.com\/es\/product\/surface-mount-led-profile-with-frosted-diffuser-for-10mm-rope-lights\/\"><mark style=\"background-color:rgba(0, 0, 0, 0)\" class=\"has-inline-color has-vivid-red-color\">Perfil LED de montaje en superficie con difusor esmerilado para luces de cuerda de 10 mm<\/mark><\/a> \u2013 Surface mount style alternative.<\/li>\n<\/ul>\n<\/div>\n\n\n\n<div class=\"wp-block-group has-background\" style=\"background-color:#f1f1f1;padding-top:var(--wp--preset--spacing--80);padding-bottom:var(--wp--preset--spacing--80)\"><div class=\"wp-block-group__inner-container is-layout-constrained wp-block-group-is-layout-constrained\">\n<h2 class=\"wp-block-heading\" style=\"padding-top:var(--wp--preset--spacing--40);padding-bottom:var(--wp--preset--spacing--40);font-size:25px;font-style:normal;font-weight:600;text-transform:capitalize\">Resumen<\/h2>\n\n\n\n<p>Nuestro perfil de luz LED empotrado en el techo es la mejor soluci\u00f3n para un dise\u00f1o limpio y moderno. Como est\u00e1 empotrado, ofrece una iluminaci\u00f3n suave y uniforme en tu panel de yeso sin cortes visibles. El canal de 15 mm de ancho es compatible con muchas tiras LED, por lo que puedes crear efectos brillantes o RGB. El difusor opalino que incluye hace que la luz sea suave y apropiada para \u00e1reas de estar, oficinas y negocios.<\/p>\n<\/div><\/div>\n\n\n\n<p><\/p>","protected":false},"featured_media":13955,"template":"","meta":{"_acf_changed":true,"_seopress_robots_primary_cat":"none","_seopress_titles_title":"LED Cove Light Drywall Profile | 15mm Wide Recessed Channel DWP21","_seopress_titles_desc":"The DWP21 is a professional led cove light drywall profile designed for 15mm strips. Create stunning indirect ceiling lighting with a seamless, trimless finish in any drywall or gypsum ceiling.","_seopress_robots_index":""},"pcb-width":[229],"product-cat":[197],"class_list":{"0":"post-42665","1":"product","2":"type-product","3":"status-publish","4":"has-post-thumbnail","6":"pcb-width-15-20mm","7":"product-cat-plaster-in-profile"},"acf":[],"_links":{"self":[{"href":"https:\/\/tangooled.com\/es\/wp-json\/wp\/v2\/product\/42665","targetHints":{"allow":["GET"]}}],"collection":[{"href":"https:\/\/tangooled.com\/es\/wp-json\/wp\/v2\/product"}],"about":[{"href":"https:\/\/tangooled.com\/es\/wp-json\/wp\/v2\/types\/product"}],"wp:featuredmedia":[{"embeddable":true,"href":"https:\/\/tangooled.com\/es\/wp-json\/wp\/v2\/media\/13955"}],"wp:attachment":[{"href":"https:\/\/tangooled.com\/es\/wp-json\/wp\/v2\/media?parent=42665"}],"wp:term":[{"taxonomy":"pcb-width","embeddable":true,"href":"https:\/\/tangooled.com\/es\/wp-json\/wp\/v2\/pcb-width?post=42665"},{"taxonomy":"product-cat","embeddable":true,"href":"https:\/\/tangooled.com\/es\/wp-json\/wp\/v2\/product-cat?post=42665"}],"curies":[{"name":"wp","href":"https:\/\/api.w.org\/{rel}","templated":true}]}}