{"id":42662,"date":"2025-12-23T06:22:11","date_gmt":"2025-12-23T14:22:11","guid":{"rendered":"https:\/\/tangooled.com\/?post_type=product&#038;p=42662"},"modified":"2026-01-27T22:11:19","modified_gmt":"2026-01-28T06:11:19","slug":"45-degree-led-plaster-wall-wash-profile-for-15mm-led-strips","status":"publish","type":"product","link":"https:\/\/tangooled.com\/es\/product\/45-degree-led-plaster-wall-wash-profile-for-15mm-led-strips\/","title":{"rendered":"Perfil de lavado de pared de yeso LED de 45 grados para tiras LED de 15 mm"},"content":{"rendered":"<div class=\"wp-block-group is-vertical is-layout-flex wp-container-core-group-is-layout-d255d7c4 wp-block-group-is-layout-flex\" style=\"padding-top:var(--wp--preset--spacing--80);padding-bottom:var(--wp--preset--spacing--80)\">\n<p>Nuestro perfil de lavado de pared de yeso a 45 grados proporcionar\u00e1 a tus paredes una l\u00ednea de luz suave y perfecta. Este producto est\u00e1 dise\u00f1ado para tiras LED de 15 mm y encaja perfectamente en yeso o paneles de yeso. El DWP20 tiene 91 mm de ancho y 56.8 mm de alto en su punto m\u00e1s alto. Tiene un dise\u00f1o en forma de L que facilita su colocaci\u00f3n en una esquina. La forma tiene una curva interna profunda que lava la pared. Tambi\u00e9n cuenta con un difusor de 20.9 mm y una brida de yeso de 31.7 mm que lo mantiene en su lugar en el techo o estante. Permite lavar las paredes sin deslumbramientos ni manchas, ya que cuenta con un haz de 45 grados que ilumina las paredes de manera suave y uniforme. Esta soluci\u00f3n de iluminaci\u00f3n funciona como iluminaci\u00f3n ambiental y direccional y se integra bien con la arquitectura.<\/p>\n<\/div>\n\n\n\n<div class=\"wp-block-group has-background is-vertical is-layout-flex wp-container-core-group-is-layout-d255d7c4 wp-block-group-is-layout-flex\" style=\"background-color:#f1f1f1;padding-top:var(--wp--preset--spacing--80);padding-bottom:var(--wp--preset--spacing--80)\">\n<div class=\"wp-block-group is-vertical is-layout-flex wp-container-core-group-is-layout-8cf370e7 wp-block-group-is-layout-flex\">\n<h2 class=\"wp-block-heading\" style=\"padding-top:var(--wp--preset--spacing--40);padding-bottom:var(--wp--preset--spacing--40);font-size:25px;font-style:normal;font-weight:600;text-transform:capitalize\">\u00bfPor qu\u00e9 elegir este perfil de lavado de pared de yeso a 45 grados?<\/h2>\n\n\n\n<ul class=\"wp-block-list\">\n<li>El dise\u00f1o empotrado mantiene el perfil enterrado bajo el yeso, d\u00e1ndole un aspecto limpio y sin marcos.<\/li>\n\n\n\n<li>Hecho de aluminio anodizado 6063-T5 de alta calidad, que mantiene tus LEDs frescos y dura mucho tiempo.<\/li>\n\n\n\n<li>Funciona con todas las tiras LED de 15 mm de ancho, incluso RGBW y de alta densidad.<\/li>\n\n\n\n<li>Has a frosted PC\u00a0diffuser that makes the light gentle and even without hot spots.<\/li>\n\n\n\n<li>Ideal para iluminar paredes, pasillos, techos y m\u00e1s en edificios.<\/li>\n\n\n\n<li>Se puede pintar o viene con un acabado anodizado blanco, por lo que se integra bien con las paredes.<\/li>\n<\/ul>\n<\/div>\n<\/div>\n\n\n\n<div class=\"wp-block-group is-vertical is-layout-flex wp-container-core-group-is-layout-d255d7c4 wp-block-group-is-layout-flex\" style=\"padding-top:var(--wp--preset--spacing--80);padding-bottom:var(--wp--preset--spacing--80)\">\n<hr class=\"wp-block-separator has-alpha-channel-opacity\"\/>\n\n\n\n<div class=\"wp-block-media-text has-media-on-the-right is-stacked-on-mobile\" style=\"grid-template-columns:auto 40%\"><div class=\"wp-block-media-text__content\">\n<h2 class=\"wp-block-heading\" style=\"padding-top:var(--wp--preset--spacing--40);padding-bottom:var(--wp--preset--spacing--40);font-size:25px;font-style:normal;font-weight:600;text-transform:capitalize\">C\u00f3mo usar este perfil<\/h2>\n\n\n\n<ul class=\"wp-block-list\">\n<li>Corta un canal en el panel de yeso o la placa de yeso para adaptarse a las dimensiones del perfil.<\/li>\n\n\n\n<li>Use screws\u00a0to attach the profile to the studs.<\/li>\n\n\n\n<li>Coloca un inserto protector para mantener el yeso limpio dentro del paquete.<\/li>\n\n\n\n<li>Cubre las bridas con yeso y lija para que queden suaves.<\/li>\n\n\n\n<li>Si lo deseas, p\u00edntalo para que combine perfectamente con la pared.<\/li>\n\n\n\n<li>Coloca tu tira LED de 15 mm y encaja el difusor opal en su lugar.<\/li>\n<\/ul>\n<\/div><figure class=\"wp-block-media-text__media\"><img loading=\"lazy\" decoding=\"async\" width=\"500\" height=\"500\" src=\"https:\/\/tangooled.com\/wp-content\/uploads\/2025\/12\/dwp20-ins.webp\" alt=\"45 degree led plaster wall wash profile for 15mm led strips\" class=\"wp-image-42938 size-full\" srcset=\"https:\/\/tangooled.com\/wp-content\/uploads\/2025\/12\/dwp20-ins.webp 500w, https:\/\/tangooled.com\/wp-content\/uploads\/2025\/12\/dwp20-ins-300x300.webp 300w, https:\/\/tangooled.com\/wp-content\/uploads\/2025\/12\/dwp20-ins-150x150.webp 150w\" sizes=\"auto, (max-width: 500px) 100vw, 500px\" \/><\/figure><\/div>\n<\/div>\n\n\n\n<div class=\"wp-block-group has-background is-vertical is-layout-flex wp-container-core-group-is-layout-b429018a wp-block-group-is-layout-flex\" style=\"background-color:#f1f1f1f2;padding-top:var(--wp--preset--spacing--70);padding-bottom:var(--wp--preset--spacing--70)\">\n<h2 class=\"wp-block-heading\" style=\"padding-top:var(--wp--preset--spacing--40);padding-bottom:var(--wp--preset--spacing--40);font-size:25px;font-style:normal;font-weight:600\">Aplicaciones y Escenarios de Uso<\/h2>\n\n\n\n<ul class=\"wp-block-list\">\n<li>Architectural Wall Grazing:\u00a0Brings out the textures in stone, wood, or brick walls.<\/li>\n\n\n\n<li>Pasillos y corredores: genera una luz suave que te gu\u00eda a trav\u00e9s de situaciones oscuras y estrechas.<\/li>\n\n\n\n<li>Ceiling Cove Lighting:\u00a0This type of lighting makes the edges of the ceiling look nice and bright without being too bright.<\/li>\n\n\n\n<li>Retail &amp; Hospitality:\u00a0Adds high-end ambient lighting to stores, hotels, and restaurants.<\/li>\n<\/ul>\n<\/div>\n\n\n\n<div class=\"wp-block-group is-vertical is-layout-flex wp-container-core-group-is-layout-d255d7c4 wp-block-group-is-layout-flex\" style=\"padding-top:var(--wp--preset--spacing--80);padding-bottom:var(--wp--preset--spacing--80)\">\n<h2 class=\"wp-block-heading\" style=\"padding-top:var(--wp--preset--spacing--40);padding-bottom:var(--wp--preset--spacing--40);font-size:25px;font-style:normal;font-weight:600;text-transform:capitalize\">Productos Relacionados Que Te Puede Gustar<\/h2>\n\n\n\n<ul class=\"wp-block-list\">\n<li><a href=\"https:\/\/tangooled.com\/es\/product\/black-led-profile-with-black-diffuser-for-10mm-led-strip-light\/\"><mark style=\"background-color:rgba(0, 0, 0, 0)\" class=\"has-inline-color has-vivid-red-color\">Perfil LED negro con difusor negro para tira LED de 10 mm<\/mark><\/a><\/li>\n\n\n\n<li><a href=\"https:\/\/tangooled.com\/es\/product\/22x15mm-led-light-channel-aluminum-extrusion-for-flexible-strips\/\"><mark style=\"background-color:rgba(0, 0, 0, 0)\" class=\"has-inline-color has-vivid-red-color\">Canal de luz LED de 22x15 mm para tiras flexibles<\/mark><\/a><\/li>\n\n\n\n<li><a href=\"https:\/\/tangooled.com\/es\/product\/18x9mm-led-tape-light-profile-for-surface-installation\/\"><mark style=\"background-color:rgba(0, 0, 0, 0)\" class=\"has-inline-color has-vivid-red-color\">Perfil de luz LED de 18x9 mm para instalaci\u00f3n en superficie<\/mark><\/a><\/li>\n\n\n\n<li><a href=\"https:\/\/tangooled.com\/es\/product\/25x14m-surface-mounted-led-light-aluminum-profile\/\"><mark style=\"background-color:rgba(0, 0, 0, 0)\" class=\"has-inline-color has-vivid-red-color\">Perfil de luz LED de aluminio montado en superficie de 25x14 mm<\/mark><\/a><\/li>\n<\/ul>\n<\/div>\n\n\n\n<div class=\"wp-block-group has-background\" style=\"background-color:#f1f1f1;padding-top:var(--wp--preset--spacing--80);padding-bottom:var(--wp--preset--spacing--80)\"><div class=\"wp-block-group__inner-container is-layout-constrained wp-block-group-is-layout-constrained\">\n<h2 class=\"wp-block-heading\" style=\"padding-top:var(--wp--preset--spacing--40);padding-bottom:var(--wp--preset--spacing--40);font-size:25px;font-style:normal;font-weight:600;text-transform:capitalize\">resumen<\/h2>\n\n\n\n<p>Nuestro perfil de lavado de pared de yeso a 45 grados para tiras LED de 15 mm es una forma sin marco, continua y atractiva de iluminar una habitaci\u00f3n. Est\u00e1 hecho de aluminio fuerte y tiene un difusor de alta calidad que hace un lavado de pared suave y sin deslumbramientos, ideal para proyectos de iluminaci\u00f3n dom\u00e9stica, comercial y arquitect\u00f3nica. Funciona con cinta LED de alta densidad y mantiene el calor bajo control durante mucho tiempo, integr\u00e1ndose con tus paneles de yeso o yeso.<\/p>\n<\/div><\/div>\n\n\n\n<p><\/p>","protected":false},"featured_media":13810,"template":"","meta":{"_acf_changed":true,"_seopress_robots_primary_cat":"none","_seopress_titles_title":"45 Degree Plaster Wall Wash Profile | 15mm LED Channel DWP20","_seopress_titles_desc":"The DWP20 is a professional 45 degree plaster wall wash profile designed for 15mm strips. Achieve a seamless, trimless wall washing effect that highlights textures and architectural details.","_seopress_robots_index":""},"pcb-width":[229],"product-cat":[197],"class_list":{"0":"post-42662","1":"product","2":"type-product","3":"status-publish","4":"has-post-thumbnail","6":"pcb-width-15-20mm","7":"product-cat-plaster-in-profile"},"acf":[],"_links":{"self":[{"href":"https:\/\/tangooled.com\/es\/wp-json\/wp\/v2\/product\/42662","targetHints":{"allow":["GET"]}}],"collection":[{"href":"https:\/\/tangooled.com\/es\/wp-json\/wp\/v2\/product"}],"about":[{"href":"https:\/\/tangooled.com\/es\/wp-json\/wp\/v2\/types\/product"}],"wp:featuredmedia":[{"embeddable":true,"href":"https:\/\/tangooled.com\/es\/wp-json\/wp\/v2\/media\/13810"}],"wp:attachment":[{"href":"https:\/\/tangooled.com\/es\/wp-json\/wp\/v2\/media?parent=42662"}],"wp:term":[{"taxonomy":"pcb-width","embeddable":true,"href":"https:\/\/tangooled.com\/es\/wp-json\/wp\/v2\/pcb-width?post=42662"},{"taxonomy":"product-cat","embeddable":true,"href":"https:\/\/tangooled.com\/es\/wp-json\/wp\/v2\/product-cat?post=42662"}],"curies":[{"name":"wp","href":"https:\/\/api.w.org\/{rel}","templated":true}]}}