{"id":42657,"date":"2025-12-23T06:07:56","date_gmt":"2025-12-23T14:07:56","guid":{"rendered":"https:\/\/tangooled.com\/?post_type=product&#038;p=42657"},"modified":"2026-01-27T21:22:49","modified_gmt":"2026-01-28T05:22:49","slug":"curved-double-flange-led-drywall-profile-dual-strip-dwp18","status":"publish","type":"product","link":"https:\/\/tangooled.com\/es\/product\/curved-double-flange-led-drywall-profile-dual-strip-dwp18\/","title":{"rendered":"Perfil de yeso curvado con doble ala LED para tiras duales"},"content":{"rendered":"<div class=\"wp-block-group is-vertical is-layout-flex wp-container-core-group-is-layout-d255d7c4 wp-block-group-is-layout-flex\" style=\"padding-top:var(--wp--preset--spacing--80);padding-bottom:var(--wp--preset--spacing--80)\">\n<p>Nuestro perfil de yeso curvado con doble ala LED est\u00e1 dise\u00f1ado espec\u00edficamente para tiras LED duales y dar\u00e1 vida a su iluminaci\u00f3n arquitect\u00f3nica. Este canal LED curvado empotrado se ajusta con precisi\u00f3n en paneles de yeso o placas de yeso. Permite crear hermosas l\u00edneas de luz fluidas en paredes y techos curvados que parecen extrusiones LED empotradas. Una vez instalado, quedan completamente ocultas. El DWP18 tiene una forma amplia y sim\u00e9trica con un ancho total de 133.5 mm y una altura de 51 mm desde el nivel de la ala. Est\u00e1 dise\u00f1ado para sostener dos tiras LED distintas, cada una de las cuales se coloca debajo de un segmento difusor de 12.6 mm de ancho en la parte inferior de la curva. Este asombroso dise\u00f1o arqueado de 180 grados dispersa la luz sobre un \u00e1rea amplia, creando una iluminaci\u00f3n ambiental dram\u00e1tica que se integra bien con la estructura del techo para un aspecto verdaderamente moderno.<\/p>\n<\/div>\n\n\n\n<div class=\"wp-block-group has-background is-vertical is-layout-flex wp-container-core-group-is-layout-d255d7c4 wp-block-group-is-layout-flex\" style=\"background-color:#f1f1f1;padding-top:var(--wp--preset--spacing--80);padding-bottom:var(--wp--preset--spacing--80)\">\n<div class=\"wp-block-group is-vertical is-layout-flex wp-container-core-group-is-layout-8cf370e7 wp-block-group-is-layout-flex\">\n<h2 class=\"wp-block-heading\" style=\"padding-top:var(--wp--preset--spacing--40);padding-bottom:var(--wp--preset--spacing--40);font-size:25px;font-style:normal;font-weight:600;text-transform:capitalize\">\u00bfPor qu\u00e9 elegir nuestro perfil de yeso curvado con doble ala LED?<\/h2>\n\n\n\n<ul class=\"wp-block-list\">\n<li>Double-flange for a smooth finish: The two flanges hold the drywall mud in place, making a surface that is smooth and trimless, hiding the profile and giving the impression of &#8220;light from nowhere.<\/li>\n\n\n\n<li>Dise\u00f1o de doble ranura para iluminaci\u00f3n en \u00e1ngulo: Equipado con dos ranuras de montaje separadas (una en cada base), este perfil permite la instalaci\u00f3n de dos tiras LED de alta densidad, proporcionando iluminaci\u00f3n de amplio \u00e1ngulo o de doble zona.<\/li>\n\n\n\n<li>Alta disipaci\u00f3n de calor: Fabricado con aluminio de calidad arquitect\u00f3nica 6063-T5, lo que hace que las LED duren m\u00e1s.<\/li>\n\n\n\n<li>Frosted PC\u00a0diffuser: Light that is smooth and dot-free, with no glare.<\/li>\n<\/ul>\n<\/div>\n<\/div>\n\n\n\n<div class=\"wp-block-group\" style=\"padding-top:var(--wp--preset--spacing--80);padding-bottom:var(--wp--preset--spacing--80)\"><div class=\"wp-block-group__inner-container is-layout-constrained wp-block-group-is-layout-constrained\">\n<div class=\"wp-block-media-text has-media-on-the-right is-stacked-on-mobile\" style=\"grid-template-columns:auto 40%\"><div class=\"wp-block-media-text__content\">\n<h2 class=\"wp-block-heading\" style=\"padding-top:var(--wp--preset--spacing--40);padding-bottom:var(--wp--preset--spacing--40);font-size:25px;font-style:normal;font-weight:600;text-transform:capitalize\">Pasos de Instalaci\u00f3n<\/h2>\n\n\n\n<ul class=\"wp-block-list\">\n<li>Utiliza tornillos para fijar el perfil al armaz\u00f3n de yeso.<\/li>\n\n\n\n<li>Coloca las placas de yeso sobre las alas y aseg\u00farate de que no haya huecos.<\/li>\n\n\n\n<li>Aplica compuesto para juntas en las alas y al\u00edsalo.<\/li>\n\n\n\n<li>Lija y pinta para que el acabado est\u00e9 al nivel de la pared o del techo.<\/li>\n\n\n\n<li>Coloca dos tiras LED en los dos canales.<\/li>\n\n\n\n<li>Coloca los difusores en su lugar para obtener una luz suave y uniforme.<\/li>\n\n\n\n<li>Conecta las tiras LED a una fuente de alimentaci\u00f3n de bajo voltaje que funcione con ellas.<\/li>\n<\/ul>\n<\/div><figure class=\"wp-block-media-text__media\"><img loading=\"lazy\" decoding=\"async\" width=\"500\" height=\"500\" src=\"https:\/\/tangooled.com\/wp-content\/uploads\/2025\/12\/dwp18-ins.webp\" alt=\"led drywall curved double flange profile for dual strip\" class=\"wp-image-42933 size-full\" srcset=\"https:\/\/tangooled.com\/wp-content\/uploads\/2025\/12\/dwp18-ins.webp 500w, https:\/\/tangooled.com\/wp-content\/uploads\/2025\/12\/dwp18-ins-300x300.webp 300w, https:\/\/tangooled.com\/wp-content\/uploads\/2025\/12\/dwp18-ins-150x150.webp 150w\" sizes=\"auto, (max-width: 500px) 100vw, 500px\" \/><\/figure><\/div>\n<\/div><\/div>\n\n\n\n<div class=\"wp-block-group has-background\" style=\"background-color:#f1f1f1f2;padding-top:var(--wp--preset--spacing--80);padding-bottom:var(--wp--preset--spacing--80)\"><div class=\"wp-block-group__inner-container is-layout-constrained wp-block-group-is-layout-constrained\">\n<h2 class=\"wp-block-heading\" style=\"padding-top:var(--wp--preset--spacing--40);padding-bottom:var(--wp--preset--spacing--40);font-size:25px;font-style:normal;font-weight:600\">C\u00f3mo usar nuestro perfil de yeso curvado con doble ala LED<\/h2>\n\n\n\n<ul class=\"wp-block-list\">\n<li>Las salas de estar, cines en casa y entradas lucen mejor con un efecto de iluminaci\u00f3n dram\u00e1tico en las paredes, c\u00fapulas en el techo o ranuras de luz sin molduras.<\/li>\n\n\n\n<li>Dise\u00f1o comercial: Ideal para lobbies de hoteles, lugares de trabajo modernos, salas de exhibici\u00f3n y galer\u00edas donde la iluminaci\u00f3n arquitect\u00f3nica a\u00f1ade a la atm\u00f3sfera.<\/li>\n\n\n\n<li>Caracter\u00edsticas arquitect\u00f3nicas: Perfecto para transiciones de pared a pared, techos en c\u00fapula, overhangs curvos y vigas empotradas.<\/li>\n<\/ul>\n<\/div><\/div>\n\n\n\n<div class=\"wp-block-group is-vertical is-layout-flex wp-container-core-group-is-layout-d255d7c4 wp-block-group-is-layout-flex\" style=\"padding-top:var(--wp--preset--spacing--80);padding-bottom:var(--wp--preset--spacing--80)\">\n<h2 class=\"wp-block-heading\" style=\"padding-top:var(--wp--preset--spacing--40);padding-bottom:var(--wp--preset--spacing--40);font-size:25px;font-style:normal;font-weight:600;text-transform:capitalize\">Productos relacionados para complementar tu configuraci\u00f3n de iluminaci\u00f3n<\/h2>\n\n\n\n<ul class=\"wp-block-list\">\n<li><a href=\"https:\/\/tangooled.com\/es\/product\/aluminum-profile-with-60-degree-lens-led-diffuser\/\"><mark style=\"background-color:rgba(0, 0, 0, 0)\" class=\"has-inline-color has-vivid-red-color\">Perfil LED de aluminio con difusor de lente de 60 grados<\/mark><\/a> \u2014 for sharp light angles.<\/li>\n\n\n\n<li><mark style=\"background-color:rgba(0, 0, 0, 0)\" class=\"has-inline-color has-vivid-red-color\"><a href=\"https:\/\/tangooled.com\/es\/product\/25x14m-surface-mounted-led-light-aluminum-profile\/\">Perfil de aluminio LED de montaje en superficie de 25x14mm<\/a> <\/mark>\u2014 for surface installation.<\/li>\n\n\n\n<li><a href=\"https:\/\/tangooled.com\/es\/product\/aluminum-led-strip-extrusion-diffuser-channel-for-5050-double-row-led-strip\/\"><mark style=\"background-color:rgba(0, 0, 0, 0)\" class=\"has-inline-color has-vivid-red-color\">Canal difusor de extrusi\u00f3n de tira LED de aluminio para tira LED de doble fila 5050<\/mark><\/a> \u2014 perfect double LED strip channel.<\/li>\n<\/ul>\n<\/div>\n\n\n\n<div class=\"wp-block-group has-background\" style=\"background-color:#f1f1f1;padding-top:var(--wp--preset--spacing--80);padding-bottom:var(--wp--preset--spacing--80)\"><div class=\"wp-block-group__inner-container is-layout-constrained wp-block-group-is-layout-constrained\">\n<h2 class=\"wp-block-heading\" style=\"padding-top:var(--wp--preset--spacing--40);padding-bottom:var(--wp--preset--spacing--40);font-size:25px;font-style:normal;font-weight:600;text-transform:capitalize\">resumen<\/h2>\n\n\n\n<p>Nuestro perfil de yeso curvado con doble ala LED para luces de cinta LED de tira dual es la mejor opci\u00f3n para una iluminaci\u00f3n arquitect\u00f3nica de alta calidad, sin molduras y flexible. Proporciona una excelente iluminaci\u00f3n ambiental, iluminaci\u00f3n de acento y efectos de lavado de paredes tanto para proyectos dom\u00e9sticos como comerciales. Tiene aluminio de alta calidad, un amplio espacio en el canal y un difusor suave.<\/p>\n<\/div><\/div>\n\n\n\n<p><\/p>","protected":false},"featured_media":13794,"template":"","meta":{"_acf_changed":true,"_seopress_robots_primary_cat":"none","_seopress_titles_title":"Curved Double Flange LED Drywall Profile | Dual Strip DWP18 | TANGOOLED","_seopress_titles_desc":"The DWP18 is a heavy-duty curved double flange LED drywall profile built for dual strips. This hidden drywall LED channel offers superior stability for curved ceilings with a high-output trimless finish.","_seopress_robots_index":""},"pcb-width":[228],"product-cat":[197],"class_list":{"0":"post-42657","1":"product","2":"type-product","3":"status-publish","4":"has-post-thumbnail","6":"pcb-width-6-12mm","7":"product-cat-plaster-in-profile"},"acf":[],"_links":{"self":[{"href":"https:\/\/tangooled.com\/es\/wp-json\/wp\/v2\/product\/42657","targetHints":{"allow":["GET"]}}],"collection":[{"href":"https:\/\/tangooled.com\/es\/wp-json\/wp\/v2\/product"}],"about":[{"href":"https:\/\/tangooled.com\/es\/wp-json\/wp\/v2\/types\/product"}],"wp:featuredmedia":[{"embeddable":true,"href":"https:\/\/tangooled.com\/es\/wp-json\/wp\/v2\/media\/13794"}],"wp:attachment":[{"href":"https:\/\/tangooled.com\/es\/wp-json\/wp\/v2\/media?parent=42657"}],"wp:term":[{"taxonomy":"pcb-width","embeddable":true,"href":"https:\/\/tangooled.com\/es\/wp-json\/wp\/v2\/pcb-width?post=42657"},{"taxonomy":"product-cat","embeddable":true,"href":"https:\/\/tangooled.com\/es\/wp-json\/wp\/v2\/product-cat?post=42657"}],"curies":[{"name":"wp","href":"https:\/\/api.w.org\/{rel}","templated":true}]}}