{"id":42655,"date":"2025-12-23T06:05:21","date_gmt":"2025-12-23T14:05:21","guid":{"rendered":"https:\/\/tangooled.com\/?post_type=product&#038;p=42655"},"modified":"2026-01-27T21:14:47","modified_gmt":"2026-01-28T05:14:47","slug":"pre-embedded-ceiling-curved-led-profile-hidden-drywall-dwp17","status":"publish","type":"product","link":"https:\/\/tangooled.com\/es\/product\/pre-embedded-ceiling-curved-led-profile-hidden-drywall-dwp17\/","title":{"rendered":"Perfil curvado de techo pre-embebido canal LED oculto drywall"},"content":{"rendered":"<div class=\"wp-block-group is-vertical is-layout-flex wp-container-core-group-is-layout-d255d7c4 wp-block-group-is-layout-flex\" style=\"padding-top:var(--wp--preset--spacing--80);padding-bottom:var(--wp--preset--spacing--80)\">\n<p>Nuestro perfil curvado de LED para techo pre-embebido es la mejor manera de crear l\u00edneas de luz rectas y hermosas. Este canal LED para drywall est\u00e1 oculto y se mezcla con techos y paredes. Le da a su espacio un aspecto moderno y profesional sin marcos o molduras obvios. El perfil DWP17 tiene una base ancha de 91.5mm y una altura m\u00e1xima de 57.1mm desde el borde de la pared. Su forma de cuarto redondeado es perfecta para instalar en esquinas, donde pasa suavemente de la pared al techo. La c\u00e1mara interior tiene 34mm de profundidad, lo que es suficiente espacio para cintas LED, y el segmento difusor tiene 12.8mm de ancho. Est\u00e1 hecho de aluminio robusto y est\u00e1 dise\u00f1ado para ser embebido en drywall o yeso. Le ayuda a crear curvas suaves y arcos que generan un hermoso efecto de iluminaci\u00f3n c\u00f3ncava que mejorar\u00e1 cualquier habitaci\u00f3n.<\/p>\n<\/div>\n\n\n\n<div class=\"wp-block-group has-background\" style=\"background-color:#f1f1f1;padding-top:var(--wp--preset--spacing--80);padding-bottom:var(--wp--preset--spacing--80)\"><div class=\"wp-block-group__inner-container is-layout-constrained wp-block-group-is-layout-constrained\">\n<div class=\"wp-block-group is-vertical is-layout-flex wp-container-core-group-is-layout-8cf370e7 wp-block-group-is-layout-flex\">\n<h2 class=\"wp-block-heading\" style=\"padding-top:var(--wp--preset--spacing--40);padding-bottom:var(--wp--preset--spacing--40);font-size:25px;font-style:normal;font-weight:600;text-transform:capitalize\">\u00bfPor qu\u00e9 elegir nuestro perfil curvado de LED para techo pre-embebido?<\/h2>\n\n\n\n<ul class=\"wp-block-list\">\n<li>Sin molduras y oculto: Oculto al ras dentro del drywall sin bordes aparentes.<\/li>\n\n\n\n<li>Iluminaci\u00f3n suave y sin puntos: \u00daselo con cintas LED de alta densidad para obtener luz uniforme.<\/li>\n\n\n\n<li>Aluminio duradero: La aleaci\u00f3n 6063-T5 sirve tanto como soporte como disipador de calor.<\/li>\n\n\n\n<li>Ajuste seguro: Las flanges perforadas se fijan a las paredes para un acabado duradero.<\/li>\n\n\n\n<li>Con un perfil curvado de LED para techo pre-embebido que se desvanece en el drywall, puede agregar iluminaci\u00f3n a su arquitectura de manera sencilla. Solo muestra luz pura y continua en curvas y bordes.<\/li>\n<\/ul>\n<\/div>\n<\/div><\/div>\n\n\n\n<div class=\"wp-block-group is-vertical is-layout-flex wp-container-core-group-is-layout-d255d7c4 wp-block-group-is-layout-flex\" style=\"padding-top:var(--wp--preset--spacing--80);padding-bottom:var(--wp--preset--spacing--80)\">\n<hr class=\"wp-block-separator has-alpha-channel-opacity\"\/>\n\n\n\n<div class=\"wp-block-media-text has-media-on-the-right is-stacked-on-mobile\" style=\"grid-template-columns:auto 40%\"><div class=\"wp-block-media-text__content\">\n<h2 class=\"wp-block-heading\" style=\"padding-top:var(--wp--preset--spacing--40);padding-bottom:var(--wp--preset--spacing--40);font-size:25px;font-style:normal;font-weight:600;text-transform:capitalize\">C\u00f3mo usar este canal LED oculto para drywall<\/h2>\n\n\n\n<ul class=\"wp-block-list\">\n<li>Asegure firmemente el canal a los montantes en el techo o el armaz\u00f3n para el drywall.<\/li>\n\n\n\n<li>Para un acabado suave, coloque yeso o pasta sobre las flanges con agujeros.<\/li>\n\n\n\n<li>Para crear una superficie de techo o pared suave, lije y pinte el yeso.<\/li>\n\n\n\n<li>Coloque la cinta LED en el canal y coloque el difusor.<\/li>\n\n\n\n<li>Conecte el sistema de control y el controlador LED entre s\u00ed para que puedan recibir electricidad y atenuarse.<\/li>\n<\/ul>\n<\/div><figure class=\"wp-block-media-text__media\"><img loading=\"lazy\" decoding=\"async\" width=\"500\" height=\"500\" src=\"https:\/\/tangooled.com\/wp-content\/uploads\/2025\/12\/dwp17-ins.webp\" alt=\"pre embedded ceiling curved profile hidden drywall led channel\" class=\"wp-image-42924 size-full\" srcset=\"https:\/\/tangooled.com\/wp-content\/uploads\/2025\/12\/dwp17-ins.webp 500w, https:\/\/tangooled.com\/wp-content\/uploads\/2025\/12\/dwp17-ins-300x300.webp 300w, https:\/\/tangooled.com\/wp-content\/uploads\/2025\/12\/dwp17-ins-150x150.webp 150w\" sizes=\"auto, (max-width: 500px) 100vw, 500px\" \/><\/figure><\/div>\n<\/div>\n\n\n\n<div class=\"wp-block-group has-background\" style=\"background-color:#f1f1f1f2;padding-top:var(--wp--preset--spacing--80);padding-bottom:var(--wp--preset--spacing--80)\"><div class=\"wp-block-group__inner-container is-layout-constrained wp-block-group-is-layout-constrained\">\n<h2 class=\"wp-block-heading\" style=\"padding-top:var(--wp--preset--spacing--40);padding-bottom:var(--wp--preset--spacing--40);font-size:25px;font-style:normal;font-weight:600\">Escenarios de uso para el perfil curvado de LED para techo pre-embebido<\/h2>\n\n\n\n<ul class=\"wp-block-list\">\n<li>Revelaciones arquitect\u00f3nicas: Use luz suave y elegante para resaltar las transiciones entre paredes y techos.<\/li>\n\n\n\n<li>Paredes curvas con retroiluminaci\u00f3n: Cree paredes ambientales suaves para hoteles, tiendas o casas modernas.<\/li>\n\n\n\n<li>Para negocios y hogares: Ideal para lugares de trabajo, centros comerciales, hoteles y casas de alta gama.<\/li>\n<\/ul>\n<\/div><\/div>\n\n\n\n<div class=\"wp-block-group\" style=\"padding-top:var(--wp--preset--spacing--80);padding-bottom:var(--wp--preset--spacing--80)\"><div class=\"wp-block-group__inner-container is-layout-constrained wp-block-group-is-layout-constrained\">\n<h2 class=\"wp-block-heading\" style=\"padding-top:var(--wp--preset--spacing--40);padding-bottom:var(--wp--preset--spacing--40);font-size:25px;font-style:normal;font-weight:600;text-transform:capitalize\">Productos relacionados para sistemas de iluminaci\u00f3n mejorados<\/h2>\n\n\n\n<ul class=\"wp-block-list\">\n<li><a href=\"https:\/\/tangooled.com\/es\/product\/black-led-diffuser-aluminum-channel-for-12mm-tape-lights\/\"><mark style=\"background-color:rgba(0, 0, 0, 0)\" class=\"has-inline-color has-vivid-red-color\">Canal de aluminio difusor LED negro para luces de cinta de 12mm<\/mark><\/a><\/li>\n\n\n\n<li><a href=\"https:\/\/tangooled.com\/es\/product\/led-strip-light-channel-aluminum-profile-with-diffused-cover-6mm-height\/\"><mark style=\"background-color:rgba(0, 0, 0, 0)\" class=\"has-inline-color has-vivid-red-color\">Perfil de aluminio para tira LED con cubierta difusora de 6mm de altura<\/mark><\/a><\/li>\n\n\n\n<li><a href=\"https:\/\/tangooled.com\/es\/product\/surface-mount-led-profile-with-frosted-diffuser-for-10mm-rope-lights\/\"><mark style=\"background-color:rgba(0, 0, 0, 0)\" class=\"has-inline-color has-vivid-red-color\">Perfil LED de montaje en superficie con difusor mate para luces de cuerda de 10mm<\/mark><\/a><\/li>\n<\/ul>\n\n\n\n<p>Estos perfiles complementan las instalaciones de canal LED oculto drywall al proporcionar acabados y estilos coincidentes para iluminaci\u00f3n de montaje en superficie y transici\u00f3n.<\/p>\n<\/div><\/div>\n\n\n\n<div class=\"wp-block-group has-background\" style=\"background-color:#f1f1f1;padding-top:var(--wp--preset--spacing--80);padding-bottom:var(--wp--preset--spacing--80)\"><div class=\"wp-block-group__inner-container is-layout-constrained wp-block-group-is-layout-constrained\">\n<p>Nuestro perfil curvado de LED para techo pre-embebido tiene una iluminaci\u00f3n elegante, fuerte y discreta que har\u00e1 que sus techos y paredes curvados cobren vida. Este canal LED oculto para drywall le permite construir l\u00edneas de luz que fluyen con su dise\u00f1o sin ning\u00fan espacio.<\/p>\n<\/div><\/div>\n\n\n\n<p><\/p>","protected":false},"featured_media":13789,"template":"","meta":{"_acf_changed":true,"_seopress_robots_primary_cat":"none","_seopress_titles_title":"Curved Pre-embedded LED Profile | Hidden Drywall Channel DWP17","_seopress_titles_desc":"The DWP17 is a pre-embedded ceiling curved led profile for creating seamless fluid light lines. This hidden drywall led channel blends into organic architectural shapes for a perfect trimless finish.","_seopress_robots_index":""},"pcb-width":[228],"product-cat":[197],"class_list":{"0":"post-42655","1":"product","2":"type-product","3":"status-publish","4":"has-post-thumbnail","6":"pcb-width-6-12mm","7":"product-cat-plaster-in-profile"},"acf":[],"_links":{"self":[{"href":"https:\/\/tangooled.com\/es\/wp-json\/wp\/v2\/product\/42655","targetHints":{"allow":["GET"]}}],"collection":[{"href":"https:\/\/tangooled.com\/es\/wp-json\/wp\/v2\/product"}],"about":[{"href":"https:\/\/tangooled.com\/es\/wp-json\/wp\/v2\/types\/product"}],"wp:featuredmedia":[{"embeddable":true,"href":"https:\/\/tangooled.com\/es\/wp-json\/wp\/v2\/media\/13789"}],"wp:attachment":[{"href":"https:\/\/tangooled.com\/es\/wp-json\/wp\/v2\/media?parent=42655"}],"wp:term":[{"taxonomy":"pcb-width","embeddable":true,"href":"https:\/\/tangooled.com\/es\/wp-json\/wp\/v2\/pcb-width?post=42655"},{"taxonomy":"product-cat","embeddable":true,"href":"https:\/\/tangooled.com\/es\/wp-json\/wp\/v2\/product-cat?post=42655"}],"curies":[{"name":"wp","href":"https:\/\/api.w.org\/{rel}","templated":true}]}}