{"id":42653,"date":"2025-12-23T06:02:26","date_gmt":"2025-12-23T14:02:26","guid":{"rendered":"https:\/\/tangooled.com\/?post_type=product&#038;p=42653"},"modified":"2026-01-27T21:08:34","modified_gmt":"2026-01-28T05:08:34","slug":"trimless-drywall-led-channel-for-15mm-led-strip-lights","status":"publish","type":"product","link":"https:\/\/tangooled.com\/es\/product\/trimless-drywall-led-channel-for-15mm-led-strip-lights\/","title":{"rendered":"Canal LED sin marco para tiras LED de 15 mm"},"content":{"rendered":"<div class=\"wp-block-group is-vertical is-layout-flex wp-container-core-group-is-layout-d255d7c4 wp-block-group-is-layout-flex\" style=\"padding-top:var(--wp--preset--spacing--80);padding-bottom:var(--wp--preset--spacing--80)\">\n<p>Nuestro canal LED para tablaroca sin marco est\u00e1 hecho para luces LED de tira de 15 mm y te ayudar\u00e1 a encontrar la l\u00ednea de luz limpia adecuada. Este perfil LED enyesado es f\u00e1cil de instalar directamente en tablaroca o paneles de yeso, dando a tu iluminaci\u00f3n un aspecto moderno y minimalista sin bordes o marcos visibles. El DWP16 tiene un ancho de 61.7 mm de brida a brida y una altura total de 13.6 mm. La cavidad interna, que tiene 20.9 mm de ancho y est\u00e1 hecha para tiras LED, est\u00e1 cubierta por un difusor curvado que tiene 28.8 mm de ancho. Una vez instalado y enyesado, el perfil queda perfectamente plano, proporcionando un haz de luz amplio y uniforme que parece venir directamente de la pared o el techo. Esta opci\u00f3n de iluminaci\u00f3n discreta es excelente para hogares modernos y empresas que desean a\u00f1adir a su arquitectura.<\/p>\n<\/div>\n\n\n\n<div class=\"wp-block-group has-background\" style=\"background-color:#f1f1f1;padding-top:var(--wp--preset--spacing--80);padding-bottom:var(--wp--preset--spacing--80)\"><div class=\"wp-block-group__inner-container is-layout-constrained wp-block-group-is-layout-constrained\">\n<div class=\"wp-block-group is-vertical is-layout-flex wp-container-core-group-is-layout-8cf370e7 wp-block-group-is-layout-flex\">\n<h2 class=\"wp-block-heading\" style=\"padding-top:var(--wp--preset--spacing--40);padding-bottom:var(--wp--preset--spacing--40);font-size:25px;font-style:normal;font-weight:600;text-transform:capitalize\">\u00bfPor qu\u00e9 elegir nuestro canal LED para tablaroca sin marco?<\/h2>\n\n\n\n<ul class=\"wp-block-list\">\n<li>Instalaci\u00f3n sin marco: Las bridas enyesadas te permiten enyesar directamente sobre el perfil. Sin bordes. Sin marcos visibles. Parece una l\u00ednea clara y recta de luz que est\u00e1 integrada en la pared o el techo.<\/li>\n\n\n\n<li>Compatible con tiras LED de 15 mm: El espacio es lo suficientemente grande para alojar tiras LED potentes y de alto rendimiento, incluidas alternativas inteligentes como Philips Hue o tiras LED COB de doble fila.<\/li>\n\n\n\n<li>Materiales de alta calidad: Hecho de aluminio anodizado 6063-T5, lo que ayuda a enfriarse r\u00e1pidamente. Mantiene tus LEDs frescos para que duren m\u00e1s.<\/li>\n\n\n\n<li>Iluminaci\u00f3n sin puntos: El difusor de policarbonato esmerilado (PC) hace que la luz sea suave y uniforme, sin deslumbramiento ni puntos.<\/li>\n\n\n\n<li>F\u00e1cil de cortar e instalar: Utiliza una sierra para cambiar la longitud, atorn\u00edllalo a los montantes de tablaroca o al marco, enyesa sobre \u00e9l, lija y pinta.<\/li>\n\n\n\n<li>Se puede usar para muchas cosas: perfecto para acentos arquitect\u00f3nicos, iluminaci\u00f3n de coves, iluminaci\u00f3n de tarea e iluminaci\u00f3n indirecta en hogares, lugares de trabajo, tiendas y hoteles.<\/li>\n<\/ul>\n<\/div>\n<\/div><\/div>\n\n\n\n<div class=\"wp-block-group is-vertical is-layout-flex wp-container-core-group-is-layout-d255d7c4 wp-block-group-is-layout-flex\" style=\"padding-top:var(--wp--preset--spacing--80);padding-bottom:var(--wp--preset--spacing--80)\">\n<hr class=\"wp-block-separator has-alpha-channel-opacity\"\/>\n\n\n\n<div class=\"wp-block-media-text has-media-on-the-right is-stacked-on-mobile\" style=\"grid-template-columns:auto 40%\"><div class=\"wp-block-media-text__content\">\n<h2 class=\"wp-block-heading\" style=\"padding-top:var(--wp--preset--spacing--40);padding-bottom:var(--wp--preset--spacing--40);font-size:25px;font-style:normal;font-weight:600;text-transform:capitalize\">Consejos de instalaci\u00f3n y cuidado<\/h2>\n\n\n\n<ul class=\"wp-block-list\">\n<li>Usa una sierra de dientes finos para cortar el canal de aluminio y el difusor al tama\u00f1o correcto.<\/li>\n\n\n\n<li>Usa tornillos para fijarlo a los montantes o al marco resistente.<\/li>\n\n\n\n<li>Aplica masa para tablaroca en las bridas que tienen agujeros en ellas.<\/li>\n\n\n\n<li>Despu\u00e9s de que se seque, lija suavemente y pinta para que coincida con las paredes o el techo.<\/li>\n\n\n\n<li>Coloca las luces LED en las tiras, con\u00e9ctalas y \u00a1disfruta!<\/li>\n<\/ul>\n<\/div><figure class=\"wp-block-media-text__media\"><img loading=\"lazy\" decoding=\"async\" width=\"500\" height=\"500\" src=\"https:\/\/tangooled.com\/wp-content\/uploads\/2025\/12\/dwp16-ins.webp\" alt=\"trimless drywall led channel for 15mm led strip lights\" class=\"wp-image-42919 size-full\" srcset=\"https:\/\/tangooled.com\/wp-content\/uploads\/2025\/12\/dwp16-ins.webp 500w, https:\/\/tangooled.com\/wp-content\/uploads\/2025\/12\/dwp16-ins-300x300.webp 300w, https:\/\/tangooled.com\/wp-content\/uploads\/2025\/12\/dwp16-ins-150x150.webp 150w\" sizes=\"auto, (max-width: 500px) 100vw, 500px\" \/><\/figure><\/div>\n<\/div>\n\n\n\n<div class=\"wp-block-group has-background\" style=\"background-color:#f1f1f1f2;padding-top:var(--wp--preset--spacing--80);padding-bottom:var(--wp--preset--spacing--80)\"><div class=\"wp-block-group__inner-container is-layout-constrained wp-block-group-is-layout-constrained\">\n<h2 class=\"wp-block-heading\" style=\"padding-top:var(--wp--preset--spacing--40);padding-bottom:var(--wp--preset--spacing--40);font-size:25px;font-style:normal;font-weight:600\">C\u00f3mo puedes usar este canal LED para tablaroca sin marco<\/h2>\n\n\n\n<ul class=\"wp-block-list\">\n<li>Iluminaci\u00f3n arquitect\u00f3nica: Crea l\u00edneas de luz limpias y n\u00edtidas que desaparecen en paredes y techos. Ideal para un dise\u00f1o moderno y limpio.<\/li>\n\n\n\n<li>Integraci\u00f3n en paredes y techos: Inst\u00e1lalo en tablaroca para un montaje a ras que oculta el accesorio de luz y solo muestra la luz.<\/li>\n\n\n\n<li>Iluminaci\u00f3n ambiental y de tarea: ideal para \u00e1reas de estar, cocinas, pasillos, oficinas y tiendas.<\/li>\n\n\n\n<li>Iluminaci\u00f3n decorativa de pared: Puedes instalarlo vertical u horizontalmente para ba\u00f1ar superficies rugosas con luz suave.<\/li>\n\n\n\n<li>Iluminaci\u00f3n de coves y sof\u00e1s: Para una excelente iluminaci\u00f3n indirecta, oculta completamente la fuente de luz.<\/li>\n<\/ul>\n<\/div><\/div>\n\n\n\n<div class=\"wp-block-group is-vertical is-layout-flex wp-container-core-group-is-layout-d255d7c4 wp-block-group-is-layout-flex\" style=\"padding-top:var(--wp--preset--spacing--80);padding-bottom:var(--wp--preset--spacing--80)\">\n<h2 class=\"wp-block-heading\" style=\"padding-top:var(--wp--preset--spacing--40);padding-bottom:var(--wp--preset--spacing--40);font-size:25px;font-style:normal;font-weight:600;text-transform:capitalize\">Productos relacionados y enlaces<\/h2>\n\n\n\n<ul class=\"wp-block-list\">\n<li>Echa un vistazo a la <a href=\"https:\/\/tangooled.com\/es\/product\/black-led-diffuser-aluminum-channel-for-12mm-tape-lights\/\"><mark style=\"background-color:rgba(0, 0, 0, 0)\" class=\"has-inline-color has-vivid-red-color\">canal de aluminio difusor LED negro para luces de cinta de 12 mm<\/mark><\/a> para tiras m\u00e1s peque\u00f1as.<\/li>\n\n\n\n<li>Explora la <a href=\"https:\/\/tangooled.com\/es\/product\/surface-mount-led-profile-with-frosted-diffuser-for-10mm-rope-lights\/\"><mark style=\"background-color:rgba(0, 0, 0, 0)\" class=\"has-inline-color has-vivid-red-color\">perfil LED de montaje superficial con difusor esmerilado para luces de cuerda de 10 mm<\/mark><\/a> si se necesita instalaci\u00f3n en superficie.<\/li>\n\n\n\n<li>Ver el <a href=\"https:\/\/tangooled.com\/es\/product\/22x15mm-led-light-channel-aluminum-extrusion-for-flexible-strips\/\"><mark style=\"background-color:rgba(0, 0, 0, 0)\" class=\"has-inline-color has-vivid-red-color\">Canal de luz LED de aluminio de 22x15mm para tiras flexibles<\/mark><\/a> para opciones de extrusi\u00f3n alternativas.<\/li>\n\n\n\n<li>Complementa tu instalaci\u00f3n con<mark style=\"background-color:rgba(0, 0, 0, 0)\" class=\"has-inline-color has-vivid-red-color\"> <a href=\"https:\/\/tangooled.com\/es\/product\/aluminum-u-channel-with-curved-led-diffuser-inner-16mm\/\">canal de aluminio en forma de U con difusor LED curvado interior de 16 mm<\/a> <\/mark>para l\u00edneas de luz curvadas.<\/li>\n\n\n\n<li>Si buscas un dise\u00f1o sin marco para techos, consulta <a href=\"https:\/\/tangooled.com\/es\/product\/flush-mount-22mm-groove-use-aluminum-drywall-led-channel\/\"><mark style=\"background-color:rgba(0, 0, 0, 0)\" class=\"has-inline-color has-vivid-red-color\">canal LED de tablaroca de aluminio para uso de ranura de 22 mm a ras<\/mark><\/a>.<\/li>\n<\/ul>\n<\/div>\n\n\n\n<div class=\"wp-block-group\" style=\"padding-top:0;padding-bottom:0\"><div class=\"wp-block-group__inner-container is-layout-constrained wp-block-group-is-layout-constrained\">\n<p>Obt\u00e9n un canal LED para tablaroca sin marco hoy y transforma la apariencia de tu habitaci\u00f3n con iluminaci\u00f3n limpia, moderna y arquitect\u00f3nica. Ideal para aquellas personas que prefieren una luz pura y sin marcos visibles.<\/p>\n<\/div><\/div>\n\n\n\n<p><\/p>","protected":false},"featured_media":13783,"template":"","meta":{"_acf_changed":true,"_seopress_robots_primary_cat":"none","_seopress_titles_title":"Trimless Drywall LED Channel | Wide 15mm Strip Housing DWP16","_seopress_titles_desc":"The DWP16 is a high-performance trimless drywall led channel optimized for 15mm led strip lights. Create a flawless, integrated linear light finish in plasterboards and ceilings.","_seopress_robots_index":""},"pcb-width":[229],"product-cat":[197],"class_list":{"0":"post-42653","1":"product","2":"type-product","3":"status-publish","4":"has-post-thumbnail","6":"pcb-width-15-20mm","7":"product-cat-plaster-in-profile"},"acf":[],"_links":{"self":[{"href":"https:\/\/tangooled.com\/es\/wp-json\/wp\/v2\/product\/42653","targetHints":{"allow":["GET"]}}],"collection":[{"href":"https:\/\/tangooled.com\/es\/wp-json\/wp\/v2\/product"}],"about":[{"href":"https:\/\/tangooled.com\/es\/wp-json\/wp\/v2\/types\/product"}],"wp:featuredmedia":[{"embeddable":true,"href":"https:\/\/tangooled.com\/es\/wp-json\/wp\/v2\/media\/13783"}],"wp:attachment":[{"href":"https:\/\/tangooled.com\/es\/wp-json\/wp\/v2\/media?parent=42653"}],"wp:term":[{"taxonomy":"pcb-width","embeddable":true,"href":"https:\/\/tangooled.com\/es\/wp-json\/wp\/v2\/pcb-width?post=42653"},{"taxonomy":"product-cat","embeddable":true,"href":"https:\/\/tangooled.com\/es\/wp-json\/wp\/v2\/product-cat?post=42653"}],"curies":[{"name":"wp","href":"https:\/\/api.w.org\/{rel}","templated":true}]}}