{"id":42651,"date":"2025-12-23T05:59:15","date_gmt":"2025-12-23T13:59:15","guid":{"rendered":"https:\/\/tangooled.com\/?post_type=product&#038;p=42651"},"modified":"2026-02-01T22:35:57","modified_gmt":"2026-02-02T06:35:57","slug":"plaster-in-led-profile-2m-3m-for-gypsum-ceiling-recessed","status":"publish","type":"product","link":"https:\/\/tangooled.com\/es\/product\/plaster-in-led-profile-2m-3m-for-gypsum-ceiling-recessed\/","title":{"rendered":"perfil LED empotrado en yeso de 2m &#038; 3m para techo de yeso"},"content":{"rendered":"<div class=\"wp-block-group is-vertical is-layout-flex wp-container-core-group-is-layout-d255d7c4 wp-block-group-is-layout-flex\" style=\"padding-top:var(--wp--preset--spacing--80);padding-bottom:var(--wp--preset--spacing--80)\">\n<p>Ofrecemos perfiles LED empotrados en yeso de 2m y&nbsp;de 3m como opciones.&nbsp;Estos canales profesionales de aluminio est\u00e1n dise\u00f1ados para ser instalados en \u00e1reas empotradas en paredes y techos de yeso. Est\u00e1n hechos para proporcionar un acabado completamente liso, limpio y sin bordes. El perfil tiene alas especiales que son cubiertas durante la instalaci\u00f3n. Esto oculta toda la estructura de aluminio&nbsp;y la tira de luz LED que est\u00e1 integrada. Este enfoque inteligente de empotramiento asegura que solo se vea la luz suave, uniforme y sin puntos. Crea un aspecto elegante y moderno sin bordes u protuberancias evidentes.<\/p>\n<\/div>\n\n\n\n<div class=\"wp-block-group has-background is-vertical is-layout-flex wp-container-core-group-is-layout-d255d7c4 wp-block-group-is-layout-flex\" style=\"background-color:#f1f1f1;padding-top:var(--wp--preset--spacing--80);padding-bottom:var(--wp--preset--spacing--80)\">\n<div class=\"wp-block-group is-vertical is-layout-flex wp-container-core-group-is-layout-8cf370e7 wp-block-group-is-layout-flex\">\n<h2 class=\"wp-block-heading\" style=\"padding-top:var(--wp--preset--spacing--40);padding-bottom:var(--wp--preset--spacing--40);font-size:25px;font-style:normal;font-weight:600;text-transform:capitalize\">\u00bfPor qu\u00e9 usar nuestro perfil LED empotrado de 2m o 3m?<\/h2>\n\n\n\n<ul class=\"wp-block-list\">\n<li>Hecho para ser montado en techos y paredes para que queden al ras y lisos.<\/li>\n\n\n\n<li>Tiene alas que sostienen el yeso para un acabado al ras y liso.<\/li>\n\n\n\n<li>Works with various LED strip lights that are 10\u201315mm wide.<\/li>\n\n\n\n<li>Disponible en dos longitudes: 2 metros y 3 metros.<\/li>\n\n\n\n<li>Hecho de robusto aluminio 6063 T5 que puede soportar el calor.<\/li>\n\n\n\n<li>Hecho de fuerte aluminio 6063 T5 que puede soportar el calor.&nbsp;<\/li>\n\n\n\n<li>Viene con un difusor de policarbonato esmerilado que hace que la luz sea suave y sin puntos.<\/li>\n<\/ul>\n<\/div>\n<\/div>\n\n\n\n<div class=\"wp-block-group is-vertical is-layout-flex wp-container-core-group-is-layout-d255d7c4 wp-block-group-is-layout-flex\" style=\"padding-top:var(--wp--preset--spacing--80);padding-bottom:var(--wp--preset--spacing--80)\">\n<hr class=\"wp-block-separator has-alpha-channel-opacity\"\/>\n\n\n\n<div class=\"wp-block-media-text has-media-on-the-right is-stacked-on-mobile\" style=\"grid-template-columns:auto 40%\"><div class=\"wp-block-media-text__content\">\n<h2 class=\"wp-block-heading\" style=\"padding-top:var(--wp--preset--spacing--40);padding-bottom:var(--wp--preset--spacing--40);font-size:25px;font-style:normal;font-weight:600;text-transform:capitalize\">C\u00f3mo usar<\/h2>\n\n\n\n<p>Our plaster-in led profile&nbsp;2m or 3m fits into a groove created in your gypsum ceiling. Once you&#8217;ve screwed the profile into place:<\/p>\n\n\n\n<ul class=\"wp-block-list\">\n<li>Coloca yeso en las alas.<\/li>\n\n\n\n<li>Haz que el yeso est\u00e9 liso para un acabado al ras.<\/li>\n\n\n\n<li>Coloca una tira de LED de alta calidad.<\/li>\n\n\n\n<li>Coloca el difusor opalino en su lugar.<\/li>\n\n\n\n<li>Enciende tu l\u00ednea de iluminaci\u00f3n LED limpia y suave.<\/li>\n<\/ul>\n<\/div><figure class=\"wp-block-media-text__media\"><img loading=\"lazy\" decoding=\"async\" width=\"500\" height=\"500\" src=\"https:\/\/tangooled.com\/wp-content\/uploads\/2025\/12\/dwp15-ins.webp\" alt=\"plaster in led profile 2m &amp; 3m for gypsum ceiling recessed\" class=\"wp-image-42914 size-full\" srcset=\"https:\/\/tangooled.com\/wp-content\/uploads\/2025\/12\/dwp15-ins.webp 500w, https:\/\/tangooled.com\/wp-content\/uploads\/2025\/12\/dwp15-ins-300x300.webp 300w, https:\/\/tangooled.com\/wp-content\/uploads\/2025\/12\/dwp15-ins-150x150.webp 150w\" sizes=\"auto, (max-width: 500px) 100vw, 500px\" \/><\/figure><\/div>\n<\/div>\n\n\n\n<div class=\"wp-block-group has-background is-vertical is-layout-flex wp-container-core-group-is-layout-b429018a wp-block-group-is-layout-flex\" style=\"background-color:#f1f1f1f2;padding-top:var(--wp--preset--spacing--70);padding-bottom:var(--wp--preset--spacing--70)\">\n<h2 class=\"wp-block-heading\" style=\"padding-top:var(--wp--preset--spacing--40);padding-bottom:var(--wp--preset--spacing--40);font-size:25px;font-style:normal;font-weight:600\">Ideal para estos lugares<\/h2>\n\n\n\n<ul class=\"wp-block-list\">\n<li>Hogares: Iluminaci\u00f3n en salas de estar, cocinas y pasillos.<\/li>\n\n\n\n<li>Oficinas: Iluminaci\u00f3n en el techo o paredes que es moderna.<\/li>\n\n\n\n<li>Hoteles y tiendas: Usa luces n\u00edtidas y sin bordes para mostrar tu marca.<\/li>\n\n\n\n<li>Proyectos en arquitectura: Llama la atenci\u00f3n sobre techos, esquinas y recovecos.<\/li>\n\n\n\n<li>Iluminaci\u00f3n de tareas: Lugares donde una buena luz es importante, como cocinas y espacios de trabajo.<\/li>\n<\/ul>\n<\/div>\n\n\n\n<div class=\"wp-block-group is-vertical is-layout-flex wp-container-core-group-is-layout-d255d7c4 wp-block-group-is-layout-flex\" style=\"padding-top:var(--wp--preset--spacing--80);padding-bottom:var(--wp--preset--spacing--80)\">\n<h2 class=\"wp-block-heading\" style=\"padding-top:var(--wp--preset--spacing--40);padding-bottom:var(--wp--preset--spacing--40);font-size:25px;font-style:normal;font-weight:600;text-transform:capitalize\">Aprender m\u00e1s sobre productos relacionados<\/h2>\n\n\n\n<ul class=\"wp-block-list\">\n<li>Consulta esto <a href=\"https:\/\/tangooled.com\/es\/product\/black-led-profile-with-black-diffuser-for-10mm-led-strip-light\/\"><mark style=\"background-color:rgba(0, 0, 0, 0)\" class=\"has-inline-color has-vivid-red-color\">perfil LED negro con difusor negro para tira LED de 10 mm <\/mark><\/a>para accesorios a juego.<\/li>\n\n\n\n<li>Explora la <a href=\"https:\/\/tangooled.com\/es\/product\/25x14m-surface-mounted-led-light-aluminum-profile\/\"><mark style=\"background-color:rgba(0, 0, 0, 0)\" class=\"has-inline-color has-vivid-red-color\">Perfil de aluminio LED montado en superficie de 25x14m para montaje en superficie<\/mark><\/a> opciones.<\/li>\n\n\n\n<li>\u00bfNecesitas un perfil m\u00e1s peque\u00f1o con baja altura? Prueba nuestro <a href=\"https:\/\/tangooled.com\/es\/product\/led-strip-light-channel-aluminum-profile-with-diffused-cover-6mm-height\/\"><mark style=\"background-color:rgba(0, 0, 0, 0)\" class=\"has-inline-color has-vivid-red-color\">Perfil de aluminio para canal de luz LED con cubierta difusa de 6 mm de altura<\/mark><\/a>.<\/li>\n<\/ul>\n<\/div>\n\n\n\n<div class=\"wp-block-group has-background\" style=\"background-color:#f1f1f1;padding-top:var(--wp--preset--spacing--80);padding-bottom:var(--wp--preset--spacing--80)\"><div class=\"wp-block-group__inner-container is-layout-constrained wp-block-group-is-layout-constrained\">\n<h2 class=\"wp-block-heading\" style=\"padding-top:var(--wp--preset--spacing--40);padding-bottom:var(--wp--preset--spacing--40);font-size:25px;font-style:normal;font-weight:600;text-transform:capitalize\">palabras finales<\/h2>\n\n\n\n<p style=\"padding-right:var(--wp--preset--spacing--50);padding-left:var(--wp--preset--spacing--50)\">Para tu pr\u00f3ximo proyecto de instalaci\u00f3n de iluminaci\u00f3n empotrada en un techo de yeso, elige el perfil LED empotrado de 2m o de 3m. Disfruta de un acabado liso y al ras que perdura y de una luz suave fant\u00e1stica. Los perfiles de aluminio empotrados sin bordes est\u00e1n hechos tanto para profesionales como para dise\u00f1adores de interiores. Har\u00e1n que tu espacio sea moderno, brillante y hermoso.<\/p>\n<\/div><\/div>\n\n\n\n<p><\/p>","protected":false},"featured_media":13779,"template":"","meta":{"_acf_changed":true,"_seopress_robots_primary_cat":"none","_seopress_titles_title":"Plaster-in LED Profile 2m & 3m | Recessed Gypsum Ceiling Channel DWP15","_seopress_titles_desc":"The DWP15 is a professional plaster-in led profile available in 2m and 3m lengths. Designed for recessed gypsum ceiling installation, this trimless channel ensures a seamless linear light finish for large-scale projects.","_seopress_robots_index":""},"pcb-width":[229],"product-cat":[197],"class_list":{"0":"post-42651","1":"product","2":"type-product","3":"status-publish","4":"has-post-thumbnail","6":"pcb-width-15-20mm","7":"product-cat-plaster-in-profile"},"acf":[],"_links":{"self":[{"href":"https:\/\/tangooled.com\/es\/wp-json\/wp\/v2\/product\/42651","targetHints":{"allow":["GET"]}}],"collection":[{"href":"https:\/\/tangooled.com\/es\/wp-json\/wp\/v2\/product"}],"about":[{"href":"https:\/\/tangooled.com\/es\/wp-json\/wp\/v2\/types\/product"}],"wp:featuredmedia":[{"embeddable":true,"href":"https:\/\/tangooled.com\/es\/wp-json\/wp\/v2\/media\/13779"}],"wp:attachment":[{"href":"https:\/\/tangooled.com\/es\/wp-json\/wp\/v2\/media?parent=42651"}],"wp:term":[{"taxonomy":"pcb-width","embeddable":true,"href":"https:\/\/tangooled.com\/es\/wp-json\/wp\/v2\/pcb-width?post=42651"},{"taxonomy":"product-cat","embeddable":true,"href":"https:\/\/tangooled.com\/es\/wp-json\/wp\/v2\/product-cat?post=42651"}],"curies":[{"name":"wp","href":"https:\/\/api.w.org\/{rel}","templated":true}]}}