{"id":42649,"date":"2025-12-23T05:56:05","date_gmt":"2025-12-23T13:56:05","guid":{"rendered":"https:\/\/tangooled.com\/?post_type=product&#038;p=42649"},"modified":"2026-01-27T21:04:35","modified_gmt":"2026-01-28T05:04:35","slug":"inner-25mm-width-led-drywall-corner-profile-for-down-direction-lighting","status":"publish","type":"product","link":"https:\/\/tangooled.com\/es\/product\/inner-25mm-width-led-drywall-corner-profile-for-down-direction-lighting\/","title":{"rendered":"perfil de esquina de yeso LED de 25 mm de ancho interno para iluminaci\u00f3n en direcci\u00f3n hacia abajo"},"content":{"rendered":"<div class=\"wp-block-group is-vertical is-layout-flex wp-container-core-group-is-layout-d255d7c4 wp-block-group-is-layout-flex\" style=\"padding-top:var(--wp--preset--spacing--80);padding-bottom:var(--wp--preset--spacing--80)\">\n<p>Our 25mm inner width LED drywall profile is a smart and stylish solution for recessed corner lighting. It fits well in the corners of drywall or gypsum and makes wonderful light lines. It&#8217;s good for professionals and DIYers. The trimless corner lighting effect from this drywall corner light channel goes well with your walls. Instead of huge frames or trimmings, you&#8217;ll see beautiful light coming from a large, strong aluminum\u00a0housing with no dots. The profile&#8217;s shape\u00a0makes it reflect light down and away from the corner. This makes directional downlighting that works well for wall grazing, accent lighting, or gentle ambient lighting in living rooms, hotels, businesses, or stores.<\/p>\n<\/div>\n\n\n\n<div class=\"wp-block-group has-background is-vertical is-layout-flex wp-container-core-group-is-layout-d255d7c4 wp-block-group-is-layout-flex\" style=\"background-color:#f1f1f1;padding-top:var(--wp--preset--spacing--80);padding-bottom:var(--wp--preset--spacing--80)\">\n<div class=\"wp-block-group is-vertical is-layout-flex wp-container-core-group-is-layout-8cf370e7 wp-block-group-is-layout-flex\">\n<h2 class=\"wp-block-heading\" style=\"padding-top:var(--wp--preset--spacing--40);padding-bottom:var(--wp--preset--spacing--40);font-size:25px;font-style:normal;font-weight:600;text-transform:capitalize\">\u00bfPor qu\u00e9 elegir nuestro perfil de yeso LED de 25 mm de ancho interno?<\/h2>\n\n\n\n<ul class=\"wp-block-list\">\n<li>Dise\u00f1o sin moldura, empotrado: Se conecta a las esquinas de los paneles de yeso con un marco oculto para un acabado suave y limpio.<\/li>\n\n\n\n<li>Inner\u00a025mm wide\u00a0channel: This lets you use high-output LED tape to make the light brighter because it fits wide LED strips.<\/li>\n\n\n\n<li>Direcci\u00f3n de luz hacia abajo: La luz angulada ba\u00f1a las paredes perfectamente y emite un agradable resplandor sin ser demasiado brillante.<\/li>\n\n\n\n<li>material resistente: El aluminio anodizado 6063-T5 es fuerte y dura mucho tiempo mientras permite que el calor se escape f\u00e1cilmente.<\/li>\n\n\n\n<li>Salida de luz suave: El difusor opalino asegura que la luz se distribuya de manera uniforme, por lo que no hay puntos oscuros.<\/li>\n<\/ul>\n<\/div>\n<\/div>\n\n\n\n<div class=\"wp-block-group is-vertical is-layout-flex wp-container-core-group-is-layout-d255d7c4 wp-block-group-is-layout-flex\" style=\"padding-top:var(--wp--preset--spacing--80);padding-bottom:var(--wp--preset--spacing--80)\">\n<hr class=\"wp-block-separator has-alpha-channel-opacity\"\/>\n\n\n\n<div class=\"wp-block-media-text has-media-on-the-right is-stacked-on-mobile\" style=\"grid-template-columns:auto 40%\"><div class=\"wp-block-media-text__content\">\n<h2 class=\"wp-block-heading\" style=\"padding-top:var(--wp--preset--spacing--40);padding-bottom:var(--wp--preset--spacing--40);font-size:25px;font-style:normal;font-weight:600;text-transform:capitalize\">F\u00e1cil de instalar y usar<\/h2>\n\n\n\n<ul class=\"wp-block-list\">\n<li>Fits standard drywall thickness, so it&#8217;s easy to put up on walls and ceilings.\u00a0<\/li>\n\n\n\n<li>Dispone de flanges para yeso con orificios que le permiten aplicar yeso y enlucido sobre ellos para un acabado suave.<\/li>\n\n\n\n<li>El difusor opalino a presi\u00f3n suaviza y nivela la luz y oculta los puntos LED.\u00a0<\/li>\n\n\n\n<li>Puede recortarlo a medida en el lugar utilizando una sierra de inglete.<\/li>\n\n\n\n<li>Funciona con muchas cintas de luces LED, como RGB, de alto CRI y tiras regulables.<\/li>\n<\/ul>\n<\/div><figure class=\"wp-block-media-text__media\"><img loading=\"lazy\" decoding=\"async\" width=\"500\" height=\"500\" src=\"https:\/\/tangooled.com\/wp-content\/uploads\/2025\/12\/dwp14-ins.webp\" alt=\"perfil de esquina de yeso LED de 25 mm de ancho interno para iluminaci\u00f3n en direcci\u00f3n hacia abajo\" class=\"wp-image-42904 size-full\" srcset=\"https:\/\/tangooled.com\/wp-content\/uploads\/2025\/12\/dwp14-ins.webp 500w, https:\/\/tangooled.com\/wp-content\/uploads\/2025\/12\/dwp14-ins-300x300.webp 300w, https:\/\/tangooled.com\/wp-content\/uploads\/2025\/12\/dwp14-ins-150x150.webp 150w\" sizes=\"auto, (max-width: 500px) 100vw, 500px\" \/><\/figure><\/div>\n<\/div>\n\n\n\n<div class=\"wp-block-group has-background\" style=\"background-color:#f1f1f1f2;padding-top:var(--wp--preset--spacing--80);padding-bottom:var(--wp--preset--spacing--80)\"><div class=\"wp-block-group__inner-container is-layout-constrained wp-block-group-is-layout-constrained\">\n<h2 class=\"wp-block-heading\" style=\"padding-top:var(--wp--preset--spacing--40);padding-bottom:var(--wp--preset--spacing--40);font-size:25px;font-style:normal;font-weight:600\">\u00bfD\u00f3nde puede usar este perfil?<\/h2>\n\n\n\n<ul class=\"wp-block-list\">\n<li>Coves de pared a techo: Las l\u00edneas de luz que flotan a lo largo de las paredes y techos hacen que los techos parezcan m\u00e1s altos.<\/li>\n\n\n\n<li>Esquinas verticales: La iluminaci\u00f3n que va del suelo al techo en esquinas verticales hace que la habitaci\u00f3n luzca m\u00e1s hermosa e interesante.<\/li>\n\n\n\n<li>stairwells and hallways: Safe light that doesn&#8217;t produce glare for lengthy hallways and staircases.<\/li>\n\n\n\n<li>Comercio minorista y hospitalidad: Use suaves acentos de luz para atraer la atenci\u00f3n a exhibiciones y detalles arquitect\u00f3nicos.\u00a0<\/li>\n<\/ul>\n<\/div><\/div>\n\n\n\n<div class=\"wp-block-group is-vertical is-layout-flex wp-container-core-group-is-layout-d255d7c4 wp-block-group-is-layout-flex\" style=\"padding-top:var(--wp--preset--spacing--80);padding-bottom:var(--wp--preset--spacing--80)\">\n<h2 class=\"wp-block-heading\" style=\"padding-top:var(--wp--preset--spacing--40);padding-bottom:var(--wp--preset--spacing--40);font-size:25px;font-style:normal;font-weight:600;text-transform:capitalize\">Explorar m\u00e1s perfiles<\/h2>\n\n\n\n<ul class=\"wp-block-list\">\n<li>Mira nuestro<mark style=\"background-color:rgba(0, 0, 0, 0)\" class=\"has-inline-color has-vivid-red-color\"> <a href=\"https:\/\/tangooled.com\/es\/product\/25x14m-surface-mounted-led-light-aluminum-profile\/\">Perfil de aluminio LED de montaje en superficie de 25x14mm<\/a><\/mark> para instalaciones en superficie.<\/li>\n\n\n\n<li>\u00bfNecesita un tama\u00f1o m\u00e1s peque\u00f1o? Vea el <a href=\"https:\/\/tangooled.com\/es\/product\/18x9mm-led-tape-light-profile-for-surface-installation\/\"><mark style=\"background-color:rgba(0, 0, 0, 0)\" class=\"has-inline-color has-vivid-red-color\">perfil de luz LED de 18x9 mm<\/mark><\/a> para configuraciones compactas.<\/li>\n\n\n\n<li>Para necesidades de iluminaci\u00f3n angulada, pruebe nuestro <a href=\"https:\/\/tangooled.com\/es\/product\/aluminum-profile-with-60-degree-lens-led-diffuser\/\"><mark style=\"background-color:rgba(0, 0, 0, 0)\" class=\"has-inline-color has-vivid-red-color\">perfil de aluminio con difusor LED de lente de 60 grados<\/mark><\/a>.<\/li>\n<\/ul>\n<\/div>\n\n\n\n<div class=\"wp-block-group has-background\" style=\"background-color:#f1f1f1;padding-top:var(--wp--preset--spacing--80);padding-bottom:var(--wp--preset--spacing--80)\"><div class=\"wp-block-group__inner-container is-layout-constrained wp-block-group-is-layout-constrained\">\n<h2 class=\"wp-block-heading\" style=\"padding-top:var(--wp--preset--spacing--40);padding-bottom:var(--wp--preset--spacing--40);font-size:25px;font-style:normal;font-weight:600;text-transform:capitalize\">resumen<\/h2>\n\n\n\n<p style=\"padding-right:var(--wp--preset--spacing--50);padding-left:var(--wp--preset--spacing--50)\">Nuestro perfil de esquina de yeso LED de 25 mm de ancho interno para iluminaci\u00f3n hacia abajo cambia la manera en que se siente su habitaci\u00f3n. Hace que cualquier cosa, desde la iluminaci\u00f3n arquitect\u00f3nica del hogar hasta instalaciones en comercio minorista y hospitalidad, luzca limpia y brillante. Esta es una excelente opci\u00f3n para cualquier instalaci\u00f3n de iluminaci\u00f3n empotrada en yeso porque es f\u00e1cil de montar y dura mucho tiempo.<\/p>\n<\/div><\/div>\n\n\n\n<p><\/p>","protected":false},"featured_media":13772,"template":"","meta":{"_acf_changed":true,"_seopress_robots_primary_cat":"none","_seopress_titles_title":"25mm Wide Drywall LED Profile | Downlight Corner Channel DWP14 | TANGOOLED","_seopress_titles_desc":"The DWP14 is a high-output 25mm inner width led drywall profile for down-direction corner lighting. Achieve a trimless, powerful linear glow at wall junctions with this wide aluminum channel.","_seopress_robots_index":""},"pcb-width":[230],"product-cat":[197],"class_list":{"0":"post-42649","1":"product","2":"type-product","3":"status-publish","4":"has-post-thumbnail","6":"pcb-width-20-25mm","7":"product-cat-plaster-in-profile"},"acf":[],"_links":{"self":[{"href":"https:\/\/tangooled.com\/es\/wp-json\/wp\/v2\/product\/42649","targetHints":{"allow":["GET"]}}],"collection":[{"href":"https:\/\/tangooled.com\/es\/wp-json\/wp\/v2\/product"}],"about":[{"href":"https:\/\/tangooled.com\/es\/wp-json\/wp\/v2\/types\/product"}],"wp:featuredmedia":[{"embeddable":true,"href":"https:\/\/tangooled.com\/es\/wp-json\/wp\/v2\/media\/13772"}],"wp:attachment":[{"href":"https:\/\/tangooled.com\/es\/wp-json\/wp\/v2\/media?parent=42649"}],"wp:term":[{"taxonomy":"pcb-width","embeddable":true,"href":"https:\/\/tangooled.com\/es\/wp-json\/wp\/v2\/pcb-width?post=42649"},{"taxonomy":"product-cat","embeddable":true,"href":"https:\/\/tangooled.com\/es\/wp-json\/wp\/v2\/product-cat?post=42649"}],"curies":[{"name":"wp","href":"https:\/\/api.w.org\/{rel}","templated":true}]}}