{"id":42647,"date":"2025-12-23T05:53:30","date_gmt":"2025-12-23T13:53:30","guid":{"rendered":"https:\/\/tangooled.com\/?post_type=product&#038;p=42647"},"modified":"2026-01-27T20:57:00","modified_gmt":"2026-01-28T04:57:00","slug":"inner-20mm-width-led-plaster-in-channel-profile","status":"publish","type":"product","link":"https:\/\/tangooled.com\/es\/product\/inner-20mm-width-led-plaster-in-channel-profile\/","title":{"rendered":"Perfil de yeso LED en canal de 20 mm de ancho interno"},"content":{"rendered":"<div class=\"wp-block-group is-vertical is-layout-flex wp-container-core-group-is-layout-d255d7c4 wp-block-group-is-layout-flex\" style=\"padding-top:var(--wp--preset--spacing--80);padding-bottom:var(--wp--preset--spacing--80)\">\n<p>El perfil de yeso LED de 20 mm de ancho interno emite una luz suave y clara. Este producto es perfecto para un aspecto moderno porque se adapta perfectamente a la pared de yeso o al panel de yeso, dejando un acabado limpio y sin molduras. Este&nbsp;canal DWP13&nbsp;es 23.1 mm de alto y 64.2 mm de ancho en sus alas. El compartimento interno tiene 20 mm de ancho y puede contener&nbsp;tiras LED t\u00edpicas de 9.8 mm de profundidad. Funciona con diversas tiras LED y emite mucha luz, lo que lo hace ideal para hogares, oficinas y comercios. La luz que emite es suave pero intensa, y se complementa bien con la arquitectura.<\/p>\n<\/div>\n\n\n\n<div class=\"wp-block-group has-background is-vertical is-layout-flex wp-container-core-group-is-layout-d255d7c4 wp-block-group-is-layout-flex\" style=\"background-color:#f1f1f1;padding-top:var(--wp--preset--spacing--80);padding-bottom:var(--wp--preset--spacing--80)\">\n<div class=\"wp-block-group is-vertical is-layout-flex wp-container-core-group-is-layout-8cf370e7 wp-block-group-is-layout-flex\">\n<h2 class=\"wp-block-heading\" style=\"padding-top:var(--wp--preset--spacing--40);padding-bottom:var(--wp--preset--spacing--40);font-size:25px;font-style:normal;font-weight:600;text-transform:capitalize\">\u00bfPor qu\u00e9 elegir este canal de yeso con LED?<\/h2>\n\n\n\n<ul class=\"wp-block-list\">\n<li>Sin molduras y montaje enrasado: El canal se coloca bajo el yeso, creando una l\u00ednea de luz limpia y suave.<\/li>\n\n\n\n<li>Ancho interno de 20 mm: Acomoda tiras LED grandes que emiten luz brillante y uniforme.<\/li>\n\n\n\n<li>Cuerpo de aluminio duradero: protege los LEDs y permite una f\u00e1cil disipaci\u00f3n del calor.<\/li>\n\n\n\n<li>Dotless light diffusion: The soft opal cover\u00a0gets rid of glare and hot spots.<\/li>\n\n\n\n<li>F\u00e1cil de ensamblar: Suj\u00e9talo a los montantes de la pared de yeso, c\u00fabrelo con yeso y luego pinta para que coincida con tu dise\u00f1o.<\/li>\n<\/ul>\n<\/div>\n<\/div>\n\n\n\n<div class=\"wp-block-group is-vertical is-layout-flex wp-container-core-group-is-layout-d255d7c4 wp-block-group-is-layout-flex\" style=\"padding-top:var(--wp--preset--spacing--80);padding-bottom:var(--wp--preset--spacing--80)\">\n<hr class=\"wp-block-separator has-alpha-channel-opacity\"\/>\n\n\n\n<div class=\"wp-block-media-text has-media-on-the-right is-stacked-on-mobile\" style=\"grid-template-columns:auto 40%\"><div class=\"wp-block-media-text__content\">\n<h2 class=\"wp-block-heading\" style=\"padding-top:var(--wp--preset--spacing--40);padding-bottom:var(--wp--preset--spacing--40);font-size:25px;font-style:normal;font-weight:600;text-transform:capitalize\">C\u00f3mo configurarlo<\/h2>\n\n\n\n<ul class=\"wp-block-list\">\n<li>Place the aluminum\u00a0profile in the drywall or plasterboard.<\/li>\n\n\n\n<li>Aplica yeso en las alas que tienen agujeros.<\/li>\n\n\n\n<li>Usa papel de lija para alisarlo y p\u00edntalo del mismo color que la pared.<\/li>\n\n\n\n<li>Puedes usar luces LED en cinta que midan hasta 20 mm de ancho.<\/li>\n\n\n\n<li>Coloca el difusor para suavizar la luz.<\/li>\n\n\n\n<li>Termina colocando los tapones finales.<\/li>\n<\/ul>\n<\/div><figure class=\"wp-block-media-text__media\"><img loading=\"lazy\" decoding=\"async\" width=\"500\" height=\"500\" src=\"https:\/\/tangooled.com\/wp-content\/uploads\/2025\/12\/dwp13-ins.webp\" alt=\"Perfil de yeso LED en canal de 20 mm de ancho interno\" class=\"wp-image-42876 size-full\" srcset=\"https:\/\/tangooled.com\/wp-content\/uploads\/2025\/12\/dwp13-ins.webp 500w, https:\/\/tangooled.com\/wp-content\/uploads\/2025\/12\/dwp13-ins-300x300.webp 300w, https:\/\/tangooled.com\/wp-content\/uploads\/2025\/12\/dwp13-ins-150x150.webp 150w\" sizes=\"auto, (max-width: 500px) 100vw, 500px\" \/><\/figure><\/div>\n<\/div>\n\n\n\n<div class=\"wp-block-group has-background is-vertical is-layout-flex wp-container-core-group-is-layout-b429018a wp-block-group-is-layout-flex\" style=\"background-color:#f1f1f1f2;padding-top:var(--wp--preset--spacing--70);padding-bottom:var(--wp--preset--spacing--70)\">\n<h2 class=\"wp-block-heading\" style=\"padding-top:var(--wp--preset--spacing--40);padding-bottom:var(--wp--preset--spacing--40);font-size:25px;font-style:normal;font-weight:600\">C\u00f3mo puedes usarlo<\/h2>\n\n\n\n<p>Nuestro perfil de yeso LED de 20 mm de ancho interno puede satisfacer muchas necesidades de iluminaci\u00f3n:<\/p>\n\n\n\n<ul class=\"wp-block-list\">\n<li>Iluminaci\u00f3n para el hogar: cocinas (debajo de armarios y salpicaderos), dormitorios, pasillos y salas de estar.<\/li>\n\n\n\n<li>Iluminaci\u00f3n para empresas, como comercios, oficinas, lobbies de hoteles y restaurantes.<\/li>\n\n\n\n<li>Detalles arquitect\u00f3nicos, incluyendo iluminaci\u00f3n de coves, lavado de paredes o l\u00edneas que sobresalen en pisos y techos.<\/li>\n\n\n\n<li>Iluminaci\u00f3n de tareas: luces para escritorios, encimeras de cocina y lugares de trabajo.<\/li>\n\n\n\n<li>Construcciones personalizadas: Haz l\u00edneas de luz rectas y n\u00edtidas que se integren perfectamente en paredes de yeso.<\/li>\n<\/ul>\n<\/div>\n\n\n\n<div class=\"wp-block-group is-vertical is-layout-flex wp-container-core-group-is-layout-d255d7c4 wp-block-group-is-layout-flex\" style=\"padding-top:var(--wp--preset--spacing--80);padding-bottom:var(--wp--preset--spacing--80)\">\n<h2 class=\"wp-block-heading\" style=\"padding-top:var(--wp--preset--spacing--40);padding-bottom:var(--wp--preset--spacing--40);font-size:25px;font-style:normal;font-weight:600;text-transform:capitalize\">Productos relacionados que te pueden gustar:<\/h2>\n\n\n\n<ul class=\"wp-block-list\">\n<li><a href=\"https:\/\/tangooled.com\/es\/product\/black-led-profile-with-black-diffuser-for-10mm-led-strip-light\/\"><mark style=\"background-color:rgba(0, 0, 0, 0)\" class=\"has-inline-color has-vivid-red-color\">Perfil LED negro con difusor negro para tira de LED de 10mm<\/mark><\/a> \u2014 For slim, black finish lighting.<\/li>\n\n\n\n<li><mark style=\"background-color:rgba(0, 0, 0, 0)\" class=\"has-inline-color has-vivid-red-color\"><a href=\"https:\/\/tangooled.com\/es\/product\/surface-mount-led-profile-with-frosted-diffuser-for-10mm-rope-lights\/\">Perfil LED de montaje en superficie con difusor mate para luces de cuerda de 10mm<\/a> <\/mark>\u2014 Easy surface mount option.<\/li>\n\n\n\n<li><a href=\"https:\/\/tangooled.com\/es\/product\/led-strip-light-channel-aluminum-profile-with-diffused-cover-6mm-height\/\"><mark style=\"background-color:rgba(0, 0, 0, 0)\" class=\"has-inline-color has-vivid-red-color\">Perfil de aluminio para tira LED con cubierta difusora de 6mm de altura<\/mark><\/a> \u2014 Low profile LED channel.<\/li>\n\n\n\n<li><a href=\"https:\/\/tangooled.com\/es\/product\/trimless-drywall-led-channel-for-15mm-led-strip-lights\/\"><mark style=\"background-color:rgba(0, 0, 0, 0)\" class=\"has-inline-color has-vivid-red-color\">Canal LED de yeso sin molduras para luces LED de 15 mm<\/mark><\/a> \u2014 Wider channel for bigger LED tapes.<\/li>\n\n\n\n<li><a href=\"https:\/\/tangooled.com\/es\/product\/inner-20mm-width-led-plaster-in-channel-profile\/\"><mark style=\"background-color:rgba(0, 0, 0, 0)\" class=\"has-inline-color has-vivid-red-color\">Perfil de canal de yeso LED de 20 mm de ancho interno<\/mark><\/a> \u2014 Exact match for this product&#8217;s specs.<\/li>\n<\/ul>\n<\/div>\n\n\n\n<div class=\"wp-block-group has-background\" style=\"background-color:#f1f1f1;padding-top:var(--wp--preset--spacing--80);padding-bottom:var(--wp--preset--spacing--80)\"><div class=\"wp-block-group__inner-container is-layout-constrained wp-block-group-is-layout-constrained\">\n<h2 class=\"wp-block-heading\" style=\"padding-top:var(--wp--preset--spacing--40);padding-bottom:var(--wp--preset--spacing--40);font-size:25px;font-style:normal;font-weight:600;text-transform:capitalize\">Resumen<\/h2>\n\n\n\n<p style=\"padding-right:var(--wp--preset--spacing--50);padding-left:var(--wp--preset--spacing--50)\">Our 20mm inner width led plaster in profile is an ideal option for clean, trimless linear LED illumination. It works with wide\u00a0LED strips, puts off smooth, dotless light, and fits right in with drywall or plasterboard. It has a robust anodized body that makes it last longer and keeps heat under control. Today, you can get professional-grade lighting that fits exactly and looks beautiful in homes, businesses, and stores.<\/p>\n<\/div><\/div>\n\n\n\n<p><\/p>","protected":false},"featured_media":13767,"template":"","meta":{"_acf_changed":true,"_seopress_robots_primary_cat":"none","_seopress_titles_title":"20mm Inner Width LED Plaster-in Profile DWP13 | TANGOOLED","_seopress_titles_desc":"The DWP13 is a 20mm inner width led plaster in profile designed for high-output lighting. Accommodates double-row or wide LED strips for a seamless, trimless finish in drywalls.","_seopress_robots_index":""},"pcb-width":[229],"product-cat":[197],"class_list":{"0":"post-42647","1":"product","2":"type-product","3":"status-publish","4":"has-post-thumbnail","6":"pcb-width-15-20mm","7":"product-cat-plaster-in-profile"},"acf":[],"_links":{"self":[{"href":"https:\/\/tangooled.com\/es\/wp-json\/wp\/v2\/product\/42647","targetHints":{"allow":["GET"]}}],"collection":[{"href":"https:\/\/tangooled.com\/es\/wp-json\/wp\/v2\/product"}],"about":[{"href":"https:\/\/tangooled.com\/es\/wp-json\/wp\/v2\/types\/product"}],"wp:featuredmedia":[{"embeddable":true,"href":"https:\/\/tangooled.com\/es\/wp-json\/wp\/v2\/media\/13767"}],"wp:attachment":[{"href":"https:\/\/tangooled.com\/es\/wp-json\/wp\/v2\/media?parent=42647"}],"wp:term":[{"taxonomy":"pcb-width","embeddable":true,"href":"https:\/\/tangooled.com\/es\/wp-json\/wp\/v2\/pcb-width?post=42647"},{"taxonomy":"product-cat","embeddable":true,"href":"https:\/\/tangooled.com\/es\/wp-json\/wp\/v2\/product-cat?post=42647"}],"curies":[{"name":"wp","href":"https:\/\/api.w.org\/{rel}","templated":true}]}}