{"id":42644,"date":"2025-12-23T05:49:56","date_gmt":"2025-12-23T13:49:56","guid":{"rendered":"https:\/\/tangooled.com\/?post_type=product&#038;p=42644"},"modified":"2026-01-27T20:48:59","modified_gmt":"2026-01-28T04:48:59","slug":"flush-mount-22mm-groove-use-aluminum-drywall-led-channel","status":"publish","type":"product","link":"https:\/\/tangooled.com\/es\/product\/flush-mount-22mm-groove-use-aluminum-drywall-led-channel\/","title":{"rendered":"canal LED de yeso con ranura de 22 mm de montaje empotrado"},"content":{"rendered":"<div class=\"wp-block-group is-vertical is-layout-flex wp-container-core-group-is-layout-d255d7c4 wp-block-group-is-layout-flex\" style=\"padding-top:var(--wp--preset--spacing--80);padding-bottom:var(--wp--preset--spacing--80)\">\n<p>Our 22mm groove drywall LED channel flush mount will add style and light to your room. The aluminum LED channel fits well into drywall grooves, making it seem clean and trimless. The flange is 64.4 mm wide, the inner channel is 20 mm deep, and the overall height is 23.3 mm. The interior cavity is 20mm wide and 20mm deep, which is just right for housing standard LED strips. Once it&#8217;s in place, the profile is completely covered in the drywall, and only the diffused light source can be seen. You can use it to make a modern, streamlined architectural light that fits within walls or ceilings. The light will cascade over the surface below, making any modern space look more elegant.<\/p>\n<\/div>\n\n\n\n<div class=\"wp-block-group has-background\" style=\"background-color:#f1f1f1;padding-top:var(--wp--preset--spacing--80);padding-bottom:var(--wp--preset--spacing--80)\"><div class=\"wp-block-group__inner-container is-layout-constrained wp-block-group-is-layout-constrained\">\n<div class=\"wp-block-group is-vertical is-layout-flex wp-container-core-group-is-layout-8cf370e7 wp-block-group-is-layout-flex\">\n<h2 class=\"wp-block-heading\" style=\"padding-top:var(--wp--preset--spacing--40);padding-bottom:var(--wp--preset--spacing--40);font-size:25px;font-style:normal;font-weight:600;text-transform:capitalize\">\u00bfPor qu\u00e9 deber\u00edas elegir nuestro canal LED de yeso con ranura de 22 mm?<\/h2>\n\n\n\n<ul class=\"wp-block-list\">\n<li>F\u00e1cil de instalar: Las bridas con orificios permiten enyesar inmediatamente sobre el canal. Para un montaje empotrado, se integra con tu yeso, por lo que no se necesita moldura.<\/li>\n\n\n\n<li>Cool Aluminum Body: Our profile is made of anodized aluminum, which helps keep LEDs\u00a0cool. This keeps your LED strips safe, which makes them last longer and shine brighter.<\/li>\n\n\n\n<li>Efecto de luz sin puntos: Usa el difusor esmerilado para evitar que los puntos LED sean visibles. Obt\u00e9n luz que es suave y uniforme a trav\u00e9s de todo.<\/li>\n\n\n\n<li>Compatible with regular LED strips: It can hold strips that are up to 20mm wide\u00a0in its 22mm groove.<\/li>\n\n\n\n<li>F\u00e1cil de cortar e instalar: Solo corta el perfil para ajustarlo a tu proyecto y usa tornillos para conectarlo a ras con las ranuras del yeso.<\/li>\n\n\n\n<li>Viene con tapas finales: Las tapas finales que incluye protegen los extremos. Una de ellas tiene un orificio para que los cables pasen y mantenerlo limpio.<\/li>\n<\/ul>\n<\/div>\n<\/div><\/div>\n\n\n\n<div class=\"wp-block-group is-vertical is-layout-flex wp-container-core-group-is-layout-d255d7c4 wp-block-group-is-layout-flex\" style=\"padding-top:var(--wp--preset--spacing--80);padding-bottom:var(--wp--preset--spacing--80)\">\n<hr class=\"wp-block-separator has-alpha-channel-opacity\"\/>\n\n\n\n<div class=\"wp-block-media-text has-media-on-the-right is-stacked-on-mobile\" style=\"grid-template-columns:auto 40%\"><div class=\"wp-block-media-text__content\">\n<h2 class=\"wp-block-heading\" style=\"padding-top:var(--wp--preset--spacing--40);padding-bottom:var(--wp--preset--spacing--40);font-size:25px;font-style:normal;font-weight:600;text-transform:capitalize\">C\u00f3mo instalar el canal LED de yeso con ranura de 22 mm en montaje empotrado<\/h2>\n\n\n\n<ul class=\"wp-block-list\">\n<li>Cortar la ranura: Haz una ranura de 23 mm de ancho en tu yeso.<\/li>\n\n\n\n<li>Fijar el canal: Usa tornillos para sujetar el canal de aluminio para que est\u00e9 nivelado con la ranura.<\/li>\n\n\n\n<li>Enyesar sobre las bridas: Usa compuesto para juntas o yeso para cubrir las bridas que tienen orificios. D\u00e9jalo secar y luego lija suavemente.<\/li>\n\n\n\n<li>Preparar la tira LED: Coloca tu cinta LED dentro del canal.<\/li>\n\n\n\n<li>Difusor a presi\u00f3n: Usa el difusor esmerilado para cubrir las luces y hacer la luz uniforme.<\/li>\n<\/ul>\n<\/div><figure class=\"wp-block-media-text__media\"><img loading=\"lazy\" decoding=\"async\" width=\"500\" height=\"500\" src=\"https:\/\/tangooled.com\/wp-content\/uploads\/2025\/12\/dwp12-ins.webp\" alt=\"canal LED de yeso con ranura de 22 mm de montaje empotrado\" class=\"wp-image-42873 size-full\" srcset=\"https:\/\/tangooled.com\/wp-content\/uploads\/2025\/12\/dwp12-ins.webp 500w, https:\/\/tangooled.com\/wp-content\/uploads\/2025\/12\/dwp12-ins-300x300.webp 300w, https:\/\/tangooled.com\/wp-content\/uploads\/2025\/12\/dwp12-ins-150x150.webp 150w\" sizes=\"auto, (max-width: 500px) 100vw, 500px\" \/><\/figure><\/div>\n<\/div>\n\n\n\n<div class=\"wp-block-group has-background\" style=\"background-color:#f1f1f1f2;padding-top:var(--wp--preset--spacing--80);padding-bottom:var(--wp--preset--spacing--80)\"><div class=\"wp-block-group__inner-container is-layout-constrained wp-block-group-is-layout-constrained\">\n<h2 class=\"wp-block-heading\" style=\"padding-top:var(--wp--preset--spacing--40);padding-bottom:var(--wp--preset--spacing--40);font-size:25px;font-style:normal;font-weight:600\">Casos de uso para nuestro canal LED de yeso con ranura de 22 mm<\/h2>\n\n\n\n<ul class=\"wp-block-list\">\n<li>Iluminaci\u00f3n arquitect\u00f3nica: Ideal para paredes y techos con l\u00edneas limpias y modernas.<\/li>\n\n\n\n<li>Iluminaci\u00f3n de coves y soffits: Coloca luces en coves de techo o recesos de pared para obtener luz suave e indirecta.<\/li>\n\n\n\n<li>Espacios comerciales y de negocio: Los showrooms y oficinas se ven mejor con iluminaci\u00f3n elegante y de alta gama.<\/li>\n\n\n\n<li>Paredes de acento: Usa iluminaci\u00f3n sin puntos para resaltar obras de arte, nichos o elementos de dise\u00f1o. Este canal ofrece una salida de luz uniforme y un dise\u00f1o elegante y minimalista para cualquier proyecto.<\/li>\n<\/ul>\n<\/div><\/div>\n\n\n\n<div class=\"wp-block-group is-vertical is-layout-flex wp-container-core-group-is-layout-d255d7c4 wp-block-group-is-layout-flex\" style=\"padding-top:var(--wp--preset--spacing--80);padding-bottom:var(--wp--preset--spacing--80)\">\n<h2 class=\"wp-block-heading\" style=\"padding-top:var(--wp--preset--spacing--40);padding-bottom:var(--wp--preset--spacing--40);font-size:25px;font-style:normal;font-weight:600;text-transform:capitalize\">Productos Tangooled relacionados para tu proyecto<\/h2>\n\n\n\n<ul class=\"wp-block-list\">\n<li>Explora la <a href=\"https:\/\/tangooled.com\/es\/product\/black-led-diffuser-aluminum-channel-for-12mm-tape-lights\/\"><mark style=\"background-color:rgba(0, 0, 0, 0)\" class=\"has-inline-color has-vivid-red-color\">canal de aluminio difusor LED negro para luces de cinta de 12 mm<\/mark><\/a> \u2013 perfect for matching black tape strips.<\/li>\n\n\n\n<li>Prueba el <a href=\"https:\/\/tangooled.com\/es\/product\/surface-mount-led-profile-with-frosted-diffuser-for-10mm-rope-lights\/\"><mark style=\"background-color:rgba(0, 0, 0, 0)\" class=\"has-inline-color has-vivid-red-color\">perfil LED de montaje superficial con difusor esmerilado para luces de cuerda de 10 mm <\/mark><\/a>para instalaciones en superficie f\u00e1ciles.<\/li>\n\n\n\n<li>Echa un vistazo a la <a href=\"https:\/\/tangooled.com\/es\/product\/22mm-surface-led-aluminum-strip-channel-with-opal-diffuser\/\"><mark style=\"background-color:rgba(0, 0, 0, 0)\" class=\"has-inline-color has-vivid-red-color\">Canal de strip de aluminio LED de 22 mm de superficie con difusor opal <\/mark><\/a>para una l\u00ednea de luz difusa y empotrada.<\/li>\n\n\n\n<li>Para proyectos m\u00e1s peque\u00f1os, consulta el <a href=\"https:\/\/tangooled.com\/es\/product\/10mm-led-profile-aluminum-channel-for-8mm-led-tape-lights\/\"><mark style=\"background-color:rgba(0, 0, 0, 0)\" class=\"has-inline-color has-vivid-red-color\">canal de aluminio de perfil LED de 10 mm para luces de cinta LED de 8 mm<\/mark><\/a>.<\/li>\n\n\n\n<li>Para iluminaci\u00f3n en esquinas, explora el <a href=\"https:\/\/tangooled.com\/es\/product\/corner-mount-right-angle-diffuser-aluminum-led-extrusion-profile-inner-12mm\/\"><mark style=\"background-color:rgba(0, 0, 0, 0)\" class=\"has-inline-color has-vivid-red-color\">difusor de \u00e1ngulo recto de montaje en esquina perfil de extrusi\u00f3n LED de aluminio interna de 12 mm<\/mark><\/a>.<\/li>\n<\/ul>\n<\/div>\n\n\n\n<div class=\"wp-block-group has-background\" style=\"background-color:#f1f1f1;padding-top:var(--wp--preset--spacing--80);padding-bottom:var(--wp--preset--spacing--80)\"><div class=\"wp-block-group__inner-container is-layout-constrained wp-block-group-is-layout-constrained\">\n<h2 class=\"wp-block-heading\" style=\"padding-top:var(--wp--preset--spacing--40);padding-bottom:var(--wp--preset--spacing--40);font-size:25px;font-style:normal;font-weight:600;text-transform:capitalize\">Resumen<\/h2>\n\n\n\n<p style=\"padding-right:var(--wp--preset--spacing--50);padding-left:var(--wp--preset--spacing--50)\">El canal LED de yeso con ranura de 22 mm en montaje empotrado es una gran soluci\u00f3n para obtener iluminaci\u00f3n LED profesional, limpia y empotrada. Est\u00e1 compuesto de aluminio anodizado de alta calidad y se ajusta en las ranuras del yeso. Puede sostener tiras LED que tienen hasta 20 mm de ancho. La brida de enyesar facilita la colocaci\u00f3n del yeso, lo que proporciona un acabado suave a las luces de pared o techo. Descubre lo f\u00e1cil que es modificar el aspecto de tu espacio con iluminaci\u00f3n lineal consistente, brillo sin puntos y extrusiones robustas que protegen tus LEDs y se integran con la decoraci\u00f3n de tu hogar. Haz clic en los perfiles de aluminio LED Tangooled listados aqu\u00ed para saber m\u00e1s sobre el producto.<\/p>\n<\/div><\/div>\n\n\n\n<p><\/p>","protected":false},"featured_media":13762,"template":"","meta":{"_acf_changed":true,"_seopress_robots_primary_cat":"none","_seopress_titles_title":"22mm Groove Drywall LED Channel Plaster-in DWP12 | TANGOOLED","_seopress_titles_desc":"The DWP12 is a 22mm groove drywall led channel with a slim 10mm depth. Designed for wider linear light effects, this plaster-in aluminum profile integrates seamlessly into ceilings for a trimless finish.","_seopress_robots_index":""},"pcb-width":[229],"product-cat":[197],"class_list":{"0":"post-42644","1":"product","2":"type-product","3":"status-publish","4":"has-post-thumbnail","6":"pcb-width-15-20mm","7":"product-cat-plaster-in-profile"},"acf":[],"_links":{"self":[{"href":"https:\/\/tangooled.com\/es\/wp-json\/wp\/v2\/product\/42644","targetHints":{"allow":["GET"]}}],"collection":[{"href":"https:\/\/tangooled.com\/es\/wp-json\/wp\/v2\/product"}],"about":[{"href":"https:\/\/tangooled.com\/es\/wp-json\/wp\/v2\/types\/product"}],"wp:featuredmedia":[{"embeddable":true,"href":"https:\/\/tangooled.com\/es\/wp-json\/wp\/v2\/media\/13762"}],"wp:attachment":[{"href":"https:\/\/tangooled.com\/es\/wp-json\/wp\/v2\/media?parent=42644"}],"wp:term":[{"taxonomy":"pcb-width","embeddable":true,"href":"https:\/\/tangooled.com\/es\/wp-json\/wp\/v2\/pcb-width?post=42644"},{"taxonomy":"product-cat","embeddable":true,"href":"https:\/\/tangooled.com\/es\/wp-json\/wp\/v2\/product-cat?post=42644"}],"curies":[{"name":"wp","href":"https:\/\/api.w.org\/{rel}","templated":true}]}}