{"id":42642,"date":"2025-12-23T05:44:07","date_gmt":"2025-12-23T13:44:07","guid":{"rendered":"https:\/\/tangooled.com\/?post_type=product&#038;p=42642"},"modified":"2026-01-27T20:45:43","modified_gmt":"2026-01-28T04:45:43","slug":"10mm-deep-recessed-drywall-led-strip-channel","status":"publish","type":"product","link":"https:\/\/tangooled.com\/es\/product\/10mm-deep-recessed-drywall-led-strip-channel\/","title":{"rendered":"Canal de tira LED de yeso de 10 mm de profundidad"},"content":{"rendered":"<div class=\"wp-block-group is-vertical is-layout-flex wp-container-core-group-is-layout-d255d7c4 wp-block-group-is-layout-flex\" style=\"padding-top:var(--wp--preset--spacing--80);padding-bottom:var(--wp--preset--spacing--80)\">\n<p>Our 10mm deep drywall LED channel is perfect for modern, stylish lighting that fits perfectly against drywall walls and ceilings. This high-quality profile fits flawlessly inside drywall or plasterboard, whether it&#8217;s recessed or &#8220;plaster-in.&#8221; It generates light that is smooth and lovely, with no hard shadows or framing that is easy to see. It can hold LED strips that are up to 20mm wide and works well with both COB and standard SMD LED tapes. The recessed drywall LED strip channel keeps the LED tape safe, and the smooth PC frost diffuser that comes with it spreads the light evenly and without glare.<\/p>\n<\/div>\n\n\n\n<div class=\"wp-block-group has-background is-vertical is-layout-flex wp-container-core-group-is-layout-d255d7c4 wp-block-group-is-layout-flex\" style=\"background-color:#f1f1f1;padding-top:var(--wp--preset--spacing--80);padding-bottom:var(--wp--preset--spacing--80)\">\n<div class=\"wp-block-group is-vertical is-layout-flex wp-container-core-group-is-layout-8cf370e7 wp-block-group-is-layout-flex\">\n<h2 class=\"wp-block-heading\" style=\"padding-top:var(--wp--preset--spacing--40);padding-bottom:var(--wp--preset--spacing--40);font-size:25px;font-style:normal;font-weight:600;text-transform:capitalize\">\u00bfPor qu\u00e9 elegir nuestro canal LED de yeso de 10 mm de profundidad?<\/h2>\n\n\n\n<ul class=\"wp-block-list\">\n<li>Obtiene un efecto de disipador de calor con la extrusi\u00f3n de aluminio de alta calidad que protege sus tiras LED.<\/li>\n\n\n\n<li>La carcasa pintable permite una integraci\u00f3n total con el color de su pared o techo.<\/li>\n\n\n\n<li>El difusor de PC le ofrece una difusi\u00f3n de luz impecable sin puntos brillantes.<\/li>\n\n\n\n<li>Ideal para dise\u00f1os de iluminaci\u00f3n arquitect\u00f3nica que buscan un aspecto de canal LED empotrado sin marco.<\/li>\n\n\n\n<li>Soporta una f\u00e1cil instalaci\u00f3n en nuevas construcciones y renovaciones, perfecto para proyectos de contratistas generales o bricolaje.<\/li>\n<\/ul>\n<\/div>\n<\/div>\n\n\n\n<div class=\"wp-block-group is-vertical is-layout-flex wp-container-core-group-is-layout-d255d7c4 wp-block-group-is-layout-flex\" style=\"padding-top:var(--wp--preset--spacing--80);padding-bottom:var(--wp--preset--spacing--80)\">\n<hr class=\"wp-block-separator has-alpha-channel-opacity\"\/>\n\n\n\n<div class=\"wp-block-media-text has-media-on-the-right is-stacked-on-mobile\" style=\"grid-template-columns:auto 40%\"><div class=\"wp-block-media-text__content\">\n<h2 class=\"wp-block-heading\" style=\"padding-top:var(--wp--preset--spacing--40);padding-bottom:var(--wp--preset--spacing--40);font-size:25px;font-style:normal;font-weight:600;text-transform:capitalize\">C\u00f3mo usar este canal empotrado de yeso en DWP11<\/h2>\n\n\n\n<ul class=\"wp-block-list\">\n<li>Verifique que la ranura en su panel de yeso o yeso sea de la profundidad correcta (10 mm).<\/li>\n\n\n\n<li>Coloque el canal de aluminio en la ranura y aseg\u00farese de que est\u00e9 debidamente sujeto a los montantes o soporte.<\/li>\n\n\n\n<li>Utilice un compuesto para juntas o yeso para rellenar los agujeros en las bridas y hacer la superficie uniforme.<\/li>\n\n\n\n<li>Para crear una superficie suave que oculte completamente el accesorio, lije y pinte el panel de yeso.<\/li>\n\n\n\n<li>Coloque la tira de luz LED en el canal y encaje la tapa del difusor mate para asegurarse de que la luz se distribuya uniformemente.<\/li>\n<\/ul>\n<\/div><figure class=\"wp-block-media-text__media\"><img loading=\"lazy\" decoding=\"async\" width=\"500\" height=\"500\" src=\"https:\/\/tangooled.com\/wp-content\/uploads\/2025\/12\/dwp11-ins.webp\" alt=\"Canal de tira LED de yeso de 10 mm de profundidad\" class=\"wp-image-42866 size-full\" srcset=\"https:\/\/tangooled.com\/wp-content\/uploads\/2025\/12\/dwp11-ins.webp 500w, https:\/\/tangooled.com\/wp-content\/uploads\/2025\/12\/dwp11-ins-300x300.webp 300w, https:\/\/tangooled.com\/wp-content\/uploads\/2025\/12\/dwp11-ins-150x150.webp 150w\" sizes=\"auto, (max-width: 500px) 100vw, 500px\" \/><\/figure><\/div>\n<\/div>\n\n\n\n<div class=\"wp-block-group has-background\" style=\"background-color:#f1f1f1f2;padding-top:var(--wp--preset--spacing--80);padding-bottom:var(--wp--preset--spacing--80)\"><div class=\"wp-block-group__inner-container is-layout-constrained wp-block-group-is-layout-constrained\">\n<h2 class=\"wp-block-heading\" style=\"padding-top:var(--wp--preset--spacing--40);padding-bottom:var(--wp--preset--spacing--40);font-size:25px;font-style:normal;font-weight:600\">Escenarios de uso real<\/h2>\n\n\n\n<ul class=\"wp-block-list\">\n<li>L\u00edneas de transici\u00f3n de luz desde la pared hasta el techo que lucen bien y desaparecen cuando la luz est\u00e1 apagada.<\/li>\n\n\n\n<li>Las luces de acento del techo modernas hacen que la habitaci\u00f3n se sienta c\u00e1lida y acogedora.<\/li>\n\n\n\n<li>Iluminaci\u00f3n segura y de moda para escaleras y pasillos.<\/li>\n\n\n\n<li>Iluminaci\u00f3n ambiental limpia y profesional para negocios, hoteles y restaurantes.<\/li>\n\n\n\n<li>Esto es lo que tanto los profesionales como los aficionados utilizan para conseguir una iluminaci\u00f3n LED perfecta en yeso.<\/li>\n<\/ul>\n<\/div><\/div>\n\n\n\n<div class=\"wp-block-group is-vertical is-layout-flex wp-container-core-group-is-layout-d255d7c4 wp-block-group-is-layout-flex\" style=\"padding-top:var(--wp--preset--spacing--80);padding-bottom:var(--wp--preset--spacing--80)\">\n<h2 class=\"wp-block-heading\" style=\"padding-top:var(--wp--preset--spacing--40);padding-bottom:var(--wp--preset--spacing--40);font-size:25px;font-style:normal;font-weight:600;text-transform:capitalize\">Productos Relacionados Que Te Puede Gustar<\/h2>\n\n\n\n<ul class=\"wp-block-list\">\n<li><a href=\"https:\/\/tangooled.com\/es\/product\/black-led-profile-with-black-diffuser-for-10mm-led-strip-light\/\"><mark style=\"background-color:rgba(0, 0, 0, 0)\" class=\"has-inline-color has-vivid-red-color\">Perfil LED negro con difusor negro para luz de tira LED de 10mm<\/mark><\/a><\/li>\n\n\n\n<li><a href=\"https:\/\/tangooled.com\/es\/product\/surface-mount-led-profile-with-frosted-diffuser-for-10mm-rope-lights\/\"><mark style=\"background-color:rgba(0, 0, 0, 0)\" class=\"has-inline-color has-vivid-red-color\">Perfil LED de montaje en superficie con difusor esmerilado para luces de cuerda de 10 mm<\/mark><\/a><\/li>\n\n\n\n<li><a href=\"https:\/\/tangooled.com\/es\/product\/led-light-diffuser-channel-aluminum-15x12mm-for-10mm-led-strips\/\"><mark style=\"background-color:rgba(0, 0, 0, 0)\" class=\"has-inline-color has-vivid-red-color\">Difusor de luz LED canal de aluminio 15x12mm para tiras LED de 10mm<\/mark><\/a><\/li>\n\n\n\n<li><a href=\"https:\/\/tangooled.com\/es\/product\/recessed-led-strip-lighting-channel-17x15mm-for-10mm-tape-lights\/\"><mark style=\"background-color:rgba(0, 0, 0, 0)\" class=\"has-inline-color has-vivid-red-color\">Perfil de aluminio empotrado de 17x15 mm para luces de cinta de 10 mm<\/mark><\/a><\/li>\n<\/ul>\n<\/div>\n\n\n\n<div class=\"wp-block-group has-background\" style=\"background-color:#f1f1f1;padding-top:var(--wp--preset--spacing--80);padding-bottom:var(--wp--preset--spacing--80)\"><div class=\"wp-block-group__inner-container is-layout-constrained wp-block-group-is-layout-constrained\">\n<h2 class=\"wp-block-heading\" style=\"padding-top:var(--wp--preset--spacing--40);padding-bottom:var(--wp--preset--spacing--40);font-size:25px;font-style:normal;font-weight:600;text-transform:capitalize\">Resumen: Perfecto para iluminaci\u00f3n moderna y sin marco<\/h2>\n\n\n\n<p style=\"padding-right:var(--wp--preset--spacing--50);padding-left:var(--wp--preset--spacing--50)\">Nuestro canal LED empotrado de yeso de 10 mm de profundidad es el mejor canal de aluminio extruido para colocar perfiles LED que est\u00e9n al ras con la pared o empotrados. Tiene una variedad de acabados y proporciona una iluminaci\u00f3n directa sin manchas. Puede sostener tiras LED COB y SMD de hasta 20 mm de ancho. Este canal abre un mundo completamente nuevo de opciones de iluminaci\u00f3n LED arquitect\u00f3nica para hogares, oficinas, comercios y hoteles.<\/p>\n<\/div><\/div>\n\n\n\n<p><\/p>","protected":false},"featured_media":13757,"template":"","meta":{"_acf_changed":true,"_seopress_robots_primary_cat":"none","_seopress_titles_title":"10mm Deep Drywall LED Channel | Recessed Plaster-in DWP11 | TANGOOLED","_seopress_titles_desc":"The DWP11 is a 10mm deep drywall led channel designed for a seamless plaster-in finish. Optimized for recessed installation in ceilings and walls, this slim aluminum profile creates a clean linear light path.","_seopress_robots_index":""},"pcb-width":[229],"product-cat":[197],"class_list":{"0":"post-42642","1":"product","2":"type-product","3":"status-publish","4":"has-post-thumbnail","6":"pcb-width-15-20mm","7":"product-cat-plaster-in-profile"},"acf":[],"_links":{"self":[{"href":"https:\/\/tangooled.com\/es\/wp-json\/wp\/v2\/product\/42642","targetHints":{"allow":["GET"]}}],"collection":[{"href":"https:\/\/tangooled.com\/es\/wp-json\/wp\/v2\/product"}],"about":[{"href":"https:\/\/tangooled.com\/es\/wp-json\/wp\/v2\/types\/product"}],"wp:featuredmedia":[{"embeddable":true,"href":"https:\/\/tangooled.com\/es\/wp-json\/wp\/v2\/media\/13757"}],"wp:attachment":[{"href":"https:\/\/tangooled.com\/es\/wp-json\/wp\/v2\/media?parent=42642"}],"wp:term":[{"taxonomy":"pcb-width","embeddable":true,"href":"https:\/\/tangooled.com\/es\/wp-json\/wp\/v2\/pcb-width?post=42642"},{"taxonomy":"product-cat","embeddable":true,"href":"https:\/\/tangooled.com\/es\/wp-json\/wp\/v2\/product-cat?post=42642"}],"curies":[{"name":"wp","href":"https:\/\/api.w.org\/{rel}","templated":true}]}}