{"id":42637,"date":"2025-12-23T05:39:57","date_gmt":"2025-12-23T13:39:57","guid":{"rendered":"https:\/\/tangooled.com\/?post_type=product&#038;p=42637"},"modified":"2026-02-01T22:31:35","modified_gmt":"2026-02-02T06:31:35","slug":"drywall-led-channel-with-outer-square-diffuser-inner-width-12mm","status":"publish","type":"product","link":"https:\/\/tangooled.com\/es\/product\/drywall-led-channel-with-outer-square-diffuser-inner-width-12mm\/","title":{"rendered":"canal LED de yeso con difusor cuadrado exterior y ancho interior de 12 mm"},"content":{"rendered":"<div class=\"wp-block-group is-vertical is-layout-flex wp-container-core-group-is-layout-d255d7c4 wp-block-group-is-layout-flex\" style=\"padding-top:var(--wp--preset--spacing--80);padding-bottom:var(--wp--preset--spacing--80)\">\n<p>Nuestro canal LED de yeso DWP10 har\u00e1 que tu habitaci\u00f3n sea m\u00e1s brillante con una luz limpia y suave. Este dise\u00f1o es adecuado para iluminaci\u00f3n arquitect\u00f3nica moderna sin molduras y se ajusta perfectamente a techos construidos de paneles de yeso. El canal tiene un ancho de 56.2 mm y una profundidad de 23.1 mm, por lo que las tiras LED de hasta 12 mm de ancho encajar\u00e1n. El difusor cuadrado en el exterior distribuye la luz de manera uniforme y hermosa, creando un resplandor que parece provenir directamente del techo. Este perfil es adecuado para casas y negocios de alta gama.<\/p>\n<\/div>\n\n\n\n<div class=\"wp-block-group has-background is-vertical is-layout-flex wp-container-core-group-is-layout-d255d7c4 wp-block-group-is-layout-flex\" style=\"background-color:#f1f1f1;padding-top:var(--wp--preset--spacing--80);padding-bottom:var(--wp--preset--spacing--80)\">\n<div class=\"wp-block-group\"><div class=\"wp-block-group__inner-container is-layout-constrained wp-block-group-is-layout-constrained\">\n<h2 class=\"wp-block-heading\" style=\"padding-top:var(--wp--preset--spacing--40);padding-bottom:var(--wp--preset--spacing--40);font-size:25px;font-style:normal;font-weight:600;text-transform:capitalize\">\u00bfPor qu\u00e9 elegir nuestro canal LED de yeso DWP10?<\/h2>\n\n\n\n<ul class=\"wp-block-list\">\n<li>Un acabado liso y al ras que oculta todos los bordes dentro del panel de yeso.<\/li>\n\n\n\n<li>Hecho de aluminio anodizado fuerte que permite que el calor se disipe bien y hace que los LEDs duren m\u00e1s.<\/li>\n\n\n\n<li>Compatible con todas las tiras LED de 12 mm de ancho m\u00e1s populares, como COB, RGBW y tiras de blanco ajustable.<\/li>\n\n\n\n<li>Un difusor cuadrado exterior le da un aspecto audaz y moderno y oculta los puntos de luz.&nbsp;<\/li>\n\n\n\n<li>Viene con tapas finales y tornillos para un trabajo limpio y profesional.<\/li>\n\n\n\n<li>F\u00e1cil de enlucir con bridas que ya est\u00e1n perforadas para enmasillar.<\/li>\n<\/ul>\n<\/div><\/div>\n<\/div>\n\n\n\n<div class=\"wp-block-group is-vertical is-layout-flex wp-container-core-group-is-layout-d255d7c4 wp-block-group-is-layout-flex\" style=\"padding-top:var(--wp--preset--spacing--80);padding-bottom:var(--wp--preset--spacing--80)\">\n<hr class=\"wp-block-separator has-alpha-channel-opacity\"\/>\n\n\n\n<div class=\"wp-block-media-text has-media-on-the-right is-stacked-on-mobile\" style=\"grid-template-columns:auto 40%\"><div class=\"wp-block-media-text__content\">\n<h2 class=\"wp-block-heading\" style=\"padding-top:var(--wp--preset--spacing--40);padding-bottom:var(--wp--preset--spacing--40);font-size:25px;font-style:normal;font-weight:600;text-transform:capitalize\">C\u00f3mo instalar<\/h2>\n\n\n\n<ul class=\"wp-block-list\">\n<li>Utiliza tornillos a trav\u00e9s de la brida perforada para fijar el canal al marco o respaldo de panel de yeso.<\/li>\n\n\n\n<li>Coloca el panel de yeso de manera que se ajuste a los bordes del canal.<\/li>\n\n\n\n<li>Coloca yeso o compuesto de uni\u00f3n sobre las bridas y lija para alisarlas.<\/li>\n\n\n\n<li>Para un aspecto limpio, pinta tu pared.<\/li>\n\n\n\n<li>Coloca tu tira LED de 12 mm de ancho dentro del canal.<\/li>\n\n\n\n<li>Conecta el cableado y coloca el difusor cuadrado.<\/li>\n<\/ul>\n<\/div><figure class=\"wp-block-media-text__media\"><img loading=\"lazy\" decoding=\"async\" width=\"500\" height=\"500\" src=\"https:\/\/tangooled.com\/wp-content\/uploads\/2025\/12\/dwp10-ins.webp\" alt=\"canal LED de yeso con difusor cuadrado exterior y ancho interior de 12 mm\" class=\"wp-image-42863 size-full\" srcset=\"https:\/\/tangooled.com\/wp-content\/uploads\/2025\/12\/dwp10-ins.webp 500w, https:\/\/tangooled.com\/wp-content\/uploads\/2025\/12\/dwp10-ins-300x300.webp 300w, https:\/\/tangooled.com\/wp-content\/uploads\/2025\/12\/dwp10-ins-150x150.webp 150w\" sizes=\"auto, (max-width: 500px) 100vw, 500px\" \/><\/figure><\/div>\n<\/div>\n\n\n\n<div class=\"wp-block-group has-background is-vertical is-layout-flex wp-container-core-group-is-layout-b429018a wp-block-group-is-layout-flex\" style=\"background-color:#f1f1f1f2;padding-top:var(--wp--preset--spacing--70);padding-bottom:var(--wp--preset--spacing--70)\">\n<h2 class=\"wp-block-heading\" style=\"padding-top:var(--wp--preset--spacing--40);padding-bottom:var(--wp--preset--spacing--40);font-size:25px;font-style:normal;font-weight:600\">Ideal para muchas necesidades de iluminaci\u00f3n<\/h2>\n\n\n\n<p>Nuestro canal LED de yeso con un difusor cuadrado exterior y un ancho interior de 12 mm funciona para muchos proyectos diferentes, como:<\/p>\n\n\n\n<ul class=\"wp-block-list\">\n<li>Iluminaci\u00f3n que est\u00e1 empotrada en la pared y el techo para una l\u00ednea de luz suave.&nbsp;<\/li>\n\n\n\n<li>Cocinas y salas de estar modernas que necesitan luces de acento sin molduras.<\/li>\n\n\n\n<li>Ubicaciones comerciales y de venta al por menor que exigen iluminaci\u00f3n arquitect\u00f3nica profesional.<\/li>\n\n\n\n<li>Iluminaci\u00f3n de covo y l\u00edneas de luz de piso a techo para un efecto dram\u00e1tico.<\/li>\n<\/ul>\n<\/div>\n\n\n\n<div class=\"wp-block-group is-vertical is-layout-flex wp-container-core-group-is-layout-d255d7c4 wp-block-group-is-layout-flex\" style=\"padding-top:var(--wp--preset--spacing--80);padding-bottom:var(--wp--preset--spacing--80)\">\n<h2 class=\"wp-block-heading\" style=\"padding-top:var(--wp--preset--spacing--40);padding-bottom:var(--wp--preset--spacing--40);font-size:25px;font-style:normal;font-weight:600;text-transform:capitalize\">Productos relacionados que puedes necesitar<\/h2>\n\n\n\n<ul class=\"wp-block-list\">\n<li>Explora nuestro <a href=\"https:\/\/tangooled.com\/es\/product\/black-led-diffuser-aluminum-channel-for-12mm-tape-lights\/\"><mark style=\"background-color:rgba(0, 0, 0, 0)\" class=\"has-inline-color has-vivid-red-color\">canal de aluminio difusor LED negro para luces de cinta de 12 mm<\/mark><\/a> para un acabado negro elegante y moderno.<\/li>\n\n\n\n<li>Prueba el <a href=\"https:\/\/tangooled.com\/es\/product\/led-strip-light-channel-aluminum-profile-with-diffused-cover-6mm-height\/\"><mark style=\"background-color:rgba(0, 0, 0, 0)\" class=\"has-inline-color has-vivid-red-color\">Perfil de aluminio para canal de luz LED con cubierta difusa de 6 mm de altura<\/mark><\/a> si deseas un perfil m\u00e1s delgado.<\/li>\n\n\n\n<li>Para opciones de montaje en superficie, consulta el <a href=\"https:\/\/tangooled.com\/es\/product\/surface-mount-led-profile-with-frosted-diffuser-for-10mm-rope-lights\/\"><mark style=\"background-color:rgba(0, 0, 0, 0)\" class=\"has-inline-color has-vivid-red-color\">perfil LED de montaje superficial con difusor esmerilado para luces de cuerda de 10 mm<\/mark><\/a>.<\/li>\n<\/ul>\n<\/div>\n\n\n\n<div class=\"wp-block-group is-vertical is-layout-flex wp-container-core-group-is-layout-d255d7c4 wp-block-group-is-layout-flex\" style=\"padding-top:var(--wp--preset--spacing--80);padding-bottom:var(--wp--preset--spacing--80)\">\n<h2 class=\"wp-block-heading\" style=\"padding-top:var(--wp--preset--spacing--40);padding-bottom:var(--wp--preset--spacing--40);font-size:25px;font-style:normal;font-weight:600;text-transform:capitalize\">Resumen<\/h2>\n\n\n\n<p>Our drywall led channel, featuring an outside square diffuser and an inner width of 12mm, provides you with a lighting solution that is completely hidden and doesn&#8217;t need any trim. It is robust, simple to set up, and works with a variety of 12mm LED strips. Its square diffuser gives off gentle, even light, which is great for both home and business projects.<\/p>\n<\/div>\n\n\n\n<p><\/p>","protected":false},"featured_media":13752,"template":"","meta":{"_acf_changed":true,"_seopress_robots_primary_cat":"none","_seopress_titles_title":"Square Diffuser Plaster-in LED Profile | 12mm Inner Width DWP10","_seopress_titles_desc":"The DWP10 is a unique plaster-in led profile featuring an outer square diffuser for a wider light beam. With a 12mm inner width, this aluminum channel provides a modern architectural look for ceilings and drywalls.","_seopress_robots_index":""},"pcb-width":[228],"product-cat":[197],"class_list":{"0":"post-42637","1":"product","2":"type-product","3":"status-publish","4":"has-post-thumbnail","6":"pcb-width-6-12mm","7":"product-cat-plaster-in-profile"},"acf":[],"_links":{"self":[{"href":"https:\/\/tangooled.com\/es\/wp-json\/wp\/v2\/product\/42637","targetHints":{"allow":["GET"]}}],"collection":[{"href":"https:\/\/tangooled.com\/es\/wp-json\/wp\/v2\/product"}],"about":[{"href":"https:\/\/tangooled.com\/es\/wp-json\/wp\/v2\/types\/product"}],"wp:featuredmedia":[{"embeddable":true,"href":"https:\/\/tangooled.com\/es\/wp-json\/wp\/v2\/media\/13752"}],"wp:attachment":[{"href":"https:\/\/tangooled.com\/es\/wp-json\/wp\/v2\/media?parent=42637"}],"wp:term":[{"taxonomy":"pcb-width","embeddable":true,"href":"https:\/\/tangooled.com\/es\/wp-json\/wp\/v2\/pcb-width?post=42637"},{"taxonomy":"product-cat","embeddable":true,"href":"https:\/\/tangooled.com\/es\/wp-json\/wp\/v2\/product-cat?post=42637"}],"curies":[{"name":"wp","href":"https:\/\/api.w.org\/{rel}","templated":true}]}}