{"id":42634,"date":"2025-12-23T05:35:09","date_gmt":"2025-12-23T13:35:09","guid":{"rendered":"https:\/\/tangooled.com\/?post_type=product&#038;p=42634"},"modified":"2026-02-01T22:21:38","modified_gmt":"2026-02-02T06:21:38","slug":"20mm-deep-mud-in-drywall-led-profile-for-10mm-tape-light","status":"publish","type":"product","link":"https:\/\/tangooled.com\/es\/product\/20mm-deep-mud-in-drywall-led-profile-for-10mm-tape-light\/","title":{"rendered":"Perfil LED de yeso de 20 mm de profundidad para luz de cinta de 10 mm"},"content":{"rendered":"<div class=\"wp-block-group is-vertical is-layout-flex wp-container-core-group-is-layout-d255d7c4 wp-block-group-is-layout-flex\" style=\"padding-top:var(--wp--preset--spacing--80);padding-bottom:var(--wp--preset--spacing--80)\">\n<p>Nuestro perfil LED DWP09 de 20 mm de profundidad est\u00e1 dise\u00f1ado para instalaciones de yeso. Proporciona l\u00edneas de luz suaves y limpias sin marcos ni bordes visibles. El perfil tiene un ancho de 56.6 mm y una profundidad de canal integrada de 23.2 mm, con una altura interna de 20.0 mm. Est\u00e1 fabricado en aluminio anodizado 6063-T5 duradero. El ancho interno de 12.2 mm es justo lo que se necesita para las tiras LED de 10 mm, incluidas versiones de una fila normal, RGB y COB. El material resistente act\u00faa como un disipador de calor, lo que mantiene fresca su luz de cinta y hace que dure m\u00e1s.<\/p>\n<\/div>\n\n\n\n<div class=\"wp-block-group has-background is-vertical is-layout-flex wp-container-core-group-is-layout-d255d7c4 wp-block-group-is-layout-flex\" style=\"background-color:#f1f1f1;padding-top:var(--wp--preset--spacing--80);padding-bottom:var(--wp--preset--spacing--80)\">\n<div class=\"wp-block-group is-vertical is-layout-flex wp-container-core-group-is-layout-8cf370e7 wp-block-group-is-layout-flex\">\n<h2 class=\"wp-block-heading\" style=\"padding-top:var(--wp--preset--spacing--40);padding-bottom:var(--wp--preset--spacing--40);font-size:25px;font-style:normal;font-weight:600;text-transform:capitalize\">\u00bfPor qu\u00e9 elegir este perfil LED de yeso de 20 mm de profundidad?<\/h2>\n\n\n\n<ul class=\"wp-block-list\">\n<li>Acabado al ras: Los bordes tienen peque\u00f1os agujeros (flancos perforados) que permiten que el barro se adhiera. Se ve como parte de la pared cuando se seca.<\/li>\n\n\n\n<li>Disipador de calor fuerte: La carcasa met\u00e1lica mantiene frescas las tiras LED, lo que hace que duren m\u00e1s.<\/li>\n\n\n\n<li>Luz sin puntos: Viene con una tapa difusora opalina que se ajusta. Esto dispersa la luz de manera uniforme y suave, sin puntos ni zonas calientes.<\/li>\n\n\n\n<li>Fits perfectly: Made for regular drywall (1\/2&#8243; or 5\/8&#8243;) to make sure it stays in place.<\/li>\n\n\n\n<li>Protege la cinta LED: Mantiene alejado el polvo y los da\u00f1os, facilitando la instalaci\u00f3n.<\/li>\n\n\n\n<li>trim to size: You may get it in 1 or 2 meters and it&#8217;s easy to trim to the right length.<\/li>\n<\/ul>\n<\/div>\n<\/div>\n\n\n\n<div class=\"wp-block-group\" style=\"padding-top:var(--wp--preset--spacing--80);padding-bottom:var(--wp--preset--spacing--80)\"><div class=\"wp-block-group__inner-container is-layout-constrained wp-block-group-is-layout-constrained\">\n<div class=\"wp-block-media-text has-media-on-the-right is-stacked-on-mobile\" style=\"grid-template-columns:auto 40%\"><div class=\"wp-block-media-text__content\">\n<h2 class=\"wp-block-heading\" style=\"padding-top:var(--wp--preset--spacing--40);padding-bottom:var(--wp--preset--spacing--40);font-size:25px;font-style:normal;font-weight:600;text-transform:capitalize\">\u00bfC\u00f3mo utilizarlo?<\/h2>\n\n\n\n<ul class=\"wp-block-list\">\n<li>Fija el perfil de aluminio a la pared o al marco del techo.<\/li>\n\n\n\n<li>Aplica barro de yeso en las alas que tienen agujeros.<\/li>\n\n\n\n<li>Espera a que el barro se seque y luego lija.<\/li>\n\n\n\n<li>Coloca la luz de cinta de 10 mm dentro del canal.<\/li>\n\n\n\n<li>Adjunta el difusor para una luz suave y sin puntos.<\/li>\n\n\n\n<li>Conecta la cinta LED al sistema de energ\u00eda y control.<\/li>\n<\/ul>\n<\/div><figure class=\"wp-block-media-text__media\"><img loading=\"lazy\" decoding=\"async\" width=\"500\" height=\"500\" src=\"https:\/\/tangooled.com\/wp-content\/uploads\/2025\/12\/dwp09-ins.webp\" alt=\"Perfil LED de yeso de 20 mm de profundidad para luz de cinta de 10 mm\" class=\"wp-image-42811 size-full\" srcset=\"https:\/\/tangooled.com\/wp-content\/uploads\/2025\/12\/dwp09-ins.webp 500w, https:\/\/tangooled.com\/wp-content\/uploads\/2025\/12\/dwp09-ins-300x300.webp 300w, https:\/\/tangooled.com\/wp-content\/uploads\/2025\/12\/dwp09-ins-150x150.webp 150w\" sizes=\"auto, (max-width: 500px) 100vw, 500px\" \/><\/figure><\/div>\n<\/div><\/div>\n\n\n\n<div class=\"wp-block-group has-background\" style=\"background-color:#f1f1f1f2;padding-top:var(--wp--preset--spacing--80);padding-bottom:var(--wp--preset--spacing--80)\"><div class=\"wp-block-group__inner-container is-layout-constrained wp-block-group-is-layout-constrained\">\n<h2 class=\"wp-block-heading\" style=\"padding-top:var(--wp--preset--spacing--40);padding-bottom:var(--wp--preset--spacing--40);font-size:25px;font-style:normal;font-weight:600;text-transform:capitalize\">\u00bfD\u00f3nde puedes usar este canal sin puntos?<\/h2>\n\n\n\n<ul class=\"wp-block-list\">\n<li>Iluminaci\u00f3n empotrada en la pared o el techo para crear l\u00edneas de luz sin esquinas.<\/li>\n\n\n\n<li>Iluminaci\u00f3n detr\u00e1s de armarios o estanter\u00edas en cocinas o estaciones de trabajo.<\/li>\n\n\n\n<li>Iluminaci\u00f3n para arquitectura y decoraci\u00f3n que resalta formas y espacios.<\/li>\n\n\n\n<li>Tiras LED modernas para talleres, s\u00f3tanos y proyectos creativos.<\/li>\n<\/ul>\n<\/div><\/div>\n\n\n\n<div class=\"wp-block-group is-vertical is-layout-flex wp-container-core-group-is-layout-d255d7c4 wp-block-group-is-layout-flex\" style=\"padding-top:var(--wp--preset--spacing--80);padding-bottom:var(--wp--preset--spacing--80)\">\n<h2 class=\"wp-block-heading\" style=\"padding-top:var(--wp--preset--spacing--40);padding-bottom:var(--wp--preset--spacing--40);font-size:25px;font-style:normal;font-weight:600;text-transform:capitalize\">Productos relacionados<\/h2>\n\n\n\n<ul class=\"wp-block-list\">\n<li>Explorar <a href=\"https:\/\/tangooled.com\/es\/product\/surface-mount-led-profile-with-frosted-diffuser-for-10mm-rope-lights\/\"><mark style=\"background-color:rgba(0, 0, 0, 0)\" class=\"has-inline-color has-vivid-red-color\">Perfil LED de montaje en superficie con difusor esmerilado para luces de cuerda de 10 mm<\/mark><\/a> para soluciones de montaje en superficie f\u00e1ciles.<\/li>\n\n\n\n<li>Verificar <a href=\"https:\/\/tangooled.com\/es\/product\/led-light-diffuser-channel-aluminum-15x12mm-for-10mm-led-strips\/\"><mark style=\"background-color:rgba(0, 0, 0, 0)\" class=\"has-inline-color has-vivid-red-color\">Difusor de luz LED canal de aluminio 15x12mm para tiras LED de 10mm<\/mark><\/a> si deseas un perfil m\u00e1s delgado.<\/li>\n\n\n\n<li>Encontrar <a href=\"https:\/\/tangooled.com\/es\/product\/recessed-aluminum-channel-with-ceiling-buckle-for-led-10mm-strip-light\/\"><mark style=\"background-color:rgba(0, 0, 0, 0)\" class=\"has-inline-color has-vivid-red-color\">Perfil de aluminio LED empotrado con gancho de techo<\/mark><\/a> si necesitas asegurar r\u00e1pidamente los canales al techo.<\/li>\n<\/ul>\n<\/div>\n\n\n\n<div class=\"wp-block-group has-background\" style=\"background-color:#f1f1f1;padding-top:var(--wp--preset--spacing--80);padding-bottom:var(--wp--preset--spacing--80)\"><div class=\"wp-block-group__inner-container is-layout-constrained wp-block-group-is-layout-constrained\">\n<p>Nuestro perfil LED de yeso de 20 mm de profundidad es la elecci\u00f3n perfecta para instalaciones de tiras LED limpias, ordenadas y profesionales. Construido con materiales de alta calidad y dise\u00f1ado para un montaje sin costuras en yeso, este perfil asegura que tu luz de cinta de 10 mm proporcione una iluminaci\u00f3n suave, uniforme y duradera por a\u00f1os.<\/p>\n<\/div><\/div>\n\n\n\n<p><\/p>","protected":false},"featured_media":13743,"template":"","meta":{"_acf_changed":true,"_seopress_robots_primary_cat":"none","_seopress_titles_title":"20mm Deep Drywall LED Profile | Dot-Free Mud-in Channel DWP09","_seopress_titles_desc":"The DWP09 is a professional 20mm deep drywall led profile designed for 10mm tape lights. Its deep-recessed design ensures a dot-free, seamless linear light finish in plasterboards.","_seopress_robots_index":""},"pcb-width":[228],"product-cat":[197],"class_list":{"0":"post-42634","1":"product","2":"type-product","3":"status-publish","4":"has-post-thumbnail","6":"pcb-width-6-12mm","7":"product-cat-plaster-in-profile"},"acf":[],"_links":{"self":[{"href":"https:\/\/tangooled.com\/es\/wp-json\/wp\/v2\/product\/42634","targetHints":{"allow":["GET"]}}],"collection":[{"href":"https:\/\/tangooled.com\/es\/wp-json\/wp\/v2\/product"}],"about":[{"href":"https:\/\/tangooled.com\/es\/wp-json\/wp\/v2\/types\/product"}],"wp:featuredmedia":[{"embeddable":true,"href":"https:\/\/tangooled.com\/es\/wp-json\/wp\/v2\/media\/13743"}],"wp:attachment":[{"href":"https:\/\/tangooled.com\/es\/wp-json\/wp\/v2\/media?parent=42634"}],"wp:term":[{"taxonomy":"pcb-width","embeddable":true,"href":"https:\/\/tangooled.com\/es\/wp-json\/wp\/v2\/pcb-width?post=42634"},{"taxonomy":"product-cat","embeddable":true,"href":"https:\/\/tangooled.com\/es\/wp-json\/wp\/v2\/product-cat?post=42634"}],"curies":[{"name":"wp","href":"https:\/\/api.w.org\/{rel}","templated":true}]}}