{"id":42633,"date":"2025-12-23T05:29:47","date_gmt":"2025-12-23T13:29:47","guid":{"rendered":"https:\/\/tangooled.com\/?post_type=product&#038;p=42633"},"modified":"2026-01-27T20:11:23","modified_gmt":"2026-01-28T04:11:23","slug":"inside-corner-tile-trim-led-aluminum-profile-for-12mm-strips","status":"publish","type":"product","link":"https:\/\/tangooled.com\/es\/product\/inside-corner-tile-trim-led-aluminum-profile-for-12mm-strips\/","title":{"rendered":"Perfil LED de aluminio para recorte en esquina interior de azulejos para tiras de 12mm"},"content":{"rendered":"<div class=\"wp-block-group is-vertical is-layout-flex wp-container-core-group-is-layout-d255d7c4 wp-block-group-is-layout-flex\" style=\"padding-top:var(--wp--preset--spacing--80);padding-bottom:var(--wp--preset--spacing--80)\">\n<p>Nuestro perfil LED para recorte en esquina interior DWP08 har\u00e1 que las esquinas de tus azulejos sean brillantes y ordenadas. Este perfil de aluminio anodizado profesional est\u00e1 dise\u00f1ado para instalar en yeso o azulejos en esquinas de 90 grados en interiores. Tiene 58mm de ancho y cuenta con flanges de enyesado que pueden ser de 25mm o 36mm de ancho. Puede sostener tiras LED de 12mm de forma segura y fuera de la vista. La construcci\u00f3n robusta protege los LEDs y funciona como un disipador de calor, asegurando que duren mucho tiempo. Para una iluminaci\u00f3n lineal sin recortes y continua en cocinas, ba\u00f1os, duchas y otros espacios azulejados, util\u00edzalo.<\/p>\n<\/div>\n\n\n\n<div class=\"wp-block-group has-background is-vertical is-layout-flex wp-container-core-group-is-layout-d255d7c4 wp-block-group-is-layout-flex\" style=\"background-color:#f1f1f1;padding-top:var(--wp--preset--spacing--80);padding-bottom:var(--wp--preset--spacing--80)\">\n<div class=\"wp-block-group is-vertical is-layout-flex wp-container-core-group-is-layout-8cf370e7 wp-block-group-is-layout-flex\">\n<h2 class=\"wp-block-heading\" style=\"padding-top:var(--wp--preset--spacing--40);padding-bottom:var(--wp--preset--spacing--40);font-size:25px;font-style:normal;font-weight:600;text-transform:capitalize\">\u00bfPor qu\u00e9 elegir nuestro perfil LED para recorte en esquina interior?<\/h2>\n\n\n\n<ul class=\"wp-block-list\">\n<li>Funciona bien con luces de tira LED de 12mm, como las conocidas luces de cinta COB y SMD.<\/li>\n\n\n\n<li>Hecho de aluminio anodizado 6063-T5, que es fuerte y permite que el calor se escape.<\/li>\n\n\n\n<li>Viene con un difusor esmerilado u opalino que hace que la luz sea suave y sin puntos.\u00a0<\/li>\n\n\n\n<li>La pierna de montaje tiene agujeros que permiten que el perfil se adhiera al mortero de azulejos o adhesivo de delgado, para un agarre s\u00f3lido. Puedes tenerlo en plata, negro o blanco para que combine con tu decoraci\u00f3n.<\/li>\n\n\n\n<li>Disponible en longitudes de 1m, 2m o 3m, y es f\u00e1cil de cortar para cualquier proyecto.<\/li>\n\n\n\n<li>Viene con tapones finales para mantener los extremos ordenados y facilitar el paso de los cables.<\/li>\n<\/ul>\n<\/div>\n<\/div>\n\n\n\n<div class=\"wp-block-group is-vertical is-layout-flex wp-container-core-group-is-layout-d255d7c4 wp-block-group-is-layout-flex\" style=\"padding-top:var(--wp--preset--spacing--80);padding-bottom:var(--wp--preset--spacing--80)\">\n<hr class=\"wp-block-separator has-alpha-channel-opacity\"\/>\n\n\n\n<div class=\"wp-block-media-text has-media-on-the-right is-stacked-on-mobile\" style=\"grid-template-columns:auto 40%\"><div class=\"wp-block-media-text__content\">\n<h2 class=\"wp-block-heading\" style=\"padding-top:var(--wp--preset--spacing--40);padding-bottom:var(--wp--preset--spacing--40);font-size:25px;font-style:normal;font-weight:600;text-transform:capitalize\">C\u00f3mo usar el perfil LED para recorte en esquina interior<\/h2>\n\n\n\n<ul class=\"wp-block-list\">\n<li>Coloca la flange perforada en mortero de delgado o adhesivo para azulejos.<\/li>\n\n\n\n<li>Para obtener un acabado suave, aseg\u00farate de que los bordes de los azulejos est\u00e9n nivelados con el perfil.<\/li>\n\n\n\n<li>Para una iluminaci\u00f3n n\u00edtida y uniforme en las esquinas, coloca tu tira LED de 12mm dentro.<\/li>\n\n\n\n<li>Para obtener luz suave, coloca la tapa difusora esmerilada encima.<\/li>\n<\/ul>\n<\/div><figure class=\"wp-block-media-text__media\"><img loading=\"lazy\" decoding=\"async\" width=\"500\" height=\"500\" src=\"https:\/\/tangooled.com\/wp-content\/uploads\/2025\/12\/dwp08-ins.webp\" alt=\"inside corner tile trim led aluminum profile for 12mm strips\" class=\"wp-image-42807 size-full\" srcset=\"https:\/\/tangooled.com\/wp-content\/uploads\/2025\/12\/dwp08-ins.webp 500w, https:\/\/tangooled.com\/wp-content\/uploads\/2025\/12\/dwp08-ins-300x300.webp 300w, https:\/\/tangooled.com\/wp-content\/uploads\/2025\/12\/dwp08-ins-150x150.webp 150w\" sizes=\"auto, (max-width: 500px) 100vw, 500px\" \/><\/figure><\/div>\n<\/div>\n\n\n\n<div class=\"wp-block-group has-background\" style=\"background-color:#f1f1f1f2;padding-top:var(--wp--preset--spacing--80);padding-bottom:var(--wp--preset--spacing--80)\"><div class=\"wp-block-group__inner-container is-layout-constrained wp-block-group-is-layout-constrained\">\n<h2 class=\"wp-block-heading\" style=\"padding-top:var(--wp--preset--spacing--40);padding-bottom:var(--wp--preset--spacing--40);font-size:25px;font-style:normal;font-weight:600\">Principales aplicaciones del perfil LED para recorte en esquina interior<\/h2>\n\n\n\n<ul class=\"wp-block-list\">\n<li>Retroiluminoscencias en cozinhas: usa iluminaci\u00f3n de tarea brillante o de acento para destacar las esquinas de tu encimera.<\/li>\n\n\n\n<li>Pasillos y escaleras: colocar l\u00edneas a lo largo de los escalones y esquinas las har\u00e1 m\u00e1s seguras y modernas.<\/li>\n\n\n\n<li>Iluminaci\u00f3n en coves en techos y paredes: utiliza luz indirecta en las esquinas para hacer que los techos parezcan m\u00e1s altos.<\/li>\n\n\n\n<li>Transiciones entre paredes y pisos: crea z\u00f3calos o molduras que se iluminen.<\/li>\n\n\n\n<li>Exhibiciones comerciales y minoristas: utiliza iluminaci\u00f3n para resaltar estanter\u00edas, exhibiciones y bordes arquitect\u00f3nicos.<\/li>\n<\/ul>\n<\/div><\/div>\n\n\n\n<div class=\"wp-block-group is-vertical is-layout-flex wp-container-core-group-is-layout-d255d7c4 wp-block-group-is-layout-flex\" style=\"padding-top:var(--wp--preset--spacing--80);padding-bottom:var(--wp--preset--spacing--80)\">\n<h2 class=\"wp-block-heading\" style=\"font-size:25px;font-style:normal;font-weight:600;text-transform:capitalize\">Productos Relacionados Que Te Puede Gustar<\/h2>\n\n\n\n<ul class=\"wp-block-list\">\n<li><a href=\"https:\/\/tangooled.com\/es\/product\/black-led-diffuser-aluminum-channel-for-12mm-tape-lights\/\"><mark style=\"background-color:rgba(0, 0, 0, 0)\" class=\"has-inline-color has-vivid-red-color\">Canal de aluminio difusor LED negro para luces de cinta de 12mm<\/mark><\/a> \u2014 Perfect match for dark designs.<\/li>\n\n\n\n<li><a href=\"https:\/\/tangooled.com\/es\/product\/18x18mm-led-strip-corner-profile-for-12mm-led-strips\/\"><mark style=\"background-color:rgba(0, 0, 0, 0)\" class=\"has-inline-color has-vivid-red-color\">Perfil de esquina de tira LED 18x18mm para tiras LED de 12mm<\/mark><\/a> \u2014 Great for sharp corner lighting.<\/li>\n\n\n\n<li><a href=\"https:\/\/tangooled.com\/es\/product\/led-profile-under-cabinet-corner-lighting-for-led-strip-12mm\/\"><mark style=\"background-color:rgba(0, 0, 0, 0)\" class=\"has-inline-color has-vivid-red-color\">Iluminaci\u00f3n en esquina bajo el gabinete para tiras LED de 12mm<\/mark><\/a> \u2014 Ideal for kitchen under cabinet corners.<\/li>\n<\/ul>\n<\/div>\n\n\n\n<p><\/p>","protected":false},"featured_media":13738,"template":"","meta":{"_acf_changed":true,"_seopress_robots_primary_cat":"none","_seopress_titles_title":"Inside Corner Tile Trim LED Profile | 12mm Internal Corner DWP08 | TANGOOLED","_seopress_titles_desc":"The DWP08 is a specialized inside corner tile trim led profile for 12mm strips. Perfect for creating ambient lighting in tile corners of bathrooms and showers while providing a clean trim finish.","_seopress_robots_index":""},"pcb-width":[228],"product-cat":[197],"class_list":{"0":"post-42633","1":"product","2":"type-product","3":"status-publish","4":"has-post-thumbnail","6":"pcb-width-6-12mm","7":"product-cat-plaster-in-profile"},"acf":[],"_links":{"self":[{"href":"https:\/\/tangooled.com\/es\/wp-json\/wp\/v2\/product\/42633","targetHints":{"allow":["GET"]}}],"collection":[{"href":"https:\/\/tangooled.com\/es\/wp-json\/wp\/v2\/product"}],"about":[{"href":"https:\/\/tangooled.com\/es\/wp-json\/wp\/v2\/types\/product"}],"wp:featuredmedia":[{"embeddable":true,"href":"https:\/\/tangooled.com\/es\/wp-json\/wp\/v2\/media\/13738"}],"wp:attachment":[{"href":"https:\/\/tangooled.com\/es\/wp-json\/wp\/v2\/media?parent=42633"}],"wp:term":[{"taxonomy":"pcb-width","embeddable":true,"href":"https:\/\/tangooled.com\/es\/wp-json\/wp\/v2\/pcb-width?post=42633"},{"taxonomy":"product-cat","embeddable":true,"href":"https:\/\/tangooled.com\/es\/wp-json\/wp\/v2\/product-cat?post=42633"}],"curies":[{"name":"wp","href":"https:\/\/api.w.org\/{rel}","templated":true}]}}