{"id":42628,"date":"2025-12-23T05:26:22","date_gmt":"2025-12-23T13:26:22","guid":{"rendered":"https:\/\/tangooled.com\/?post_type=product&#038;p=42628"},"modified":"2026-01-27T20:09:10","modified_gmt":"2026-01-28T04:09:10","slug":"outside-corner-tile-led-strip-profile-for-12mm-light-tape","status":"publish","type":"product","link":"https:\/\/tangooled.com\/es\/product\/outside-corner-tile-led-strip-profile-for-12mm-light-tape\/","title":{"rendered":"Perfil para tira LED en esquina externa para cinta de luz de 12 mm"},"content":{"rendered":"<div class=\"wp-block-group is-vertical is-layout-flex wp-container-core-group-is-layout-d255d7c4 wp-block-group-is-layout-flex\" style=\"padding-top:var(--wp--preset--spacing--80);padding-bottom:var(--wp--preset--spacing--80)\">\n<p>Our DWP07 Outside corner tile LED profile will make your tiled corners glow. This high-quality aluminum\u00a0profile is made to hold and protect your 12mm light tape while making the corners of your outdoor tiles seem clean and smooth. It is 46.8mm broad and 21.5mm deep. The profile is made of durable anodized aluminum, which functions as a heat sink to keep your LEDs cool and safe. The inbuilt opal diffuser makes the light gentle and dot-free, which makes it great for kitchens, baths, staircases, and other tiled areas.<\/p>\n<\/div>\n\n\n\n<div class=\"wp-block-group has-background is-vertical is-layout-flex wp-container-core-group-is-layout-d255d7c4 wp-block-group-is-layout-flex\" style=\"background-color:#f1f1f1;padding-top:var(--wp--preset--spacing--80);padding-bottom:var(--wp--preset--spacing--80)\">\n<div class=\"wp-block-group is-vertical is-layout-flex wp-container-core-group-is-layout-8cf370e7 wp-block-group-is-layout-flex\">\n<h2 class=\"wp-block-heading\" style=\"padding-top:var(--wp--preset--spacing--40);padding-bottom:var(--wp--preset--spacing--40);font-size:25px;font-style:normal;font-weight:600;text-transform:capitalize\">Por qu\u00e9 necesitas este perfil LED de esquina externa<\/h2>\n\n\n\n<ul class=\"wp-block-list\">\n<li>Evita que las esquinas de los azulejos se astillen y agrieten.<\/li>\n\n\n\n<li>Le da a los bordes de tu iluminaci\u00f3n un aspecto moderno y elegante.<\/li>\n\n\n\n<li>La brida perforada se adhiere eficazmente en el mortero para azulejos, lo que la hace muy robusta.<\/li>\n\n\n\n<li>Se puede usar en lugares h\u00famedos y secos.<\/li>\n\n\n\n<li>Hace que la iluminaci\u00f3n en tu ba\u00f1o, cocina, escalera o pared se vea n\u00edtida y brillante.<\/li>\n\n\n\n<li>Funciona con muchas cintas LED SMD o COB para crear un brillo sin puntos.<\/li>\n<\/ul>\n<\/div>\n<\/div>\n\n\n\n<div class=\"wp-block-group is-vertical is-layout-flex wp-container-core-group-is-layout-d255d7c4 wp-block-group-is-layout-flex\" style=\"padding-top:var(--wp--preset--spacing--80);padding-bottom:var(--wp--preset--spacing--80)\">\n<hr class=\"wp-block-separator has-alpha-channel-opacity\"\/>\n\n\n\n<div class=\"wp-block-media-text has-media-on-the-right is-stacked-on-mobile\" style=\"grid-template-columns:auto 40%\"><div class=\"wp-block-media-text__content\">\n<h2 class=\"wp-block-heading\" style=\"padding-top:var(--wp--preset--spacing--40);padding-bottom:var(--wp--preset--spacing--40);font-size:25px;font-style:normal;font-weight:600;text-transform:capitalize\">C\u00f3mo instalar<\/h2>\n\n\n\n<ul class=\"wp-block-list\">\n<li>Aseg\u00farate de que la esquina del azulejo est\u00e9 limpia y seca.<\/li>\n\n\n\n<li>Usa pegamento para azulejos o mortero delgado para instalar la brida perforada en su lugar.<\/li>\n\n\n\n<li>Espera que el pegamento se seque antes de colocar la tira LED en el canal.<\/li>\n\n\n\n<li>Coloca la cubierta difusora opalina en el perfil presion\u00e1ndola.<\/li>\n\n\n\n<li>Usa los tapones finales para asegurar los extremos. Si la zona es h\u00fameda, usa silicona para sellar los bordes.<\/li>\n\n\n\n<li>Conecta las tiras LED a la alimentaci\u00f3n y utiliza atenuadores o controles inteligentes para obtener los mejores resultados.<\/li>\n<\/ul>\n<\/div><figure class=\"wp-block-media-text__media\"><img loading=\"lazy\" decoding=\"async\" width=\"500\" height=\"500\" src=\"https:\/\/tangooled.com\/wp-content\/uploads\/2025\/12\/dwp07-ins.webp\" alt=\"outside corner tile led strip profile for 12mm light tape\" class=\"wp-image-42805 size-full\" srcset=\"https:\/\/tangooled.com\/wp-content\/uploads\/2025\/12\/dwp07-ins.webp 500w, https:\/\/tangooled.com\/wp-content\/uploads\/2025\/12\/dwp07-ins-300x300.webp 300w, https:\/\/tangooled.com\/wp-content\/uploads\/2025\/12\/dwp07-ins-150x150.webp 150w\" sizes=\"auto, (max-width: 500px) 100vw, 500px\" \/><\/figure><\/div>\n<\/div>\n\n\n\n<div class=\"wp-block-group has-background is-vertical is-layout-flex wp-container-core-group-is-layout-b429018a wp-block-group-is-layout-flex\" style=\"background-color:#f1f1f1f2;padding-top:var(--wp--preset--spacing--70);padding-bottom:var(--wp--preset--spacing--70)\">\n<h2 class=\"wp-block-heading\" style=\"padding-top:var(--wp--preset--spacing--40);padding-bottom:var(--wp--preset--spacing--40);font-size:25px;font-style:normal;font-weight:600\">D\u00f3nde usar el perfil LED de esquina externa<\/h2>\n\n\n\n<p>Puedes usar este perfil LED de esquina externa en muchas \u00e1reas donde se encuentran el azulejo y la luz:<\/p>\n\n\n\n<ul class=\"wp-block-list\">\n<li>Habitaciones h\u00famedas y duchas: A\u00f1ade luz a las esquinas de las paredes de tu ducha o nichos.<\/li>\n\n\n\n<li>Salpicaderos en la cocina: A\u00f1ade luz a los m\u00e1rgenes del salpicadero.<\/li>\n\n\n\n<li>Escaleras de azulejos: Col\u00f3cales a los lados de las escaleras para hacerlas m\u00e1s seguras y lucir mejor.<\/li>\n\n\n\n<li>Caracter\u00edsticas de pared y nichos: Muestra las esquinas azulejadas en las paredes o exhibe nichos.<\/li>\n\n\n\n<li>Rodapi\u00e9s y z\u00f3calos: Haz que los m\u00e1rgenes del azulejo se iluminen donde se encuentren con el suelo o la pared.<\/li>\n<\/ul>\n<\/div>\n\n\n\n<div class=\"wp-block-group is-vertical is-layout-flex wp-container-core-group-is-layout-d255d7c4 wp-block-group-is-layout-flex\" style=\"padding-top:var(--wp--preset--spacing--80);padding-bottom:var(--wp--preset--spacing--80)\">\n<h2 class=\"wp-block-heading\" style=\"padding-top:var(--wp--preset--spacing--40);padding-bottom:var(--wp--preset--spacing--40);font-size:25px;font-style:normal;font-weight:600;text-transform:capitalize\">Productos relacionados y m\u00e1s informaci\u00f3n<\/h2>\n\n\n\n<ul class=\"wp-block-list\">\n<li><a href=\"https:\/\/tangooled.com\/es\/product\/black-led-diffuser-aluminum-channel-for-12mm-tape-lights\/\"><mark style=\"background-color:rgba(0, 0, 0, 0)\" class=\"has-inline-color has-vivid-red-color\">Canal de aluminio negro para difusores LED de cintas de 12 mm<\/mark><\/a>- perfecto para acabados negros elegantes.<\/li>\n\n\n\n<li><a href=\"https:\/\/tangooled.com\/es\/product\/18x18mm-led-strip-corner-profile-for-12mm-led-strips\/\"><mark style=\"background-color:rgba(0, 0, 0, 0)\" class=\"has-inline-color has-vivid-red-color\">Perfil de esquina para tira LED de 18x18 mm para cinta de luz de 12 mm<\/mark><\/a>- otra gran opci\u00f3n de complemento.<\/li>\n\n\n\n<li><a href=\"https:\/\/tangooled.com\/es\/product\/aluminum-drywall-led-skirting-profile-for-12mm-tape-light\/\"><mark style=\"background-color:rgba(0, 0, 0, 0)\" class=\"has-inline-color has-vivid-red-color\">Perfil de aluminio para rodapi\u00e9 LED de yeso para cinta de luz de 12 mm<\/mark><\/a> \u2013 for use around drywall edges.<\/li>\n\n\n\n<li><a href=\"https:\/\/tangooled.com\/es\/product\/led-profile-under-cabinet-corner-lighting-for-led-strip-12mm\/\"><mark style=\"background-color:rgba(0, 0, 0, 0)\" class=\"has-inline-color has-vivid-red-color\">Iluminaci\u00f3n de esquina bajo gabinete con perfil LED para tiras LED de 12 mm<\/mark><\/a> \u2013 good for kitchen cabinet accent lighting.<\/li>\n<\/ul>\n<\/div>\n\n\n\n<div class=\"wp-block-group has-background\" style=\"background-color:#f1f1f1;padding-top:var(--wp--preset--spacing--80);padding-bottom:var(--wp--preset--spacing--80)\"><div class=\"wp-block-group__inner-container is-layout-constrained wp-block-group-is-layout-constrained\">\n<h2 class=\"wp-block-heading\" style=\"padding-top:var(--wp--preset--spacing--40);padding-bottom:var(--wp--preset--spacing--40);font-size:25px;font-style:normal;font-weight:600;text-transform:capitalize\">Resumen<\/h2>\n\n\n\n<p style=\"padding-right:var(--wp--preset--spacing--50);padding-left:var(--wp--preset--spacing--50)\">Este perfil LED de esquina externa para cinta de luz de 12 mm es la mejor manera de iluminar las esquinas de cer\u00e1mica de manera ordenada y duradera. Protege los azulejos, mejora el rendimiento de los LEDs y se ve maravilloso tanto en hogares como en negocios. La instalaci\u00f3n es f\u00e1cil y duradera gracias a su resistente estructura de aluminio, difusor suave y brida amigable con los azulejos.<\/p>\n<\/div><\/div>\n\n\n\n<p><\/p>","protected":false},"featured_media":13733,"template":"","meta":{"_acf_changed":true,"_seopress_robots_primary_cat":"none","_seopress_titles_title":"Outside Corner Tile LED Profile | 12mm LED Tile Trim Channel DWP07 | TANGOOLED","_seopress_titles_desc":"The DWP07 is a premium outside corner tile led profile designed for 12mm light tapes. This aluminum tile trim profile protects tile edges while providing seamless corner lighting in bathrooms and kitchens.","_seopress_robots_index":""},"pcb-width":[228],"product-cat":[197],"class_list":{"0":"post-42628","1":"product","2":"type-product","3":"status-publish","4":"has-post-thumbnail","6":"pcb-width-6-12mm","7":"product-cat-plaster-in-profile"},"acf":[],"_links":{"self":[{"href":"https:\/\/tangooled.com\/es\/wp-json\/wp\/v2\/product\/42628","targetHints":{"allow":["GET"]}}],"collection":[{"href":"https:\/\/tangooled.com\/es\/wp-json\/wp\/v2\/product"}],"about":[{"href":"https:\/\/tangooled.com\/es\/wp-json\/wp\/v2\/types\/product"}],"wp:featuredmedia":[{"embeddable":true,"href":"https:\/\/tangooled.com\/es\/wp-json\/wp\/v2\/media\/13733"}],"wp:attachment":[{"href":"https:\/\/tangooled.com\/es\/wp-json\/wp\/v2\/media?parent=42628"}],"wp:term":[{"taxonomy":"pcb-width","embeddable":true,"href":"https:\/\/tangooled.com\/es\/wp-json\/wp\/v2\/pcb-width?post=42628"},{"taxonomy":"product-cat","embeddable":true,"href":"https:\/\/tangooled.com\/es\/wp-json\/wp\/v2\/product-cat?post=42628"}],"curies":[{"name":"wp","href":"https:\/\/api.w.org\/{rel}","templated":true}]}}