{"id":42606,"date":"2025-12-23T02:20:43","date_gmt":"2025-12-23T10:20:43","guid":{"rendered":"https:\/\/tangooled.com\/?post_type=product&#038;p=42606"},"modified":"2026-02-01T22:12:19","modified_gmt":"2026-02-02T06:12:19","slug":"ceiling-plaster-in-led-profile-for-9mm-deep-groove","status":"publish","type":"product","link":"https:\/\/tangooled.com\/es\/product\/ceiling-plaster-in-led-profile-for-9mm-deep-groove\/","title":{"rendered":"yeso en perfil LED para canal de 9 mm de profundidad"},"content":{"rendered":"<div class=\"wp-block-group is-vertical is-layout-flex wp-container-core-group-is-layout-d255d7c4 wp-block-group-is-layout-flex\" style=\"padding-top:var(--wp--preset--spacing--80);padding-bottom:var(--wp--preset--spacing--80)\">\n<p>Our 9mm deep plaster in LED profile is aimed to make ceilings look clean and modern by adding lighting that doesn&#8217;t have seams or trim. The profile is 56.6mm wide and 13.1mm deep, so it fits well into walls and plasterboard and entirely covers the fixture. It is composed of high-quality anodized aluminum 6063-T5 and has a wide flange so it may be flush-mounted. It also helps keep LED strips cool and makes them last longer by acting as a heat sink. The opal diffuser softens the light and removes dots, making it great for usage in architecture.<\/p>\n<\/div>\n\n\n\n<div class=\"wp-block-group has-background is-vertical is-layout-flex wp-container-core-group-is-layout-d255d7c4 wp-block-group-is-layout-flex\" style=\"background-color:#f1f1f1;padding-top:var(--wp--preset--spacing--80);padding-bottom:var(--wp--preset--spacing--80)\">\n<div class=\"wp-block-group is-vertical is-layout-flex wp-container-core-group-is-layout-8cf370e7 wp-block-group-is-layout-flex\">\n<h2 class=\"wp-block-heading\" style=\"padding-top:var(--wp--preset--spacing--40);padding-bottom:var(--wp--preset--spacing--40);font-size:25px;font-style:normal;font-weight:600;text-transform:capitalize\">\u00bfPor qu\u00e9 elegir nuestro perfil LED de yeso de 9 mm de profundidad?<\/h2>\n\n\n\n<ul class=\"wp-block-list\">\n<li>Funciona perfectamente con cart\u00f3n yeso o drywall para ocultar el efecto.<\/li>\n\n\n\n<li>El aluminio anodizado ayuda a mantener el calor de manera m\u00e1s eficiente.<\/li>\n\n\n\n<li>Viene con tapas finales para un aspecto limpio.<\/li>\n\n\n\n<li>Se puede usar con tiras LED COB, tiras LED de densidad normal y tiras LED de alta densidad que tengan hasta 12 mm de ancho.<\/li>\n\n\n\n<li>Funciona con tecnolog\u00eda RGB+W y regulable, as\u00ed que puedes cambiar la atm\u00f3sfera con tus luces.<\/li>\n\n\n\n<li>Funciona bien para iluminaci\u00f3n ambiental, de tarea y de acento.<\/li>\n<\/ul>\n<\/div>\n<\/div>\n\n\n\n<div class=\"wp-block-group is-vertical is-layout-flex wp-container-core-group-is-layout-d255d7c4 wp-block-group-is-layout-flex\" style=\"padding-top:var(--wp--preset--spacing--80);padding-bottom:var(--wp--preset--spacing--80)\">\n<hr class=\"wp-block-separator has-alpha-channel-opacity\"\/>\n\n\n\n<div class=\"wp-block-media-text has-media-on-the-right is-stacked-on-mobile\" style=\"grid-template-columns:auto 40%\"><div class=\"wp-block-media-text__content\">\n<h2 class=\"wp-block-heading\" style=\"padding-top:var(--wp--preset--spacing--40);padding-bottom:var(--wp--preset--spacing--40);font-size:25px;font-style:normal;font-weight:600;text-transform:capitalize\">C\u00f3mo funciona este canal delgado para techos<\/h2>\n\n\n\n<p>Este canal delgado para techos tiene alas con agujeros que se introducen en yeso o capas de enlucido. Esto facilita el enlucido hasta el borde, lo que te brinda un acabado sin moldura y montado al ras sin huecos ni bordes visibles. Funciona con el difusor LED opal para proporcionar l\u00edneas de luz LED suaves y sin puntos, perfecto para iluminaci\u00f3n arquitect\u00f3nica moderna. Se combina bien con la iluminaci\u00f3n de corona, efectos de pared y otros tipos de iluminaci\u00f3n indirecta.<\/p>\n<\/div><figure class=\"wp-block-media-text__media\"><img loading=\"lazy\" decoding=\"async\" width=\"500\" height=\"500\" src=\"https:\/\/tangooled.com\/wp-content\/uploads\/2025\/12\/dwp06-ins.webp\" alt=\"ceiling plaster in led profile for 9mm deep groove\" class=\"wp-image-42784 size-full\" srcset=\"https:\/\/tangooled.com\/wp-content\/uploads\/2025\/12\/dwp06-ins.webp 500w, https:\/\/tangooled.com\/wp-content\/uploads\/2025\/12\/dwp06-ins-300x300.webp 300w, https:\/\/tangooled.com\/wp-content\/uploads\/2025\/12\/dwp06-ins-150x150.webp 150w\" sizes=\"auto, (max-width: 500px) 100vw, 500px\" \/><\/figure><\/div>\n<\/div>\n\n\n\n<div class=\"wp-block-group has-background is-vertical is-layout-flex wp-container-core-group-is-layout-b429018a wp-block-group-is-layout-flex\" style=\"background-color:#f1f1f1f2;padding-top:var(--wp--preset--spacing--70);padding-bottom:var(--wp--preset--spacing--70)\">\n<h2 class=\"wp-block-heading\" style=\"padding-top:var(--wp--preset--spacing--40);padding-bottom:var(--wp--preset--spacing--40);font-size:25px;font-style:normal;font-weight:600\">Escenarios de uso ideales<\/h2>\n\n\n\n<p>Nuestro perfil LED de yeso de 9 mm de profundidad es perfecto para muchos proyectos de iluminaci\u00f3n, tales como:<\/p>\n\n\n\n<ul class=\"wp-block-list\">\n<li>Iluminaci\u00f3n minimalista de techos y paredes: Crea l\u00edneas de luz ocultas y elegantes en hogares y oficinas.<\/li>\n\n\n\n<li>Transiciones de pared a techo: Perfecto para iluminaci\u00f3n de corona y efectos de techo flotante.<\/li>\n\n\n\n<li>Espacios comerciales y minoristas: Utiliza iluminaci\u00f3n arquitect\u00f3nica para hacer que las tiendas y salas de exhibici\u00f3n se vean m\u00e1s atractivas.<\/li>\n\n\n\n<li>Iluminaci\u00f3n de acento: Usa luz suave y limpia para resaltar nichos, sof\u00e1s o estanter\u00edas.<\/li>\n\n\n\n<li>Iluminaci\u00f3n de tarea: Util\u00edzalo sobre islas de cocina o \u00e1reas de trabajo para obtener luz que sea brillante pero no demasiado intensa.<\/li>\n<\/ul>\n<\/div>\n\n\n\n<div class=\"wp-block-group is-vertical is-layout-flex wp-container-core-group-is-layout-d255d7c4 wp-block-group-is-layout-flex\" style=\"padding-top:var(--wp--preset--spacing--80);padding-bottom:var(--wp--preset--spacing--80)\">\n<h2 class=\"wp-block-heading\" style=\"padding-top:var(--wp--preset--spacing--40);padding-bottom:var(--wp--preset--spacing--40);font-size:25px;font-style:normal;font-weight:600;text-transform:capitalize\">Productos relacionados de Tangooled<\/h2>\n\n\n\n<ul class=\"wp-block-list\">\n<li>Perfil LED delgado para yeso para tira LED de 8 mm<\/li>\n\n\n\n<li>Perfil LED de yeso para ranura de techo de 12 mm<\/li>\n\n\n\n<li>perfil de tira LED de 18x9mm para instalaci\u00f3n superficial<\/li>\n\n\n\n<li>Perfil LED negro con difusor negro para luz de tira LED de 10mm<\/li>\n<\/ul>\n<\/div>\n\n\n\n<div class=\"wp-block-group has-background\" style=\"background-color:#f1f1f1;padding-top:var(--wp--preset--spacing--80);padding-bottom:var(--wp--preset--spacing--80)\"><div class=\"wp-block-group__inner-container is-layout-constrained wp-block-group-is-layout-constrained\">\n<h2 class=\"wp-block-heading\" style=\"padding-top:var(--wp--preset--spacing--40);padding-bottom:var(--wp--preset--spacing--40);font-size:25px;font-style:normal;font-weight:600;text-transform:capitalize\">Resumen<\/h2>\n\n\n\n<p style=\"padding-right:var(--wp--preset--spacing--50);padding-left:var(--wp--preset--spacing--50)\">Este perfil LED de yeso de 9 mm de profundidad es la mejor manera de instalar luces LED en techos y paredes sin ning\u00fan tipo de moldura. Con su extrusi\u00f3n de aluminio, difusor opalino y f\u00e1cil instalaci\u00f3n, puedes crear una hermosa iluminaci\u00f3n arquitect\u00f3nica. Este perfil funciona bien con techos de cart\u00f3n yeso, yeso o gypsum y puede soportar tiras LED de diferentes colores y tipos.<\/p>\n<\/div><\/div>\n\n\n\n<p><\/p>","protected":false},"featured_media":13728,"template":"","meta":{"_acf_changed":true,"_seopress_robots_primary_cat":"none","_seopress_titles_title":"9mm Deep Plaster-in LED Profile | Slim Ceiling Groove Channel DWP06","_seopress_titles_desc":"The DWP06 is a slim 9mm deep plaster in led profile designed for shallow ceiling grooves. This trimless aluminum channel provides a seamless finish in thin plasterboards without structural interference.","_seopress_robots_index":""},"pcb-width":[228],"product-cat":[197],"class_list":{"0":"post-42606","1":"product","2":"type-product","3":"status-publish","4":"has-post-thumbnail","6":"pcb-width-6-12mm","7":"product-cat-plaster-in-profile"},"acf":[],"_links":{"self":[{"href":"https:\/\/tangooled.com\/es\/wp-json\/wp\/v2\/product\/42606","targetHints":{"allow":["GET"]}}],"collection":[{"href":"https:\/\/tangooled.com\/es\/wp-json\/wp\/v2\/product"}],"about":[{"href":"https:\/\/tangooled.com\/es\/wp-json\/wp\/v2\/types\/product"}],"wp:featuredmedia":[{"embeddable":true,"href":"https:\/\/tangooled.com\/es\/wp-json\/wp\/v2\/media\/13728"}],"wp:attachment":[{"href":"https:\/\/tangooled.com\/es\/wp-json\/wp\/v2\/media?parent=42606"}],"wp:term":[{"taxonomy":"pcb-width","embeddable":true,"href":"https:\/\/tangooled.com\/es\/wp-json\/wp\/v2\/pcb-width?post=42606"},{"taxonomy":"product-cat","embeddable":true,"href":"https:\/\/tangooled.com\/es\/wp-json\/wp\/v2\/product-cat?post=42606"}],"curies":[{"name":"wp","href":"https:\/\/api.w.org\/{rel}","templated":true}]}}