{"id":42605,"date":"2025-12-23T02:16:16","date_gmt":"2025-12-23T10:16:16","guid":{"rendered":"https:\/\/tangooled.com\/?post_type=product&#038;p=42605"},"modified":"2026-01-27T20:02:09","modified_gmt":"2026-01-28T04:02:09","slug":"inner-12mm-width-single-flange-led-plasterboard-profile","status":"publish","type":"product","link":"https:\/\/tangooled.com\/es\/product\/inner-12mm-width-single-flange-led-plasterboard-profile\/","title":{"rendered":"perfil de yeso LED de un solo flange de 12mm de ancho interior"},"content":{"rendered":"<div class=\"wp-block-group is-vertical is-layout-flex wp-container-core-group-is-layout-d255d7c4 wp-block-group-is-layout-flex\" style=\"padding-top:var(--wp--preset--spacing--80);padding-bottom:var(--wp--preset--spacing--80)\">\n<p>Nuestro perfil de yeso LED de un solo flange de 12mm de ancho interior DWP05 es ideal para crear l\u00edneas de luz suaves y sin marcos en paredes y techos. Esta extrusi\u00f3n de aluminio est\u00e1 dise\u00f1ada para ser enyesada, por lo que el canal queda oculto debajo del panel de yeso, logrando un efecto limpio y moderno. Mide 36.0mm de ancho y 11.3mm de profundidad, el canal interior de 12.2 mm se adapta perfectamente a tiras LED de hasta 12mm de ancho. El dise\u00f1o \u00fanico de un solo flange permite enyesar hasta la abertura de luz para un acabado de superficie al ras. Fabricado en durable aluminio anodizado 6063-T5, garantiza una excelente disipaci\u00f3n del calor e incluye un difusor esmerilado para una l\u00ednea de luz suave.<\/p>\n<\/div>\n\n\n\n<div class=\"wp-block-group has-background is-vertical is-layout-flex wp-container-core-group-is-layout-d255d7c4 wp-block-group-is-layout-flex\" style=\"background-color:#f1f1f1;padding-top:var(--wp--preset--spacing--80);padding-bottom:var(--wp--preset--spacing--80)\">\n<div class=\"wp-block-group is-vertical is-layout-flex wp-container-core-group-is-layout-8cf370e7 wp-block-group-is-layout-flex\">\n<h2 class=\"wp-block-heading\" style=\"padding-top:var(--wp--preset--spacing--40);padding-bottom:var(--wp--preset--spacing--40);font-size:25px;font-style:normal;font-weight:600;text-transform:capitalize\">\u00bfPor qu\u00e9 elegir este perfil de yeso LED de 12mm de ancho interior?<\/h2>\n\n\n\n<ul class=\"wp-block-list\">\n<li>Integraci\u00f3n de iluminaci\u00f3n sin costuras: El perfil de aluminio que entra en el yeso se esconde por completo, por lo que no hay bordes visibles.<\/li>\n\n\n\n<li>Luces LED sin puntos: \u00dasalo con tiras LED de alta densidad para obtener luz suave y continua.<\/li>\n\n\n\n<li>Fuerte y resistente al calor: El canal de aluminio extruido act\u00faa como un disipador de calor para que los LED duren m\u00e1s.<\/li>\n\n\n\n<li>F\u00e1cil de montar: Solo atorn\u00edllelo o f\u00edjelo al panel de yeso, cubra el flange con yeso y pinte. Luego, coloque la tira LED y coloque el difusor.<\/li>\n\n\n\n<li>Aspecto minimalista: Ideal para interiores modernos que requieren un acabado limpio y suave sin grandes molduras.<\/li>\n\n\n\n<li>Ideal para dise\u00f1os de perfil de lavado de pared y canal de iluminaci\u00f3n de covo.<\/li>\n<\/ul>\n<\/div>\n<\/div>\n\n\n\n<div class=\"wp-block-group is-vertical is-layout-flex wp-container-core-group-is-layout-d255d7c4 wp-block-group-is-layout-flex\" style=\"padding-top:var(--wp--preset--spacing--80);padding-bottom:var(--wp--preset--spacing--80)\">\n<hr class=\"wp-block-separator has-alpha-channel-opacity\"\/>\n\n\n\n<div class=\"wp-block-media-text has-media-on-the-right is-stacked-on-mobile\" style=\"grid-template-columns:auto 40%\"><div class=\"wp-block-media-text__content\">\n<h2 class=\"wp-block-heading\" style=\"padding-top:var(--wp--preset--spacing--40);padding-bottom:var(--wp--preset--spacing--40);font-size:25px;font-style:normal;font-weight:600;text-transform:capitalize\">C\u00f3mo usar el perfil de yeso LED de 12mm de ancho interior<\/h2>\n\n\n\n<ul class=\"wp-block-list\">\n<li>Corte la extrusi\u00f3n de aluminio a la longitud adecuada.<\/li>\n\n\n\n<li>Fije el flange \u00fanico al panel de yeso o al yeso.<\/li>\n\n\n\n<li>Put plaster over the perforated flange to make the LED extrusion look like it&#8217;s flush.<\/li>\n\n\n\n<li>Lije la superficie para que quede suave y p\u00edntela, ocultando el perfil.<\/li>\n\n\n\n<li>Coloque su tira LED (de hasta 12mm de ancho) dentro del canal.<\/li>\n\n\n\n<li>Coloque el difusor opal sobre la luz para que se distribuya uniformemente y le d\u00e9 un hermoso brillo.<\/li>\n<\/ul>\n<\/div><figure class=\"wp-block-media-text__media\"><img loading=\"lazy\" decoding=\"async\" width=\"500\" height=\"500\" src=\"https:\/\/tangooled.com\/wp-content\/uploads\/2025\/12\/dwp05-ins.webp\" alt=\"perfil de yeso LED de un solo flange de 12mm de ancho interior\" class=\"wp-image-42781 size-full\" srcset=\"https:\/\/tangooled.com\/wp-content\/uploads\/2025\/12\/dwp05-ins.webp 500w, https:\/\/tangooled.com\/wp-content\/uploads\/2025\/12\/dwp05-ins-300x300.webp 300w, https:\/\/tangooled.com\/wp-content\/uploads\/2025\/12\/dwp05-ins-150x150.webp 150w\" sizes=\"auto, (max-width: 500px) 100vw, 500px\" \/><\/figure><\/div>\n<\/div>\n\n\n\n<div class=\"wp-block-group has-background is-vertical is-layout-flex wp-container-core-group-is-layout-b429018a wp-block-group-is-layout-flex\" style=\"background-color:#f1f1f1f2;padding-top:var(--wp--preset--spacing--70);padding-bottom:var(--wp--preset--spacing--70)\">\n<h2 class=\"wp-block-heading\" style=\"padding-top:var(--wp--preset--spacing--40);padding-bottom:var(--wp--preset--spacing--40);font-size:25px;font-style:normal;font-weight:600\">\u00bfD\u00f3nde usarlo?<\/h2>\n\n\n\n<ul class=\"wp-block-list\">\n<li>Iluminaci\u00f3n integrada en paredes y techos.<\/li>\n\n\n\n<li>Creaci\u00f3n de perfiles de espacio para sombras o perfiles LED sin molduras.&nbsp;<\/li>\n\n\n\n<li>Iluminaci\u00f3n de fondo y de acento en hogares y negocios.<\/li>\n\n\n\n<li>Iluminaci\u00f3n moderna y de acabado profesional en oficinas, hoteles y tiendas.&nbsp;<\/li>\n\n\n\n<li>Perfiles LED lineales sin costuras para lavado de pared e iluminaci\u00f3n ambiental indirecta.<\/li>\n<\/ul>\n<\/div>\n\n\n\n<div class=\"wp-block-group is-vertical is-layout-flex wp-container-core-group-is-layout-d255d7c4 wp-block-group-is-layout-flex\" style=\"padding-top:var(--wp--preset--spacing--80);padding-bottom:var(--wp--preset--spacing--80)\">\n<h2 class=\"wp-block-heading\" style=\"padding-top:var(--wp--preset--spacing--40);padding-bottom:var(--wp--preset--spacing--40);font-size:25px;font-style:normal;font-weight:600;text-transform:capitalize\">Productos Relacionados Que Te Puede Gustar<\/h2>\n\n\n\n<p>Explora perfiles y accesorios de iluminaci\u00f3n similares de nuestra colecci\u00f3n:<\/p>\n\n\n\n<ul class=\"wp-block-list\">\n<li><a href=\"https:\/\/tangooled.com\/es\/product\/black-led-diffuser-aluminum-channel-for-12mm-tape-lights\/\"><mark style=\"background-color:rgba(0, 0, 0, 0)\" class=\"has-inline-color has-vivid-red-color\">Canal de aluminio difusor LED negro para luces de cinta de 12 mm<\/mark><\/a><\/li>\n\n\n\n<li><a href=\"https:\/\/tangooled.com\/es\/product\/aluminum-profile-with-60-degree-lens-led-diffuser\/\"><mark style=\"background-color:rgba(0, 0, 0, 0)\" class=\"has-inline-color has-vivid-red-color\">Perfil de aluminio con lente difusora LED de 60 grados<\/mark>r<\/a><\/li>\n\n\n\n<li><a href=\"https:\/\/tangooled.com\/es\/product\/18x18mm-led-strip-corner-profile-for-12mm-led-strips\/\"><mark style=\"background-color:rgba(0, 0, 0, 0)\" class=\"has-inline-color has-vivid-red-color\">Perfil de esquina para tira LED de 18x18mm para tiras LED de 12mm<\/mark><\/a><\/li>\n<\/ul>\n<\/div>\n\n\n\n<div class=\"wp-block-group has-background\" style=\"background-color:#f1f1f1;padding-top:var(--wp--preset--spacing--80);padding-bottom:var(--wp--preset--spacing--80)\"><div class=\"wp-block-group__inner-container is-layout-constrained wp-block-group-is-layout-constrained\">\n<h2 class=\"wp-block-heading\" style=\"padding-top:var(--wp--preset--spacing--40);padding-bottom:var(--wp--preset--spacing--40);font-size:25px;font-style:normal;font-weight:600;text-transform:capitalize\">Resumen<\/h2>\n\n\n\n<p style=\"padding-right:var(--wp--preset--spacing--50);padding-left:var(--wp--preset--spacing--50)\">Los arquitectos, dise\u00f1adores y constructores que buscan iluminaci\u00f3n empotrada sin molduras adoran nuestro perfil de yeso LED de un solo flange de 12mm de ancho interior. Funciona muy bien con tiras LED de 12mm, permite que el calor escape bien, y deja un acabado de superficie limpio y suave que es f\u00e1cil de instalar. \u00daselo para lavar sus paredes, iluminar su covo, o cualquier otro proyecto de perfil LED lineal para dar a su hogar un aspecto moderno y a la moda.<\/p>\n<\/div><\/div>\n\n\n\n<p><\/p>","protected":false},"featured_media":13723,"template":"","meta":{"_acf_changed":true,"_seopress_robots_primary_cat":"none","_seopress_titles_title":"12mm Inner Width LED Plasterboard Profile | Single Flange DWP05","_seopress_titles_desc":"The DWP05 is a professional single flange led plasterboard profile featuring a 12mm inner width. Designed for edge installations and corner accents, this trimless aluminum channel fits 12mm LED strips perfectly.","_seopress_robots_index":""},"pcb-width":[228],"product-cat":[197],"class_list":{"0":"post-42605","1":"product","2":"type-product","3":"status-publish","4":"has-post-thumbnail","6":"pcb-width-6-12mm","7":"product-cat-plaster-in-profile"},"acf":[],"_links":{"self":[{"href":"https:\/\/tangooled.com\/es\/wp-json\/wp\/v2\/product\/42605","targetHints":{"allow":["GET"]}}],"collection":[{"href":"https:\/\/tangooled.com\/es\/wp-json\/wp\/v2\/product"}],"about":[{"href":"https:\/\/tangooled.com\/es\/wp-json\/wp\/v2\/types\/product"}],"wp:featuredmedia":[{"embeddable":true,"href":"https:\/\/tangooled.com\/es\/wp-json\/wp\/v2\/media\/13723"}],"wp:attachment":[{"href":"https:\/\/tangooled.com\/es\/wp-json\/wp\/v2\/media?parent=42605"}],"wp:term":[{"taxonomy":"pcb-width","embeddable":true,"href":"https:\/\/tangooled.com\/es\/wp-json\/wp\/v2\/pcb-width?post=42605"},{"taxonomy":"product-cat","embeddable":true,"href":"https:\/\/tangooled.com\/es\/wp-json\/wp\/v2\/product-cat?post=42605"}],"curies":[{"name":"wp","href":"https:\/\/api.w.org\/{rel}","templated":true}]}}