{"id":42603,"date":"2025-12-23T02:13:31","date_gmt":"2025-12-23T10:13:31","guid":{"rendered":"https:\/\/tangooled.com\/?post_type=product&#038;p=42603"},"modified":"2026-01-27T19:51:59","modified_gmt":"2026-01-28T03:51:59","slug":"led-plaster-profile-inside-corner-led-channel","status":"publish","type":"product","link":"https:\/\/tangooled.com\/es\/product\/led-plaster-profile-inside-corner-led-channel\/","title":{"rendered":"perfil de yeso LED en rinc\u00f3n interior canal-DWP04"},"content":{"rendered":"<div class=\"wp-block-group is-vertical is-layout-flex wp-container-core-group-is-layout-d255d7c4 wp-block-group-is-layout-flex\" style=\"padding-top:var(--wp--preset--spacing--80);padding-bottom:var(--wp--preset--spacing--80)\">\n<p>Nuestro perfil de yeso LED en el rinc\u00f3n interior es uno de los mejores canales de aluminio para instalar yeso en las esquinas internas de paneles de yeso y pladur. Este canal interno sin borde DWP04 oculta todas las partes de hardware y de iluminaci\u00f3n, brindando una luz limpia y homog\u00e9nea sin bordes o recortes visibles. La secci\u00f3n transversal muestra una forma en V irregular que se adapta bien a una esquina de 90 grados. Las especificaciones principales son 46 mm de ancho, 25.5 mm de profundidad y 9.7 mm de ancho para el soporte de la tira interna. Se utiliza inteligentemente para iluminar el punto donde se encuentran dos paredes, enviando un suave haz de luz indirecta que ba\u00f1a las paredes inferiores. Este dise\u00f1o es excelente para a\u00f1adir efectos de iluminaci\u00f3n suaves a los edificios.<\/p>\n<\/div>\n\n\n\n<div class=\"wp-block-group has-background is-vertical is-layout-flex wp-container-core-group-is-layout-d255d7c4 wp-block-group-is-layout-flex\" style=\"background-color:#f1f1f1;padding-top:var(--wp--preset--spacing--80);padding-bottom:var(--wp--preset--spacing--80)\">\n<div class=\"wp-block-group is-vertical is-layout-flex wp-container-core-group-is-layout-8cf370e7 wp-block-group-is-layout-flex\">\n<h2 class=\"wp-block-heading\" style=\"padding-top:var(--wp--preset--spacing--40);padding-bottom:var(--wp--preset--spacing--40);font-size:25px;font-style:normal;font-weight:600;text-transform:capitalize\">\u00bfPor qu\u00e9 elegir nuestro perfil de yeso LED en rinc\u00f3n interior?<\/h2>\n\n\n\n<ul class=\"wp-block-list\">\n<li>Sin borde y empotrado: Enlucir sobre los agujeros en las bridas le da al perfil un aspecto limpio y moderno.<\/li>\n\n\n\n<li>Perfect Inside Corners: Made just for 90\u00b0 internal drywall corners, these are great for walls that meet ceilings or walls that meet walls.<\/li>\n\n\n\n<li>Iluminaci\u00f3n sin puntos: El difusor opal de PC hace que la luz sea m\u00e1s suave y elimina puntos brillantes, haci\u00e9ndola uniforme.<\/li>\n\n\n\n<li>Aluminio resistente: Protege tus tiras LED actuando como un disipador de calor y prolonga su vida \u00fatil.<\/li>\n\n\n\n<li>F\u00e1cil de ensamblar: Simplemente atorn\u00edllelo al panel de yeso, c\u00fabralo con yeso y luego a\u00f1ada las tiras LED y el difusor.<\/li>\n<\/ul>\n<\/div>\n<\/div>\n\n\n\n<div class=\"wp-block-group is-vertical is-layout-flex wp-container-core-group-is-layout-d255d7c4 wp-block-group-is-layout-flex\" style=\"padding-top:var(--wp--preset--spacing--80);padding-bottom:var(--wp--preset--spacing--80)\">\n<hr class=\"wp-block-separator has-alpha-channel-opacity\"\/>\n\n\n\n<div class=\"wp-block-media-text has-media-on-the-right is-stacked-on-mobile\" style=\"grid-template-columns:auto 40%\"><div class=\"wp-block-media-text__content\">\n<h2 class=\"wp-block-heading\" style=\"padding-top:var(--wp--preset--spacing--40);padding-bottom:var(--wp--preset--spacing--40);font-size:25px;font-style:normal;font-weight:600;text-transform:capitalize\">C\u00f3mo instalar su perfil de yeso LED en rinc\u00f3n interior<\/h2>\n\n\n\n<ul class=\"wp-block-list\">\n<li>Utilice tornillos para fijar firmemente el canal de aluminio a la esquina interior de su panel de yeso.<\/li>\n\n\n\n<li>Enlucir cuidadosamente sobre las bridas, usando compuesto para juntas para suavizar los bordes y que se integren con la pared.<\/li>\n\n\n\n<li>Una vez que el yeso est\u00e9 seco y limpio, coloque su tira LED en el canal.<\/li>\n\n\n\n<li>Coloque el difusor opal en su lugar, asegur\u00e1ndose de que el efecto de luz sea perfecto y sin puntos.<\/li>\n<\/ul>\n<\/div><figure class=\"wp-block-media-text__media\"><img loading=\"lazy\" decoding=\"async\" width=\"500\" height=\"500\" src=\"https:\/\/tangooled.com\/wp-content\/uploads\/2025\/12\/dwp04-ins.webp\" alt=\"led plaster profile inside corner led channel\" class=\"wp-image-42779 size-full\" srcset=\"https:\/\/tangooled.com\/wp-content\/uploads\/2025\/12\/dwp04-ins.webp 500w, https:\/\/tangooled.com\/wp-content\/uploads\/2025\/12\/dwp04-ins-300x300.webp 300w, https:\/\/tangooled.com\/wp-content\/uploads\/2025\/12\/dwp04-ins-150x150.webp 150w\" sizes=\"auto, (max-width: 500px) 100vw, 500px\" \/><\/figure><\/div>\n<\/div>\n\n\n\n<div class=\"wp-block-group has-background is-vertical is-layout-flex wp-container-core-group-is-layout-b429018a wp-block-group-is-layout-flex\" style=\"background-color:#f1f1f1f2;padding-top:var(--wp--preset--spacing--70);padding-bottom:var(--wp--preset--spacing--70)\">\n<h2 class=\"wp-block-heading\" style=\"padding-top:var(--wp--preset--spacing--40);padding-bottom:var(--wp--preset--spacing--40);font-size:25px;font-style:normal;font-weight:600\">Aplicaciones ideales del rinc\u00f3n interno sin borde DWP04<\/h2>\n\n\n\n<ul class=\"wp-block-list\">\n<li>Esquinas arquitect\u00f3nicas: Para un aspecto moderno, llama la atenci\u00f3n sobre las esquinas limpias en el interior de paredes o techos.<\/li>\n\n\n\n<li>Pasillos y salones: Crea luz ambiental a lo largo de l\u00edneas que van de pared a pared o de pared a techo.<\/li>\n\n\n\n<li>Cocinas y armarios: Utiliza las esquinas internas para iluminar debajo de los armarios o en el pie de apoyo.<\/li>\n\n\n\n<li>Comercial y retail: Usa iluminaci\u00f3n brillante y uniforme para delinear ubicaciones de exhibici\u00f3n.<\/li>\n\n\n\n<li>Vest\u00edbulos de hoteles y hospitalidad: Agrega elementos de iluminaci\u00f3n de alta gama y discretos en el interior del hotel.<\/li>\n<\/ul>\n<\/div>\n\n\n\n<div class=\"wp-block-group is-vertical is-layout-flex wp-container-core-group-is-layout-d255d7c4 wp-block-group-is-layout-flex\" style=\"padding-top:var(--wp--preset--spacing--80);padding-bottom:var(--wp--preset--spacing--80)\">\n<h2 class=\"wp-block-heading\" style=\"padding-top:var(--wp--preset--spacing--40);padding-bottom:var(--wp--preset--spacing--40);font-size:25px;font-style:normal;font-weight:600;text-transform:capitalize\">Productos y soluciones relacionadas<\/h2>\n\n\n\n<ul class=\"wp-block-list\">\n<li> Explorar <a href=\"https:\/\/tangooled.com\/es\/product\/black-led-diffuser-aluminum-channel-for-12mm-tape-lights\/\"><mark style=\"background-color:rgba(0, 0, 0, 0)\" class=\"has-inline-color has-vivid-red-color\">Canal de aluminio difusor LED negro para luces de cinta de 12mm<\/mark><\/a> para un acabado de superficie a juego en negro.<\/li>\n\n\n\n<li>Ver nuestro <a href=\"https:\/\/tangooled.com\/es\/product\/led-strip-light-channel-aluminum-profile-with-diffused-cover-6mm-height\/\"><mark style=\"background-color:rgba(0, 0, 0, 0)\" class=\"has-inline-color has-vivid-red-color\">Perfil de aluminio para tira LED con cubierta difusora de 6mm de altura<\/mark><\/a> para coordinar perfiles planos.<\/li>\n\n\n\n<li>Echa un vistazo a la<a href=\"https:\/\/tangooled.com\/es\/product\/plasterboard-led-profile-for-12mm-ceiling-slot\/\"> <mark style=\"background-color:rgba(0, 0, 0, 0)\" class=\"has-inline-color has-vivid-red-color\">Perfil LED de Pladur para Ranura de Techo de 12 mm <\/mark><\/a>para opciones de cove en el techo.<\/li>\n\n\n\n<li>Encuentra interior <a href=\"https:\/\/tangooled.com\/es\/product\/inside-corner-tile-trim-led-aluminum-profile-for-12mm-strips\/\"><mark style=\"background-color:rgba(0, 0, 0, 0)\" class=\"has-inline-color has-vivid-red-color\">Recorte de azulejo en rinc\u00f3n LED perfil de aluminio para tiras de 12 mm<\/mark><\/a> para necesidades de iluminaci\u00f3n de borde de azulejos.<\/li>\n<\/ul>\n<\/div>\n\n\n\n<div class=\"wp-block-group\" style=\"padding-top:var(--wp--preset--spacing--80);padding-bottom:var(--wp--preset--spacing--80)\"><div class=\"wp-block-group__inner-container is-layout-constrained wp-block-group-is-layout-constrained\">\n<p style=\"font-size:20px\">Puedes crear un dise\u00f1o profesional y moderno con iluminaci\u00f3n oculta que se integra bien con tus paredes y techos utilizando nuestro perfil de yeso LED en rinc\u00f3n interno. Esta es una opci\u00f3n ideal para quienes desean una soluci\u00f3n de canal LED sin moldura y con luz difusa sin puntos para proyectos de iluminaci\u00f3n arquitect\u00f3nica y dise\u00f1o de interiores.&nbsp;<\/p>\n<\/div><\/div>\n\n\n\n<p><\/p>","protected":false},"featured_media":13718,"template":"","meta":{"_acf_changed":true,"_seopress_robots_primary_cat":"none","_seopress_titles_title":"Inside Corner LED Plaster Profile | Trimless Internal Corner DWP04","_seopress_titles_desc":"The DWP04 is a professional led plaster profile for inside corner applications. This trimless internal corner channel hides the LED source within wall junctions for a seamless upward or downward glow.","_seopress_robots_index":""},"pcb-width":[228],"product-cat":[197],"class_list":{"0":"post-42603","1":"product","2":"type-product","3":"status-publish","4":"has-post-thumbnail","6":"pcb-width-6-12mm","7":"product-cat-plaster-in-profile"},"acf":[],"_links":{"self":[{"href":"https:\/\/tangooled.com\/es\/wp-json\/wp\/v2\/product\/42603","targetHints":{"allow":["GET"]}}],"collection":[{"href":"https:\/\/tangooled.com\/es\/wp-json\/wp\/v2\/product"}],"about":[{"href":"https:\/\/tangooled.com\/es\/wp-json\/wp\/v2\/types\/product"}],"wp:featuredmedia":[{"embeddable":true,"href":"https:\/\/tangooled.com\/es\/wp-json\/wp\/v2\/media\/13718"}],"wp:attachment":[{"href":"https:\/\/tangooled.com\/es\/wp-json\/wp\/v2\/media?parent=42603"}],"wp:term":[{"taxonomy":"pcb-width","embeddable":true,"href":"https:\/\/tangooled.com\/es\/wp-json\/wp\/v2\/pcb-width?post=42603"},{"taxonomy":"product-cat","embeddable":true,"href":"https:\/\/tangooled.com\/es\/wp-json\/wp\/v2\/product-cat?post=42603"}],"curies":[{"name":"wp","href":"https:\/\/api.w.org\/{rel}","templated":true}]}}