{"id":42600,"date":"2025-12-23T02:08:14","date_gmt":"2025-12-23T10:08:14","guid":{"rendered":"https:\/\/tangooled.com\/?post_type=product&#038;p=42600"},"modified":"2026-01-27T19:51:57","modified_gmt":"2026-01-28T03:51:57","slug":"plasterboard-led-profile-out-corner-lighting-channel","status":"publish","type":"product","link":"https:\/\/tangooled.com\/es\/product\/plasterboard-led-profile-out-corner-lighting-channel\/","title":{"rendered":"Perfil LED de yeso para esquinas externas"},"content":{"rendered":"<div class=\"wp-block-group is-vertical is-layout-flex wp-container-core-group-is-layout-d255d7c4 wp-block-group-is-layout-flex\" style=\"padding-top:var(--wp--preset--spacing--80);padding-bottom:var(--wp--preset--spacing--80)\">\n<p>Want to light up your space with clean, modern style? Our plasterboard LED profile (DWP03) is designed to light the corners of buildings that are 90 degrees outside. This aluminum profile works like a corner bead. It goes straight into your drywall or plasterboard, protecting the edge and keeping your LED strip light in place. Completing this profile is totally &#8220;mudded in.&#8221; It is 46mm wide at its widest point, with a 12.3mm light aperture, and has plaster flanges that are 21mm and 10mm broad. This method gives your wall a smooth, trim-free finish with no visible screws or trim\u2014just a line of light that becomes an integral part of the wall.<\/p>\n<\/div>\n\n\n\n<div class=\"wp-block-group has-background is-vertical is-layout-flex wp-container-core-group-is-layout-d255d7c4 wp-block-group-is-layout-flex\" style=\"background-color:#f1f1f1;padding-top:var(--wp--preset--spacing--80);padding-bottom:var(--wp--preset--spacing--80)\">\n<div class=\"wp-block-group is-vertical is-layout-flex wp-container-core-group-is-layout-8cf370e7 wp-block-group-is-layout-flex\">\n<h2 class=\"wp-block-heading\" style=\"padding-top:var(--wp--preset--spacing--40);padding-bottom:var(--wp--preset--spacing--40);font-size:25px;font-style:normal;font-weight:600;text-transform:capitalize\">\u00bfPor qu\u00e9 elegir nuestro perfil LED de yeso para esquinas externas?<\/h2>\n\n\n\n<ul class=\"wp-block-list\">\n<li>Construido para durar: El resistente aluminio anodizado 6063-T5 protege tus esquinas de da\u00f1os.<\/li>\n\n\n\n<li>Sin juntas ni molduras: Los flanges perforados facilitan que el yeso se adhiera, brind\u00e1ndote un acabado perfecto.<\/li>\n\n\n\n<li>Disipador de calor para tus LEDs: El disipador de aluminio aleja el calor de tu cinta LED, ayudando a que las luces duren m\u00e1s.<\/li>\n\n\n\n<li>Sin puntos: El difusor opal de PC&nbsp;hace que la luz sea m\u00e1s suave, por lo que brilla de manera uniforme sin puntos.<\/li>\n\n\n\n<li>Compatible con muchas tiras de LED: Puede sostener&nbsp;luz&nbsp;de tiras de hasta 12 mm de ancho, como tiras COB.<\/li>\n<\/ul>\n<\/div>\n<\/div>\n\n\n\n<div class=\"wp-block-group is-vertical is-layout-flex wp-container-core-group-is-layout-d255d7c4 wp-block-group-is-layout-flex\" style=\"padding-top:var(--wp--preset--spacing--80);padding-bottom:var(--wp--preset--spacing--80)\">\n<hr class=\"wp-block-separator has-alpha-channel-opacity\"\/>\n\n\n\n<div class=\"wp-block-media-text has-media-on-the-right is-stacked-on-mobile\" style=\"grid-template-columns:auto 40%\"><div class=\"wp-block-media-text__content\">\n<h2 class=\"wp-block-heading\" style=\"padding-top:var(--wp--preset--spacing--40);padding-bottom:var(--wp--preset--spacing--40);font-size:25px;font-style:normal;font-weight:600;text-transform:capitalize\">C\u00f3mo utilizar el canal de esquina externa sin moldura dWP03<\/h2>\n\n\n\n<ul class=\"wp-block-list\">\n<li>Fija el perfil: Adjunta el canal de aluminio al marco de esquina de tu panel de yeso.<\/li>\n\n\n\n<li>Yeso: Cubre los flanges con pasta hasta que est\u00e9n lisos y al nivel de la pared.<\/li>\n\n\n\n<li>Lijar y pintar: Termina tu pared como normalmente lo har\u00edas.<\/li>\n\n\n\n<li>Coloca los LEDs: Coloca tu cinta LED dentro del canal.<\/li>\n\n\n\n<li>Coloca el difusor: Sujeta la tapa opal para obtener una luz suave y uniforme.<\/li>\n<\/ul>\n<\/div><figure class=\"wp-block-media-text__media\"><img loading=\"lazy\" decoding=\"async\" width=\"500\" height=\"500\" src=\"https:\/\/tangooled.com\/wp-content\/uploads\/2025\/12\/dwp03-ins.webp\" alt=\"plasterboard led profile out corner lighting channel\" class=\"wp-image-42774 size-full\" srcset=\"https:\/\/tangooled.com\/wp-content\/uploads\/2025\/12\/dwp03-ins.webp 500w, https:\/\/tangooled.com\/wp-content\/uploads\/2025\/12\/dwp03-ins-300x300.webp 300w, https:\/\/tangooled.com\/wp-content\/uploads\/2025\/12\/dwp03-ins-150x150.webp 150w\" sizes=\"auto, (max-width: 500px) 100vw, 500px\" \/><\/figure><\/div>\n<\/div>\n\n\n\n<div class=\"wp-block-group has-background is-vertical is-layout-flex wp-container-core-group-is-layout-b429018a wp-block-group-is-layout-flex\" style=\"background-color:#f1f1f1f2;padding-top:var(--wp--preset--spacing--70);padding-bottom:var(--wp--preset--spacing--70)\">\n<h2 class=\"wp-block-heading\" style=\"padding-top:var(--wp--preset--spacing--40);padding-bottom:var(--wp--preset--spacing--40);font-size:25px;font-style:normal;font-weight:600\">Mejores lugares para usar este perfil<\/h2>\n\n\n\n<ul class=\"wp-block-list\">\n<li>Esquinas de muros y columnas: Ilumina las esquinas de muros y columnas en hogares y oficinas.<\/li>\n\n\n\n<li>Soffits y cabezales: Usa l\u00edneas suaves para atraer la atenci\u00f3n a los bordes del techo.<\/li>\n\n\n\n<li>Estantes empotrados y nichos: Enmarca y ilumina \u00e1reas de exhibici\u00f3n.<\/li>\n\n\n\n<li>Para uso en negocios y hogares: Ideal para salas de estar elegantes, cocinas, pasillos y recepciones de trabajo.<\/li>\n<\/ul>\n<\/div>\n\n\n\n<div class=\"wp-block-group is-vertical is-layout-flex wp-container-core-group-is-layout-d255d7c4 wp-block-group-is-layout-flex\" style=\"padding-top:var(--wp--preset--spacing--80);padding-bottom:var(--wp--preset--spacing--80)\">\n<h2 class=\"wp-block-heading\" style=\"padding-top:var(--wp--preset--spacing--40);padding-bottom:var(--wp--preset--spacing--40);font-size:25px;font-style:normal;font-weight:600;text-transform:capitalize\">productos relacionados que te pueden gustar<\/h2>\n\n\n\n<ul class=\"wp-block-list\">\n<li><a href=\"https:\/\/tangooled.com\/es\/product\/black-led-diffuser-aluminum-channel-for-12mm-tape-lights\/\"><mark style=\"background-color:rgba(0, 0, 0, 0)\" class=\"has-inline-color has-vivid-red-color\">Canal de aluminio difusor LED negro para luces de cinta de 12 mm<\/mark><\/a><\/li>\n\n\n\n<li><a href=\"https:\/\/tangooled.com\/es\/product\/surface-mount-led-profile-with-frosted-diffuser-for-10mm-rope-lights\/\"><mark style=\"background-color:rgba(0, 0, 0, 0)\" class=\"has-inline-color has-vivid-red-color\">Perfil LED de montaje en superficie con difusor esmerilado para luces de cuerda de 10 mm<\/mark><\/a><\/li>\n\n\n\n<li><a href=\"https:\/\/tangooled.com\/es\/product\/18x18mm-led-strip-corner-profile-for-12mm-led-strips\/\"><mark style=\"background-color:rgba(0, 0, 0, 0)\" class=\"has-inline-color has-vivid-red-color\">Perfil de esquina para tira LED de 18x18mm para tiras LED de 12mm<\/mark><\/a><\/li>\n\n\n\n<li><a href=\"https:\/\/tangooled.com\/es\/product\/recessed-aluminum-profile-17x8mm-for-led-strip-lighting\/\"><mark style=\"background-color:rgba(0, 0, 0, 0)\" class=\"has-inline-color has-vivid-red-color\">Perfil de aluminio empotrado 17x8mm para iluminaci\u00f3n con tiras LED<\/mark><\/a><\/li>\n\n\n\n<li><a href=\"https:\/\/tangooled.com\/es\/product\/plasterboard-led-profile-out-corner-lighting-channel\/\"><mark style=\"background-color:rgba(0, 0, 0, 0)\" class=\"has-inline-color has-vivid-red-color\">canal de iluminaci\u00f3n de perfil LED de yeso para esquinas externas<\/mark><\/a><\/li>\n<\/ul>\n<\/div>\n\n\n\n<div class=\"wp-block-group\"><div class=\"wp-block-group__inner-container is-layout-constrained wp-block-group-is-layout-constrained\">\n<p style=\"font-size:20px\">Este perfil LED de yeso para esquinas externas dar\u00e1 vida a tus paredes y te proporcionar\u00e1 un perfil de iluminaci\u00f3n de aluminio empotrado ideal y sin molduras. \u00a1Pide el tuyo hoy para crear una hermosa iluminaci\u00f3n arquitect\u00f3nica en las esquinas de tu hogar que durar\u00e1 y se ver\u00e1 genial!<\/p>\n<\/div><\/div>\n\n\n\n<p><\/p>","protected":false},"featured_media":13713,"template":"","meta":{"_acf_changed":true,"_seopress_robots_primary_cat":"none","_seopress_titles_title":"Plasterboard LED Profile for Out Corners | Trimless External Corner DWP03 | TANGOOLED","_seopress_titles_desc":"This DWP03 is a specialized plasterboard led profile for out corner installations. This trimless external corner channel creates a seamless vertical or horizontal light at wall edges.","_seopress_robots_index":""},"pcb-width":[228],"product-cat":[197],"class_list":{"0":"post-42600","1":"product","2":"type-product","3":"status-publish","4":"has-post-thumbnail","6":"pcb-width-6-12mm","7":"product-cat-plaster-in-profile"},"acf":[],"_links":{"self":[{"href":"https:\/\/tangooled.com\/es\/wp-json\/wp\/v2\/product\/42600","targetHints":{"allow":["GET"]}}],"collection":[{"href":"https:\/\/tangooled.com\/es\/wp-json\/wp\/v2\/product"}],"about":[{"href":"https:\/\/tangooled.com\/es\/wp-json\/wp\/v2\/types\/product"}],"wp:featuredmedia":[{"embeddable":true,"href":"https:\/\/tangooled.com\/es\/wp-json\/wp\/v2\/media\/13713"}],"wp:attachment":[{"href":"https:\/\/tangooled.com\/es\/wp-json\/wp\/v2\/media?parent=42600"}],"wp:term":[{"taxonomy":"pcb-width","embeddable":true,"href":"https:\/\/tangooled.com\/es\/wp-json\/wp\/v2\/pcb-width?post=42600"},{"taxonomy":"product-cat","embeddable":true,"href":"https:\/\/tangooled.com\/es\/wp-json\/wp\/v2\/product-cat?post=42600"}],"curies":[{"name":"wp","href":"https:\/\/api.w.org\/{rel}","templated":true}]}}