{"id":42599,"date":"2025-12-23T02:05:38","date_gmt":"2025-12-23T10:05:38","guid":{"rendered":"https:\/\/tangooled.com\/?post_type=product&#038;p=42599"},"modified":"2026-01-27T19:53:31","modified_gmt":"2026-01-28T03:53:31","slug":"plasterboard-led-profile-for-12mm-ceiling-slot","status":"publish","type":"product","link":"https:\/\/tangooled.com\/es\/product\/plasterboard-led-profile-for-12mm-ceiling-slot\/","title":{"rendered":"perfil LED de placa de yeso para ranura de techo de 12 mm"},"content":{"rendered":"<div class=\"wp-block-group is-vertical is-layout-flex wp-container-core-group-is-layout-d255d7c4 wp-block-group-is-layout-flex\" style=\"padding-top:var(--wp--preset--spacing--80);padding-bottom:var(--wp--preset--spacing--80)\">\n<p>Our DWP02 plasterboard LED profile for 12mm ceiling slot lets you have seamless architectural illumination. This high-quality aluminum extrusion is made to fit well into plasterboard and drywall, giving it a trimless look. This profile is 53mm wide and 13mm deep, and it is made for a 12mm ceiling slot installation as a plasterboard LED profile. The 12.5 mm light opening\u00a0gives a focused downlight, and the wide\u00a0mounting flanges make it easy and safe to install.<\/p>\n\n\n\n<p>Nuestro perfil LED de placa de yeso para ranura de techo de 12 mm es ideal para crear l\u00edneas de luz modernas y elegantes en su hogar o negocio. Se adapta bien a placas de yeso de 12,5 mm, de modo que puede ocultar la fuente de luz en su techo o paredes. Este producto ayuda a que sus luces LED se vean limpias y atractivas.<\/p>\n<\/div>\n\n\n\n<div class=\"wp-block-group has-background is-vertical is-layout-flex wp-container-core-group-is-layout-d255d7c4 wp-block-group-is-layout-flex\" style=\"background-color:#f1f1f1;padding-top:var(--wp--preset--spacing--80);padding-bottom:var(--wp--preset--spacing--80)\">\n<div class=\"wp-block-group is-vertical is-layout-flex wp-container-core-group-is-layout-8cf370e7 wp-block-group-is-layout-flex\">\n<h2 class=\"wp-block-heading\" style=\"padding-top:var(--wp--preset--spacing--40);padding-bottom:var(--wp--preset--spacing--40);font-size:25px;font-style:normal;font-weight:600;text-transform:capitalize\">\u00bfQu\u00e9 hace que este perfil LED de placa de yeso para ranura de techo de 12 mm sea excelente?<\/h2>\n\n\n\n<ul class=\"wp-block-list\">\n<li>Dise\u00f1o sin bordes ni marco: se ajusta al nivel del drywall sin bordes o marcos visibles.<\/li>\n\n\n\n<li>Material de aluminio fuerte: fabricado en aluminio anodizado 6063-T5 de alta calidad. Mantiene sus LEDs frescos y funcionando m\u00e1s tiempo al actuar como disipador de calor.<\/li>\n\n\n\n<li>Compatible con tiras LED de 12 mm: funciona con tiras LED que tengan hasta 12 mm de ancho, lo cual es ideal para muchas luces LED regulares y de alta densidad.<\/li>\n\n\n\n<li>Cubierta difusora suave: el difusor est\u00e1 hecho de PMMA esmerilado o policarbonato. Sin puntos brillantes, esto hace que la luz sea suave y constante.<\/li>\n\n\n\n<li>F\u00e1cil de instalar: fue dise\u00f1ado para ser enyesado para un acabado liso y disimulado.<\/li>\n\n\n\n<li>Longitudes disponibles: puede comprarlo en longitudes de&nbsp;2 m o 3 m. Se puede recortar seg\u00fan sea necesario.<\/li>\n\n\n\n<li>Kit completo: viene con un perfil de aluminio, un difusor y dos tapas de extremo (una con un agujero para un cable).<\/li>\n<\/ul>\n<\/div>\n<\/div>\n\n\n\n<div class=\"wp-block-group is-vertical is-layout-flex wp-container-core-group-is-layout-d255d7c4 wp-block-group-is-layout-flex\" style=\"padding-top:var(--wp--preset--spacing--80);padding-bottom:var(--wp--preset--spacing--80)\">\n<hr class=\"wp-block-separator has-alpha-channel-opacity\"\/>\n\n\n\n<div class=\"wp-block-media-text has-media-on-the-right is-stacked-on-mobile\" style=\"grid-template-columns:auto 40%\"><div class=\"wp-block-media-text__content\">\n<h2 class=\"wp-block-heading\" style=\"padding-top:var(--wp--preset--spacing--40);padding-bottom:var(--wp--preset--spacing--40);font-size:25px;font-style:normal;font-weight:600;text-transform:capitalize\">Gu\u00eda de instalaci\u00f3n f\u00e1cil<\/h2>\n\n\n\n<ul class=\"wp-block-list\">\n<li>Haga una ranura de 12 mm de ancho en la placa de yeso (para el techo o la pared).<\/li>\n\n\n\n<li>Use tornillos o clips de montaje para sujetar el perfil de aluminio en su lugar dentro de la ranura.<\/li>\n\n\n\n<li>Ponga yeso o una capa de acabado en los m\u00e1rgenes de la placa de yeso y el perfil.<\/li>\n\n\n\n<li>Coloque su tira de luz LED de 12 mm en el canal.<\/li>\n\n\n\n<li>Coloque la cubierta del difusor sobre el perfil.<\/li>\n\n\n\n<li>Conecte la tira LED y disfrute de una iluminaci\u00f3n suave y sin bordes.&nbsp;<\/li>\n<\/ul>\n<\/div><figure class=\"wp-block-media-text__media\"><img loading=\"lazy\" decoding=\"async\" width=\"500\" height=\"500\" src=\"https:\/\/tangooled.com\/wp-content\/uploads\/2025\/12\/dwp02-ins.webp\" alt=\"perfil LED de placa de yeso para ranura de techo de 12 mm\" class=\"wp-image-42769 size-full\" srcset=\"https:\/\/tangooled.com\/wp-content\/uploads\/2025\/12\/dwp02-ins.webp 500w, https:\/\/tangooled.com\/wp-content\/uploads\/2025\/12\/dwp02-ins-300x300.webp 300w, https:\/\/tangooled.com\/wp-content\/uploads\/2025\/12\/dwp02-ins-150x150.webp 150w\" sizes=\"auto, (max-width: 500px) 100vw, 500px\" \/><\/figure><\/div>\n<\/div>\n\n\n\n<div class=\"wp-block-group has-background is-vertical is-layout-flex wp-container-core-group-is-layout-b429018a wp-block-group-is-layout-flex\" style=\"background-color:#f1f1f1f2;padding-top:var(--wp--preset--spacing--70);padding-bottom:var(--wp--preset--spacing--70)\">\n<h2 class=\"wp-block-heading\" style=\"padding-top:var(--wp--preset--spacing--40);padding-bottom:var(--wp--preset--spacing--40);font-size:25px;font-style:normal;font-weight:600;text-transform:capitalize\">\u00bfC\u00f3mo usar este perfil sin bordes?<\/h2>\n\n\n\n<p>Nuestro perfil LED de placa de yeso para ranura de techo de 12 mm es ideal para:<\/p>\n\n\n\n<ul class=\"wp-block-list\">\n<li>Iluminaci\u00f3n lineal moderna en techos y paredes&nbsp;<\/li>\n\n\n\n<li>Crear coves arquitect\u00f3nicos y ranuras de luz empotradas<\/li>\n\n\n\n<li>L\u00e1mparas de techo para cocinas y ba\u00f1os&nbsp;<\/li>\n\n\n\n<li>Luces elegantes para pasillos de hoteles y negocios&nbsp;<\/li>\n<\/ul>\n<\/div>\n\n\n\n<div class=\"wp-block-group is-vertical is-layout-flex wp-container-core-group-is-layout-d255d7c4 wp-block-group-is-layout-flex\" style=\"padding-top:var(--wp--preset--spacing--80);padding-bottom:var(--wp--preset--spacing--80)\">\n<h2 class=\"wp-block-heading\" style=\"padding-top:var(--wp--preset--spacing--40);padding-bottom:var(--wp--preset--spacing--40);font-size:25px;font-style:normal;font-weight:600;text-transform:capitalize\">Productos relacionados de nuestra gama<\/h2>\n\n\n\n<ul class=\"wp-block-list\">\n<li> <a href=\"https:\/\/tangooled.com\/es\/product\/black-led-diffuser-aluminum-channel-for-12mm-tape-lights\/\"><mark style=\"background-color:rgba(0, 0, 0, 0)\" class=\"has-inline-color has-vivid-red-color\">Canal de aluminio difusor LED negro para luces de cinta de 12mm<\/mark><\/a> \u2013 Stylish black finish alternative for 12mm strips.<\/li>\n\n\n\n<li> <a href=\"https:\/\/tangooled.com\/es\/product\/led-strip-light-channel-aluminum-profile-with-diffused-cover-6mm-height\/\"><mark style=\"background-color:rgba(0, 0, 0, 0)\" class=\"has-inline-color has-vivid-red-color\">Perfil de aluminio para tira LED con cubierta difusora de 6mm de altura<\/mark><\/a> \u2013 Slim profile option for low height ceilings.<\/li>\n\n\n\n<li><a href=\"https:\/\/tangooled.com\/es\/product\/18x18mm-led-strip-corner-profile-for-12mm-led-strips\/\"><mark style=\"background-color:rgba(0, 0, 0, 0)\" class=\"has-inline-color has-vivid-red-color\">Perfil de esquina de tira LED 18x18mm para tiras LED de 12mm<\/mark><\/a> \u2013 Perfect for corner lighting with 12mm LED tape.<\/li>\n\n\n\n<li><a href=\"https:\/\/tangooled.com\/es\/product\/plasterboard-led-profile-for-12mm-ceiling-slot\/\"><mark style=\"background-color:rgba(0, 0, 0, 0)\" class=\"has-inline-color has-vivid-red-color\">Perfil LED de Pladur para Ranura de Techo de 12 mm<\/mark><\/a> \u2013 Our key product for amazing recessed plasterboard lighting<\/li>\n<\/ul>\n<\/div>\n\n\n\n<div class=\"wp-block-group\" style=\"padding-top:var(--wp--preset--spacing--80);padding-bottom:var(--wp--preset--spacing--80)\"><div class=\"wp-block-group__inner-container is-layout-constrained wp-block-group-is-layout-constrained\">\n<p style=\"font-size:20px\">Elija nuestro perfil LED de placa de yeso para ranura de 12 mm para obtener una iluminaci\u00f3n lineal elegante, oculta y limpia. Es el complemento perfecto para su conjunto de perfiles de aluminio LED para drywall y le ofrece una soluci\u00f3n LED empotrada que arquitectos y dise\u00f1adores adoran.<\/p>\n<\/div><\/div>\n\n\n\n<p><\/p>","protected":false},"featured_media":13708,"template":"","meta":{"_acf_changed":true,"_seopress_robots_primary_cat":"none","_seopress_titles_title":"Plasterboard LED Profile for 12mm Ceiling Slot | Trimless DWP02","_seopress_titles_desc":"This DWP02 plasterboard led profile designed for a 12mm ceiling slot. Achieve a seamless, trimless finish with this aluminum profile optimized for 12mm strips.","_seopress_robots_index":""},"pcb-width":[228],"product-cat":[197],"class_list":{"0":"post-42599","1":"product","2":"type-product","3":"status-publish","4":"has-post-thumbnail","6":"pcb-width-6-12mm","7":"product-cat-plaster-in-profile"},"acf":[],"_links":{"self":[{"href":"https:\/\/tangooled.com\/es\/wp-json\/wp\/v2\/product\/42599","targetHints":{"allow":["GET"]}}],"collection":[{"href":"https:\/\/tangooled.com\/es\/wp-json\/wp\/v2\/product"}],"about":[{"href":"https:\/\/tangooled.com\/es\/wp-json\/wp\/v2\/types\/product"}],"wp:featuredmedia":[{"embeddable":true,"href":"https:\/\/tangooled.com\/es\/wp-json\/wp\/v2\/media\/13708"}],"wp:attachment":[{"href":"https:\/\/tangooled.com\/es\/wp-json\/wp\/v2\/media?parent=42599"}],"wp:term":[{"taxonomy":"pcb-width","embeddable":true,"href":"https:\/\/tangooled.com\/es\/wp-json\/wp\/v2\/pcb-width?post=42599"},{"taxonomy":"product-cat","embeddable":true,"href":"https:\/\/tangooled.com\/es\/wp-json\/wp\/v2\/product-cat?post=42599"}],"curies":[{"name":"wp","href":"https:\/\/api.w.org\/{rel}","templated":true}]}}