{"id":42421,"date":"2025-12-22T02:04:24","date_gmt":"2025-12-22T10:04:24","guid":{"rendered":"https:\/\/tangooled.com\/?post_type=product&#038;p=42421"},"modified":"2026-02-02T02:05:22","modified_gmt":"2026-02-02T10:05:22","slug":"large-size-led-ring-profile-with-round-diffuser-made-by-100x80-profile","status":"publish","type":"product","link":"https:\/\/tangooled.com\/es\/product\/large-size-led-ring-profile-with-round-diffuser-made-by-100x80-profile\/","title":{"rendered":"Perfil de anillo LED de gran tama\u00f1o con difusor redondo hecho de perfil 100\u00d780"},"content":{"rendered":"<div class=\"wp-block-group is-vertical is-layout-flex wp-container-core-group-is-layout-d255d7c4 wp-block-group-is-layout-flex\" style=\"padding-top:var(--wp--preset--spacing--80);padding-bottom:var(--wp--preset--spacing--80)\">\n<p>El perfil de anillo LED grande de 100x80mm est\u00e1 dise\u00f1ado para darle a su habitaci\u00f3n un aspecto moderno con luz suave y uniforme. Construido con aluminio robusto, este sistema de iluminaci\u00f3n es ideal para alojar tiras LED en un bucle. Dada su escala, es perfectamente adecuado para vest\u00edbulos de hoteles o atrios comerciales que requieren iluminaci\u00f3n ambiental de alta calidad.<\/p>\n\n\n\n<p>Puede cambiar el di\u00e1metro de este gran accesorio de luz redondo de 600mm a 3000mm. Incluso puede cambiar el color del exterior del perfil para que coincida exactamente con el interior de su hogar. El TG-C10080 le ofrece una iluminaci\u00f3n brillante, de alta calidad y elegante que funciona bien en entornos grandes.<\/p>\n<\/div>\n\n\n\n<div class=\"wp-block-group has-background is-vertical is-layout-flex wp-container-core-group-is-layout-d255d7c4 wp-block-group-is-layout-flex\" style=\"background-color:#f1f1f1;padding-top:var(--wp--preset--spacing--80);padding-bottom:var(--wp--preset--spacing--80)\">\n<div class=\"wp-block-group is-vertical is-layout-flex wp-container-core-group-is-layout-8cf370e7 wp-block-group-is-layout-flex\">\n<h2 class=\"wp-block-heading\" style=\"padding-top:var(--wp--preset--spacing--40);padding-bottom:var(--wp--preset--spacing--40);font-size:25px;font-style:normal;font-weight:600;text-transform:capitalize\">\u00bfPor qu\u00e9 elegir nuestro perfil de anillo LED grande TG-C10080?<\/h2>\n\n\n\n<ul class=\"wp-block-list\">\n<li>Fabricado con extrusi\u00f3n de aluminio robusto que dura mucho tiempo.<\/li>\n\n\n\n<li>Tiene un difusor redondo hecho de policarbonato para dar una luz suave y uniforme.<\/li>\n\n\n\n<li>Funciona bien con tiras LED de hasta 30mm y puede ser utilizado con controladores regulables como DALI o 0-10V.<\/li>\n\n\n\n<li>Disponible con acabados en plata anodizada o recubrimiento en polvo en muchos colores.<\/li>\n\n\n\n<li>Se puede suspender utilizando cables de avi\u00f3n o montado en superficie.<\/li>\n\n\n\n<li>Di\u00e1metro personalizado de hasta 5 metros.<\/li>\n\n\n\n<li>Ideal para iluminaci\u00f3n comercial, iluminaci\u00f3n arquitect\u00f3nica y piezas de iluminaci\u00f3n impresionantes.<\/li>\n<\/ul>\n<\/div>\n<\/div>\n\n\n\n<div class=\"wp-block-group is-vertical is-layout-flex wp-container-core-group-is-layout-d255d7c4 wp-block-group-is-layout-flex\" style=\"padding-top:var(--wp--preset--spacing--80);padding-bottom:var(--wp--preset--spacing--80)\">\n<h2 class=\"wp-block-heading\" style=\"padding-top:var(--wp--preset--spacing--40);padding-bottom:var(--wp--preset--spacing--40);font-size:25px;font-style:normal;font-weight:600;text-transform:capitalize\">Utilice este perfil de anillo LED grande en muchos lugares<\/h2>\n\n\n\n<p>Nuestro perfil de anillo LED grande luce genial en:<\/p>\n\n\n\n<ul class=\"wp-block-list\">\n<li>Sedes corporativas y vest\u00edbulos de oficinas<\/li>\n\n\n\n<li>Atrios de hoteles y espacios para eventos<\/li>\n\n\n\n<li>Salas de exhibici\u00f3n y espacios de venta como centros comerciales\u00a0<\/li>\n\n\n\n<li>Universidades y salas de conferencias\u00a0<\/li>\n\n\n\n<li>Salones modernos con techos altos<\/li>\n<\/ul>\n<\/div>\n\n\n\n<div class=\"wp-block-group has-background is-vertical is-layout-flex wp-container-core-group-is-layout-b429018a wp-block-group-is-layout-flex\" style=\"background-color:#f1f1f1f2;padding-top:var(--wp--preset--spacing--70);padding-bottom:var(--wp--preset--spacing--70)\">\n<h2 class=\"wp-block-heading\" style=\"padding-top:var(--wp--preset--spacing--40);padding-bottom:var(--wp--preset--spacing--40);font-size:25px;font-style:normal;font-weight:600\">Resumen<\/h2>\n\n\n\n<p style=\"padding-right:var(--wp--preset--spacing--50);padding-left:var(--wp--preset--spacing--50)\">The TG-C10080 large LED ring profile is a modern LED light accessory\u00a0that provides architectural lighting a fresh look. The strong aluminum housing makes it seem professional and makes it durable. This type of light gives off gentle, steady light that is easy to put up, whether you need a statement light in a lobby or ambient light in a showroom.<\/p>\n<\/div>\n\n\n\n<p><\/p>","protected":false},"featured_media":20012,"template":"","meta":{"_acf_changed":true,"_seopress_robots_primary_cat":"none","_seopress_titles_title":"100x80mm Large LED Ring Profile Light Body C10080 | TANGOOLED","_seopress_titles_desc":"The 100x80mm aluminum channel is used to make custom diameter large LED ring profile for LED circular lighting.","_seopress_robots_index":""},"pcb-width":[233],"product-cat":[202],"class_list":{"0":"post-42421","1":"product","2":"type-product","3":"status-publish","4":"has-post-thumbnail","6":"pcb-width-50-90mm","7":"product-cat-circular-profile"},"acf":[],"_links":{"self":[{"href":"https:\/\/tangooled.com\/es\/wp-json\/wp\/v2\/product\/42421","targetHints":{"allow":["GET"]}}],"collection":[{"href":"https:\/\/tangooled.com\/es\/wp-json\/wp\/v2\/product"}],"about":[{"href":"https:\/\/tangooled.com\/es\/wp-json\/wp\/v2\/types\/product"}],"wp:featuredmedia":[{"embeddable":true,"href":"https:\/\/tangooled.com\/es\/wp-json\/wp\/v2\/media\/20012"}],"wp:attachment":[{"href":"https:\/\/tangooled.com\/es\/wp-json\/wp\/v2\/media?parent=42421"}],"wp:term":[{"taxonomy":"pcb-width","embeddable":true,"href":"https:\/\/tangooled.com\/es\/wp-json\/wp\/v2\/pcb-width?post=42421"},{"taxonomy":"product-cat","embeddable":true,"href":"https:\/\/tangooled.com\/es\/wp-json\/wp\/v2\/product-cat?post=42421"}],"curies":[{"name":"wp","href":"https:\/\/api.w.org\/{rel}","templated":true}]}}