{"id":42395,"date":"2025-12-22T02:01:44","date_gmt":"2025-12-22T10:01:44","guid":{"rendered":"https:\/\/tangooled.com\/?post_type=product&#038;p=42395"},"modified":"2026-02-02T02:04:52","modified_gmt":"2026-02-02T10:04:52","slug":"custom-circular-ring-light-shape-by-50x80mm-aluminum-profile","status":"publish","type":"product","link":"https:\/\/tangooled.com\/es\/product\/custom-circular-ring-light-shape-by-50x80mm-aluminum-profile\/","title":{"rendered":"Forma de luz de anillo circular personalizada por perfil de aluminio de 50x80mm"},"content":{"rendered":"<div class=\"wp-block-group is-vertical is-layout-flex wp-container-core-group-is-layout-d255d7c4 wp-block-group-is-layout-flex\" style=\"padding-top:var(--wp--preset--spacing--80);padding-bottom:var(--wp--preset--spacing--80)\">\n<p>Nuestra forma de luz de anillo de perfil personalizado de 50x80mm es ideal para empresas, arquitectos y dise\u00f1adores que buscan opciones de iluminaci\u00f3n m\u00e1s avanzadas. Este perfil circular de alta gama est\u00e1 hecho de un resistente y ligero aluminio extruido 6063-T5. Puede personalizar este accesorio de muchas maneras. Por ejemplo, puede cambiar el di\u00e1metro de 600mm a 3000mm para adaptarse a su \u00e1rea. Tambi\u00e9n puede cambiar el color exterior para que coincida con las necesidades de su marca o dise\u00f1o. Lo fabricamos tal y como lo desee para oficinas, hoteles, tiendas y otras iniciativas comerciales.<\/p>\n<\/div>\n\n\n\n<div class=\"wp-block-group has-background is-vertical is-layout-flex wp-container-core-group-is-layout-d255d7c4 wp-block-group-is-layout-flex\" style=\"background-color:#f1f1f1;padding-top:var(--wp--preset--spacing--80);padding-bottom:var(--wp--preset--spacing--80)\">\n<div class=\"wp-block-group is-vertical is-layout-flex wp-container-core-group-is-layout-8cf370e7 wp-block-group-is-layout-flex\">\n<h2 class=\"wp-block-heading\" style=\"padding-top:var(--wp--preset--spacing--40);padding-bottom:var(--wp--preset--spacing--40);font-size:25px;font-style:normal;font-weight:600;text-transform:capitalize\">\u00bfPor qu\u00e9 elegir nuestra forma de luz de anillo de perfil personalizado de 50x80mm?<\/h2>\n\n\n\n<ul class=\"wp-block-list\">\n<li>Hecho con una carcasa de aluminio robusta que mide 50mm de ancho y 80mm de alto, lo que le permite adaptarse a muchos espacios.<\/li>\n\n\n\n<li>La luz colgante LED redonda se puede fabricar para adaptarse a cualquier tama\u00f1o desde 600mm hasta m\u00e1s de 5000mm de di\u00e1metro.<\/li>\n\n\n\n<li>Utiliza placas PCB LED SMD2835 que son muy eficientes con un difusor de policarbonato esmerilado para hacer la luz suave y uniforme.&nbsp;<\/li>\n\n\n\n<li>Viene con una garant\u00eda de tres a\u00f1os, as\u00ed que puede estar seguro de que funcionar\u00e1.<\/li>\n\n\n\n<li>Excelente para empresas y hogares, como lugares de trabajo, vest\u00edbulos, galer\u00edas y restaurantes.<\/li>\n<\/ul>\n<\/div>\n<\/div>\n\n\n\n<div class=\"wp-block-group is-vertical is-layout-flex wp-container-core-group-is-layout-d255d7c4 wp-block-group-is-layout-flex\" style=\"padding-top:var(--wp--preset--spacing--80);padding-bottom:var(--wp--preset--spacing--80)\">\n<h2 class=\"wp-block-heading\" style=\"padding-top:var(--wp--preset--spacing--40);padding-bottom:var(--wp--preset--spacing--40);font-size:25px;font-style:normal;font-weight:600;text-transform:capitalize\">Aplicaciones para la forma de luz de anillo de perfil personalizado de 50x80mm<\/h2>\n\n\n\n<ul class=\"wp-block-list\">\n<li>Iluminaci\u00f3n de oficinas para empresas: un estilo moderno y elegante para espacios de trabajo y salas de conferencias de planta abierta.<\/li>\n\n\n\n<li>Iluminaci\u00f3n en el vest\u00edbulo del hotel: un elegante accesorio de luz colgante esf\u00e9rica para recibir a los hu\u00e9spedes.<\/li>\n\n\n\n<li>Iluminaci\u00f3n de exhibici\u00f3n en tiendas: use una luz clara y fuerte para atraer la atenci\u00f3n.<\/li>\n\n\n\n<li>Restaurantes y bares: use luz blanca c\u00e1lida para hacer que el espacio se sienta acogedor o luz blanca fr\u00eda para que se sienta vibrante.<\/li>\n\n\n\n<li>Comedores modernos y grandes espacios con techos altos para una fuerte impresi\u00f3n.<\/li>\n\n\n\n<li>Espacios p\u00fablicos e institucionales: funcionan bien en vest\u00edbulos de universidades, museos y aeropuertos.<\/li>\n<\/ul>\n<\/div>\n\n\n\n<div class=\"wp-block-group has-background is-vertical is-layout-flex wp-container-core-group-is-layout-b429018a wp-block-group-is-layout-flex\" style=\"background-color:#f1f1f1f2;padding-top:var(--wp--preset--spacing--70);padding-bottom:var(--wp--preset--spacing--70)\">\n<h2 class=\"wp-block-heading\" style=\"padding-top:var(--wp--preset--spacing--40);padding-bottom:var(--wp--preset--spacing--40);font-size:25px;font-style:normal;font-weight:600\">Productos Relacionados Que Te Puede Gustar<\/h2>\n\n\n\n<ul class=\"wp-block-list\">\n<li>Mira nuestro <a href=\"https:\/\/tangooled.com\/es\/product\/black-led-profile-with-black-diffuser-for-10mm-led-strip-light\/\"><mark style=\"background-color:rgba(0, 0, 0, 0)\" class=\"has-inline-color has-vivid-red-color\">perfil LED negro con difusor negro para tira LED de 10 mm<\/mark><\/a>, perfecto para instalaciones lineales.<\/li>\n\n\n\n<li>Para montaje en superficie, vea el <a href=\"https:\/\/tangooled.com\/es\/product\/surface-mount-led-profile-with-frosted-diffuser-for-10mm-rope-lights\/\"><mark style=\"background-color:rgba(0, 0, 0, 0)\" class=\"has-inline-color has-vivid-red-color\">perfil LED de montaje superficial con difusor esmerilado para luces de cuerda de 10 mm<\/mark><\/a> con difusi\u00f3n de luz suave.<\/li>\n\n\n\n<li>Descubra el <a href=\"https:\/\/tangooled.com\/es\/product\/18x9mm-led-tape-light-profile-for-surface-installation\/\"><mark style=\"background-color:rgba(0, 0, 0, 0)\" class=\"has-inline-color has-vivid-red-color\">perfil de tira LED de 18x9mm para instalaci\u00f3n superficial<\/mark><\/a> para necesidades de iluminaci\u00f3n compactas.<\/li>\n\n\n\n<li>Para un aspecto elegante, pruebe el <a href=\"https:\/\/tangooled.com\/es\/product\/aluminum-profile-with-60-degree-lens-led-diffuser\/\"><mark style=\"background-color:rgba(0, 0, 0, 0)\" class=\"has-inline-color has-vivid-red-color\">perfil de aluminio con difusor LED de lente de 60 grados <\/mark><\/a>para iluminaci\u00f3n de haz focalizado.<\/li>\n<\/ul>\n<\/div>\n\n\n\n<div class=\"wp-block-group\" style=\"padding-top:var(--wp--preset--spacing--80);padding-bottom:var(--wp--preset--spacing--80)\"><div class=\"wp-block-group__inner-container is-layout-constrained wp-block-group-is-layout-constrained\">\n<p>Elija nuestra forma de luz de anillo de perfil de 50x80mm para iluminar una habitaci\u00f3n de manera elegante, fuerte y deslumbrante. Agregue LEDs de alto CRI para generar una iluminaci\u00f3n moderna para cualquier entorno. Para comenzar, \u00a1cont\u00e1ctenos de inmediato!<\/p>\n<\/div><\/div>\n\n\n\n<p><\/p>","protected":false},"featured_media":20013,"template":"","meta":{"_acf_changed":true,"_seopress_robots_primary_cat":"none","_seopress_titles_title":"Custom 50x80mm Profile Ring Light Shape | Large Halo Body C5080","_seopress_titles_desc":"This C5080 channel is used to make any custom profile ring light shape of different diameters for grand-scale pendants. Features a massive 80mm depth for superior heat sink performance and internal driver storage.","_seopress_robots_index":""},"pcb-width":[231],"product-cat":[202],"class_list":{"0":"post-42395","1":"product","2":"type-product","3":"status-publish","4":"has-post-thumbnail","6":"pcb-width-25-35mm","7":"product-cat-circular-profile"},"acf":[],"_links":{"self":[{"href":"https:\/\/tangooled.com\/es\/wp-json\/wp\/v2\/product\/42395","targetHints":{"allow":["GET"]}}],"collection":[{"href":"https:\/\/tangooled.com\/es\/wp-json\/wp\/v2\/product"}],"about":[{"href":"https:\/\/tangooled.com\/es\/wp-json\/wp\/v2\/types\/product"}],"wp:featuredmedia":[{"embeddable":true,"href":"https:\/\/tangooled.com\/es\/wp-json\/wp\/v2\/media\/20013"}],"wp:attachment":[{"href":"https:\/\/tangooled.com\/es\/wp-json\/wp\/v2\/media?parent=42395"}],"wp:term":[{"taxonomy":"pcb-width","embeddable":true,"href":"https:\/\/tangooled.com\/es\/wp-json\/wp\/v2\/pcb-width?post=42395"},{"taxonomy":"product-cat","embeddable":true,"href":"https:\/\/tangooled.com\/es\/wp-json\/wp\/v2\/product-cat?post=42395"}],"curies":[{"name":"wp","href":"https:\/\/api.w.org\/{rel}","templated":true}]}}