{"id":42383,"date":"2025-12-22T01:50:53","date_gmt":"2025-12-22T09:50:53","guid":{"rendered":"https:\/\/tangooled.com\/?post_type=product&#038;p=42383"},"modified":"2026-02-02T02:04:30","modified_gmt":"2026-02-02T10:04:30","slug":"led-ring-light-housing-made-by-50x50mm-aluminum-channel","status":"publish","type":"product","link":"https:\/\/tangooled.com\/es\/product\/led-ring-light-housing-made-by-50x50mm-aluminum-channel\/","title":{"rendered":"Carcasa de luz LED de anillo hecha de canal de aluminio de 50x50mm-C5050"},"content":{"rendered":"<div class=\"wp-block-group is-vertical is-layout-flex wp-container-core-group-is-layout-d255d7c4 wp-block-group-is-layout-flex\" style=\"padding-top:var(--wp--preset--spacing--80);padding-bottom:var(--wp--preset--spacing--80)\">\n<p>Nuestra carcasa de luz de anillo LED de canal de 50x50mm te permitir\u00e1 generar una luz fuerte y brillante. Este perfil de aluminio de 50x50mm est\u00e1 hecho de aleaci\u00f3n de aluminio 6063-T5 de alta calidad, que es perfecto para crear una fuente de luz en forma de anillo que sea clara y uniforme. Funciona bien en hogares, estudios, tiendas y oficinas. Un acabado de polvo plateado limpio y suave o un acabado anodizado completa el perfil. El di\u00e1metro de este perfil circular puede ser de 600mm a 3000mm. Tambi\u00e9n puedes variar la apariencia del recubrimiento en polvo eligiendo un color que combine bien con el resto de tu hogar.<\/p>\n<\/div>\n\n\n\n<div class=\"wp-block-group has-background is-vertical is-layout-flex wp-container-core-group-is-layout-d255d7c4 wp-block-group-is-layout-flex\" style=\"background-color:#f1f1f1;padding-top:var(--wp--preset--spacing--80);padding-bottom:var(--wp--preset--spacing--80)\">\n<div class=\"wp-block-group is-vertical is-layout-flex wp-container-core-group-is-layout-8cf370e7 wp-block-group-is-layout-flex\">\n<h2 class=\"wp-block-heading\" style=\"padding-top:var(--wp--preset--spacing--40);padding-bottom:var(--wp--preset--spacing--40);font-size:25px;font-style:normal;font-weight:600;text-transform:capitalize\">Caracter\u00edsticas y Ventajas Importantes<\/h2>\n\n\n\n<ul class=\"wp-block-list\">\n<li>Size of the profile: 50&#215;50 mm. It works with a lot of COB LEDs and LED strips.\u00a0<\/li>\n\n\n\n<li>El aluminio 6063-T5 del que est\u00e1 hecho es robusto y ayuda a mantener las cosas frescas.<\/li>\n\n\n\n<li>La luz es suave porque viene con un difusor de PC de policarbonato (esmerilado).<\/li>\n\n\n\n<li>Puedes elegir entre un recubrimiento en polvo negro y un acabado plateado anodizado. <\/li>\n\n\n\n<li>Funciona con luces LED de anillo RGBW, bicolor y otros tipos de luces.<\/li>\n\n\n\n<li>Ideal para iluminar edificios, tomar fotograf\u00edas y realizar seminarios.<\/li>\n<\/ul>\n<\/div>\n<\/div>\n\n\n\n<div class=\"wp-block-group is-vertical is-layout-flex wp-container-core-group-is-layout-d255d7c4 wp-block-group-is-layout-flex\" style=\"padding-top:var(--wp--preset--spacing--80);padding-bottom:var(--wp--preset--spacing--80)\">\n<h2 class=\"wp-block-heading\" style=\"padding-top:var(--wp--preset--spacing--40);padding-bottom:var(--wp--preset--spacing--40);font-size:25px;font-style:normal;font-weight:600;text-transform:capitalize\">Hecho Para Muchos Usos<\/h2>\n\n\n\n<p>Esta carcasa de luz de anillo LED de canal de 50x50mm es una manera sencilla de comenzar muchos excelentes proyectos de iluminaci\u00f3n. \u00dasala para crear:<\/p>\n\n\n\n<ul class=\"wp-block-list\">\n<li>Salas de juntas y oficinas comerciales<\/li>\n\n\n\n<li>Vest\u00edbulos de hotel y atrios<\/li>\n\n\n\n<li>Showrooms y boutiques de retail<\/li>\n\n\n\n<li>Espacios de estar y comedor en hogares<\/li>\n\n\n\n<li>Estudios de arte y espacios de trabajo creativos<\/li>\n<\/ul>\n<\/div>\n\n\n\n<div class=\"wp-block-group has-background is-vertical is-layout-flex wp-container-core-group-is-layout-b429018a wp-block-group-is-layout-flex\" style=\"background-color:#f1f1f1f2;padding-top:var(--wp--preset--spacing--70);padding-bottom:var(--wp--preset--spacing--70)\">\n<h2 class=\"wp-block-heading\" style=\"padding-top:var(--wp--preset--spacing--40);padding-bottom:var(--wp--preset--spacing--40);font-size:25px;font-style:normal;font-weight:600\">Funciona con estas luces de cinta LED<\/h2>\n\n\n\n<ul class=\"wp-block-list\">\n<li>LED strips with a high CRI (Ra > 90) for accurate colors.<\/li>\n\n\n\n<li>Tiras LED blancas en un solo color (3000K, 4000K o 6000K).<\/li>\n\n\n\n<li>Tiras que cambian de color de RGB a RGBW.<\/li>\n\n\n\n<li>Tiras de hasta 20mm de ancho que encajan perfectamente en el canal del perfil.<\/li>\n<\/ul>\n<\/div>\n\n\n\n<div class=\"wp-block-group\" style=\"padding-top:var(--wp--preset--spacing--80);padding-bottom:var(--wp--preset--spacing--80)\"><div class=\"wp-block-group__inner-container is-layout-constrained wp-block-group-is-layout-constrained\">\n<p>La carcasa de luz de anillo LED de canal de 50x50mm TG-C5050 es una excelente opci\u00f3n. Combina resistencia, estilo y buena luz. \u00a1Comienza a crear tus propias luces de anillo profesionales y duraderas hoy mismo!<\/p>\n\n\n\n<p><\/p>\n<\/div><\/div>","protected":false},"featured_media":20011,"template":"","meta":{"_acf_changed":true,"_seopress_robots_primary_cat":"none","_seopress_titles_title":"50x50mm LED Channel Ring Light Housing C5050 | TANGOOLED","_seopress_titles_desc":"The C5050 is a heavy-duty 50x50mm led channel ring light housing for large-scale pendants. The diameters can be customized with the requested sizes.","_seopress_robots_index":""},"pcb-width":[230],"product-cat":[202],"class_list":{"0":"post-42383","1":"product","2":"type-product","3":"status-publish","4":"has-post-thumbnail","6":"pcb-width-20-25mm","7":"product-cat-circular-profile"},"acf":[],"_links":{"self":[{"href":"https:\/\/tangooled.com\/es\/wp-json\/wp\/v2\/product\/42383","targetHints":{"allow":["GET"]}}],"collection":[{"href":"https:\/\/tangooled.com\/es\/wp-json\/wp\/v2\/product"}],"about":[{"href":"https:\/\/tangooled.com\/es\/wp-json\/wp\/v2\/types\/product"}],"wp:featuredmedia":[{"embeddable":true,"href":"https:\/\/tangooled.com\/es\/wp-json\/wp\/v2\/media\/20011"}],"wp:attachment":[{"href":"https:\/\/tangooled.com\/es\/wp-json\/wp\/v2\/media?parent=42383"}],"wp:term":[{"taxonomy":"pcb-width","embeddable":true,"href":"https:\/\/tangooled.com\/es\/wp-json\/wp\/v2\/pcb-width?post=42383"},{"taxonomy":"product-cat","embeddable":true,"href":"https:\/\/tangooled.com\/es\/wp-json\/wp\/v2\/product-cat?post=42383"}],"curies":[{"name":"wp","href":"https:\/\/api.w.org\/{rel}","templated":true}]}}