{"id":42226,"date":"2025-12-17T20:32:15","date_gmt":"2025-12-18T04:32:15","guid":{"rendered":"https:\/\/tangooled.com\/?post_type=product&#038;p=42226"},"modified":"2026-02-02T01:58:15","modified_gmt":"2026-02-02T09:58:15","slug":"fl04-wide-flanged-in-ground-led-profile","status":"publish","type":"product","link":"https:\/\/tangooled.com\/es\/product\/fl04-wide-flanged-in-ground-led-profile\/","title":{"rendered":"FL04: Canal LED empotrado con brida de 26 mm de ancho"},"content":{"rendered":"<div class=\"wp-block-group is-vertical is-layout-flex wp-container-core-group-is-layout-d255d7c4 wp-block-group-is-layout-flex\" style=\"padding-top:var(--wp--preset--spacing--80);padding-bottom:var(--wp--preset--spacing--80)\">\n<p>This FL04 wide flanged In-ground LED channel is 26mm deep and 27.4mm wide, it fits well in concrete, wood, or stone without any gaps. The 12.4mm internal chamber is great for high-performance LED strips, as\u00a0it helps maintain consistent temperature\u00a0over time.<\/p>\n\n\n\n<p>Es lo suficientemente resistente para soportar mucho tr\u00e1fico peatonal y cargas ligeras de autom\u00f3viles, gracias a su construcci\u00f3n en aluminio de alta calidad. Este canal impermeable ilumina entradas, caminos de jard\u00edn y pasillos comerciales de manera limpia y constante, lo que los transforma radicalmente. Esta soluci\u00f3n con brida mantiene su inversi\u00f3n protegida de las inclemencias del tiempo y ofrece a su hogar un acabado profesional y de bajo perfil que lo hace m\u00e1s seguro tanto fuera como dentro.<\/p>\n<\/div>\n\n\n\n<div class=\"wp-block-group has-background is-vertical is-layout-flex wp-container-core-group-is-layout-d255d7c4 wp-block-group-is-layout-flex\" style=\"background-color:#f1f1f1;padding-top:var(--wp--preset--spacing--80);padding-bottom:var(--wp--preset--spacing--80)\">\n<div class=\"wp-block-group is-vertical is-layout-flex wp-container-core-group-is-layout-8cf370e7 wp-block-group-is-layout-flex\">\n<h2 class=\"wp-block-heading\" style=\"padding-top:var(--wp--preset--spacing--40);padding-bottom:var(--wp--preset--spacing--40);font-size:25px;font-style:normal;font-weight:600;text-transform:capitalize\">\u00bfPor qu\u00e9 elegir nuestro canal LED empotrado con brida ancha?<\/h2>\n\n\n\n<ul class=\"wp-block-list\">\n<li>Fuerte y duradero: Est\u00e1 compuesto de aluminio anodizado, que puede soportar el tr\u00e1fico peatonal y las inclemencias del tiempo.<\/li>\n\n\n\n<li>Acabado de Bisel Limpio: La brida oculta los bordes \u00e1speros en piedra y concreto para que se vean limpios.<\/li>\n\n\n\n<li>Protecci\u00f3n Impermeable: Cuando se sella correctamente, puede mantener fuera el agua, el polvo y las plagas debido a que tiene una clasificaci\u00f3n IP67.<\/li>\n\n\n\n<li>Luz Sin Manchas: El difusor opal hace que la luz sea suave y uniforme, sin manchas ni deslumbramientos.<\/li>\n\n\n\n<li>Se puede usar en muchos tipos de pisos, como azulejo, concreto, piedra, madera y m\u00e1s.<\/li>\n\n\n\n<li>Compatible con Tiras LED Anchas: El ancho interno puede sostener tiras LED de hasta 12 mm de ancho, y las tiras LED a prueba de agua funcionar\u00e1n con \u00e9l.<\/li>\n<\/ul>\n<\/div>\n<\/div>\n\n\n\n<div class=\"wp-block-group\" style=\"padding-top:var(--wp--preset--spacing--60);padding-bottom:var(--wp--preset--spacing--60)\"><div class=\"wp-block-group__inner-container is-layout-constrained wp-block-group-is-layout-constrained\">\n<div class=\"wp-block-media-text has-media-on-the-right is-stacked-on-mobile\" style=\"grid-template-columns:auto 40%\"><div class=\"wp-block-media-text__content\">\n<h2 class=\"wp-block-heading\" style=\"padding-top:var(--wp--preset--spacing--40);padding-bottom:var(--wp--preset--spacing--40);font-size:25px;font-style:normal;font-weight:600;text-transform:capitalize\">Pasos simples para la instalaci\u00f3n<\/h2>\n\n\n\n<ul class=\"wp-block-list\">\n<li>Hacer una ranura en su camino o entrada.<\/li>\n\n\n\n<li>Colocar el canal de aluminio en la ranura.<\/li>\n\n\n\n<li>Coloque su tira LED dentro del canal.<\/li>\n\n\n\n<li>Fijarlo y encender el difusor.<\/li>\n\n\n\n<li>Seal the ends with silicone and end caps so that water can&#8217;t get in.<\/li>\n<\/ul>\n<\/div><figure class=\"wp-block-media-text__media\"><img loading=\"lazy\" decoding=\"async\" width=\"500\" height=\"500\" src=\"https:\/\/tangooled.com\/wp-content\/uploads\/2025\/12\/fl04-ins-1.webp\" alt=\"26mm flanged in ground led channel for path lighting\" class=\"wp-image-42256 size-full\" srcset=\"https:\/\/tangooled.com\/wp-content\/uploads\/2025\/12\/fl04-ins-1.webp 500w, https:\/\/tangooled.com\/wp-content\/uploads\/2025\/12\/fl04-ins-1-300x300.webp 300w, https:\/\/tangooled.com\/wp-content\/uploads\/2025\/12\/fl04-ins-1-150x150.webp 150w\" sizes=\"auto, (max-width: 500px) 100vw, 500px\" \/><\/figure><\/div>\n<\/div><\/div>\n\n\n\n<div class=\"wp-block-group has-background is-vertical is-layout-flex wp-container-core-group-is-layout-b429018a wp-block-group-is-layout-flex\" style=\"background-color:#f1f1f1f2;padding-top:var(--wp--preset--spacing--70);padding-bottom:var(--wp--preset--spacing--70)\">\n<h2 class=\"wp-block-heading\" style=\"padding-top:var(--wp--preset--spacing--40);padding-bottom:var(--wp--preset--spacing--40);font-size:25px;font-style:normal;font-weight:600;text-transform:capitalize\">\u00bfQu\u00e9 se puede hacer con este canal de iluminaci\u00f3n de camino LED?<\/h2>\n\n\n\n<p>Nuestro canal LED empotrado con brida de 26 mm es ideal para muchas cosas, como:<\/p>\n\n\n\n<ul class=\"wp-block-list\">\n<li>Caminos de jard\u00edn y pasarelas: Haga que sus caminos de paseo sean seguros y hermosos con luz.<\/li>\n\n\n\n<li>Entradas y \u00c1reas de Garage: \u00daselo para iluminar los m\u00e1rgenes de las entradas y bordes con una luz constante y brillante.<\/li>\n\n\n\n<li>Bordes de Terraces y Patios: Inst\u00e1lelo de manera que est\u00e9 al ras con la terraza para ver los bordes y los escalones.<\/li>\n\n\n\n<li>Espacios P\u00fablicos: Parques y plazas son lugares fant\u00e1sticos para mantener a las personas seguras y ayudarlas a llegar a donde necesitan ir.<\/li>\n<\/ul>\n\n\n\n<p style=\"padding-right:var(--wp--preset--spacing--50);padding-left:var(--wp--preset--spacing--50)\">Consulte nuestro perfil LED negro con difusor negro para tira LED de 10 mm<a href=\"https:\/\/tangooled.com\/es\/product\/black-led-profile-with-black-diffuser-for-10mm-led-strip-light\/\"><mark style=\"background-color:rgba(0, 0, 0, 0)\" class=\"has-inline-color has-vivid-red-color\"> aqu\u00ed<\/mark><\/a> y nuestros<a href=\"https:\/\/tangooled.com\/es\/product\/led-strip-light-channel-aluminum-profile-with-diffused-cover-6mm-height\/\"><mark style=\"background-color:rgba(0, 0, 0, 0)\" class=\"has-inline-color has-vivid-red-color\"> <\/mark><\/a>perfil de aluminio para canal de luz LED con cubierta difusa de 6 mm de altura <a href=\"https:\/\/tangooled.com\/es\/product\/led-strip-light-channel-aluminum-profile-with-diffused-cover-6mm-height\/\"><mark style=\"background-color:rgba(0, 0, 0, 0)\" class=\"has-inline-color has-vivid-red-color\">aqu\u00ed<\/mark><\/a> para m\u00e1s opciones.<\/p>\n<\/div>\n\n\n\n<div class=\"wp-block-group\" style=\"padding-top:var(--wp--preset--spacing--80);padding-bottom:var(--wp--preset--spacing--80)\"><div class=\"wp-block-group__inner-container is-layout-constrained wp-block-group-is-layout-constrained\">\n<h2 class=\"wp-block-heading\" style=\"padding-top:var(--wp--preset--spacing--40);padding-bottom:var(--wp--preset--spacing--40);font-size:25px;font-style:normal;font-weight:600;text-transform:capitalize\">Resumen<\/h2>\n\n\n\n<p>Nuestro canal LED empotrado con brida de 26 mm es una forma robusta, ordenada e impermeable de iluminar entradas, patios, caminos y terrazas. Sostiene las tiras LED en su lugar y las protege de la suciedad y el agua. La brida cubre cualquier borde \u00e1spero, lo que lo hace lucir limpio. Debido a que est\u00e1 hecho de aluminio anodizado, es f\u00e1cil de montar y durar\u00e1 mucho tiempo.<\/p>\n<\/div><\/div>","protected":false},"featured_media":13539,"template":"","meta":{"_acf_changed":true,"_seopress_robots_primary_cat":"none","_seopress_titles_title":"Wide Flanged In-Ground LED Profile | 26mm Path Lighting FL04 | TANGOOLED","_seopress_titles_desc":"The FL04 is a wide flanged in-ground led profile with a 26mm aperture. This heavy-duty aluminum channel is designed to house wider LED strips for bold, recessed path lighting with an easy-to-install flange.","_seopress_robots_index":""},"pcb-width":[228],"product-cat":[199],"class_list":{"0":"post-42226","1":"product","2":"type-product","3":"status-publish","4":"has-post-thumbnail","6":"pcb-width-6-12mm","7":"product-cat-inground-profile"},"acf":[],"_links":{"self":[{"href":"https:\/\/tangooled.com\/es\/wp-json\/wp\/v2\/product\/42226","targetHints":{"allow":["GET"]}}],"collection":[{"href":"https:\/\/tangooled.com\/es\/wp-json\/wp\/v2\/product"}],"about":[{"href":"https:\/\/tangooled.com\/es\/wp-json\/wp\/v2\/types\/product"}],"wp:featuredmedia":[{"embeddable":true,"href":"https:\/\/tangooled.com\/es\/wp-json\/wp\/v2\/media\/13539"}],"wp:attachment":[{"href":"https:\/\/tangooled.com\/es\/wp-json\/wp\/v2\/media?parent=42226"}],"wp:term":[{"taxonomy":"pcb-width","embeddable":true,"href":"https:\/\/tangooled.com\/es\/wp-json\/wp\/v2\/pcb-width?post=42226"},{"taxonomy":"product-cat","embeddable":true,"href":"https:\/\/tangooled.com\/es\/wp-json\/wp\/v2\/product-cat?post=42226"}],"curies":[{"name":"wp","href":"https:\/\/api.w.org\/{rel}","templated":true}]}}