{"id":42224,"date":"2025-12-17T20:28:24","date_gmt":"2025-12-18T04:28:24","guid":{"rendered":"https:\/\/tangooled.com\/?post_type=product&#038;p=42224"},"modified":"2026-02-02T01:57:51","modified_gmt":"2026-02-02T09:57:51","slug":"26mm-floor-recessed-led-aluminum-channel-for-12mm-strips","status":"publish","type":"product","link":"https:\/\/tangooled.com\/es\/product\/26mm-floor-recessed-led-aluminum-channel-for-12mm-strips\/","title":{"rendered":"canal de aluminio LED empotrado de 26 mm para tiras de 12 mm"},"content":{"rendered":"<div class=\"wp-block-group is-vertical is-layout-flex wp-container-core-group-is-layout-d255d7c4 wp-block-group-is-layout-flex\" style=\"padding-top:var(--wp--preset--spacing--80);padding-bottom:var(--wp--preset--spacing--80)\">\n<p>Nuestro canal de aluminio LED empotrado de 26 mm est\u00e1 dise\u00f1ado para iluminaci\u00f3n lineal en el suelo. Este fuerte perfil de aluminio est\u00e1 hecho para encajar perfectamente en terrazas, entradas de veh\u00edculos, jardines y aceras. Protege las cintas LED mejor que cualquier otra cosa, asegurando que funcionen de manera confiable y constante tanto en interiores como en exteriores.<\/p>\n\n\n\n<p>Este canal empotrado de 26 mm est\u00e1 hecho de aluminio de alta calidad y gran resistencia que puede soportar el tr\u00e1fico peatonal y pesos de veh\u00edculos moderados, actuando tambi\u00e9n como un eficiente disipador de calor. Crea una l\u00ednea de luz clara y sin deslumbramiento que se extiende continuamente, lo que mejora cualquier lugar. Esta soluci\u00f3n flexible funciona bien tanto en exteriores como en interiores, como senderos de jard\u00edn, entradas, pasillos y espacios p\u00fablicos concurridos.<\/p>\n<\/div>\n\n\n\n<div class=\"wp-block-group has-background is-vertical is-layout-flex wp-container-core-group-is-layout-d255d7c4 wp-block-group-is-layout-flex\" style=\"background-color:#f1f1f1;padding-top:var(--wp--preset--spacing--80);padding-bottom:var(--wp--preset--spacing--80)\">\n<div class=\"wp-block-group is-vertical is-layout-flex wp-container-core-group-is-layout-8cf370e7 wp-block-group-is-layout-flex\">\n<h2 class=\"wp-block-heading\" style=\"padding-top:var(--wp--preset--spacing--40);padding-bottom:var(--wp--preset--spacing--40);font-size:25px;font-style:normal;font-weight:600;text-transform:capitalize\">\u00bfPor qu\u00e9 deber\u00eda elegir nuestro canal de aluminio LED empotrado de 26 mm?<\/h2>\n\n\n\n<ul class=\"wp-block-list\">\n<li>Fuerte y Duradero: El canal para suelos est\u00e1 compuesto de aluminio 6063-T5, que mantiene sus cintas LED frescas y seguras.<\/li>\n\n\n\n<li>Aspecto Limpio y Alineado: Este canal empotrado se integra perfectamente en suelos de cer\u00e1mica, madera o concreto.<\/li>\n\n\n\n<li>Luz Suave: La tapa difusora opalina elimina \u00e1reas duras y hace que la luz se distribuya uniformemente.<\/li>\n\n\n\n<li>Compatible con Cintas LED de Hasta 12 mm de Ancho: El canal tiene el tama\u00f1o perfecto para cintas LED de 12 mm de ancho o menos.<\/li>\n\n\n\n<li>Water-Resistant: Works with waterproof LED strips\uff0c making it suitable for damp locations or covered outdoor walkways.<\/li>\n\n\n\n<li>F\u00e1cil de Cortar: Viene en longitudes de 2 y 3 metros, por lo que puede cortarlo a la medida que necesite.<\/li>\n<\/ul>\n<\/div>\n<\/div>\n\n\n\n<div class=\"wp-block-group is-vertical is-layout-flex wp-container-core-group-is-layout-d255d7c4 wp-block-group-is-layout-flex\" style=\"padding-top:var(--wp--preset--spacing--80);padding-bottom:var(--wp--preset--spacing--80)\">\n<hr class=\"wp-block-separator has-alpha-channel-opacity\"\/>\n\n\n\n<div class=\"wp-block-media-text has-media-on-the-right is-stacked-on-mobile\" style=\"grid-template-columns:auto 40%\"><div class=\"wp-block-media-text__content\">\n<h2 class=\"wp-block-heading\" style=\"padding-top:var(--wp--preset--spacing--40);padding-bottom:var(--wp--preset--spacing--40);font-size:25px;font-style:normal;font-weight:600;text-transform:capitalize\">Consejos de instalaci\u00f3n<\/h2>\n\n\n\n<ul class=\"wp-block-list\">\n<li>Utilice una sierra fina para cortar el canal de aluminio y el difusor a la longitud adecuada.<\/li>\n\n\n\n<li>Coloque el canal en una ranura o hueco en el suelo.<\/li>\n\n\n\n<li>Coloque la cinta LED de 12 mm de ancho en el canal.<\/li>\n\n\n\n<li>Para suavizar la luz, coloque el difusor opalino.<\/li>\n\n\n\n<li>Para proteger los extremos de la cinta LED, coloque tapas de extremo en ellos.<\/li>\n\n\n\n<li>Selle los bordes con silicona si el canal se utilizar\u00e1 en exteriores o en lugares h\u00famedos.<\/li>\n<\/ul>\n<\/div><figure class=\"wp-block-media-text__media\"><img loading=\"lazy\" decoding=\"async\" width=\"500\" height=\"500\" src=\"https:\/\/tangooled.com\/wp-content\/uploads\/2025\/12\/fl04-ins.webp\" alt=\"26mm floor recessed led aluminum channel for 12mm led strips\" class=\"wp-image-42248 size-full\" srcset=\"https:\/\/tangooled.com\/wp-content\/uploads\/2025\/12\/fl04-ins.webp 500w, https:\/\/tangooled.com\/wp-content\/uploads\/2025\/12\/fl04-ins-300x300.webp 300w, https:\/\/tangooled.com\/wp-content\/uploads\/2025\/12\/fl04-ins-150x150.webp 150w\" sizes=\"auto, (max-width: 500px) 100vw, 500px\" \/><\/figure><\/div>\n<\/div>\n\n\n\n<div class=\"wp-block-group has-background is-vertical is-layout-flex wp-container-core-group-is-layout-b429018a wp-block-group-is-layout-flex\" style=\"background-color:#f1f1f1f2;padding-top:var(--wp--preset--spacing--70);padding-bottom:var(--wp--preset--spacing--70)\">\n<h2 class=\"wp-block-heading\" style=\"padding-top:var(--wp--preset--spacing--40);padding-bottom:var(--wp--preset--spacing--40);font-size:25px;font-style:normal;font-weight:600\">\u00bfD\u00f3nde usar el canal de aluminio LED empotrado de 26 mm?<\/h2>\n\n\n\n<p>Este canal LED se puede utilizar en muchos lugares diferentes:<\/p>\n\n\n\n<ul class=\"wp-block-list\">\n<li>Suelos en Hogares y Oficinas: Funciona bien en suelos de cer\u00e1mica, madera, laminado o concreto.<\/li>\n\n\n\n<li>Caminos y Pasillos: Ayuda a iluminar el camino de manera segura y estilizada.<\/li>\n\n\n\n<li>\u00c1reas H\u00famedas y Ba\u00f1os: Use cintas LED impermeables IP67 y aseg\u00farese de que el espacio est\u00e9 bien sellado.<\/li>\n\n\n\n<li>Terrazas y Decks Exteriores: Funciona bien en caminos exteriores cuando est\u00e1n impermeabilizados.<\/li>\n\n\n\n<li>Escaleras: Agregue luces a las escaleras para hacerlas m\u00e1s seguras y modernas.<\/li>\n<\/ul>\n<\/div>\n\n\n\n<div class=\"wp-block-group\" style=\"padding-top:var(--wp--preset--spacing--70);padding-bottom:var(--wp--preset--spacing--70)\"><div class=\"wp-block-group__inner-container is-layout-constrained wp-block-group-is-layout-constrained\">\n<h2 class=\"wp-block-heading\" style=\"padding-top:var(--wp--preset--spacing--40);padding-bottom:var(--wp--preset--spacing--40);font-size:25px;font-style:normal;font-weight:600;text-transform:capitalize\">Tambi\u00e9n te pueden gustar estos productos relacionados<\/h2>\n\n\n\n<ul class=\"wp-block-list\">\n<li>Explora la <a href=\"https:\/\/tangooled.com\/es\/product\/black-led-diffuser-aluminum-channel-for-12mm-tape-lights\/\"><mark style=\"background-color:rgba(0, 0, 0, 0)\" class=\"has-inline-color has-vivid-red-color\">canal de aluminio difusor LED negro para luces de cinta de 12 mm <\/mark><\/a>para un acabado negro estilizado.<\/li>\n\n\n\n<li>Echa un vistazo a la <a href=\"https:\/\/tangooled.com\/es\/product\/18x18mm-led-strip-corner-profile-for-12mm-led-strips\/\"><mark style=\"background-color:rgba(0, 0, 0, 0)\" class=\"has-inline-color has-vivid-red-color\">Perfil de esquina para tira LED de 18x18mm para tiras LED de 12mm<\/mark><\/a> para necesidades de iluminaci\u00f3n en esquinas.<\/li>\n\n\n\n<li>Para opciones de montaje en superficie, consulte el <a href=\"https:\/\/tangooled.com\/es\/product\/surface-mount-led-profile-with-frosted-diffuser-for-10mm-rope-lights\/\"><mark style=\"background-color:rgba(0, 0, 0, 0)\" class=\"has-inline-color has-vivid-red-color\">perfil LED de montaje superficial con difusor esmerilado para luces de cuerda de 10 mm<\/mark><\/a>.<\/li>\n\n\n\n<li>Pruebe el canal de aluminio perfil LED empotrado de 17 mm para cintas LED de 12 mm<a href=\"https:\/\/tangooled.com\/es\/product\/recessed-17mm-led-profile-aluminum-channel-for-12mm-led-strips\/\"><mark style=\"background-color:rgba(0, 0, 0, 0)\" class=\"has-inline-color has-vivid-red-color\">para necesidades de diferentes tama\u00f1os. <\/mark><\/a>Para m\u00e1s perfiles de iluminaci\u00f3n e ideas, eche un vistazo a algunos de nuestros otros productos m\u00e1s vendidos. Estos incluyen un<\/li>\n<\/ul>\n<\/div><\/div>\n\n\n\n<div class=\"wp-block-group has-background\" style=\"background-color:#f1f1f1;padding-top:var(--wp--preset--spacing--80);padding-bottom:var(--wp--preset--spacing--80)\"><div class=\"wp-block-group__inner-container is-layout-constrained wp-block-group-is-layout-constrained\">\n<p>canal de LED de perfil bajo de 25x6 mm para cintas de 10 mm <a href=\"https:\/\/tangooled.com\/es\/product\/black-led-profile-with-black-diffuser-for-10mm-led-strip-light\/\"><mark style=\"background-color:rgba(0, 0, 0, 0)\" class=\"has-inline-color has-vivid-red-color\">perfil LED negro con difusor negro para tira LED de 10 mm<\/mark><\/a> y el <a href=\"https:\/\/tangooled.com\/es\/product\/25x6mm-low-profile-led-strip-channel-for-10mm-led-strip-light\/\"><mark style=\"background-color:rgba(0, 0, 0, 0)\" class=\"has-inline-color has-vivid-red-color\">plata, negro, blanco<\/mark><\/a>.<\/p>\n<\/div><\/div>\n\n\n\n<p><\/p>","protected":false},"featured_media":13536,"template":"","meta":{"_acf_changed":true,"_seopress_robots_primary_cat":"none","_seopress_titles_title":"26mm Floor Recessed LED Aluminum Channel | FL03 Linear Floor Light | TANGOOLED","_seopress_titles_desc":"The FL03 is a professional 26mm floor recessed led aluminum channel designed for 12mm LED strips. This heavy-duty walk-over profile creates a wide, bold linear light path for commercial and architectural flooring.","_seopress_robots_index":""},"pcb-width":[228],"product-cat":[199],"class_list":{"0":"post-42224","1":"product","2":"type-product","3":"status-publish","4":"has-post-thumbnail","6":"pcb-width-6-12mm","7":"product-cat-inground-profile"},"acf":[],"_links":{"self":[{"href":"https:\/\/tangooled.com\/es\/wp-json\/wp\/v2\/product\/42224","targetHints":{"allow":["GET"]}}],"collection":[{"href":"https:\/\/tangooled.com\/es\/wp-json\/wp\/v2\/product"}],"about":[{"href":"https:\/\/tangooled.com\/es\/wp-json\/wp\/v2\/types\/product"}],"wp:featuredmedia":[{"embeddable":true,"href":"https:\/\/tangooled.com\/es\/wp-json\/wp\/v2\/media\/13536"}],"wp:attachment":[{"href":"https:\/\/tangooled.com\/es\/wp-json\/wp\/v2\/media?parent=42224"}],"wp:term":[{"taxonomy":"pcb-width","embeddable":true,"href":"https:\/\/tangooled.com\/es\/wp-json\/wp\/v2\/pcb-width?post=42224"},{"taxonomy":"product-cat","embeddable":true,"href":"https:\/\/tangooled.com\/es\/wp-json\/wp\/v2\/product-cat?post=42224"}],"curies":[{"name":"wp","href":"https:\/\/api.w.org\/{rel}","templated":true}]}}