{"id":42222,"date":"2025-12-17T20:25:28","date_gmt":"2025-12-18T04:25:28","guid":{"rendered":"https:\/\/tangooled.com\/?post_type=product&#038;p=42222"},"modified":"2026-02-02T01:57:30","modified_gmt":"2026-02-02T09:57:30","slug":"walkway-embedded-10mm-flanged-slim-led-channel-for-10mm-strip","status":"publish","type":"product","link":"https:\/\/tangooled.com\/es\/product\/walkway-embedded-10mm-flanged-slim-led-channel-for-10mm-strip\/","title":{"rendered":"canal LED delgado empotrado en pasarelas de 10 mm con brida para tiras de 10 mm"},"content":{"rendered":"<div class=\"wp-block-group is-vertical is-layout-flex wp-container-core-group-is-layout-d255d7c4 wp-block-group-is-layout-flex\" style=\"padding-top:var(--wp--preset--spacing--80);padding-bottom:var(--wp--preset--spacing--80)\">\n<p>Nuestra canaleta LED empotrada FL02 con ala facilita la visibilidad en suelos y caminos. Este perfil de aluminio resistente es f\u00e1cil de instalar y se ve bonito y a ras en suelos, terrazas y senderos. Tiene un ancho interno de 12.4mm, por lo que es compatible con muchas tiras LED diferentes y les ayuda a durar m\u00e1s al permitir que el calor se escape m\u00e1s f\u00e1cilmente. El dise\u00f1o de perfil bajo crea una l\u00ednea de luz continua y suave que est\u00e1 completamente protegida del tr\u00e1fico peatonal, haciendo que la instalaci\u00f3n sea segura y libre de tropiezos.<\/p>\n<\/div>\n\n\n\n<div class=\"wp-block-group has-background is-vertical is-layout-flex wp-container-core-group-is-layout-d255d7c4 wp-block-group-is-layout-flex\" style=\"background-color:#f1f1f1;padding-top:var(--wp--preset--spacing--80);padding-bottom:var(--wp--preset--spacing--80)\">\n<div class=\"wp-block-group is-vertical is-layout-flex wp-container-core-group-is-layout-8cf370e7 wp-block-group-is-layout-flex\">\n<h2 class=\"wp-block-heading\" style=\"padding-top:var(--wp--preset--spacing--40);padding-bottom:var(--wp--preset--spacing--40);font-size:25px;font-style:normal;font-weight:600;text-transform:capitalize\">\u00bfPor qu\u00e9 elegir nuestra canaleta LED empotrada con ala?<\/h2>\n\n\n\n<ul class=\"wp-block-list\">\n<li>It&#8217;s only about 10mm deep and fits in small spaces.<\/li>\n\n\n\n<li>Biselado Fuerte: Esto hace que los bordes de los azulejos o concreto parezcan hermosos.<\/li>\n\n\n\n<li>Seguro para Caminar: Lo suficientemente fuerte como para soportar el tr\u00e1fico peatonal sin romperse.<\/li>\n\n\n\n<li>Amigable con el Calor: El cuerpo de aluminio mantiene fr\u00edas las tiras LED, lo que las hace durar m\u00e1s.<\/li>\n\n\n\n<li>El difusor opalino&nbsp;distribuye la luz de manera uniforme, haci\u00e9ndola clara y brillante.<\/li>\n<\/ul>\n<\/div>\n<\/div>\n\n\n\n<div class=\"wp-block-group\" style=\"padding-top:var(--wp--preset--spacing--60);padding-bottom:var(--wp--preset--spacing--60)\"><div class=\"wp-block-group__inner-container is-layout-constrained wp-block-group-is-layout-constrained\">\n<div class=\"wp-block-media-text has-media-on-the-right is-stacked-on-mobile\" style=\"grid-template-columns:auto 40%\"><div class=\"wp-block-media-text__content\">\n<h2 class=\"wp-block-heading\" style=\"padding-top:var(--wp--preset--spacing--40);padding-bottom:var(--wp--preset--spacing--40);font-size:25px;font-style:normal;font-weight:600;text-transform:capitalize\">Pasos de Instalaci\u00f3n<\/h2>\n\n\n\n<ul class=\"wp-block-list\">\n<li>Haga una ranura en la ruta o suelo para la canaleta.<\/li>\n\n\n\n<li>Coloque la canaleta a ras de la superficie; el ala cubrir\u00e1 los bordes.<\/li>\n\n\n\n<li>Para mantener la canaleta en su lugar, use pegamento de construcci\u00f3n, lechada o mortero.<\/li>\n\n\n\n<li>The channel can&#8217;t be wider than 12 mm,  put the LED strip inside it.<\/li>\n\n\n\n<li>Para hacer la luz m\u00e1s uniforme, coloque el difusor opalino encima.<\/li>\n\n\n\n<li>Selle los extremos con silicona para que sean impermeables por el exterior (IP67).<\/li>\n<\/ul>\n<\/div><figure class=\"wp-block-media-text__media\"><img loading=\"lazy\" decoding=\"async\" width=\"500\" height=\"500\" src=\"https:\/\/tangooled.com\/wp-content\/uploads\/2025\/12\/fl02-ins.webp\" alt=\"walkway embedded 10mm flanged slim led channel for 10mm led strip\" class=\"wp-image-42245 size-full\" srcset=\"https:\/\/tangooled.com\/wp-content\/uploads\/2025\/12\/fl02-ins.webp 500w, https:\/\/tangooled.com\/wp-content\/uploads\/2025\/12\/fl02-ins-300x300.webp 300w, https:\/\/tangooled.com\/wp-content\/uploads\/2025\/12\/fl02-ins-150x150.webp 150w\" sizes=\"auto, (max-width: 500px) 100vw, 500px\" \/><\/figure><\/div>\n<\/div><\/div>\n\n\n\n<div class=\"wp-block-group has-background is-vertical is-layout-flex wp-container-core-group-is-layout-b429018a wp-block-group-is-layout-flex\" style=\"background-color:#f1f1f1f2;padding-top:var(--wp--preset--spacing--70);padding-bottom:var(--wp--preset--spacing--70)\">\n<h2 class=\"wp-block-heading\" style=\"padding-top:var(--wp--preset--spacing--40);padding-bottom:var(--wp--preset--spacing--40);font-size:25px;font-style:normal;font-weight:600\">C\u00f3mo Usar la Canaleta LED Empotrada de 10mm con Ala<\/h2>\n\n\n\n<ul class=\"wp-block-list\">\n<li>Una iluminaci\u00f3n empotrada ordenada puede hacer que los caminos del jard\u00edn sean m\u00e1s seguros y brillantes.<\/li>\n\n\n\n<li>Luces para terrazas y patios: Coloque canaletas LED en terrazas de madera o compuestas para obtener una fant\u00e1stica iluminaci\u00f3n en los bordes.<\/li>\n\n\n\n<li>Suelos de azulejos en interiores: Hacen que las cocinas, ba\u00f1os y pasillos se vean geniales con iluminaci\u00f3n empotrada.<\/li>\n\n\n\n<li>Use luces brillantes y de larga duraci\u00f3n para designar rutas y l\u00edmites en entradas y suelos de garaje.<\/li>\n<\/ul>\n<\/div>\n\n\n\n<div class=\"wp-block-group is-vertical is-layout-flex wp-container-core-group-is-layout-d255d7c4 wp-block-group-is-layout-flex\" style=\"padding-top:var(--wp--preset--spacing--80);padding-bottom:var(--wp--preset--spacing--80)\">\n<h2 class=\"wp-block-heading\" style=\"padding-top:var(--wp--preset--spacing--40);padding-bottom:var(--wp--preset--spacing--40);font-size:25px;font-style:normal;font-weight:600;text-transform:capitalize\">Productos relacionados que podr\u00edan gustarte<\/h2>\n\n\n\n<ul class=\"wp-block-list\">\n<li>Explore nuestro slim <mark style=\"background-color:rgba(0, 0, 0, 0)\" class=\"has-inline-color has-vivid-red-color\"><a href=\"https:\/\/tangooled.com\/es\/product\/25x6mm-low-profile-led-strip-channel-for-10mm-led-strip-light\/\">Canal de tira LED de perfil bajo de 25x6 mm para luz LED de 10 mm<\/a> <\/mark>para instalaciones a\u00fan m\u00e1s delgadas.<\/li>\n\n\n\n<li>Encuentre el <a href=\"https:\/\/tangooled.com\/es\/product\/surface-mount-led-profile-with-frosted-diffuser-for-10mm-rope-lights\/\"><mark style=\"background-color:rgba(0, 0, 0, 0)\" class=\"has-inline-color has-vivid-red-color\">perfil LED de montaje superficial con difusor esmerilado para luces de cuerda de 10 mm<\/mark><\/a> para instalaciones en superficie.<\/li>\n\n\n\n<li>Considere <a href=\"https:\/\/tangooled.com\/es\/product\/black-aluminum-u-channel-profile-for-10mm-led-strips\/\"><mark style=\"background-color:rgba(0, 0, 0, 0)\" class=\"has-inline-color has-vivid-red-color\">perfil de canal U de aluminio negro para tiras LED de 10 mm<\/mark><\/a> si desea una opci\u00f3n de color.<\/li>\n\n\n\n<li>Verificar <a href=\"https:\/\/tangooled.com\/es\/product\/led-light-diffuser-channel-aluminum-15x12mm-for-10mm-led-strips\/\"><mark style=\"background-color:rgba(0, 0, 0, 0)\" class=\"has-inline-color has-vivid-red-color\">Difusor de luz LED canal de aluminio 15x12mm para tiras LED de 10mm<\/mark><\/a> para necesidades de iluminaci\u00f3n difusa.<\/li>\n<\/ul>\n<\/div>\n\n\n\n<div class=\"wp-block-group has-background\" style=\"background-color:#f1f1f1;padding-top:var(--wp--preset--spacing--80);padding-bottom:var(--wp--preset--spacing--80)\"><div class=\"wp-block-group__inner-container is-layout-constrained wp-block-group-is-layout-constrained\">\n<p style=\"padding-right:var(--wp--preset--spacing--50);padding-left:var(--wp--preset--spacing--50)\">Nuestra canaleta LED delgada y con ala para senderos es una opci\u00f3n elegante, limpia y duradera para insertar tiras LED en suelos, terrazas o caminos. Esta canaleta es perfecta para una iluminaci\u00f3n segura y atractiva en cualquier lugar del suelo porque es peque\u00f1a, tiene una superficie con ala y puede soportar cargas.<\/p>\n<\/div><\/div>\n\n\n\n<p><\/p>","protected":false},"featured_media":13529,"template":"","meta":{"_acf_changed":true,"_seopress_robots_primary_cat":"none","_seopress_titles_title":"Recessed Floor LED Channel with Flange | 10mm Slim FL02 Profile | TANGOOLED","_seopress_titles_desc":"The FL02 is a slim recessed floor led channel featuring a 10mm flange for seamless installation. Designed for 10mm LED strips, this aluminum walk-over profile is ideal for walkway and corridor floor lighting.","_seopress_robots_index":""},"pcb-width":[228],"product-cat":[199],"class_list":{"0":"post-42222","1":"product","2":"type-product","3":"status-publish","4":"has-post-thumbnail","6":"pcb-width-6-12mm","7":"product-cat-inground-profile"},"acf":[],"_links":{"self":[{"href":"https:\/\/tangooled.com\/es\/wp-json\/wp\/v2\/product\/42222","targetHints":{"allow":["GET"]}}],"collection":[{"href":"https:\/\/tangooled.com\/es\/wp-json\/wp\/v2\/product"}],"about":[{"href":"https:\/\/tangooled.com\/es\/wp-json\/wp\/v2\/types\/product"}],"wp:featuredmedia":[{"embeddable":true,"href":"https:\/\/tangooled.com\/es\/wp-json\/wp\/v2\/media\/13529"}],"wp:attachment":[{"href":"https:\/\/tangooled.com\/es\/wp-json\/wp\/v2\/media?parent=42222"}],"wp:term":[{"taxonomy":"pcb-width","embeddable":true,"href":"https:\/\/tangooled.com\/es\/wp-json\/wp\/v2\/pcb-width?post=42222"},{"taxonomy":"product-cat","embeddable":true,"href":"https:\/\/tangooled.com\/es\/wp-json\/wp\/v2\/product-cat?post=42222"}],"curies":[{"name":"wp","href":"https:\/\/api.w.org\/{rel}","templated":true}]}}