{"id":42203,"date":"2025-12-17T05:29:18","date_gmt":"2025-12-17T13:29:18","guid":{"rendered":"https:\/\/tangooled.com\/?post_type=product&#038;p=42203"},"modified":"2026-02-02T02:06:20","modified_gmt":"2026-02-02T10:06:20","slug":"stp07-stair-edge-aluminum-lightweight-profile-10mm","status":"publish","type":"product","link":"https:\/\/tangooled.com\/es\/product\/stp07-stair-edge-aluminum-lightweight-profile-10mm\/","title":{"rendered":"Perfil LED de borde de escalera ligero para tiras de 10 mm"},"content":{"rendered":"<div class=\"wp-block-group is-vertical is-layout-flex wp-container-core-group-is-layout-d255d7c4 wp-block-group-is-layout-flex\" style=\"padding-top:var(--wp--preset--spacing--80);padding-bottom:var(--wp--preset--spacing--80)\">\n<p>Nuestro perfil de aluminio ligero para el borde de la escalera est\u00e1 dise\u00f1ado para tiras LED de 10 mm y iluminar\u00e1 tus escalones de manera segura y elegante. Coloca este perfil de borde de escalera en el borde de tu escalera y iluminar\u00e1 toda la superficie del pelda\u00f1o en un \u00e1ngulo inclinado hacia abajo, para que puedas ver cada paso que das hacia arriba y hacia abajo por seguridad.<\/p>\n\n\n\n<p>Hecho de aluminio de alta calidad con una superficie serrada para evitar que se resbale, y funciona con tiras de luz de 10 mm. Los LEDs est\u00e1n cubiertos por un difusor semi-transparente u opal, sin puntos de LED duros; el efecto de iluminaci\u00f3n de la escalera presentado es suave y uniforme.\u00a0<\/p>\n\n\n\n<p>Este perfil es robusto, f\u00e1cil de cortar y colocar, y funciona bien en varios tipos de escalones. Hace que tus escalones se vean brillantes, seguros y elegantes.<\/p>\n<\/div>\n\n\n\n<div class=\"wp-block-group has-background is-vertical is-layout-flex wp-container-core-group-is-layout-d255d7c4 wp-block-group-is-layout-flex\" style=\"background-color:#f1f1f1;padding-top:var(--wp--preset--spacing--80);padding-bottom:var(--wp--preset--spacing--80)\">\n<div class=\"wp-block-group is-vertical is-layout-flex wp-container-core-group-is-layout-8cf370e7 wp-block-group-is-layout-flex\">\n<h2 class=\"wp-block-heading\" style=\"padding-top:var(--wp--preset--spacing--40);padding-bottom:var(--wp--preset--spacing--40);font-size:25px;font-style:normal;font-weight:600;text-transform:capitalize\">\u00bfPor qu\u00e9 elegir este perfil?<\/h2>\n\n\n\n<ul class=\"wp-block-list\">\n<li>Hecho de aluminio anodizado 6063 para mantener el calor bajo y hacer que el LED dure m\u00e1s.<\/li>\n\n\n\n<li>Funciona con tiras LED que son de 10 mm de ancho o m\u00e1s.<\/li>\n\n\n\n<li>Tiene un difusor esmerilado que distribuye la luz de manera uniforme sin ning\u00fan punto deslumbrante.<\/li>\n\n\n\n<li>Cuando se combina con tiras LED resistentes al agua, se pueden utilizar en interiores o exteriores.<\/li>\n\n\n\n<li>Funciona bien en madera, azulejos, concreto y otras superficies.<\/li>\n\n\n\n<li>Viene con tornillos y tapas finales para una instalaci\u00f3n r\u00e1pida.<\/li>\n\n\n\n<li>A\u00f1ade un borde antideslizante a los escalones para hacerlos m\u00e1s seguros.<\/li>\n<\/ul>\n<\/div>\n<\/div>\n\n\n\n<div class=\"wp-block-group is-vertical is-layout-flex wp-container-core-group-is-layout-d255d7c4 wp-block-group-is-layout-flex\" style=\"padding-top:var(--wp--preset--spacing--80);padding-bottom:var(--wp--preset--spacing--80)\">\n<hr class=\"wp-block-separator has-alpha-channel-opacity\"\/>\n\n\n\n<div class=\"wp-block-media-text has-media-on-the-right is-stacked-on-mobile\" style=\"grid-template-columns:auto 40%\"><div class=\"wp-block-media-text__content\">\n<h2 class=\"wp-block-heading\" style=\"padding-top:var(--wp--preset--spacing--40);padding-bottom:var(--wp--preset--spacing--40);font-size:25px;font-style:normal;font-weight:600;text-transform:capitalize\">\u00bfC\u00f3mo instalar?<\/h2>\n\n\n\n<ul class=\"wp-block-list\">\n<li>Determina cu\u00e1n larga es tu escalera.<\/li>\n\n\n\n<li>Corta el perfil de metal a la longitud correcta.<\/li>\n\n\n\n<li>Usa tornillos para fijarlo al borde de la escalera.<\/li>\n\n\n\n<li>Coloca tu tira LED de 10 mm dentro del canal.<\/li>\n\n\n\n<li>Coloca la cubierta del difusor esmerilado.<\/li>\n\n\n\n<li>Configura las tiras LED en la fuente de alimentaci\u00f3n.<\/li>\n\n\n\n<li>\u00a1Disfruta de una iluminaci\u00f3n brillante, suave y segura en los bordes de tus escaleras!<\/li>\n<\/ul>\n<\/div><figure class=\"wp-block-media-text__media\"><img loading=\"lazy\" decoding=\"async\" width=\"500\" height=\"500\" src=\"https:\/\/tangooled.com\/wp-content\/uploads\/2025\/12\/stp07-ins.webp\" alt=\"stair edge lighting aluminum lightweight profile for 10mm led strip\" class=\"wp-image-42234 size-full\" srcset=\"https:\/\/tangooled.com\/wp-content\/uploads\/2025\/12\/stp07-ins.webp 500w, https:\/\/tangooled.com\/wp-content\/uploads\/2025\/12\/stp07-ins-300x300.webp 300w, https:\/\/tangooled.com\/wp-content\/uploads\/2025\/12\/stp07-ins-150x150.webp 150w\" sizes=\"auto, (max-width: 500px) 100vw, 500px\" \/><\/figure><\/div>\n<\/div>\n\n\n\n<div class=\"wp-block-group has-background is-vertical is-layout-flex wp-container-core-group-is-layout-b429018a wp-block-group-is-layout-flex\" style=\"background-color:#f1f1f1f2;padding-top:var(--wp--preset--spacing--70);padding-bottom:var(--wp--preset--spacing--70)\">\n<h2 class=\"wp-block-heading\" style=\"padding-top:var(--wp--preset--spacing--40);padding-bottom:var(--wp--preset--spacing--40);font-size:25px;font-style:normal;font-weight:600\">\u00bfD\u00f3nde usar este perfil de aluminio ligero para el borde de la escalera?<\/h2>\n\n\n\n<ul class=\"wp-block-list\">\n<li>Escaleras en casa: en interiores o exteriores, sobre madera, azulejo o concreto.<\/li>\n\n\n\n<li>Edificios comerciales: hoteles, restaurantes, teatros, cines y tiendas.<\/li>\n\n\n\n<li>Escalones exteriores: escaleras al patio o jard\u00edn (con LEDs a prueba de intemperie).<\/li>\n\n\n\n<li>Lugares especiales: vest\u00edbulos, terrazas, caminos y cualquier otro lugar que necesite iluminaci\u00f3n de seguridad.<\/li>\n<\/ul>\n<\/div>\n\n\n\n<div class=\"wp-block-group is-vertical is-layout-flex wp-container-core-group-is-layout-d255d7c4 wp-block-group-is-layout-flex\" style=\"padding-top:var(--wp--preset--spacing--80);padding-bottom:var(--wp--preset--spacing--80)\">\n<h2 class=\"wp-block-heading\" style=\"padding-top:var(--wp--preset--spacing--40);padding-bottom:var(--wp--preset--spacing--40);font-size:25px;font-style:normal;font-weight:600;text-transform:capitalize\">Resumen<\/h2>\n\n\n\n<p>Para iluminar escaleras de manera segura, elegante y durante mucho tiempo, nuestro perfil de aluminio ligero para el borde de la escalera dise\u00f1ado para tiras LED de 10 mm es la mejor soluci\u00f3n. Es f\u00e1cil de ensamblar, se ve bien y se puede usar en muchos entornos, como hogares, oficinas, teatros y exteriores. \u00a1Agrega luz directa a cada escal\u00f3n para proteger tus LEDs y hacer que tu espacio brille! Para m\u00e1s informaci\u00f3n sobre perfiles de iluminaci\u00f3n de escaleras de aluminio, consulta nuestras ofertas relacionadas como el <a href=\"https:\/\/tangooled.com\/es\/product\/black-led-diffuser-aluminum-channel-for-12mm-tape-lights\/\"><mark style=\"background-color:rgba(0, 0, 0, 0)\" class=\"has-inline-color has-vivid-red-color\">Canal de aluminio difusor LED negro para luces de cinta de 12mm<\/mark><\/a> o explora nuestro <a href=\"https:\/\/tangooled.com\/es\/product\/surface-mount-led-profile-with-frosted-diffuser-for-10mm-rope-lights\/\"><mark style=\"background-color:rgba(0, 0, 0, 0)\" class=\"has-inline-color has-vivid-red-color\">Perfil LED de montaje en superficie con difusor esmerilado <\/mark><\/a>para diferentes necesidades de iluminaci\u00f3n.<\/p>\n<\/div>\n\n\n\n<p><\/p>","protected":false},"featured_media":13618,"template":"","meta":{"_acf_changed":true,"_seopress_robots_primary_cat":"none","_seopress_titles_title":"Lightweight Stair Edge Aluminum Profile | Slim LED Step Light STP07","_seopress_titles_desc":"The STP07 is a slim stair edge aluminum lightweight profile designed for 10mm strip lights. Perfect for residential DIY and minimalist decor, this easy-to-install profile provides subtle step edge lighting.","_seopress_robots_index":""},"pcb-width":[228],"product-cat":[200],"class_list":{"0":"post-42203","1":"product","2":"type-product","3":"status-publish","4":"has-post-thumbnail","6":"pcb-width-6-12mm","7":"product-cat-stair-nosing-profile"},"acf":[],"_links":{"self":[{"href":"https:\/\/tangooled.com\/es\/wp-json\/wp\/v2\/product\/42203","targetHints":{"allow":["GET"]}}],"collection":[{"href":"https:\/\/tangooled.com\/es\/wp-json\/wp\/v2\/product"}],"about":[{"href":"https:\/\/tangooled.com\/es\/wp-json\/wp\/v2\/types\/product"}],"wp:featuredmedia":[{"embeddable":true,"href":"https:\/\/tangooled.com\/es\/wp-json\/wp\/v2\/media\/13618"}],"wp:attachment":[{"href":"https:\/\/tangooled.com\/es\/wp-json\/wp\/v2\/media?parent=42203"}],"wp:term":[{"taxonomy":"pcb-width","embeddable":true,"href":"https:\/\/tangooled.com\/es\/wp-json\/wp\/v2\/pcb-width?post=42203"},{"taxonomy":"product-cat","embeddable":true,"href":"https:\/\/tangooled.com\/es\/wp-json\/wp\/v2\/product-cat?post=42203"}],"curies":[{"name":"wp","href":"https:\/\/api.w.org\/{rel}","templated":true}]}}