{"id":42202,"date":"2025-12-17T05:22:27","date_gmt":"2025-12-17T13:22:27","guid":{"rendered":"https:\/\/tangooled.com\/?post_type=product&#038;p=42202"},"modified":"2026-01-27T01:56:24","modified_gmt":"2026-01-27T09:56:24","slug":"2-in-1-anti-slip-led-stair-nosing-profile-for-12mm-led-strip","status":"publish","type":"product","link":"https:\/\/tangooled.com\/es\/product\/2-in-1-anti-slip-led-stair-nosing-profile-for-12mm-led-strip\/","title":{"rendered":"Perfil de nosedado LED antideslizante 2-en-1 para tira LED de 12 mm"},"content":{"rendered":"<div class=\"wp-block-group is-vertical is-layout-flex wp-container-core-group-is-layout-d255d7c4 wp-block-group-is-layout-flex\" style=\"padding-top:var(--wp--preset--spacing--80);padding-bottom:var(--wp--preset--spacing--80)\">\n<p>Need your stair tread safe and stylish? Check out our 2-in-1 anti slip stair nosing profile. This stair nosing profile has a 2-in-1 structure that lets you install the light and fix it in place by screwing the light body to the edges of wooden, concrete, or metal stair treads. Then, you can snap the anti-slip part onto it. It&#8217;s easy to install this type of aluminum stair nosing profile, and you can utilize it to enhance or modify your stairway at any time.<\/p>\n\n\n\n<p>Este perfil de rodapi\u00e9 antideslizante de aluminio 2 en 1 es robusto y est\u00e1 construido para durar. Mantiene una clasificaci\u00f3n IP20 para entornos interiores secos. Al usarlo en escaleras exteriores, elige tiras IP67 para una impermeabilizaci\u00f3n superior.<br>El perfil de rodapi\u00e9 antideslizante ayuda a que tus pies se agarren a las escaleras, evitando resbalones incluso en condiciones h\u00famedas o con poca luz, mejorando as\u00ed considerablemente la seguridad al subir y bajar escaleras.<\/p>\n<\/div>\n\n\n\n<div class=\"wp-block-group has-background is-vertical is-layout-flex wp-container-core-group-is-layout-d255d7c4 wp-block-group-is-layout-flex\" style=\"background-color:#f1f1f1;padding-top:var(--wp--preset--spacing--80);padding-bottom:var(--wp--preset--spacing--80)\">\n<div class=\"wp-block-group is-vertical is-layout-flex wp-container-core-group-is-layout-8cf370e7 wp-block-group-is-layout-flex\">\n<h2 class=\"wp-block-heading\" style=\"padding-top:var(--wp--preset--spacing--40);padding-bottom:var(--wp--preset--spacing--40);font-size:25px;font-style:normal;font-weight:600;text-transform:capitalize\">\u00bfPor qu\u00e9 elegir nuestro perfil de rodapi\u00e9 antideslizante 2 en 1?<\/h2>\n\n\n\n<ul class=\"wp-block-list\">\n<li>Construcci\u00f3n dos en uno: Dos tiras de extrusi\u00f3n de aluminio te brindan tanto protecci\u00f3n como iluminaci\u00f3n.<\/li>\n\n\n\n<li>Superficie Antideslizante: Las finas rayas en la superficie de aluminio evitan que te deslices y caigas.<\/li>\n\n\n\n<li>Iluminaci\u00f3n Segura: Las luces iluminan los escalones sin dificultar su visibilidad.<\/li>\n\n\n\n<li>F\u00e1cil de montar: Simplemente atornilla la secci\u00f3n de luz y encaja la tira antideslizante para mantenerla en su lugar.<\/li>\n<\/ul>\n<\/div>\n<\/div>\n\n\n\n<div class=\"wp-block-group\" style=\"padding-top:var(--wp--preset--spacing--60);padding-bottom:var(--wp--preset--spacing--60)\"><div class=\"wp-block-group__inner-container is-layout-constrained wp-block-group-is-layout-constrained\">\n<div class=\"wp-block-media-text has-media-on-the-right is-stacked-on-mobile\" style=\"grid-template-columns:auto 40%\"><div class=\"wp-block-media-text__content\">\n<h2 class=\"wp-block-heading\" style=\"padding-top:var(--wp--preset--spacing--40);padding-bottom:var(--wp--preset--spacing--40);font-size:25px;font-style:normal;font-weight:600;text-transform:capitalize\">Instalaci\u00f3n Sencilla<\/h2>\n\n\n\n<ul class=\"wp-block-list\">\n<li>Coloca la tira LED en la secci\u00f3n de iluminaci\u00f3n de aluminio y usa tornillos para fijarla en el borde del escal\u00f3n.<\/li>\n\n\n\n<li>Adjunta la tira de aluminio que evita que las cosas se deslicen a la parte de luz.<\/li>\n\n\n\n<li>Pon las tapas en los extremos de ambos lados del perfil de escal\u00f3n.<\/li>\n\n\n\n<li>Con\u00e9ctalo a una fuente de alimentaci\u00f3n LED de CC.<\/li>\n<\/ul>\n<\/div><figure class=\"wp-block-media-text__media\"><img loading=\"lazy\" decoding=\"async\" width=\"500\" height=\"500\" src=\"https:\/\/tangooled.com\/wp-content\/uploads\/2025\/12\/stp06-ins.webp\" alt=\"2 in 1 anti slip led stair nosing profile for 12mm led strip\" class=\"wp-image-42231 size-full\" srcset=\"https:\/\/tangooled.com\/wp-content\/uploads\/2025\/12\/stp06-ins.webp 500w, https:\/\/tangooled.com\/wp-content\/uploads\/2025\/12\/stp06-ins-300x300.webp 300w, https:\/\/tangooled.com\/wp-content\/uploads\/2025\/12\/stp06-ins-150x150.webp 150w\" sizes=\"auto, (max-width: 500px) 100vw, 500px\" \/><\/figure><\/div>\n<\/div><\/div>\n\n\n\n<div class=\"wp-block-group has-background is-vertical is-layout-flex wp-container-core-group-is-layout-b429018a wp-block-group-is-layout-flex\" style=\"background-color:#f1f1f1f2;padding-top:var(--wp--preset--spacing--70);padding-bottom:var(--wp--preset--spacing--70)\">\n<h2 class=\"wp-block-heading\" style=\"padding-top:var(--wp--preset--spacing--40);padding-bottom:var(--wp--preset--spacing--40);font-size:25px;font-style:normal;font-weight:600\">\u00bfD\u00f3nde usarlo?<\/h2>\n\n\n\n<p>Nuestro perfil de rodapi\u00e9 antideslizante 2 en 1 se adapta a muchos lugares y escaleras:<\/p>\n\n\n\n<ul class=\"wp-block-list\">\n<li>Hogares: Pasillos, s\u00f3tanos, cines en casa y escaleras de azulejos o madera.<\/li>\n\n\n\n<li>Comercial: Hoteles, oficinas, teatros y tiendas que necesitan escalones seguros y brillantes.<\/li>\n\n\n\n<li>Exterior: Si el producto est\u00e1 calificado para uso exterior, puedes usarlo en escalones de concreto o azulejos (consulta las especificaciones).<\/li>\n\n\n\n<li>Tipos de suelos: madera, azulejo, laminado, concreto y moqueta ligera (con cuidado).<\/li>\n<\/ul>\n<\/div>\n\n\n\n<div class=\"wp-block-group is-vertical is-layout-flex wp-container-core-group-is-layout-d255d7c4 wp-block-group-is-layout-flex\" style=\"padding-top:var(--wp--preset--spacing--80);padding-bottom:var(--wp--preset--spacing--80)\">\n<h2 class=\"wp-block-heading\" style=\"padding-top:var(--wp--preset--spacing--40);padding-bottom:var(--wp--preset--spacing--40);font-size:25px;font-style:normal;font-weight:600;text-transform:capitalize\">Perfiles LED Compatibles de Nuestra Gama<\/h2>\n\n\n\n<p>Si deseas otros canales LED para diferentes tama\u00f1os o efectos, consulta estas grandes opciones:<\/p>\n\n\n\n<ul class=\"wp-block-list\">\n<li><a href=\"https:\/\/tangooled.com\/es\/product\/black-led-diffuser-aluminum-channel-for-12mm-tape-lights\/\"><mark style=\"background-color:rgba(0, 0, 0, 0)\" class=\"has-inline-color has-vivid-red-color\">Canal de aluminio difusor LED negro para luces de cinta de 12 mm<\/mark><\/a>.<\/li>\n\n\n\n<li><a href=\"https:\/\/tangooled.com\/es\/product\/18mm-flexible-led-profile-for-12mm-led-strips\/\"><mark style=\"background-color:rgba(0, 0, 0, 0)\" class=\"has-inline-color has-vivid-red-color\">Perfil LED flexible de 18mm para tiras LED de 12mm<\/mark><\/a>.<\/li>\n\n\n\n<li><a href=\"https:\/\/tangooled.com\/es\/product\/2-in-1-anti-slip-led-stair-nosing-profile-for-12mm-led-strip\/\"><mark style=\"background-color:rgba(0, 0, 0, 0)\" class=\"has-inline-color has-vivid-red-color\">Perfil de rodapi\u00e9 LED antideslizante 2 en 1 para tira LED de 12 mm<\/mark><\/a>.<\/li>\n\n\n\n<li><a href=\"https:\/\/tangooled.com\/es\/product\/26mm-floor-recessed-led-aluminum-channel-for-12mm-led-strips\/\"><mark style=\"background-color:rgba(0, 0, 0, 0)\" class=\"has-inline-color has-vivid-red-color\">Canal de aluminio empotrado en el suelo de 26 mm para tiras LED de 12 mm<\/mark><\/a>.<\/li>\n\n\n\n<li><a href=\"https:\/\/tangooled.com\/es\/product\/aluminum-drywall-led-skirting-profile-for-12mm-tape-light\/\"><mark style=\"background-color:rgba(0, 0, 0, 0)\" class=\"has-inline-color has-vivid-red-color\">Perfil de aluminio para rodapi\u00e9 LED de yeso para cinta de luz de 12 mm<\/mark><\/a>.<\/li>\n<\/ul>\n<\/div>\n\n\n\n<div class=\"wp-block-group has-background\" style=\"background-color:#f1f1f1;padding-top:var(--wp--preset--spacing--80);padding-bottom:var(--wp--preset--spacing--80)\"><div class=\"wp-block-group__inner-container is-layout-constrained wp-block-group-is-layout-constrained\">\n<h2 class=\"wp-block-heading\" style=\"padding-top:var(--wp--preset--spacing--40);padding-bottom:var(--wp--preset--spacing--40);font-size:25px;font-style:normal;font-weight:600;text-transform:capitalize\">resumen<\/h2>\n\n\n\n<p style=\"padding-right:var(--wp--preset--spacing--50);padding-left:var(--wp--preset--spacing--50)\">If you want safer, brighter staircases, our 2-in-1 anti-slip stair nosing profile is the ideal solution. It has a robust edge protector that keeps people from slipping and a beautiful, concealed LED light channel for 12mm LED strips. You get superb protection for your stairs with lighting that is clear and doesn&#8217;t glare, and suits many types of floors. This product is easy to put together and will last a long time. It combines safety and beauty.<\/p>\n<\/div><\/div>\n\n\n\n<p><\/p>","protected":false},"featured_media":13613,"template":"","meta":{"_acf_changed":true,"_seopress_robots_primary_cat":"none","_seopress_titles_title":"Anti-Slip LED Stair Nosing Profile STP06 | TANGOOLED","_seopress_titles_desc":"Our 2-in-1 anti slip led stair nosing profile designed for 12mm led strips. Featuring a robust aluminum body and enhanced grip, it provides superior safety and architectural lighting for high-traffic stairs.","_seopress_robots_index":""},"pcb-width":[228],"product-cat":[200],"class_list":{"0":"post-42202","1":"product","2":"type-product","3":"status-publish","4":"has-post-thumbnail","6":"pcb-width-6-12mm","7":"product-cat-stair-nosing-profile"},"acf":[],"_links":{"self":[{"href":"https:\/\/tangooled.com\/es\/wp-json\/wp\/v2\/product\/42202","targetHints":{"allow":["GET"]}}],"collection":[{"href":"https:\/\/tangooled.com\/es\/wp-json\/wp\/v2\/product"}],"about":[{"href":"https:\/\/tangooled.com\/es\/wp-json\/wp\/v2\/types\/product"}],"wp:featuredmedia":[{"embeddable":true,"href":"https:\/\/tangooled.com\/es\/wp-json\/wp\/v2\/media\/13613"}],"wp:attachment":[{"href":"https:\/\/tangooled.com\/es\/wp-json\/wp\/v2\/media?parent=42202"}],"wp:term":[{"taxonomy":"pcb-width","embeddable":true,"href":"https:\/\/tangooled.com\/es\/wp-json\/wp\/v2\/pcb-width?post=42202"},{"taxonomy":"product-cat","embeddable":true,"href":"https:\/\/tangooled.com\/es\/wp-json\/wp\/v2\/product-cat?post=42202"}],"curies":[{"name":"wp","href":"https:\/\/api.w.org\/{rel}","templated":true}]}}