{"id":42199,"date":"2025-12-17T05:15:25","date_gmt":"2025-12-17T13:15:25","guid":{"rendered":"https:\/\/tangooled.com\/?post_type=product&#038;p=42199"},"modified":"2026-01-31T06:58:03","modified_gmt":"2026-01-31T14:58:03","slug":"surface-mount-aluminum-stair-nosing-profile-for-10mm-led-strip","status":"publish","type":"product","link":"https:\/\/tangooled.com\/es\/product\/surface-mount-aluminum-stair-nosing-profile-for-10mm-led-strip\/","title":{"rendered":"Perfil de nosedado de escalera de aluminio de montaje en superficie para tira LED de 10 mm"},"content":{"rendered":"<div class=\"wp-block-group is-vertical is-layout-flex wp-container-core-group-is-layout-d255d7c4 wp-block-group-is-layout-flex\" style=\"padding-top:var(--wp--preset--spacing--80);padding-bottom:var(--wp--preset--spacing--80)\">\n<p>Haz que tus escaleras sean m\u00e1s seguras y brillantes con nuestro perfil de borde de escalera de aluminio de montaje en superficie. Este perfil se atornilla directamente al borde de las huellas de las escaleras sin da\u00f1ar la estructura subyacente de la escalera, lo que lo convierte en una soluci\u00f3n de iluminaci\u00f3n r\u00e1pida para escaleras existentes. Es compatible con una amplia gama de materiales de escalera, incluidos concreto, madera y baldosas.<\/p>\n\n\n\n<p>The horizontal stripes on the surface make it easier to perceive and provide you a grip that won&#8217;t slip. Constructed from aluminum alloy, the profile is wear-resistant and ideal for indoor and outdoor use.<br>Este perfil tiene tres beneficios: protege los bordes de los escalones, te brinda un agarre antideslizante y ofrece una iluminaci\u00f3n suave y sin deslumbramientos en cada escal\u00f3n. Se ajusta a la perfecci\u00f3n con la mayor\u00eda de las cintas LED y es f\u00e1cil de colocar en escaleras existentes, lo que lo hace ideal para hogares, oficinas y espacios p\u00fablicos.<\/p>\n<\/div>\n\n\n\n<div class=\"wp-block-group has-background is-vertical is-layout-flex wp-container-core-group-is-layout-d255d7c4 wp-block-group-is-layout-flex\" style=\"background-color:#f1f1f1;padding-top:var(--wp--preset--spacing--80);padding-bottom:var(--wp--preset--spacing--80)\">\n<div class=\"wp-block-group is-vertical is-layout-flex wp-container-core-group-is-layout-8cf370e7 wp-block-group-is-layout-flex\">\n<h2 class=\"wp-block-heading\" style=\"padding-top:var(--wp--preset--spacing--40);padding-bottom:var(--wp--preset--spacing--40);font-size:25px;font-style:normal;font-weight:600;text-transform:capitalize\">\u00bfPor qu\u00e9 elegir nuestro perfil de borde de escalera de aluminio de montaje en superficie?<\/h2>\n\n\n\n<ul class=\"wp-block-list\">\n<li>Hecho de aluminio anodizado 6063-T5 resistente que puede soportar el calor y mantener su fortaleza.<\/li>\n\n\n\n<li>El dise\u00f1o de superficie con ranuras acanaladas aumenta la fricci\u00f3n superficial para prevenir ca\u00eddas.<\/li>\n\n\n\n<li>El dise\u00f1o de montaje en superficie facilita la instalaci\u00f3n sobre madera, concreto, baldosas o alfombra.<\/li>\n\n\n\n<li>Viene con una tapa difusora opalina que hace que la luz sea suave y uniforme, sin manchas ni deslumbramientos bruscos.<\/li>\n\n\n\n<li>Direcci\u00f3n de luz hacia abajo que ilumina el siguiente escal\u00f3n de manera segura.<\/li>\n\n\n\n<li>Disponibles en acabados plateado, negro y bronce para adaptarse a cualquier estilo.<\/li>\n<\/ul>\n<\/div>\n<\/div>\n\n\n\n<div class=\"wp-block-group\" style=\"padding-top:var(--wp--preset--spacing--60);padding-bottom:var(--wp--preset--spacing--60)\"><div class=\"wp-block-group__inner-container is-layout-constrained wp-block-group-is-layout-constrained\">\n<div class=\"wp-block-media-text has-media-on-the-right is-stacked-on-mobile\" style=\"grid-template-columns:auto 40%\"><div class=\"wp-block-media-text__content\">\n<h2 class=\"wp-block-heading\" style=\"padding-top:var(--wp--preset--spacing--40);padding-bottom:var(--wp--preset--spacing--40);font-size:25px;font-style:normal;font-weight:600;text-transform:capitalize\">Pasos de Instalaci\u00f3n<\/h2>\n\n\n\n<ul class=\"wp-block-list\">\n<li>Prepara la superficie del escal\u00f3n asegur\u00e1ndote de que est\u00e9 limpia, seca y plana.<\/li>\n\n\n\n<li>Usa una sierra ingletadora para cortar el perfil de aluminio a la longitud adecuada.<\/li>\n\n\n\n<li>Coloca el perfil de montaje en superficie en el borde de tus escaleras y atorn\u00edllalo.<\/li>\n\n\n\n<li>Coloca tu cinta LED de 10 mm en el canal.<\/li>\n\n\n\n<li>Coloca el difusor opalino para que la luz sea suave.<\/li>\n<\/ul>\n<\/div><figure class=\"wp-block-media-text__media\"><img loading=\"lazy\" decoding=\"async\" width=\"500\" height=\"500\" src=\"https:\/\/tangooled.com\/wp-content\/uploads\/2025\/12\/stp05-ins.webp\" alt=\"Perfil de nosedado de escalera de aluminio de montaje en superficie para tira LED de 10 mm\" class=\"wp-image-42218 size-full\" srcset=\"https:\/\/tangooled.com\/wp-content\/uploads\/2025\/12\/stp05-ins.webp 500w, https:\/\/tangooled.com\/wp-content\/uploads\/2025\/12\/stp05-ins-300x300.webp 300w, https:\/\/tangooled.com\/wp-content\/uploads\/2025\/12\/stp05-ins-150x150.webp 150w\" sizes=\"auto, (max-width: 500px) 100vw, 500px\" \/><\/figure><\/div>\n<\/div><\/div>\n\n\n\n<div class=\"wp-block-group has-background is-vertical is-layout-flex wp-container-core-group-is-layout-b429018a wp-block-group-is-layout-flex\" style=\"background-color:#f1f1f1f2;padding-top:var(--wp--preset--spacing--70);padding-bottom:var(--wp--preset--spacing--70)\">\n<h2 class=\"wp-block-heading\" style=\"padding-top:var(--wp--preset--spacing--40);padding-bottom:var(--wp--preset--spacing--40);font-size:25px;font-style:normal;font-weight:600\">Escenarios de uso<\/h2>\n\n\n\n<ul class=\"wp-block-list\">\n<li>Escaleras, s\u00f3tanos y pasillos en hogares.&nbsp;<\/li>\n\n\n\n<li>Escaleras en teatros y cines para seguridad y ambiente.&nbsp;<\/li>\n\n\n\n<li>Escaleras en vest\u00edbulos de hoteles y restaurantes para lujo y seguridad.&nbsp;<\/li>\n\n\n\n<li>Escaleras en oficinas y tiendas en edificios comerciales.<\/li>\n\n\n\n<li>Escaleras en terrazas al aire libre cuando se usa con cintas LED impermeables.<\/li>\n<\/ul>\n<\/div>\n\n\n\n<div class=\"wp-block-group\" style=\"padding-top:var(--wp--preset--spacing--80);padding-bottom:var(--wp--preset--spacing--80)\"><div class=\"wp-block-group__inner-container is-layout-constrained wp-block-group-is-layout-constrained\">\n<h2 class=\"wp-block-heading\" style=\"padding-top:var(--wp--preset--spacing--40);padding-bottom:var(--wp--preset--spacing--40);font-size:25px;font-style:normal;font-weight:600;text-transform:capitalize\">Productos relacionados<\/h2>\n\n\n\n<ul class=\"wp-block-list\">\n<li><a href=\"https:\/\/tangooled.com\/es\/product\/black-aluminum-u-channel-profile-for-10mm-led-strips\/\"><mark style=\"background-color:rgba(0, 0, 0, 0)\" class=\"has-inline-color has-vivid-red-color\">Perfil de canal en U de aluminio negro para tiras LED de 10mm<\/mark><\/a><\/li>\n\n\n\n<li><a href=\"https:\/\/tangooled.com\/es\/product\/led-strip-light-channel-aluminum-profile-with-diffused-cover-6mm-height\/\"><mark style=\"background-color:rgba(0, 0, 0, 0)\" class=\"has-inline-color has-vivid-red-color\">Perfil LED de montaje en superficie con difusor esmerilado para luces de cuerda de 10 mm<\/mark><\/a><\/li>\n\n\n\n<li><a href=\"https:\/\/tangooled.com\/es\/product\/surface-mount-led-profile-with-frosted-diffuser-for-10mm-rope-lights\/\"><mark style=\"background-color:rgba(0, 0, 0, 0)\" class=\"has-inline-color has-vivid-red-color\">Perfil de aluminio para canal de luz LED con cubierta difusa de 6 mm de altura<\/mark><\/a><\/li>\n<\/ul>\n<\/div><\/div>\n\n\n\n<div class=\"wp-block-group has-background\" style=\"background-color:#f1f1f1;padding-top:var(--wp--preset--spacing--80);padding-bottom:var(--wp--preset--spacing--80)\"><div class=\"wp-block-group__inner-container is-layout-constrained wp-block-group-is-layout-constrained\">\n<p style=\"padding-right:var(--wp--preset--spacing--50);padding-left:var(--wp--preset--spacing--50)\">Mejora tus escaleras con nuestro perfil de borde de escalera de aluminio de montaje en superficie para cintas LED de 10 mm. Protege tus bordes, a\u00f1ade seguridad con caracter\u00edsticas antideslizantes y crea una iluminaci\u00f3n LED impresionante y sin deslumbramientos que realza cada escal\u00f3n. Para m\u00e1s opciones, visita nuestra selecci\u00f3n de perfiles y difusores complementarios en <a href=\"https:\/\/tangooled.com\/es\/led-profiles\/\"><mark style=\"background-color:rgba(0, 0, 0, 0)\" class=\"has-inline-color has-vivid-red-color\">Tangooled<\/mark><\/a>.<\/p>\n<\/div><\/div>\n\n\n\n<p><\/p>","protected":false},"featured_media":13605,"template":"","meta":{"_acf_changed":true,"_seopress_robots_primary_cat":"none","_seopress_titles_title":"Surface Mount Aluminum Stair Nosing Profile STP05 | TANGOOLED","_seopress_titles_desc":"The STP05 is a durable surface mount aluminum stair nosing profile designed for 10mm LED strips. Enhance safety and visibility with this easy-to-install step lighting solution.","_seopress_robots_index":""},"pcb-width":[228],"product-cat":[200],"class_list":{"0":"post-42199","1":"product","2":"type-product","3":"status-publish","4":"has-post-thumbnail","6":"pcb-width-6-12mm","7":"product-cat-stair-nosing-profile"},"acf":[],"_links":{"self":[{"href":"https:\/\/tangooled.com\/es\/wp-json\/wp\/v2\/product\/42199","targetHints":{"allow":["GET"]}}],"collection":[{"href":"https:\/\/tangooled.com\/es\/wp-json\/wp\/v2\/product"}],"about":[{"href":"https:\/\/tangooled.com\/es\/wp-json\/wp\/v2\/types\/product"}],"wp:featuredmedia":[{"embeddable":true,"href":"https:\/\/tangooled.com\/es\/wp-json\/wp\/v2\/media\/13605"}],"wp:attachment":[{"href":"https:\/\/tangooled.com\/es\/wp-json\/wp\/v2\/media?parent=42199"}],"wp:term":[{"taxonomy":"pcb-width","embeddable":true,"href":"https:\/\/tangooled.com\/es\/wp-json\/wp\/v2\/pcb-width?post=42199"},{"taxonomy":"product-cat","embeddable":true,"href":"https:\/\/tangooled.com\/es\/wp-json\/wp\/v2\/product-cat?post=42199"}],"curies":[{"name":"wp","href":"https:\/\/api.w.org\/{rel}","templated":true}]}}