{"id":42197,"date":"2025-12-17T05:09:00","date_gmt":"2025-12-17T13:09:00","guid":{"rendered":"https:\/\/tangooled.com\/?post_type=product&#038;p=42197"},"modified":"2026-01-27T01:51:07","modified_gmt":"2026-01-27T09:51:07","slug":"recessed-floor-step-edge-lighting-led-profile","status":"publish","type":"product","link":"https:\/\/tangooled.com\/es\/product\/recessed-floor-step-edge-lighting-led-profile\/","title":{"rendered":"Perfil LED de iluminaci\u00f3n de borde de escal\u00f3n empotrado"},"content":{"rendered":"<div class=\"wp-block-group is-vertical is-layout-flex wp-container-core-group-is-layout-d255d7c4 wp-block-group-is-layout-flex\" style=\"padding-top:var(--wp--preset--spacing--80);padding-bottom:var(--wp--preset--spacing--80)\">\n<p>Ilumine y asegure sus pisos y escalones con nuestro perfil LED para bordes de escalones empotrados. Este perfil est\u00e1 dise\u00f1ado de manera \u00fanica con una parte fijada de forma segura debajo de la estructura del pelda\u00f1o, mientras que la otra parte sobresale hacia adelante para proteger el borde del escal\u00f3n sin interferir con la caminata normal.<\/p>\n\n\n\n<p>The most important thing is that the profile&#8217;s non-slip surface is level with the tile or other floor covering on the stairs. This alignment achieves the intended result of the lit stair edge being seamlessly integrated into the stairs.<\/p>\n\n\n\n<p>El canal de luz integrado puede sostener tiras LED de hasta 10 mm de ancho. La luz brilla hacia abajo, iluminando uniformemente el hueco de la escalera. Hecho de aluminio anodizado de alta calidad, este perfil de luz LED para el borde de los escalones es muy duradero y adecuado para aplicaciones residenciales y comerciales.<\/p>\n<\/div>\n\n\n\n<div class=\"wp-block-group has-background is-vertical is-layout-flex wp-container-core-group-is-layout-d255d7c4 wp-block-group-is-layout-flex\" style=\"background-color:#f1f1f1;padding-top:var(--wp--preset--spacing--80);padding-bottom:var(--wp--preset--spacing--80)\">\n<div class=\"wp-block-group is-vertical is-layout-flex wp-container-core-group-is-layout-8cf370e7 wp-block-group-is-layout-flex\">\n<h2 class=\"wp-block-heading\" style=\"padding-top:var(--wp--preset--spacing--40);padding-bottom:var(--wp--preset--spacing--40);font-size:25px;font-style:normal;font-weight:600;text-transform:capitalize\">\u00bfPor qu\u00e9 elegir nuestro perfil LED para bordes de escalones empotrados?<\/h2>\n\n\n\n<ul class=\"wp-block-list\">\n<li>Aluminio resistente: protege los LED y ayuda a que las luces se mantengan frescas para que duren m\u00e1s.<\/li>\n\n\n\n<li>Seguro para caminar: La lente fuerte permite que camine o conduzca sobre ella sin da\u00f1arla.<\/li>\n\n\n\n<li>Flush Mount: Stays flat with floors or stairs so you don&#8217;t trip.<\/li>\n\n\n\n<li>Funciona con muchas tiras LED: puede sostener tiras de hasta 10 mm de ancho.<\/li>\n\n\n\n<li>Iluminaci\u00f3n hermosa: El difusor esmerilado hace que la luz se vea como una l\u00ednea delicada y suave.<\/li>\n<\/ul>\n<\/div>\n<\/div>\n\n\n\n<div class=\"wp-block-group is-vertical is-layout-flex wp-container-core-group-is-layout-d255d7c4 wp-block-group-is-layout-flex\" style=\"padding-top:var(--wp--preset--spacing--80);padding-bottom:var(--wp--preset--spacing--80)\">\n<hr class=\"wp-block-separator has-alpha-channel-opacity\"\/>\n\n\n\n<div class=\"wp-block-media-text has-media-on-the-right is-stacked-on-mobile\" style=\"grid-template-columns:auto 40%\"><div class=\"wp-block-media-text__content\">\n<h2 class=\"wp-block-heading\" style=\"padding-top:var(--wp--preset--spacing--40);padding-bottom:var(--wp--preset--spacing--40);font-size:25px;font-style:normal;font-weight:600;text-transform:capitalize\">C\u00f3mo instalar<\/h2>\n\n\n\n<ul class=\"wp-block-list\">\n<li>Corte el canal de aluminio a la misma longitud que su escalera.<\/li>\n\n\n\n<li>Coloque su tira LED (hasta 10 mm de ancho) dentro del canal.<\/li>\n\n\n\n<li>Coloque el difusor esmerilado en su lugar y sellen las tapas finales.<\/li>\n\n\n\n<li>Coloque el canal de aluminio en la superficie del escal\u00f3n y use un panel de cubierta para cubrir la parte empotrada.<\/li>\n\n\n\n<li>Con\u00e9ctelo a su fuente de alimentaci\u00f3n y controlador de su elecci\u00f3n.<\/li>\n<\/ul>\n<\/div><figure class=\"wp-block-media-text__media\"><img loading=\"lazy\" decoding=\"async\" width=\"500\" height=\"500\" src=\"https:\/\/tangooled.com\/wp-content\/uploads\/2025\/12\/stp04-ins.webp\" alt=\"Perfil LED de iluminaci\u00f3n de borde de escal\u00f3n empotrado\" class=\"wp-image-42211 size-full\" srcset=\"https:\/\/tangooled.com\/wp-content\/uploads\/2025\/12\/stp04-ins.webp 500w, https:\/\/tangooled.com\/wp-content\/uploads\/2025\/12\/stp04-ins-300x300.webp 300w, https:\/\/tangooled.com\/wp-content\/uploads\/2025\/12\/stp04-ins-150x150.webp 150w\" sizes=\"auto, (max-width: 500px) 100vw, 500px\" \/><\/figure><\/div>\n<\/div>\n\n\n\n<div class=\"wp-block-group has-background is-vertical is-layout-flex wp-container-core-group-is-layout-b429018a wp-block-group-is-layout-flex\" style=\"background-color:#f1f1f1f2;padding-top:var(--wp--preset--spacing--70);padding-bottom:var(--wp--preset--spacing--70)\">\n<h2 class=\"wp-block-heading\" style=\"padding-top:var(--wp--preset--spacing--40);padding-bottom:var(--wp--preset--spacing--40);font-size:25px;font-style:normal;font-weight:600;text-transform:capitalize\">D\u00f3nde usar este canal de escalera de montaje al ras<\/h2>\n\n\n\n<p>Nuestro perfil LED para iluminaci\u00f3n de bordes de escalones empotrados funciona en cualquier lugar donde desee luz para seguridad y estilo:<\/p>\n\n\n\n<ul class=\"wp-block-list\">\n<li>Escaleras y bordes de escalones: Haga que los escalones sean m\u00e1s f\u00e1ciles de ver para mayor seguridad y d\u00e9 a las escaleras un aspecto moderno.<\/li>\n\n\n\n<li>Iluminaci\u00f3n para pisos y azulejos: P\u00f3ngalo entre los azulejos del piso para que el espacio se sienta m\u00e1s abierto y suavice los bordes de superficies duras.<\/li>\n\n\n\n<li>Caminos y pasillos: Use una iluminaci\u00f3n suave para ayudar a las personas a encontrar su camino dentro o fuera.<\/li>\n\n\n\n<li>Patios y decks junto a la piscina: El dise\u00f1o impermeable funciona bien cerca del agua y \u00e1reas h\u00famedas.<\/li>\n<\/ul>\n<\/div>\n\n\n\n<div class=\"wp-block-group is-vertical is-layout-flex wp-container-core-group-is-layout-d255d7c4 wp-block-group-is-layout-flex\" style=\"padding-top:var(--wp--preset--spacing--80);padding-bottom:var(--wp--preset--spacing--80)\">\n<h2 class=\"wp-block-heading\" style=\"padding-top:var(--wp--preset--spacing--40);padding-bottom:var(--wp--preset--spacing--40);font-size:25px;font-style:normal;font-weight:600;text-transform:capitalize\">what&#8217;s in the package?<\/h2>\n\n\n\n<ul class=\"wp-block-list\">\n<li>1x Perfil de borde de escal\u00f3n de aluminio<\/li>\n\n\n\n<li>1x Cubierta difusora esmerilada<\/li>\n\n\n\n<li>2x Tapas finales (una con agujero para el cable)<\/li>\n<\/ul>\n<\/div>\n\n\n\n<div class=\"wp-block-group has-background\" style=\"background-color:#f1f1f1;padding-top:var(--wp--preset--spacing--80);padding-bottom:var(--wp--preset--spacing--80)\"><div class=\"wp-block-group__inner-container is-layout-constrained wp-block-group-is-layout-constrained\">\n<h2 class=\"wp-block-heading\" style=\"padding-top:var(--wp--preset--spacing--40);padding-bottom:var(--wp--preset--spacing--40);font-size:25px;font-style:normal;font-weight:600;text-transform:capitalize\">Resumen<\/h2>\n\n\n\n<p style=\"padding-right:var(--wp--preset--spacing--50);padding-left:var(--wp--preset--spacing--50)\">El cuerpo de aluminio anodizado y el difusor esmerilado son de alta calidad y duraderos. Protegen sus LEDs mientras emiten una luz suave y constante. Funciona con muchas tiras LED y es excelente para escaleras, pisos, bordes y patios. Cuando se sella correctamente, puede manejar condiciones h\u00famedas. Elija esta extrusi\u00f3n LED robusta para iluminar caminos, escalones o pisos con confianza. Para opciones y detalles relacionados, visite el <a href=\"https:\/\/tangooled.com\/es\/product\/led-strip-light-channel-aluminum-profile-with-diffused-cover-6mm-height\/\">perfil de aluminio para tira LED con cubierta difusa de 6 mm de altura<\/a> p\u00e1gina o compre toda la gama de <a href=\"https:\/\/tangooled.com\/es\/product\/26mm-floor-recessed-led-aluminum-channel-for-12mm-led-strips\/\">perfiles LED de iluminaci\u00f3n para pisos<\/a>.<\/p>\n<\/div><\/div>\n\n\n\n<p><\/p>","protected":false},"featured_media":13600,"template":"","meta":{"_acf_changed":true,"_seopress_robots_primary_cat":"none","_seopress_titles_title":"Recessed Floor Step Edge LED Profile | Flush Mount Stair Channel STP04","_seopress_titles_desc":"The STP04 is a professional recessed floor step edge led profile designed for seamless integration into stair treads. This flush-mount aluminum channel creates a safe, elegant light path without any protruding edges.","_seopress_robots_index":""},"pcb-width":[228],"product-cat":[200],"class_list":{"0":"post-42197","1":"product","2":"type-product","3":"status-publish","4":"has-post-thumbnail","6":"pcb-width-6-12mm","7":"product-cat-stair-nosing-profile"},"acf":[],"_links":{"self":[{"href":"https:\/\/tangooled.com\/es\/wp-json\/wp\/v2\/product\/42197","targetHints":{"allow":["GET"]}}],"collection":[{"href":"https:\/\/tangooled.com\/es\/wp-json\/wp\/v2\/product"}],"about":[{"href":"https:\/\/tangooled.com\/es\/wp-json\/wp\/v2\/types\/product"}],"wp:featuredmedia":[{"embeddable":true,"href":"https:\/\/tangooled.com\/es\/wp-json\/wp\/v2\/media\/13600"}],"wp:attachment":[{"href":"https:\/\/tangooled.com\/es\/wp-json\/wp\/v2\/media?parent=42197"}],"wp:term":[{"taxonomy":"pcb-width","embeddable":true,"href":"https:\/\/tangooled.com\/es\/wp-json\/wp\/v2\/pcb-width?post=42197"},{"taxonomy":"product-cat","embeddable":true,"href":"https:\/\/tangooled.com\/es\/wp-json\/wp\/v2\/product-cat?post=42197"}],"curies":[{"name":"wp","href":"https:\/\/api.w.org\/{rel}","templated":true}]}}