{"id":42195,"date":"2025-12-17T05:05:49","date_gmt":"2025-12-17T13:05:49","guid":{"rendered":"https:\/\/tangooled.com\/?post_type=product&#038;p=42195"},"modified":"2026-01-27T01:53:14","modified_gmt":"2026-01-27T09:53:14","slug":"staircase-led-profile-with-rubber-strip-for-12mm-led-tape-lights","status":"publish","type":"product","link":"https:\/\/tangooled.com\/es\/product\/staircase-led-profile-with-rubber-strip-for-12mm-led-tape-lights\/","title":{"rendered":"perfil de escalera LED con tira de goma para tiras de LED de 12 mm"},"content":{"rendered":"<div class=\"wp-block-group is-vertical is-layout-flex wp-container-core-group-is-layout-d255d7c4 wp-block-group-is-layout-flex\" style=\"padding-top:var(--wp--preset--spacing--80);padding-bottom:var(--wp--preset--spacing--80)\">\n<p>Check out this staircase LED profile with rubber insert, specifically designed for 12\u00a0mm LED tape lights. Constructed from high-quality 6063-T5 aluminum alloy, the profile features a specially designed groove on the top surface for a rubber insert to ensure a non-slip effect on staircases.<\/p>\n\n\n\n<p>Este perfil de iluminaci\u00f3n para escaleras est\u00e1 disponible en acabados populares de negro y plata, y puedes seleccionar insertos de goma en gris o negro para combinar. Los tapones finales tambi\u00e9n est\u00e1n disponibles en plata o negro, permitiendo que todo el conjunto mantenga un color \u00fanico y consistente. Esto asegura que el perfil de la escalera coincida perfectamente con el entorno circundante.<\/p>\n\n\n\n<p>With an inner width of 13.5\u00a0mm, this stair channel is suitable for 10\u00a0mm or 12\u00a0mm LED strip lights, including RGBW strips. Our standard lengths for this channel are 2\u00a0m and 3\u00a0m, but you can easily cut it on-site. This LED aluminum channel is perfect for your architectural and interior lighting designs.<\/p>\n<\/div>\n\n\n\n<div class=\"wp-block-group has-background is-vertical is-layout-flex wp-container-core-group-is-layout-d255d7c4 wp-block-group-is-layout-flex\" style=\"background-color:#f1f1f1;padding-top:var(--wp--preset--spacing--80);padding-bottom:var(--wp--preset--spacing--80)\">\n<div class=\"wp-block-group is-vertical is-layout-flex wp-container-core-group-is-layout-8cf370e7 wp-block-group-is-layout-flex\">\n<h2 class=\"wp-block-heading\" style=\"padding-top:var(--wp--preset--spacing--40);padding-bottom:var(--wp--preset--spacing--40);font-size:25px;font-style:normal;font-weight:600;text-transform:capitalize\">\u00bfPor qu\u00e9 elegir nuestro perfil LED para escaleras con tira de goma?<\/h2>\n\n\n\n<ul class=\"wp-block-list\">\n<li>Fabricado en aluminio anodizado resistente para proteger y enfriar tus luces.<\/li>\n\n\n\n<li>Funciona con luces de cinta LED de 12mm de ancho, como las cintas LED COB, para darles un aspecto brillante y suave.<\/li>\n\n\n\n<li>Viene con un difusor de policarbonato esmerilado que distribuye la luz de manera uniforme y suave, sin puntos.\u00a0<\/li>\n\n\n\n<li>Tiene una tira de goma en la parte superior que evita que tus pies resbalen y a\u00f1ade seguridad.<\/li>\n\n\n\n<li>Dise\u00f1ado como un perfil de saliente en forma de L para proteger tus escaleras y iluminar los pelda\u00f1os debajo.<\/li>\n\n\n\n<li>F\u00e1cil de instalar con tornillos para un agarre firme.<\/li>\n<\/ul>\n<\/div>\n<\/div>\n\n\n\n<div class=\"wp-block-group\" style=\"padding-top:var(--wp--preset--spacing--60);padding-bottom:var(--wp--preset--spacing--60)\"><div class=\"wp-block-group__inner-container is-layout-constrained wp-block-group-is-layout-constrained\">\n<div class=\"wp-block-media-text has-media-on-the-right is-stacked-on-mobile\" style=\"grid-template-columns:auto 40%\"><div class=\"wp-block-media-text__content\">\n<h2 class=\"wp-block-heading\" style=\"padding-top:var(--wp--preset--spacing--40);padding-bottom:var(--wp--preset--spacing--40);font-size:25px;font-style:normal;font-weight:600;text-transform:capitalize\">C\u00f3mo utilizar<\/h2>\n\n\n\n<ul class=\"wp-block-list\">\n<li>Recorta el perfil para que se ajuste al ancho de tus escalones.<\/li>\n\n\n\n<li>Coloca la cinta LED de 12mm en la ranura.<\/li>\n\n\n\n<li>Coloca el perfil de aluminio en el borde del escal\u00f3n y atorn\u00edllalo.<\/li>\n\n\n\n<li>Coloca la tira de goma encima del difusor y presi\u00f3nala hacia abajo para bloquearla en su lugar.<\/li>\n\n\n\n<li>Conecta las luces LED a tu fuente de alimentaci\u00f3n.<\/li>\n<\/ul>\n<\/div><figure class=\"wp-block-media-text__media\"><img loading=\"lazy\" decoding=\"async\" width=\"500\" height=\"500\" src=\"https:\/\/tangooled.com\/wp-content\/uploads\/2025\/12\/stp03-ins.webp\" alt=\"perfil de escalera LED con tira de goma para tiras de LED de 12 mm\" class=\"wp-image-42210 size-full\" srcset=\"https:\/\/tangooled.com\/wp-content\/uploads\/2025\/12\/stp03-ins.webp 500w, https:\/\/tangooled.com\/wp-content\/uploads\/2025\/12\/stp03-ins-300x300.webp 300w, https:\/\/tangooled.com\/wp-content\/uploads\/2025\/12\/stp03-ins-150x150.webp 150w\" sizes=\"auto, (max-width: 500px) 100vw, 500px\" \/><\/figure><\/div>\n<\/div><\/div>\n\n\n\n<div class=\"wp-block-group has-background is-vertical is-layout-flex wp-container-core-group-is-layout-b429018a wp-block-group-is-layout-flex\" style=\"background-color:#f1f1f1f2;padding-top:var(--wp--preset--spacing--70);padding-bottom:var(--wp--preset--spacing--70)\">\n<h2 class=\"wp-block-heading\" style=\"padding-top:var(--wp--preset--spacing--40);padding-bottom:var(--wp--preset--spacing--40);font-size:25px;font-style:normal;font-weight:600\">What\u2019s in the Package?<\/h2>\n\n\n\n<ul class=\"wp-block-list\">\n<li>1x Perfil LED para escaleras de aluminio<\/li>\n\n\n\n<li>1x Cubierta difusora esmerilada<\/li>\n\n\n\n<li>1x Tira de goma antideslizante<\/li>\n\n\n\n<li>2x Tapas finales (una con agujero para el cable)<\/li>\n<\/ul>\n<\/div>\n\n\n\n<div class=\"wp-block-group is-vertical is-layout-flex wp-container-core-group-is-layout-d255d7c4 wp-block-group-is-layout-flex\" style=\"padding-top:var(--wp--preset--spacing--80);padding-bottom:var(--wp--preset--spacing--80)\">\n<h2 class=\"wp-block-heading\" style=\"padding-top:var(--wp--preset--spacing--40);padding-bottom:var(--wp--preset--spacing--40);font-size:25px;font-style:normal;font-weight:600;text-transform:capitalize\">Ideal para estos prop\u00f3sitos<\/h2>\n\n\n\n<ul class=\"wp-block-list\">\n<li>Iluminaci\u00f3n para escaleras dentro y fuera de casas y oficinas.<\/li>\n\n\n\n<li>Mejor seguridad con iluminaci\u00f3n de risers de escalones.<\/li>\n\n\n\n<li>Pelda\u00f1os para la terraza y el patio para sumar al ambiente exterior.<\/li>\n\n\n\n<li>Lugares de negocios como hoteles, restaurantes y cines.<\/li>\n\n\n\n<li>Actualizaci\u00f3n de escaleras en hogares.<\/li>\n<\/ul>\n<\/div>\n\n\n\n<div class=\"wp-block-group has-background\" style=\"background-color:#f1f1f1;padding-top:var(--wp--preset--spacing--80);padding-bottom:var(--wp--preset--spacing--80)\"><div class=\"wp-block-group__inner-container is-layout-constrained wp-block-group-is-layout-constrained\">\n<h2 class=\"wp-block-heading\" style=\"padding-top:var(--wp--preset--spacing--40);padding-bottom:var(--wp--preset--spacing--40);font-size:25px;font-style:normal;font-weight:600;text-transform:capitalize\">Productos Relacionados Que Te Puede Gustar<\/h2>\n\n\n\n<ul class=\"wp-block-list\">\n<li><a href=\"https:\/\/tangooled.com\/es\/product\/black-led-diffuser-aluminum-channel-for-12mm-tape-lights\/\"><mark style=\"background-color:rgba(0, 0, 0, 0)\" class=\"has-inline-color has-vivid-red-color\">Canal de aluminio difusor LED negro para luces de cinta de 12 mm<\/mark><\/a>.<\/li>\n\n\n\n<li><a href=\"https:\/\/tangooled.com\/es\/product\/surface-mount-led-profile-with-frosted-diffuser-for-10mm-rope-lights\/\"><mark style=\"background-color:rgba(0, 0, 0, 0)\" class=\"has-inline-color has-vivid-red-color\">Perfil LED de montaje en superficie con difusor esmerilado para luces de cuerda de 10 mm<\/mark><\/a>.<\/li>\n\n\n\n<li><a href=\"https:\/\/tangooled.com\/es\/product\/25x14m-surface-mounted-led-light-aluminum-profile\/\"><mark style=\"background-color:rgba(0, 0, 0, 0)\" class=\"has-inline-color has-vivid-red-color\">Perfil de luz LED de aluminio montado en superficie de 25x14mm.<\/mark><\/a><\/li>\n\n\n\n<li><a href=\"https:\/\/tangooled.com\/es\/product\/18x9mm-led-tape-light-profile-for-surface-installation\/\"><mark style=\"background-color:rgba(0, 0, 0, 0)\" class=\"has-inline-color has-vivid-red-color\">Perfil de luz de cinta LED de 18x9mm para instalaci\u00f3n en superficie.<\/mark><\/a><\/li>\n<\/ul>\n<\/div><\/div>\n\n\n\n<p><\/p>","protected":false},"featured_media":13596,"template":"","meta":{"_acf_changed":true,"_seopress_robots_primary_cat":"none","_seopress_titles_title":"Anti-Slip Staircase LED Profile with Rubber STP03 | TANGOOLED","_seopress_titles_desc":"The STP03 is a heavy-duty staircase led profile with a rubber strip for enhanced safety. Designed for 12mm LED tape lights, this anti-slip nosing profile combines professional lighting with grip protection for commercial stairs.","_seopress_robots_index":""},"pcb-width":[228],"product-cat":[200],"class_list":{"0":"post-42195","1":"product","2":"type-product","3":"status-publish","4":"has-post-thumbnail","6":"pcb-width-6-12mm","7":"product-cat-stair-nosing-profile"},"acf":[],"_links":{"self":[{"href":"https:\/\/tangooled.com\/es\/wp-json\/wp\/v2\/product\/42195","targetHints":{"allow":["GET"]}}],"collection":[{"href":"https:\/\/tangooled.com\/es\/wp-json\/wp\/v2\/product"}],"about":[{"href":"https:\/\/tangooled.com\/es\/wp-json\/wp\/v2\/types\/product"}],"wp:featuredmedia":[{"embeddable":true,"href":"https:\/\/tangooled.com\/es\/wp-json\/wp\/v2\/media\/13596"}],"wp:attachment":[{"href":"https:\/\/tangooled.com\/es\/wp-json\/wp\/v2\/media?parent=42195"}],"wp:term":[{"taxonomy":"pcb-width","embeddable":true,"href":"https:\/\/tangooled.com\/es\/wp-json\/wp\/v2\/pcb-width?post=42195"},{"taxonomy":"product-cat","embeddable":true,"href":"https:\/\/tangooled.com\/es\/wp-json\/wp\/v2\/product-cat?post=42195"}],"curies":[{"name":"wp","href":"https:\/\/api.w.org\/{rel}","templated":true}]}}