{"id":42193,"date":"2025-12-17T05:01:46","date_gmt":"2025-12-17T13:01:46","guid":{"rendered":"https:\/\/tangooled.com\/?post_type=product&#038;p=42193"},"modified":"2026-02-02T01:59:11","modified_gmt":"2026-02-02T09:59:11","slug":"45-degree-up-lighting-led-stair-aluminum-channel","status":"publish","type":"product","link":"https:\/\/tangooled.com\/es\/product\/45-degree-up-lighting-led-stair-aluminum-channel\/","title":{"rendered":"Canal de aluminio para escaleras LED con iluminaci\u00f3n hacia arriba de 45 grados"},"content":{"rendered":"<div class=\"wp-block-group is-vertical is-layout-flex wp-container-core-group-is-layout-d255d7c4 wp-block-group-is-layout-flex\" style=\"padding-top:var(--wp--preset--spacing--80);padding-bottom:var(--wp--preset--spacing--80)\">\n<p>Ilumina tus escaleras y espacios con nuestro canal de escaleras LED con iluminaci\u00f3n hacia arriba de 45 grados. Est\u00e1 hecho de aluminio anodizado duradero, que mantiene tus tiras de LED seguras y muestra la luz en un \u00e1ngulo perfecto de 45 grados.<\/p>\n\n\n\n<p>This LED stair channel has an inner width of 12.2 mm, which allows for most LED strips that are 10 mm or 12 mm wide. It&#8217;s very easy to put this LED stair aluminum channel in place. Just screw it to the edge of the stair tread, and the serrations on the surface work as a non-slip barrier, making it safer to go up and down the stairs.<\/p>\n\n\n\n<p>Nuestro perfil de borde de escalera de aluminio con iluminaci\u00f3n hacia arriba de 45 grados resalta tu escalera y mejora su visibilidad. Este perfil proyecta luz en diagonal hacia arriba, lo que enfatiza eficazmente la presencia y arquitectura de tus escaleras. Este estilo de iluminaci\u00f3n distintivo gu\u00eda a quienes suben las escaleras mientras a\u00f1ade un elemento moderno y llamativo al espacio. Es perfecto para hogares, oficinas, hoteles y entornos al aire libre.<\/p>\n<\/div>\n\n\n\n<div class=\"wp-block-group has-background is-vertical is-layout-flex wp-container-core-group-is-layout-d255d7c4 wp-block-group-is-layout-flex\" style=\"background-color:#f1f1f1;padding-top:var(--wp--preset--spacing--80);padding-bottom:var(--wp--preset--spacing--80)\">\n<div class=\"wp-block-group is-vertical is-layout-flex wp-container-core-group-is-layout-8cf370e7 wp-block-group-is-layout-flex\">\n<h2 class=\"wp-block-heading\" style=\"padding-top:var(--wp--preset--spacing--40);padding-bottom:var(--wp--preset--spacing--40);font-size:25px;font-style:normal;font-weight:600;text-transform:capitalize\">\u00bfPor qu\u00e9 deber\u00edas elegir nuestro canal de escaleras LED con iluminaci\u00f3n hacia arriba de 45 grados?<\/h2>\n\n\n\n<ul class=\"wp-block-list\">\n<li>Hecho de metal resistente que mantiene tus LED brillantes y duraderos al absorber el calor.<\/li>\n\n\n\n<li>Se adapta a tiras de LED de hasta 12 mm de ancho, lo cual es excelente para muchas cintas de LED conocidas.<\/li>\n\n\n\n<li>Una cubierta suave y mate para el difusor que suaviza la luz y la hace sin puntos y f\u00e1cil para los ojos.<\/li>\n\n\n\n<li>Dif\u00edcil de resbalar en escaleras con una superficie opcional antideslizante.<\/li>\n\n\n\n<li>F\u00e1cil de instalar atornill\u00e1ndolo a los escalones.<\/li>\n\n\n\n<li>Funciona en interiores y exteriores (usa tiras LED impermeables y sella los extremos)<\/li>\n<\/ul>\n<\/div>\n<\/div>\n\n\n\n<div class=\"wp-block-group\" style=\"padding-top:var(--wp--preset--spacing--60);padding-bottom:var(--wp--preset--spacing--60)\"><div class=\"wp-block-group__inner-container is-layout-constrained wp-block-group-is-layout-constrained\">\n<div class=\"wp-block-media-text has-media-on-the-right is-stacked-on-mobile\" style=\"grid-template-columns:auto 40%\"><div class=\"wp-block-media-text__content\">\n<h2 class=\"wp-block-heading\" style=\"padding-top:var(--wp--preset--spacing--40);padding-bottom:var(--wp--preset--spacing--40);font-size:25px;font-style:normal;font-weight:600;text-transform:capitalize\">\u00bfC\u00f3mo utilizar nuestro canal de escaleras LED con iluminaci\u00f3n hacia arriba de 45 grados?<\/h2>\n\n\n\n<ul class=\"wp-block-list\">\n<li>Utiliza una sierra para cortar el perfil a la medida adecuada para tus escaleras.<\/li>\n\n\n\n<li>Coloca tu tira LED de 10 mm dentro del canal.<\/li>\n\n\n\n<li>Coloca la tapa difusora para suavizar la luz.<\/li>\n\n\n\n<li>Pon tapas en los extremos para que se vea ordenado y pulido.<\/li>\n\n\n\n<li>Usa tornillos para fijar el perfil al borde de las escaleras.<\/li>\n\n\n\n<li>Conecta tu tira LED a una fuente de alimentaci\u00f3n.<\/li>\n<\/ul>\n<\/div><figure class=\"wp-block-media-text__media\"><img loading=\"lazy\" decoding=\"async\" width=\"500\" height=\"500\" src=\"https:\/\/tangooled.com\/wp-content\/uploads\/2025\/12\/stp02-ins.webp\" alt=\"45 degree up lighting led stair aluminum channel\" class=\"wp-image-42207 size-full\" srcset=\"https:\/\/tangooled.com\/wp-content\/uploads\/2025\/12\/stp02-ins.webp 500w, https:\/\/tangooled.com\/wp-content\/uploads\/2025\/12\/stp02-ins-300x300.webp 300w, https:\/\/tangooled.com\/wp-content\/uploads\/2025\/12\/stp02-ins-150x150.webp 150w\" sizes=\"auto, (max-width: 500px) 100vw, 500px\" \/><\/figure><\/div>\n<\/div><\/div>\n\n\n\n<div class=\"wp-block-group has-background is-vertical is-layout-flex wp-container-core-group-is-layout-b429018a wp-block-group-is-layout-flex\" style=\"background-color:#f1f1f1f2;padding-top:var(--wp--preset--spacing--70);padding-bottom:var(--wp--preset--spacing--70)\">\n<h2 class=\"wp-block-heading\" style=\"padding-top:var(--wp--preset--spacing--40);padding-bottom:var(--wp--preset--spacing--40);font-size:25px;font-style:normal;font-weight:600\">\u00bfQu\u00e9 viene en la caja?<\/h2>\n\n\n\n<ul class=\"wp-block-list\">\n<li>1 x canal de aluminio de 45 grados (tu elecci\u00f3n de longitud)<\/li>\n\n\n\n<li>1 x lente difusora mate o clara<\/li>\n\n\n\n<li>2 tapas finales (una con orificio para cables)<\/li>\n<\/ul>\n<\/div>\n\n\n\n<div class=\"wp-block-group is-vertical is-layout-flex wp-container-core-group-is-layout-d255d7c4 wp-block-group-is-layout-flex\" style=\"padding-top:var(--wp--preset--spacing--80);padding-bottom:var(--wp--preset--spacing--80)\">\n<h2 class=\"wp-block-heading\" style=\"padding-top:var(--wp--preset--spacing--40);padding-bottom:var(--wp--preset--spacing--40);font-size:25px;font-style:normal;font-weight:600;text-transform:capitalize\">Productos relacionados de Tangooled<\/h2>\n\n\n\n<ul class=\"wp-block-list\">\n<li><a href=\"https:\/\/tangooled.com\/es\/product\/black-led-profile-with-black-diffuser-for-10mm-led-strip-light\/\"><mark style=\"background-color:rgba(0, 0, 0, 0)\" class=\"has-inline-color has-vivid-red-color\">Perfil LED negro con difusor negro para tira de LED de 10mm<\/mark><\/a><\/li>\n\n\n\n<li><a href=\"https:\/\/tangooled.com\/es\/product\/black-led-diffuser-aluminum-channel-for-12mm-tape-lights\/\"><mark style=\"background-color:rgba(0, 0, 0, 0)\" class=\"has-inline-color has-vivid-red-color\">Canal de aluminio difusor LED negro para luces de cinta de 12mm<\/mark><\/a><\/li>\n\n\n\n<li><a href=\"https:\/\/tangooled.com\/es\/product\/led-strip-light-channel-aluminum-profile-with-diffused-cover-6mm-height\/\"><mark style=\"background-color:rgba(0, 0, 0, 0)\" class=\"has-inline-color has-vivid-red-color\">Perfil de aluminio para tira LED con cubierta difusora de 6mm de altura<\/mark><\/a><\/li>\n\n\n\n<li><a href=\"https:\/\/tangooled.com\/es\/product\/surface-mount-led-profile-with-frosted-diffuser-for-10mm-rope-lights\/\"><mark style=\"background-color:rgba(0, 0, 0, 0)\" class=\"has-inline-color has-vivid-red-color\">Perfil LED de montaje en superficie con difusor mate para luces de cuerda de 10mm<\/mark><\/a>\u00a0<\/li>\n<\/ul>\n<\/div>\n\n\n\n<div class=\"wp-block-group has-background\" style=\"background-color:#f1f1f1;padding-top:var(--wp--preset--spacing--80);padding-bottom:var(--wp--preset--spacing--80)\"><div class=\"wp-block-group__inner-container is-layout-constrained wp-block-group-is-layout-constrained\">\n<h2 class=\"wp-block-heading\" style=\"padding-top:var(--wp--preset--spacing--40);padding-bottom:var(--wp--preset--spacing--40);font-size:25px;font-style:normal;font-weight:600;text-transform:capitalize\">Resumen<\/h2>\n\n\n\n<p style=\"padding-right:var(--wp--preset--spacing--50);padding-left:var(--wp--preset--spacing--50)\">Nuestro perfil de canal de escaleras LED con iluminaci\u00f3n hacia arriba de 45 grados es una forma robusta e inteligente de a\u00f1adir iluminaci\u00f3n lineal a la escalera. Protege tus tiras de LED, proporciona luz suave y limpia con su difusor mate y se adapta a muchos tipos de cintas de LED. \u00dasalo para iluminaci\u00f3n arquitect\u00f3nica, luces de trabajo bajo el gabinete o seguridad en escaleras con estilo.<\/p>\n<\/div><\/div>\n\n\n\n<p><\/p>","protected":false},"featured_media":13550,"template":"","meta":{"_acf_changed":true,"_seopress_robots_primary_cat":"none","_seopress_titles_title":"45 Degree Up-Lighting LED Stair Channel Profile STP02 | TANGOOLED","_seopress_titles_desc":"The STP02 is a 45 degree up lighting led stair channel designed for indirect step illumination. This angled aluminum profile creates a soft upward glow, perfect for floating staircases and architectural accents.","_seopress_robots_index":""},"pcb-width":[228],"product-cat":[200],"class_list":{"0":"post-42193","1":"product","2":"type-product","3":"status-publish","4":"has-post-thumbnail","6":"pcb-width-6-12mm","7":"product-cat-stair-nosing-profile"},"acf":[],"_links":{"self":[{"href":"https:\/\/tangooled.com\/es\/wp-json\/wp\/v2\/product\/42193","targetHints":{"allow":["GET"]}}],"collection":[{"href":"https:\/\/tangooled.com\/es\/wp-json\/wp\/v2\/product"}],"about":[{"href":"https:\/\/tangooled.com\/es\/wp-json\/wp\/v2\/types\/product"}],"wp:featuredmedia":[{"embeddable":true,"href":"https:\/\/tangooled.com\/es\/wp-json\/wp\/v2\/media\/13550"}],"wp:attachment":[{"href":"https:\/\/tangooled.com\/es\/wp-json\/wp\/v2\/media?parent=42193"}],"wp:term":[{"taxonomy":"pcb-width","embeddable":true,"href":"https:\/\/tangooled.com\/es\/wp-json\/wp\/v2\/pcb-width?post=42193"},{"taxonomy":"product-cat","embeddable":true,"href":"https:\/\/tangooled.com\/es\/wp-json\/wp\/v2\/product-cat?post=42193"}],"curies":[{"name":"wp","href":"https:\/\/api.w.org\/{rel}","templated":true}]}}