{"id":42190,"date":"2025-12-17T02:11:57","date_gmt":"2025-12-17T10:11:57","guid":{"rendered":"https:\/\/tangooled.com\/?post_type=product&#038;p=42190"},"modified":"2026-02-02T02:07:16","modified_gmt":"2026-02-02T10:07:16","slug":"80mm-large-360-degree-glowing-led-extrusion-vertical-pendant-rsc80","status":"publish","type":"product","link":"https:\/\/tangooled.com\/es\/product\/80mm-large-360-degree-glowing-led-extrusion-vertical-pendant-rsc80\/","title":{"rendered":"Extrusi\u00f3n LED grande de 80 mm 360\u00b0 que brilla para colgantes grandes"},"content":{"rendered":"<div class=\"wp-block-group is-vertical is-layout-flex wp-container-core-group-is-layout-d255d7c4 wp-block-group-is-layout-flex\" style=\"padding-top:var(--wp--preset--spacing--80);padding-bottom:var(--wp--preset--spacing--80)\">\n<p>La moderna y potente extrusi\u00f3n LED grande de 80 mm de di\u00e1metro que brilla 360 grados est\u00e1 hecha para iluminar tu espacio con un brillo superior. Esta extrusi\u00f3n LED est\u00e1 hecha de aluminio de alta calidad 6063-T5 y est\u00e1 dise\u00f1ada para sostener muchas tiras LED mientras asegura que el calor se disipe de la manera m\u00e1s eficiente posible. El accesorio tiene un gran difusor opal curvado que emite luz hermosa de 360 grados que es suave, brillante y sin puntos.<\/p>\n\n\n\n<p>Esta extrusi\u00f3n LED grande de 80 mm 360 grados es una opci\u00f3n ideal para arquitectos, dise\u00f1adores, y entusiastas del DIY que desean soluciones de iluminaci\u00f3n audaces y elegantes. Funciona de maravilla en oficinas, centros de conferencias, hoteles, y otros espacios comerciales con techos altos que necesitan luces colgantes lineales impresionantes y de alto impacto.<\/p>\n<\/div>\n\n\n\n<div class=\"wp-block-group has-background is-vertical is-layout-flex wp-container-core-group-is-layout-d255d7c4 wp-block-group-is-layout-flex\" style=\"background-color:#f1f1f1;padding-top:var(--wp--preset--spacing--80);padding-bottom:var(--wp--preset--spacing--80)\">\n<div class=\"wp-block-group is-vertical is-layout-flex wp-container-core-group-is-layout-8cf370e7 wp-block-group-is-layout-flex\">\n<h2 class=\"wp-block-heading\" style=\"padding-top:var(--wp--preset--spacing--40);padding-bottom:var(--wp--preset--spacing--40);font-size:25px;font-style:normal;font-weight:600;text-transform:capitalize\">por qu\u00e9 elegir esta extrusi\u00f3n LED grande de 80 mm que brilla 360 grados<\/h2>\n\n\n\n<ul class=\"wp-block-list\">\n<li>El perfil LED de iluminaci\u00f3n de 360 grados de di\u00e1metro 80 mm es perfecto para luces colgantes.<\/li>\n\n\n\n<li>Puede trabajar con m\u00e1s de una tira; puede sostener tiras LED de doble fila, como SMD 2835, 5050, y 3528 que tienen hasta 15 mm de ancho.<\/li>\n\n\n\n<li>El dise\u00f1o que cuelga, combinado con cables de acero ajustables, facilita la instalaci\u00f3n a diversas alturas y ubicaciones.<\/li>\n\n\n\n<li>El aluminio anodizado 6063-T5 permite que el calor se escape r\u00e1pidamente, lo que prolonga la vida \u00fatil de los LEDs.<\/li>\n\n\n\n<li>El difusor de policarbonato opal asegura que la luz sea suave, uniforme y sin deslumbramiento.<\/li>\n<\/ul>\n<\/div>\n<\/div>\n\n\n\n<div class=\"wp-block-group\" style=\"padding-top:var(--wp--preset--spacing--80);padding-bottom:var(--wp--preset--spacing--80)\"><div class=\"wp-block-group__inner-container is-layout-constrained wp-block-group-is-layout-constrained\">\n<div class=\"wp-block-media-text has-media-on-the-right is-stacked-on-mobile\"><div class=\"wp-block-media-text__content\">\n<h2 class=\"wp-block-heading\" style=\"padding-top:var(--wp--preset--spacing--40);padding-bottom:var(--wp--preset--spacing--40);font-size:25px;font-style:normal;font-weight:600;text-transform:capitalize\">C\u00f3mo instalar y usar<\/h2>\n\n\n\n<ul class=\"wp-block-list\">\n<li>La extrusi\u00f3n de aluminio que cuelga viene con cables de acero que facilitan la instalaci\u00f3n.<\/li>\n\n\n\n<li>Corta la extrusi\u00f3n a la longitud que necesites para tu propio proyecto.<\/li>\n\n\n\n<li>Coloca tus tiras LED SMD 2835, 5050, o cualquier otra tira adecuada en el canal.<\/li>\n\n\n\n<li>To achieve light that is smooth and doesn&#8217;t cause glare, put the opal diffuser over the strips.<\/li>\n\n\n\n<li>Para finalizar el dise\u00f1o y proteger las tiras del polvo y da\u00f1os, agrega tapas de extremo.<\/li>\n<\/ul>\n<\/div><figure class=\"wp-block-media-text__media\"><img loading=\"lazy\" decoding=\"async\" width=\"500\" height=\"500\" src=\"https:\/\/tangooled.com\/wp-content\/uploads\/2025\/12\/rc.webp\" alt=\"50mm vertical pendant led tube profile 360 degree lighting\" class=\"wp-image-42373 size-full\" srcset=\"https:\/\/tangooled.com\/wp-content\/uploads\/2025\/12\/rc.webp 500w, https:\/\/tangooled.com\/wp-content\/uploads\/2025\/12\/rc-300x300.webp 300w, https:\/\/tangooled.com\/wp-content\/uploads\/2025\/12\/rc-150x150.webp 150w\" sizes=\"auto, (max-width: 500px) 100vw, 500px\" \/><\/figure><\/div>\n<\/div><\/div>\n\n\n\n<div class=\"wp-block-group has-background\" style=\"background-color:#f1f1f1;padding-top:var(--wp--preset--spacing--80);padding-bottom:var(--wp--preset--spacing--80)\"><div class=\"wp-block-group__inner-container is-layout-constrained wp-block-group-is-layout-constrained\">\n<h2 class=\"wp-block-heading\" style=\"padding-top:var(--wp--preset--spacing--40);padding-bottom:var(--wp--preset--spacing--40);font-size:25px;font-style:normal;font-weight:600;text-transform:capitalize\">What&#8217;s in the kit<\/h2>\n\n\n\n<ul class=\"wp-block-list\">\n<li>1x Barra de aluminio anodizado para tiras LED<\/li>\n\n\n\n<li>1x Difusor de tubo opal<\/li>\n\n\n\n<li>Dos tapas de metal<\/li>\n\n\n\n<li>Kit de suspensi\u00f3n<\/li>\n<\/ul>\n<\/div><\/div>\n\n\n\n<div class=\"wp-block-group is-vertical is-layout-flex wp-container-core-group-is-layout-d255d7c4 wp-block-group-is-layout-flex\" style=\"padding-top:var(--wp--preset--spacing--80);padding-bottom:var(--wp--preset--spacing--80)\">\n<h2 class=\"wp-block-heading\" style=\"padding-top:var(--wp--preset--spacing--40);padding-bottom:var(--wp--preset--spacing--40);font-size:25px;font-style:normal;font-weight:600;text-transform:capitalize\">Explorar m\u00e1s soluciones de perfil<\/h2>\n\n\n\n<ul class=\"wp-block-list\">\n<li><a href=\"https:\/\/tangooled.com\/es\/product\/black-led-diffuser-aluminum-channel-for-12mm-tape-lights\/\"><mark style=\"background-color:rgba(0, 0, 0, 0)\" class=\"has-inline-color has-vivid-red-color\">Canal de aluminio difusor LED negro para luces de cinta de 12mm<\/mark><\/a><\/li>\n\n\n\n<li><a href=\"https:\/\/tangooled.com\/es\/product\/surface-mount-led-profile-with-frosted-diffuser-for-10mm-rope-lights\/\"><mark style=\"background-color:rgba(0, 0, 0, 0)\" class=\"has-inline-color has-vivid-red-color\">Perfil LED de montaje en superficie con difusor mate para luces de cuerda de 10mm<\/mark><\/a><\/li>\n<\/ul>\n\n\n\n<p>Consigue esta extrusi\u00f3n LED circular de aluminio de 80 mm para tu kit de iluminaci\u00f3n hoy y construye hermosas luces anulares de tiras m\u00faltiples que perduran por mucho tiempo y brillan intensamente.<\/p>\n<\/div>\n\n\n\n<p><\/p>","protected":false},"featured_media":13421,"template":"","meta":{"_acf_changed":true,"_seopress_robots_primary_cat":"none","_seopress_titles_title":"80mm Large 360\u00b0 Glowing LED Extrusion | High-Lumen Round Fixture RSC80","_seopress_titles_desc":"The RSC80 is a heavy-duty 80mm large 360 degree glowing led extrusion. Designed for high-output illumination in large halls, lobbies, and open offices.","_seopress_robots_index":""},"pcb-width":[228],"product-cat":[234],"class_list":{"0":"post-42190","1":"product","2":"type-product","3":"status-publish","4":"has-post-thumbnail","6":"pcb-width-6-12mm","7":"product-cat-round-tube-profile"},"acf":[],"_links":{"self":[{"href":"https:\/\/tangooled.com\/es\/wp-json\/wp\/v2\/product\/42190","targetHints":{"allow":["GET"]}}],"collection":[{"href":"https:\/\/tangooled.com\/es\/wp-json\/wp\/v2\/product"}],"about":[{"href":"https:\/\/tangooled.com\/es\/wp-json\/wp\/v2\/types\/product"}],"wp:featuredmedia":[{"embeddable":true,"href":"https:\/\/tangooled.com\/es\/wp-json\/wp\/v2\/media\/13421"}],"wp:attachment":[{"href":"https:\/\/tangooled.com\/es\/wp-json\/wp\/v2\/media?parent=42190"}],"wp:term":[{"taxonomy":"pcb-width","embeddable":true,"href":"https:\/\/tangooled.com\/es\/wp-json\/wp\/v2\/pcb-width?post=42190"},{"taxonomy":"product-cat","embeddable":true,"href":"https:\/\/tangooled.com\/es\/wp-json\/wp\/v2\/product-cat?post=42190"}],"curies":[{"name":"wp","href":"https:\/\/api.w.org\/{rel}","templated":true}]}}