{"id":42186,"date":"2025-12-17T01:58:53","date_gmt":"2025-12-17T09:58:53","guid":{"rendered":"https:\/\/tangooled.com\/?post_type=product&#038;p=42186"},"modified":"2026-02-02T02:08:33","modified_gmt":"2026-02-02T10:08:33","slug":"omnidirectional-pendant-led-tube-profile-rsc50","status":"publish","type":"product","link":"https:\/\/tangooled.com\/es\/product\/omnidirectional-pendant-led-tube-profile-rsc50\/","title":{"rendered":"RSC50: Perfil de tubo LED omnidireccional de 50 mm para exhibiciones colgantes"},"content":{"rendered":"<div class=\"wp-block-group is-vertical is-layout-flex wp-container-core-group-is-layout-d255d7c4 wp-block-group-is-layout-flex\" style=\"padding-top:var(--wp--preset--spacing--80);padding-bottom:var(--wp--preset--spacing--80)\">\n<p>\u00a1Bienvenido a nuestro perfil de tubo LED colgante omnidireccional de 50 mm para iluminaci\u00f3n de 360 grados! Este accesorio \u00fanico est\u00e1 dise\u00f1ado para transformar tu espacio con una iluminaci\u00f3n brillante y uniforme. Este hermoso tubo LED colgante vertical est\u00e1 hecho de un fuerte perfil de aluminio y tiene un difusor de policarbonato esmerilado para colgar del techo.<\/p>\n\n\n\n<p>La caracter\u00edstica principal de este dise\u00f1o es su tubo de 50 mm de di\u00e1metro, que le permite emitir luz de manera uniforme en todas las direcciones. Esto asegura que toda la habitaci\u00f3n est\u00e9 iluminada de manera brillante y uniforme, sin puntos oscuros, y le da al lugar una sensaci\u00f3n vibrante. La fuerte estructura de aluminio tambi\u00e9n funciona bien como disipador de calor, lo cual es importante para eliminar el calor y extender la vida de las tiras LED internas.<\/p>\n\n\n\n<p>Este hermoso tubo colgante funciona bien en oficinas, tiendas, comedores y vest\u00edbulos con techos altos donde se necesita una caracter\u00edstica arquitect\u00f3nica limpia y llamativa.<\/p>\n<\/div>\n\n\n\n<div class=\"wp-block-group has-background is-vertical is-layout-flex wp-container-core-group-is-layout-d255d7c4 wp-block-group-is-layout-flex\" style=\"background-color:#f1f1f1;padding-top:var(--wp--preset--spacing--80);padding-bottom:var(--wp--preset--spacing--80)\">\n<div class=\"wp-block-group is-vertical is-layout-flex wp-container-core-group-is-layout-8cf370e7 wp-block-group-is-layout-flex\">\n<h2 class=\"wp-block-heading\" style=\"padding-top:var(--wp--preset--spacing--40);padding-bottom:var(--wp--preset--spacing--40);font-size:25px;font-style:normal;font-weight:600;text-transform:capitalize\">\u00bfPor qu\u00e9 elegir este perfil de tubo LED colgante omnidireccional de 50 mm?<\/h2>\n\n\n\n<ul class=\"wp-block-list\">\n<li>Emisi\u00f3n de luz completa de 360 grados para una iluminaci\u00f3n de \u00e1rea fuerte y uniforme.<\/li>\n\n\n\n<li>Un estilo que funciona con el dise\u00f1o de iluminaci\u00f3n arquitect\u00f3nica y entornos de alta gama como hoteles y tiendas.<\/li>\n\n\n\n<li>trabaja con tecnolog\u00eda de tubos LED regulables para variar el brillo.<\/li>\n\n\n\n<li>Viene con un sistema de suspensi\u00f3n de techo para una f\u00e1cil instalaci\u00f3n.<\/li>\n<\/ul>\n<\/div>\n<\/div>\n\n\n\n<div class=\"wp-block-group\" style=\"padding-top:var(--wp--preset--spacing--60);padding-bottom:var(--wp--preset--spacing--60)\"><div class=\"wp-block-group__inner-container is-layout-constrained wp-block-group-is-layout-constrained\">\n<div class=\"wp-block-media-text has-media-on-the-right is-stacked-on-mobile\" style=\"grid-template-columns:auto 40%\"><div class=\"wp-block-media-text__content\">\n<h2 class=\"wp-block-heading\" style=\"padding-top:var(--wp--preset--spacing--40);padding-bottom:var(--wp--preset--spacing--40);font-size:25px;font-style:normal;font-weight:600;text-transform:capitalize\">Instalaci\u00f3n y personalizaci\u00f3n<\/h2>\n\n\n\n<ul class=\"wp-block-list\">\n<li>Vendemos un kit de suspensi\u00f3n completo que viene con cables y montajes de techo.<\/li>\n\n\n\n<li>Puedes elegir las longitudes exactas que necesitas para tu proyecto.<\/li>\n\n\n\n<li>Puedes elegir un acabado en blanco, negro o plata, o puedes optar por un color personalizado.<\/li>\n\n\n\n<li>Funciona con muchos controladores, por lo que puedes usarlo en cualquier edificio o sistema inteligente.<\/li>\n\n\n\n<li>Puedes colocarlo verticalmente para adaptarlo a tus necesidades de dise\u00f1o.<\/li>\n<\/ul>\n<\/div><figure class=\"wp-block-media-text__media\"><img loading=\"lazy\" decoding=\"async\" width=\"500\" height=\"500\" src=\"https:\/\/tangooled.com\/wp-content\/uploads\/2025\/12\/rc.webp\" alt=\"50mm vertical pendant led tube profile 360 degree lighting\" class=\"wp-image-42373 size-full\" srcset=\"https:\/\/tangooled.com\/wp-content\/uploads\/2025\/12\/rc.webp 500w, https:\/\/tangooled.com\/wp-content\/uploads\/2025\/12\/rc-300x300.webp 300w, https:\/\/tangooled.com\/wp-content\/uploads\/2025\/12\/rc-150x150.webp 150w\" sizes=\"auto, (max-width: 500px) 100vw, 500px\" \/><\/figure><\/div>\n<\/div><\/div>\n\n\n\n<div class=\"wp-block-group has-background is-vertical is-layout-flex wp-container-core-group-is-layout-b429018a wp-block-group-is-layout-flex\" style=\"background-color:#f1f1f1f2;padding-top:var(--wp--preset--spacing--70);padding-bottom:var(--wp--preset--spacing--70)\">\n<h2 class=\"wp-block-heading\" style=\"padding-top:var(--wp--preset--spacing--40);padding-bottom:var(--wp--preset--spacing--40);font-size:25px;font-style:normal;font-weight:600\">What\u2019s in the kit?<\/h2>\n\n\n\n<ul class=\"wp-block-list\">\n<li>Perfil de aluminio anodizado para tiras LED<\/li>\n\n\n\n<li>Un tubo de policarbonato que ilumina 360 grados<\/li>\n\n\n\n<li>Dos tapas de metal<\/li>\n\n\n\n<li>Un kit de cables de suspensi\u00f3n<\/li>\n<\/ul>\n<\/div>\n\n\n\n<div class=\"wp-block-group is-vertical is-layout-flex wp-container-core-group-is-layout-d255d7c4 wp-block-group-is-layout-flex\" style=\"padding-top:var(--wp--preset--spacing--80);padding-bottom:var(--wp--preset--spacing--80)\">\n<h2 class=\"wp-block-heading\" style=\"padding-top:var(--wp--preset--spacing--40);padding-bottom:var(--wp--preset--spacing--40);font-size:25px;font-style:normal;font-weight:600;text-transform:capitalize\">C\u00f3mo puedes usar esta luz<\/h2>\n\n\n\n<p>Nuestro perfil de tubo LED colgante vertical de 50 mm para iluminaci\u00f3n de 360 grados es ideal para:<\/p>\n\n\n\n<ul class=\"wp-block-list\">\n<li>Iluminar edificios comerciales y tiendas que necesitan luz brillante y uniforme.<\/li>\n\n\n\n<li>Moderniza tu oficina con accesorios de iluminaci\u00f3n modernos.<\/li>\n\n\n\n<li>Iluminaci\u00f3n en hoteles y bares que hace que las personas se sientan bienvenidas.<\/li>\n\n\n\n<li>Destacar en clubes nocturnos o en el escenario con colores brillantes.<\/li>\n\n\n\n<li>Hacer que restaurantes o salas de exhibici\u00f3n se vean m\u00e1s elegantes.<\/li>\n\n\n\n<li>Vest\u00edbulos, atrios y stands de exhibici\u00f3n donde la luz hace una declaraci\u00f3n.<\/li>\n<\/ul>\n<\/div>\n\n\n\n<div class=\"wp-block-group has-background\" style=\"background-color:#f1f1f1;padding-top:var(--wp--preset--spacing--80);padding-bottom:var(--wp--preset--spacing--80)\"><div class=\"wp-block-group__inner-container is-layout-constrained wp-block-group-is-layout-constrained\">\n<h2 class=\"wp-block-heading\" style=\"padding-top:var(--wp--preset--spacing--40);padding-bottom:var(--wp--preset--spacing--40);font-size:25px;font-style:normal;font-weight:600;text-transform:capitalize\">Productos y recursos relacionados<\/h2>\n\n\n\n<ul class=\"wp-block-list\">\n<li><a href=\"https:\/\/tangooled.com\/es\/product\/diffused-dia-60mm-360-degree-led-round-channel-profile-for-multi-strips\/\"><mark style=\"background-color:rgba(0, 0, 0, 0)\" class=\"has-inline-color has-vivid-red-color\">Perfil redondo LED de canal difuso de 60 mm de di\u00e1metro para m\u00faltiples tiras<\/mark><\/a><\/li>\n\n\n\n<li><a href=\"https:\/\/tangooled.com\/es\/product\/360-degree-illumination-round-led-profile-dia-80mm-for-vertical-pendant\/\"><mark style=\"background-color:rgba(0, 0, 0, 0)\" class=\"has-inline-color has-vivid-red-color\">Perfil LED redondo de 360 grados de di\u00e1metro de 80 mm para colgar verticalmente<\/mark><\/a><\/li>\n\n\n\n<li><a href=\"https:\/\/tangooled.com\/es\/product\/diameter-40mm-round-aluminum-profile-for-led-strips-with-inner-width-30mm\/\"><mark style=\"background-color:rgba(0, 0, 0, 0)\" class=\"has-inline-color has-vivid-red-color\">Perfil de aluminio redondo de 40 mm de di\u00e1metro para tiras LED con ancho interior de 30 mm<\/mark><\/a><\/li>\n<\/ul>\n<\/div><\/div>\n\n\n\n<div class=\"wp-block-group\" style=\"padding-top:var(--wp--preset--spacing--80);padding-bottom:var(--wp--preset--spacing--80)\"><div class=\"wp-block-group__inner-container is-layout-constrained wp-block-group-is-layout-constrained\">\n<p>Nuestro perfil de tubo LED colgante omnidireccional de 50 mm es para iluminaci\u00f3n de 360 grados. Si deseas luz completa, hermosa y brillante por todas partes, TG-RSC50 es la mejor opci\u00f3n. \u00a1Haz tu pedido ahora para una soluci\u00f3n de iluminaci\u00f3n que es clara, brillante y actualizada!<\/p>\n<\/div><\/div>\n\n\n\n<p><\/p>","protected":false},"featured_media":13402,"template":"","meta":{"_acf_changed":true,"_seopress_robots_primary_cat":"none","_seopress_titles_title":"Omnidirectional Pendant LED Tube Profile 50mm RSC50 | TANGOOLED","_seopress_titles_desc":"The RSC50 is an omnidirectional pendant led tube profile designed for striking vertical or horizontal light displays. This 50mm circular profile delivers a seamless glow without shadows.","_seopress_robots_index":""},"pcb-width":[228],"product-cat":[234],"class_list":{"0":"post-42186","1":"product","2":"type-product","3":"status-publish","4":"has-post-thumbnail","6":"pcb-width-6-12mm","7":"product-cat-round-tube-profile"},"acf":[],"_links":{"self":[{"href":"https:\/\/tangooled.com\/es\/wp-json\/wp\/v2\/product\/42186","targetHints":{"allow":["GET"]}}],"collection":[{"href":"https:\/\/tangooled.com\/es\/wp-json\/wp\/v2\/product"}],"about":[{"href":"https:\/\/tangooled.com\/es\/wp-json\/wp\/v2\/types\/product"}],"wp:featuredmedia":[{"embeddable":true,"href":"https:\/\/tangooled.com\/es\/wp-json\/wp\/v2\/media\/13402"}],"wp:attachment":[{"href":"https:\/\/tangooled.com\/es\/wp-json\/wp\/v2\/media?parent=42186"}],"wp:term":[{"taxonomy":"pcb-width","embeddable":true,"href":"https:\/\/tangooled.com\/es\/wp-json\/wp\/v2\/pcb-width?post=42186"},{"taxonomy":"product-cat","embeddable":true,"href":"https:\/\/tangooled.com\/es\/wp-json\/wp\/v2\/product-cat?post=42186"}],"curies":[{"name":"wp","href":"https:\/\/api.w.org\/{rel}","templated":true}]}}