{"id":42185,"date":"2025-12-17T01:54:16","date_gmt":"2025-12-17T09:54:16","guid":{"rendered":"https:\/\/tangooled.com\/?post_type=product&#038;p=42185"},"modified":"2026-02-02T02:08:56","modified_gmt":"2026-02-02T10:08:56","slug":"d-80mm-large-round-led-extrusion-multi-strip-rsg80","status":"publish","type":"product","link":"https:\/\/tangooled.com\/es\/product\/d-80mm-large-round-led-extrusion-multi-strip-rsg80\/","title":{"rendered":"Extrusi\u00f3n LED redonda grande de 80 mm suspendida para m\u00faltiples tiras LED"},"content":{"rendered":"<div class=\"wp-block-group is-vertical is-layout-flex wp-container-core-group-is-layout-d255d7c4 wp-block-group-is-layout-flex\" style=\"padding-top:var(--wp--preset--spacing--80);padding-bottom:var(--wp--preset--spacing--80)\">\n<p>The modern, powerful suspended d 80mm large round LED extrusion will make your space\u00a0brighter. This profile is made of strong 6063-T5 aluminum and is meant to hold large LED strips (around 38mm). <\/p>\n\n\n\n<p>El accesorio est\u00e1 dise\u00f1ado para colgar del techo y cuenta con un gran difusor opal curvado que emite luz en un impresionante \u00e1ngulo de 270 grados. Esto produce una luz suave, brillante y uniforme, sin puntos.<\/p>\n\n\n\n<p>Esta extrusi\u00f3n es perfecta para arquitectos, dise\u00f1adores y entusiastas del bricolaje que desean una iluminaci\u00f3n audaz y elegante. Se adapta perfectamente en oficinas, centros de conferencias, hoteles, espacios comerciales de techos altos y lugares que requieren accesorios colgantes lineales de alto rendimiento.<\/p>\n<\/div>\n\n\n\n<div class=\"wp-block-group has-background is-vertical is-layout-flex wp-container-core-group-is-layout-d255d7c4 wp-block-group-is-layout-flex\" style=\"background-color:#f1f1f1;padding-top:var(--wp--preset--spacing--80);padding-bottom:var(--wp--preset--spacing--80)\">\n<div class=\"wp-block-group is-vertical is-layout-flex wp-container-core-group-is-layout-8cf370e7 wp-block-group-is-layout-flex\">\n<h2 class=\"wp-block-heading\" style=\"padding-top:var(--wp--preset--spacing--40);padding-bottom:var(--wp--preset--spacing--40);font-size:25px;font-style:normal;font-weight:600;text-transform:capitalize\">\u00bfPor qu\u00e9 elegir esta extrusi\u00f3n LED redonda grande de 80 mm?<\/h2>\n\n\n\n<ul class=\"wp-block-list\">\n<li>El gran di\u00e1metro de 80 mm ofrece un marco redondo \u00fanico que es ideal para luces colgantes.<\/li>\n\n\n\n<li>Puede trabajar con m\u00e1s de una tira; puede sostener tiras LED de doble fila, como SMD 2835, 5050 y 3528.<\/li>\n\n\n\n<li>El dise\u00f1o que cuelga y los cables de acero ajustables facilitan su instalaci\u00f3n a diferentes alturas y ubicaciones.<\/li>\n\n\n\n<li>El aluminio anodizado 6063-T5 permite que el calor se escape r\u00e1pidamente, lo que prolonga la vida \u00fatil de los LEDs.<\/li>\n\n\n\n<li>The opal polycarbonate diffuser makes sure that the light is smooth, even, and doesn&#8217;t have any glare.<\/li>\n\n\n\n<li>Los acabados disponibles son pintura en polvo negra, pintura en polvo blanca y aluminio anodizado.<\/li>\n<\/ul>\n<\/div>\n<\/div>\n\n\n\n<div class=\"wp-block-group\" style=\"padding-top:var(--wp--preset--spacing--60);padding-bottom:var(--wp--preset--spacing--60)\"><div class=\"wp-block-group__inner-container is-layout-constrained wp-block-group-is-layout-constrained\">\n<div class=\"wp-block-media-text has-media-on-the-right is-stacked-on-mobile\" style=\"grid-template-columns:auto 40%\"><div class=\"wp-block-media-text__content\">\n<h2 class=\"wp-block-heading\" style=\"padding-top:var(--wp--preset--spacing--40);padding-bottom:var(--wp--preset--spacing--40);font-size:25px;font-style:normal;font-weight:600;text-transform:capitalize\">C\u00f3mo instalar y usar<\/h2>\n\n\n\n<ul class=\"wp-block-list\">\n<li>La extrusi\u00f3n de aluminio que cuelga viene con cables de acero que facilitan la instalaci\u00f3n.<\/li>\n\n\n\n<li>Corta la extrusi\u00f3n a la longitud que necesites para tu propio proyecto.<\/li>\n\n\n\n<li>Coloca tus tiras LED SMD 2835, 5050 u otras en el canal.<\/li>\n\n\n\n<li>To achieve light that is smooth and doesn&#8217;t cause glare, put the opal diffuser over the strips.<\/li>\n\n\n\n<li>Para finalizar el dise\u00f1o y proteger las tiras del polvo y da\u00f1os, agrega tapas de extremo.<\/li>\n<\/ul>\n<\/div><figure class=\"wp-block-media-text__media\"><img loading=\"lazy\" decoding=\"async\" width=\"500\" height=\"500\" src=\"https:\/\/tangooled.com\/wp-content\/uploads\/2025\/12\/rsg80-ins.webp\" alt=\"suspended d 80mm large round aluminum led extrusion for multi led strips\" class=\"wp-image-42367 size-full\" srcset=\"https:\/\/tangooled.com\/wp-content\/uploads\/2025\/12\/rsg80-ins.webp 500w, https:\/\/tangooled.com\/wp-content\/uploads\/2025\/12\/rsg80-ins-300x300.webp 300w, https:\/\/tangooled.com\/wp-content\/uploads\/2025\/12\/rsg80-ins-150x150.webp 150w\" sizes=\"auto, (max-width: 500px) 100vw, 500px\" \/><\/figure><\/div>\n<\/div><\/div>\n\n\n\n<div class=\"wp-block-group has-background is-vertical is-layout-flex wp-container-core-group-is-layout-b429018a wp-block-group-is-layout-flex\" style=\"background-color:#f1f1f1f2;padding-top:var(--wp--preset--spacing--70);padding-bottom:var(--wp--preset--spacing--70)\">\n<h2 class=\"wp-block-heading\" style=\"padding-top:var(--wp--preset--spacing--40);padding-bottom:var(--wp--preset--spacing--40);font-size:25px;font-style:normal;font-weight:600\">Ideal para estas aplicaciones<\/h2>\n\n\n\n<ul class=\"wp-block-list\">\n<li>\u00c1reas de negocios como salas de conferencias, oficinas, tiendas minoristas, vest\u00edbulos y salas de exhibici\u00f3n<\/li>\n\n\n\n<li>Hospitalidad: hoteles, restaurantes, bares y lugares para eventos.<\/li>\n\n\n\n<li>En casas: escaleras, islas de cocina, espacios de comedor y salas de estar con techos altos<\/li>\n\n\n\n<li>Edificios p\u00fablicos incluyen bibliotecas, galer\u00edas y \u00e1reas abiertas modernas.<\/li>\n<\/ul>\n<\/div>\n\n\n\n<div class=\"wp-block-group is-vertical is-layout-flex wp-container-core-group-is-layout-d255d7c4 wp-block-group-is-layout-flex\" style=\"padding-top:var(--wp--preset--spacing--80);padding-bottom:var(--wp--preset--spacing--80)\">\n<h2 class=\"wp-block-heading\" style=\"padding-top:var(--wp--preset--spacing--40);padding-bottom:var(--wp--preset--spacing--40);font-size:25px;font-style:normal;font-weight:600;text-transform:capitalize\">Productos relacionados<\/h2>\n\n\n\n<ul class=\"wp-block-list\">\n<li>Para tiras m\u00e1s peque\u00f1as o acabado negro, consulta el <a href=\"https:\/\/tangooled.com\/es\/product\/black-led-profile-with-black-diffuser-for-10mm-led-strip-light\/\"><mark style=\"background-color:rgba(0, 0, 0, 0)\" class=\"has-inline-color has-vivid-red-color\">Perfil LED negro con difusor negro para tira de LED de 10mm<\/mark><\/a><\/li>\n\n\n\n<li>Para montaje en superficie, vea el<mark style=\"background-color:rgba(0, 0, 0, 0)\" class=\"has-inline-color has-vivid-red-color\"> <a href=\"https:\/\/tangooled.com\/es\/product\/led-strip-light-channel-aluminum-profile-with-diffused-cover-6mm-height\/\">Perfil de aluminio para tira LED con cubierta difusora de 6mm de altura<\/a><\/mark><\/li>\n\n\n\n<li>Para un anillo m\u00e1s peque\u00f1o, visita el <a href=\"https:\/\/tangooled.com\/es\/product\/suspended-round-led-aluminum-profile-dia-24mm-for-12mm-flexible-led-strip\/\"><mark style=\"background-color:rgba(0, 0, 0, 0)\" class=\"has-inline-color has-vivid-red-color\">Perfil de aluminio LED redondo suspendido de 24 mm para tira LED flexible de 12 mm<\/mark><\/a><\/li>\n\n\n\n<li>\u00bfQuieres una forma rectangular? Explora el <a href=\"https:\/\/tangooled.com\/es\/product\/aluminum-led-strip-extrusion-diffuser-channel-for-5050-double-row-led-strip\/\"><mark style=\"background-color:rgba(0, 0, 0, 0)\" class=\"has-inline-color has-vivid-red-color\">Canal de difusor de extrusi\u00f3n de tira LED de aluminio para tira LED de doble fila 5050<\/mark><\/a><\/li>\n<\/ul>\n<\/div>\n\n\n\n<p><\/p>","protected":false},"featured_media":13459,"template":"","meta":{"_acf_changed":true,"_seopress_robots_primary_cat":"none","_seopress_titles_title":"D 80mm Large Round LED Extrusion | Multi-Strip Hanging Channel RSG80","_seopress_titles_desc":"The RSG80 is a professional D 80mm large round led extrusion designed for multi-strip integration. Ideal for high-lumen suspended lighting in grand halls and offices.","_seopress_robots_index":""},"pcb-width":[230],"product-cat":[234],"class_list":{"0":"post-42185","1":"product","2":"type-product","3":"status-publish","4":"has-post-thumbnail","6":"pcb-width-20-25mm","7":"product-cat-round-tube-profile"},"acf":[],"_links":{"self":[{"href":"https:\/\/tangooled.com\/es\/wp-json\/wp\/v2\/product\/42185","targetHints":{"allow":["GET"]}}],"collection":[{"href":"https:\/\/tangooled.com\/es\/wp-json\/wp\/v2\/product"}],"about":[{"href":"https:\/\/tangooled.com\/es\/wp-json\/wp\/v2\/types\/product"}],"wp:featuredmedia":[{"embeddable":true,"href":"https:\/\/tangooled.com\/es\/wp-json\/wp\/v2\/media\/13459"}],"wp:attachment":[{"href":"https:\/\/tangooled.com\/es\/wp-json\/wp\/v2\/media?parent=42185"}],"wp:term":[{"taxonomy":"pcb-width","embeddable":true,"href":"https:\/\/tangooled.com\/es\/wp-json\/wp\/v2\/pcb-width?post=42185"},{"taxonomy":"product-cat","embeddable":true,"href":"https:\/\/tangooled.com\/es\/wp-json\/wp\/v2\/product-cat?post=42185"}],"curies":[{"name":"wp","href":"https:\/\/api.w.org\/{rel}","templated":true}]}}