{"id":42183,"date":"2025-12-17T01:49:06","date_gmt":"2025-12-17T09:49:06","guid":{"rendered":"https:\/\/tangooled.com\/?post_type=product&#038;p=42183"},"modified":"2026-02-02T02:09:32","modified_gmt":"2026-02-02T10:09:32","slug":"inner-width-38mm-round-led-aluminum-channel-for-5050-led-strips","status":"publish","type":"product","link":"https:\/\/tangooled.com\/es\/product\/inner-width-38mm-round-led-aluminum-channel-for-5050-led-strips\/","title":{"rendered":"Canal de aluminio LED redondo de 38 mm de ancho interior para tiras LED 5050"},"content":{"rendered":"<div class=\"wp-block-group is-vertical is-layout-flex wp-container-core-group-is-layout-d255d7c4 wp-block-group-is-layout-flex\" style=\"padding-top:var(--wp--preset--spacing--80);padding-bottom:var(--wp--preset--spacing--80)\">\n<p>Looking for a wide, round LED aluminum channel? Our Inner 38mm Round LED Aluminum Channel is made to house large LED strips up to 38mm wide, such as 5050 tapes. This robust \u03a680mm profile is designed for suspension, transforming powerful LED lighting into a statement fixture.<\/p>\n\n\n\n<p>La estructura presenta un difusor LED curvado y expansivo que cubre una amplia secci\u00f3n de la circunferencia, logrando un \u00e1ngulo de iluminaci\u00f3n de aproximadamente 270 grados. El canal de aluminio funciona como una carcasa para tus tiras LED. Las mantiene frescas, por lo que duran m\u00e1s. El tama\u00f1o y la amplia dispersi\u00f3n de la luz la hacen brillante y uniforme.<\/p>\n\n\n\n<p>Funciona muy bien para iluminaci\u00f3n arquitect\u00f3nica de alto impacto en grandes habitaciones. Esta luz es ideal para iluminaci\u00f3n general y decorativa en concesionarios de autos, auditorios, grandes vest\u00edbulos, gimnasios modernos y otros lugares con techos altos donde se necesita una fuente de luz dram\u00e1tica y flotante.<\/p>\n<\/div>\n\n\n\n<div class=\"wp-block-group has-background is-vertical is-layout-flex wp-container-core-group-is-layout-d255d7c4 wp-block-group-is-layout-flex\" style=\"background-color:#f1f1f1;padding-top:var(--wp--preset--spacing--80);padding-bottom:var(--wp--preset--spacing--80)\">\n<div class=\"wp-block-group is-vertical is-layout-flex wp-container-core-group-is-layout-8cf370e7 wp-block-group-is-layout-flex\">\n<h2 class=\"wp-block-heading\" style=\"padding-top:var(--wp--preset--spacing--40);padding-bottom:var(--wp--preset--spacing--40);font-size:25px;font-style:normal;font-weight:600;text-transform:capitalize\">\u00bfPor qu\u00e9 elegir nuestro Canal de Aluminio LED Redondo Interno de 38 mm?<\/h2>\n\n\n\n<ul class=\"wp-block-list\">\n<li>El gran ancho interno de 38 mm significa que puedes instalar tiras LED 5050 de fila \u00fanica o m\u00faltiple e incluso cintas m\u00e1s anchas.<\/li>\n\n\n\n<li>Fabricado con duradero aluminio anodizado 6063-T5 que es ligero pero resistente. La forma redonda hace que la luz sea suave y uniforme, sin puntos oscuros.<\/li>\n\n\n\n<li>El difusor de policarbonato esmerilado hace que la luz sea suave y sin puntos.<\/li>\n\n\n\n<li>Las tiras LED est\u00e1n protegidas de polvo, agua y golpes.&nbsp;<\/li>\n\n\n\n<li>Se puede colgar f\u00e1cilmente con un kit de suspensi\u00f3n.&nbsp;<\/li>\n\n\n\n<li>It&#8217;s great for commercial, residential, architectural, or task lighting.<\/li>\n<\/ul>\n<\/div>\n<\/div>\n\n\n\n<div class=\"wp-block-group\" style=\"padding-top:var(--wp--preset--spacing--80);padding-bottom:var(--wp--preset--spacing--80)\"><div class=\"wp-block-group__inner-container is-layout-constrained wp-block-group-is-layout-constrained\">\n<div class=\"wp-block-media-text has-media-on-the-right is-stacked-on-mobile\" style=\"grid-template-columns:auto 40%\"><div class=\"wp-block-media-text__content\">\n<h2 class=\"wp-block-heading\" style=\"padding-top:var(--wp--preset--spacing--40);padding-bottom:var(--wp--preset--spacing--40);font-size:25px;font-style:normal;font-weight:600;text-transform:capitalize\">Consejos de instalaci\u00f3n<\/h2>\n\n\n\n<ul class=\"wp-block-list\">\n<li>Solo usa una sierra de dientes finos para cortar el canal y adaptarlo a tu espacio.<\/li>\n\n\n\n<li>Coloca las tiras LED 5050 u otras cintas adecuadas dentro del canal. <\/li>\n\n\n\n<li>Inserta los cables de suspensi\u00f3n en la ranura trasera del canal de aluminio. <\/li>\n\n\n\n<li>Adjunta r\u00e1pidamente el canal a los techos con tapas de extremo y accesorios de suspensi\u00f3n.<\/li>\n<\/ul>\n<\/div><figure class=\"wp-block-media-text__media\"><img loading=\"lazy\" decoding=\"async\" width=\"500\" height=\"500\" src=\"https:\/\/tangooled.com\/wp-content\/uploads\/2025\/12\/rs80-ins.webp\" alt=\"inner width 38mm round led aluminum channel for 5050 led strips\" class=\"wp-image-42369 size-full\" srcset=\"https:\/\/tangooled.com\/wp-content\/uploads\/2025\/12\/rs80-ins.webp 500w, https:\/\/tangooled.com\/wp-content\/uploads\/2025\/12\/rs80-ins-300x300.webp 300w, https:\/\/tangooled.com\/wp-content\/uploads\/2025\/12\/rs80-ins-150x150.webp 150w\" sizes=\"auto, (max-width: 500px) 100vw, 500px\" \/><\/figure><\/div>\n<\/div><\/div>\n\n\n\n<div class=\"wp-block-group has-background is-vertical is-layout-flex wp-container-core-group-is-layout-b429018a wp-block-group-is-layout-flex\" style=\"background-color:#f1f1f1f2;padding-top:var(--wp--preset--spacing--70);padding-bottom:var(--wp--preset--spacing--70)\">\n<h2 class=\"wp-block-heading\" style=\"padding-top:var(--wp--preset--spacing--40);padding-bottom:var(--wp--preset--spacing--40);font-size:25px;font-style:normal;font-weight:600\">Ideal para estos trabajos de iluminaci\u00f3n<\/h2>\n\n\n\n<ul class=\"wp-block-list\">\n<li>Iluminaci\u00f3n para empresas, como comercios, oficinas y vest\u00edbulos de hoteles.<\/li>\n\n\n\n<li>Iluminaci\u00f3n para hogares, incluyendo islas de cocina, salas de estar o techos altos.<\/li>\n\n\n\n<li>Pasillos y galer\u00edas son ejemplos de acentos arquitect\u00f3nicos.<\/li>\n\n\n\n<li>Iluminaci\u00f3n de tarea: luces brillantes para estudios, garajes y talleres que lo requieran.<\/li>\n<\/ul>\n<\/div>\n\n\n\n<div class=\"wp-block-group is-vertical is-layout-flex wp-container-core-group-is-layout-d255d7c4 wp-block-group-is-layout-flex\" style=\"padding-top:var(--wp--preset--spacing--80);padding-bottom:var(--wp--preset--spacing--80)\">\n<h2 class=\"wp-block-heading\" style=\"padding-top:var(--wp--preset--spacing--40);padding-bottom:var(--wp--preset--spacing--40);font-size:25px;font-style:normal;font-weight:600;text-transform:capitalize\">ver otros productos relacionados<\/h2>\n\n\n\n<ul class=\"wp-block-list\">\n<li>Explora nuestro <a href=\"https:\/\/tangooled.com\/es\/product\/black-led-profile-with-black-diffuser-for-10mm-led-strip-light\/\"><mark style=\"background-color:rgba(0, 0, 0, 0)\" class=\"has-inline-color has-vivid-red-color\">perfil LED negro con difusor negro para tira de luz LED de 10mm <\/mark><\/a>para tiras LED estrechas. <\/li>\n\n\n\n<li>Conoce nuestro <a href=\"https:\/\/tangooled.com\/es\/product\/aluminum-led-strip-extrusion-diffuser-channel-for-5050-double-row-led-strip\/\"><mark style=\"background-color:rgba(0, 0, 0, 0)\" class=\"has-inline-color has-vivid-red-color\">canal difusor de extrusi\u00f3n de aluminio LED para tiras LED de doble fila 5050<\/mark><\/a> para perfiles LED amplios similares.<\/li>\n\n\n\n<li>Echa un vistazo a<a href=\"https:\/\/tangooled.com\/es\/product\/surface-mount-led-profile-with-frosted-diffuser-for-10mm-rope-lights\/\"><mark style=\"background-color:rgba(0, 0, 0, 0)\" class=\"has-inline-color has-vivid-red-color\">perfil LED de montaje superficial con difusor esmerilado para luces de cuerda de 10 mm <\/mark><\/a>para opciones de montaje flexibles.<\/li>\n\n\n\n<li>Para formas \u00fanicas, consulta <a href=\"https:\/\/tangooled.com\/es\/product\/v-shape-diffuser-corner-aluminum-led-profile-inner-20mm\/\"><mark style=\"background-color:rgba(0, 0, 0, 0)\" class=\"has-inline-color has-vivid-red-color\">perfil de aluminio LED difusor en forma de V, esquina de 20 mm<\/mark><\/a>.<\/li>\n<\/ul>\n<\/div>\n\n\n\n<p><\/p>","protected":false},"featured_media":13393,"template":"","meta":{"_acf_changed":true,"_seopress_robots_primary_cat":"none","_seopress_titles_title":"Inner 38mm Round LED Aluminum Channel RS80 | TANGOOLED","_seopress_titles_desc":"The RS80 is a heavy-duty round led aluminum channel with a spacious inner 38mm width. Perfect for 5050 strips, multi-row LEDs, and custom pendant lights.","_seopress_robots_index":""},"pcb-width":[231],"product-cat":[234],"class_list":{"0":"post-42183","1":"product","2":"type-product","3":"status-publish","4":"has-post-thumbnail","6":"pcb-width-25-35mm","7":"product-cat-round-tube-profile"},"acf":[],"_links":{"self":[{"href":"https:\/\/tangooled.com\/es\/wp-json\/wp\/v2\/product\/42183","targetHints":{"allow":["GET"]}}],"collection":[{"href":"https:\/\/tangooled.com\/es\/wp-json\/wp\/v2\/product"}],"about":[{"href":"https:\/\/tangooled.com\/es\/wp-json\/wp\/v2\/types\/product"}],"wp:featuredmedia":[{"embeddable":true,"href":"https:\/\/tangooled.com\/es\/wp-json\/wp\/v2\/media\/13393"}],"wp:attachment":[{"href":"https:\/\/tangooled.com\/es\/wp-json\/wp\/v2\/media?parent=42183"}],"wp:term":[{"taxonomy":"pcb-width","embeddable":true,"href":"https:\/\/tangooled.com\/es\/wp-json\/wp\/v2\/pcb-width?post=42183"},{"taxonomy":"product-cat","embeddable":true,"href":"https:\/\/tangooled.com\/es\/wp-json\/wp\/v2\/product-cat?post=42183"}],"curies":[{"name":"wp","href":"https:\/\/api.w.org\/{rel}","templated":true}]}}