{"id":42181,"date":"2025-12-17T01:45:22","date_gmt":"2025-12-17T09:45:22","guid":{"rendered":"https:\/\/tangooled.com\/?post_type=product&#038;p=42181"},"modified":"2026-02-02T02:09:50","modified_gmt":"2026-02-02T10:09:50","slug":"round-black-aluminum-led-channel-dia-60mm-diffuser-rsg60","status":"publish","type":"product","link":"https:\/\/tangooled.com\/es\/product\/round-black-aluminum-led-channel-dia-60mm-diffuser-rsg60\/","title":{"rendered":"Canal de LED redondo de aluminio negro con difusor de 60 mm de di\u00e1metro"},"content":{"rendered":"<div class=\"wp-block-group is-vertical is-layout-flex wp-container-core-group-is-layout-d255d7c4 wp-block-group-is-layout-flex\" style=\"padding-top:var(--wp--preset--spacing--80);padding-bottom:var(--wp--preset--spacing--80)\">\n<p>Nuestro canal de aluminio negro con un difusor de 60 mm est\u00e1 dise\u00f1ado para proporcionarte una luz clara y sin puntos, y es f\u00e1cil de colgar. Este accesorio de alta calidad tiene una base de aluminio y un ancho interno de 23.6 mm, ideal para tiras LED m\u00e1s amplias. El difusor curvado y ancho cubre una gran \u00e1rea&nbsp;y dispersa la luz en unos 270 grados. Este dise\u00f1o mantiene la tira de LED en su lugar de manera segura y proporciona luz brillante, uniforme y sin puntos.<\/p>\n\n\n\n<p>This 60mm diffuser round black aluminum channel is perfect for general illumination in large spaces like retail stores, airport lounges, or modern schools that need bright, trendy lighting. It&#8217;s also great for architectural lighting and statement pendant fixtures. You can use it at home, at work, or in a business.<\/p>\n<\/div>\n\n\n\n<div class=\"wp-block-group has-background is-vertical is-layout-flex wp-container-core-group-is-layout-d255d7c4 wp-block-group-is-layout-flex\" style=\"background-color:#f1f1f1;padding-top:var(--wp--preset--spacing--80);padding-bottom:var(--wp--preset--spacing--80)\">\n<div class=\"wp-block-group is-vertical is-layout-flex wp-container-core-group-is-layout-8cf370e7 wp-block-group-is-layout-flex\">\n<h2 class=\"wp-block-heading\" style=\"padding-top:var(--wp--preset--spacing--40);padding-bottom:var(--wp--preset--spacing--40);font-size:25px;font-style:normal;font-weight:600;text-transform:capitalize\">\u00bfPor qu\u00e9 elegir este canal de LED de aluminio negro redondo?<\/h2>\n\n\n\n<ul class=\"wp-block-list\">\n<li>El aluminio anodizado 6063-T5 es robusto y mantiene tus LED seguros y frescos.<\/li>\n\n\n\n<li>El ancho interno de 23 mm es lo suficientemente grande para tiras de LED de doble fila, cintas anchas e incluso tiras Philips Hue.<\/li>\n\n\n\n<li>El difusor de policarbonato opalino suave produce una luz brillante y sin puntos.<\/li>\n\n\n\n<li>Ligero pero resistente, con un acabado negro mate elegante para dise\u00f1o y prop\u00f3sito.<\/li>\n\n\n\n<li>Incluye un kit completo de suspensi\u00f3n con cables y tapas finales.<\/li>\n<\/ul>\n<\/div>\n<\/div>\n\n\n\n<div class=\"wp-block-group\" style=\"padding-top:var(--wp--preset--spacing--80);padding-bottom:var(--wp--preset--spacing--80)\"><div class=\"wp-block-group__inner-container is-layout-constrained wp-block-group-is-layout-constrained\">\n<div class=\"wp-block-media-text has-media-on-the-right is-stacked-on-mobile\" style=\"grid-template-columns:auto 40%\"><div class=\"wp-block-media-text__content\">\n<h2 class=\"wp-block-heading\" style=\"padding-top:var(--wp--preset--spacing--40);padding-bottom:var(--wp--preset--spacing--40);font-size:25px;font-style:normal;font-weight:600;text-transform:capitalize\">\u00bfD\u00f3nde utilizar este canal de aluminio negro con difusor de 60 mm de di\u00e1metro?<\/h2>\n\n\n\n<p>Nuestro canal de LED colgante redondo de aluminio negro es elegante y vers\u00e1til para muchos lugares:<\/p>\n\n\n\n<ul class=\"wp-block-list\">\n<li>Pendientes de isla de cocina: Una forma elegante de iluminar tus tareas sin puntos.<\/li>\n\n\n\n<li>Oficinas y salas de conferencias: Iluminaci\u00f3n lineal que es brillante y limpia para ayudarte a cumplir con tus tareas.<\/li>\n\n\n\n<li>Retail stores and showrooms: Use architectural lighting to get people&#8217;s attention.<\/li>\n\n\n\n<li>Salones y comedores: L\u00e1mparas colgantes que atraen la mirada.<\/li>\n\n\n\n<li>Bibliotecas y vest\u00edbulos: Iluminaci\u00f3n colgante moderna que se adapta a cualquier ubicaci\u00f3n de techos altos.<\/li>\n<\/ul>\n<\/div><figure class=\"wp-block-media-text__media\"><img loading=\"lazy\" decoding=\"async\" width=\"500\" height=\"500\" src=\"https:\/\/tangooled.com\/wp-content\/uploads\/2025\/12\/rsg60-ins.webp\" alt=\"round black aluminum led hanging channel with dia 60mm diffuser inner width 23mm\" class=\"wp-image-42365 size-full\" srcset=\"https:\/\/tangooled.com\/wp-content\/uploads\/2025\/12\/rsg60-ins.webp 500w, https:\/\/tangooled.com\/wp-content\/uploads\/2025\/12\/rsg60-ins-300x300.webp 300w, https:\/\/tangooled.com\/wp-content\/uploads\/2025\/12\/rsg60-ins-150x150.webp 150w\" sizes=\"auto, (max-width: 500px) 100vw, 500px\" \/><\/figure><\/div>\n<\/div><\/div>\n\n\n\n<div class=\"wp-block-group has-background is-vertical is-layout-flex wp-container-core-group-is-layout-b429018a wp-block-group-is-layout-flex\" style=\"background-color:#f1f1f1f2;padding-top:var(--wp--preset--spacing--70);padding-bottom:var(--wp--preset--spacing--70)\">\n<h2 class=\"wp-block-heading\" style=\"padding-top:var(--wp--preset--spacing--40);padding-bottom:var(--wp--preset--spacing--40);font-size:25px;font-style:normal;font-weight:600;text-transform:capitalize\">What\u2019s Included in Your Kit?<\/h2>\n\n\n\n<ul class=\"wp-block-list\">\n<li>Un canal colgante redondo de aluminio negro<\/li>\n\n\n\n<li>1x cubierta de difusor opalino (a presi\u00f3n)<\/li>\n\n\n\n<li>2 tapas finales negras<\/li>\n\n\n\n<li>1x kit de suspensi\u00f3n (cables de acero de 2 m con montajes para el techo)<\/li>\n<\/ul>\n<\/div>\n\n\n\n<div class=\"wp-block-group is-vertical is-layout-flex wp-container-core-group-is-layout-d255d7c4 wp-block-group-is-layout-flex\" style=\"padding-top:var(--wp--preset--spacing--80);padding-bottom:var(--wp--preset--spacing--80)\">\n<h2 class=\"wp-block-heading\" style=\"padding-top:var(--wp--preset--spacing--40);padding-bottom:var(--wp--preset--spacing--40);font-size:25px;font-style:normal;font-weight:600;text-transform:capitalize\">Compatibilidad con tiras de LED<\/h2>\n\n\n\n<p>El ancho interno de 23 mm de este canal es compatible con:<\/p>\n\n\n\n<ul class=\"wp-block-list\">\n<li>Cinta LED est\u00e1ndar y anchas<\/li>\n\n\n\n<li>Tiras de LED de doble fila<\/li>\n\n\n\n<li>Tiras de LED de alta densidad (120+ LED\/m)<\/li>\n\n\n\n<li>Tiras de LED COB y RGBW que emiten luz suave y brillante.<\/li>\n<\/ul>\n<\/div>\n\n\n\n<div class=\"wp-block-group has-background\" style=\"background-color:#f1f1f1;padding-top:var(--wp--preset--spacing--80);padding-bottom:var(--wp--preset--spacing--80)\"><div class=\"wp-block-group__inner-container is-layout-constrained wp-block-group-is-layout-constrained\">\n<h2 class=\"wp-block-heading\" style=\"padding-top:var(--wp--preset--spacing--40);padding-bottom:var(--wp--preset--spacing--40);font-size:25px;font-style:normal;font-weight:600;text-transform:capitalize\">Productos Relacionados Que Te Puede Gustar<\/h2>\n\n\n\n<ul class=\"wp-block-list\">\n<li><a href=\"https:\/\/tangooled.com\/es\/product\/black-led-profile-with-black-diffuser-for-10mm-led-strip-light\/\"><mark style=\"background-color:rgba(0, 0, 0, 0)\" class=\"has-inline-color has-vivid-red-color\">Perfil LED negro con difusor negro para luz de tira LED de 10mm<\/mark><\/a><\/li>\n\n\n\n<li><a href=\"https:\/\/tangooled.com\/es\/product\/black-led-diffuser-aluminum-channel-for-12mm-tape-lights\/\"><mark style=\"background-color:rgba(0, 0, 0, 0)\" class=\"has-inline-color has-vivid-red-color\">Canal de aluminio difusor LED negro para luces de cinta de 12 mm<\/mark><\/a><\/li>\n\n\n\n<li><a href=\"https:\/\/tangooled.com\/es\/product\/surface-mount-led-profile-with-frosted-diffuser-for-10mm-rope-lights\/\"><mark style=\"background-color:rgba(0, 0, 0, 0)\" class=\"has-inline-color has-vivid-red-color\">Perfil LED de montaje en superficie con difusor esmerilado para luces de cuerda de 10 mm<\/mark><\/a><\/li>\n\n\n\n<li><a href=\"https:\/\/tangooled.com\/es\/product\/25x14m-surface-mounted-led-light-aluminum-profile\/\"><mark style=\"background-color:rgba(0, 0, 0, 0)\" class=\"has-inline-color has-vivid-red-color\">Perfil de aluminio LED de montaje en superficie de 25x14mm<\/mark><\/a><\/li>\n\n\n\n<li><a href=\"https:\/\/tangooled.com\/es\/product\/led-strip-light-channel-aluminum-profile-with-diffused-cover-6mm-height\/\"><mark style=\"background-color:rgba(0, 0, 0, 0)\" class=\"has-inline-color has-vivid-red-color\">Perfil de aluminio para canal de luz LED con cubierta difusa de 6 mm de altura<\/mark><\/a><\/li>\n<\/ul>\n<\/div><\/div>\n\n\n\n<div class=\"wp-block-group\" style=\"padding-top:var(--wp--preset--spacing--80);padding-bottom:var(--wp--preset--spacing--80)\"><div class=\"wp-block-group__inner-container is-layout-constrained wp-block-group-is-layout-constrained\">\n<h2 class=\"wp-block-heading\" style=\"padding-top:var(--wp--preset--spacing--40);padding-bottom:var(--wp--preset--spacing--40);font-size:25px;font-style:normal;font-weight:600;text-transform:capitalize\">resumen<\/h2>\n\n\n\n<p>Este canal de aluminio negro con un difusor de 60 mm es ideal para cualquiera que necesite un alojamiento LED redondo que sea duradero, elegante y \u00fatil para sus proyectos de iluminaci\u00f3n. Tiene un ancho interno amplio que permite usar diferentes LED, permite que el calor se escape de manera m\u00e1s efectiva y viene con un kit de suspensi\u00f3n que facilita la instalaci\u00f3n. \u00dasalo para crear iluminaci\u00f3n lineal para edificios, colgantes o para mejorar el dise\u00f1o de iluminaci\u00f3n en tu hogar o negocio.<\/p>\n<\/div><\/div>\n\n\n\n<p><\/p>","protected":false},"featured_media":34031,"template":"","meta":{"_acf_changed":true,"_seopress_robots_primary_cat":"none","_seopress_titles_title":"Black Aluminum Dia 60mm Diffuser Round LED Profile RSG60 | TANGOOLED","_seopress_titles_desc":"The RSG60 is a sleek black aluminum channel featuring a bold dia 60mm diffuser. Optimized for 23mm inner width strips, it\u2019s the perfect body for modern suspended linear lighting.","_seopress_robots_index":""},"pcb-width":[229],"product-cat":[234],"class_list":{"0":"post-42181","1":"product","2":"type-product","3":"status-publish","4":"has-post-thumbnail","6":"pcb-width-15-20mm","7":"product-cat-round-tube-profile"},"acf":[],"_links":{"self":[{"href":"https:\/\/tangooled.com\/es\/wp-json\/wp\/v2\/product\/42181","targetHints":{"allow":["GET"]}}],"collection":[{"href":"https:\/\/tangooled.com\/es\/wp-json\/wp\/v2\/product"}],"about":[{"href":"https:\/\/tangooled.com\/es\/wp-json\/wp\/v2\/types\/product"}],"wp:featuredmedia":[{"embeddable":true,"href":"https:\/\/tangooled.com\/es\/wp-json\/wp\/v2\/media\/34031"}],"wp:attachment":[{"href":"https:\/\/tangooled.com\/es\/wp-json\/wp\/v2\/media?parent=42181"}],"wp:term":[{"taxonomy":"pcb-width","embeddable":true,"href":"https:\/\/tangooled.com\/es\/wp-json\/wp\/v2\/pcb-width?post=42181"},{"taxonomy":"product-cat","embeddable":true,"href":"https:\/\/tangooled.com\/es\/wp-json\/wp\/v2\/product-cat?post=42181"}],"curies":[{"name":"wp","href":"https:\/\/api.w.org\/{rel}","templated":true}]}}